{"id":3621,"date":"2025-08-13T17:08:09","date_gmt":"2025-08-13T20:08:09","guid":{"rendered":"https:\/\/biblio1.mdp.edu.ar\/centro-ventas\/?post_type=product&#038;p=3621"},"modified":"2025-08-13T17:08:47","modified_gmt":"2025-08-13T20:08:47","slug":"la-moza","status":"publish","type":"product","link":"https:\/\/biblio1.mdp.edu.ar\/centro-ventas\/producto\/la-moza\/","title":{"rendered":"La moza"},"content":{"rendered":"<p>\u00abNunca voy a entender por qu\u00e9 despu\u00e9s de tantas idas y vueltas, de m\u00e1s de un mes de tratar el tema, de algunas noches de hablar hasta la madrugada y de cruzar llamadas telef\u00f3nicas a horarios ins\u00f3litos del d\u00eda, una ma\u00f1ana, sin hacer un gesto para demostrar qu\u00e9 se la pasaba por la cabeza, as\u00ed nom\u00e1s, sin decir nada, a Roxana se le ocurri\u00f3 levantar sus cosas e irse con los chicos a la casa de la hermana.\u00bb<br \/>\nComo a los escritores minimalistas, a Sergio Gaiteri le basta con un pu\u00f1ado de personajes m\u00e1s o menos grises para contar una historia sugestiva, para hablarnos de algo que podr\u00eda pasarnos a cualquiera de nosotros sin que, por incapacidad o distracci\u00f3n, lleguemos a percibir su valor literario. Escrita en primera persona, La moza es un texto en el que el narrador se entrega a un prop\u00f3sito vano: entender una situaci\u00f3n incomprensible. Y aunque desde el comienzo es plenamente consciente de esta imposibilidad, a\u00fan as\u00ed decide indagar sobre su situaci\u00f3n y la de su familia, interesado en los m\u00faltiples sentidos que despliega la escritura, y en el alcance de las palabras para enfrentar nuestra rutina.<br \/>\nHern\u00e1n Arias<\/p>\n","protected":false},"excerpt":{"rendered":"<p>\u00abNunca voy a entender por qu\u00e9 despu\u00e9s de tantas idas y vueltas, de m\u00e1s de un mes de tratar el tema, de algunas noches de hablar hasta la madrugada y de cruzar llamadas telef\u00f3nicas a horarios ins\u00f3litos del d\u00eda, una ma\u00f1ana, sin hacer un gesto para demostrar qu\u00e9 se la pasaba por la cabeza, as\u00ed [&hellip;]<\/p>\n","protected":false},"featured_media":3622,"template":"","meta":{"_acf_changed":false,"_eb_attr":"","_crdt_document":"","_uag_custom_page_level_css":"","_editorskit_title_hidden":false,"_editorskit_reading_time":0,"_editorskit_is_block_options_detached":false,"_editorskit_block_options_position":"{}","site-sidebar-layout":"default","site-content-layout":"","ast-site-content-layout":"default","site-content-style":"default","site-sidebar-style":"default","ast-global-header-display":"","ast-banner-title-visibility":"","ast-main-header-display":"","ast-hfb-above-header-display":"","ast-hfb-below-header-display":"","ast-hfb-mobile-header-display":"","site-post-title":"","ast-breadcrumbs-content":"","ast-featured-img":"","footer-sml-layout":"","ast-disable-related-posts":"","theme-transparent-header-meta":"default","adv-header-id-meta":"","stick-header-meta":"","header-above-stick-meta":"","header-main-stick-meta":"","header-below-stick-meta":"","astra-migrate-meta-layouts":"set","ast-page-background-enabled":"default","ast-page-background-meta":{"desktop":{"background-color":"var(--ast-global-color-4)","background-image":"","background-repeat":"repeat","background-position":"center center","background-size":"auto","background-attachment":"scroll","background-type":"","background-media":"","overlay-type":"","overlay-color":"","overlay-opacity":"","overlay-gradient":""},"tablet":{"background-color":"","background-image":"","background-repeat":"repeat","background-position":"center center","background-size":"auto","background-attachment":"scroll","background-type":"","background-media":"","overlay-type":"","overlay-color":"","overlay-opacity":"","overlay-gradient":""},"mobile":{"background-color":"","background-image":"","background-repeat":"repeat","background-position":"center center","background-size":"auto","background-attachment":"scroll","background-type":"","background-media":"","overlay-type":"","overlay-color":"","overlay-opacity":"","overlay-gradient":""}},"ast-content-background-meta":{"desktop":{"background-color":"var(--ast-global-color-5)","background-image":"","background-repeat":"repeat","background-position":"center center","background-size":"auto","background-attachment":"scroll","background-type":"","background-media":"","overlay-type":"","overlay-color":"","overlay-opacity":"","overlay-gradient":""},"tablet":{"background-color":"var(--ast-global-color-5)","background-image":"","background-repeat":"repeat","background-position":"center center","background-size":"auto","background-attachment":"scroll","background-type":"","background-media":"","overlay-type":"","overlay-color":"","overlay-opacity":"","overlay-gradient":""},"mobile":{"background-color":"var(--ast-global-color-5)","background-image":"","background-repeat":"repeat","background-position":"center center","background-size":"auto","background-attachment":"scroll","background-type":"","background-media":"","overlay-type":"","overlay-color":"","overlay-opacity":"","overlay-gradient":""}}},"product_cat":[669,28],"product_tag":[670],"class_list":{"0":"post-3621","1":"product","2":"type-product","3":"status-publish","4":"has-post-thumbnail","6":"product_cat-eduvim","7":"product_cat-libro","8":"product_tag-novela","9":"desktop-align-left","10":"tablet-align-left","11":"mobile-align-left","13":"first","14":"instock","15":"shipping-taxable","16":"purchasable","17":"product-type-simple"},"acf":[],"uagb_featured_image_src":{"full":["https:\/\/biblio1.mdp.edu.ar\/centro-ventas\/wp-content\/uploads\/sites\/2\/2025\/08\/EDCI-269789871727124.jpg",518,820,false],"thumbnail":["https:\/\/biblio1.mdp.edu.ar\/centro-ventas\/wp-content\/uploads\/sites\/2\/2025\/08\/EDCI-269789871727124-150x150.jpg",150,150,true],"medium":["https:\/\/biblio1.mdp.edu.ar\/centro-ventas\/wp-content\/uploads\/sites\/2\/2025\/08\/EDCI-269789871727124-190x300.jpg",190,300,true],"medium_large":["https:\/\/biblio1.mdp.edu.ar\/centro-ventas\/wp-content\/uploads\/sites\/2\/2025\/08\/EDCI-269789871727124.jpg",518,820,false],"large":["https:\/\/biblio1.mdp.edu.ar\/centro-ventas\/wp-content\/uploads\/sites\/2\/2025\/08\/EDCI-269789871727124.jpg",518,820,false],"1536x1536":["https:\/\/biblio1.mdp.edu.ar\/centro-ventas\/wp-content\/uploads\/sites\/2\/2025\/08\/EDCI-269789871727124.jpg",518,820,false],"2048x2048":["https:\/\/biblio1.mdp.edu.ar\/centro-ventas\/wp-content\/uploads\/sites\/2\/2025\/08\/EDCI-269789871727124.jpg",518,820,false],"woocommerce_thumbnail":["https:\/\/biblio1.mdp.edu.ar\/centro-ventas\/wp-content\/uploads\/sites\/2\/2025\/08\/EDCI-269789871727124-300x475.jpg",300,475,true],"woocommerce_single":["https:\/\/biblio1.mdp.edu.ar\/centro-ventas\/wp-content\/uploads\/sites\/2\/2025\/08\/EDCI-269789871727124.jpg",518,820,false],"woocommerce_gallery_thumbnail":["https:\/\/biblio1.mdp.edu.ar\/centro-ventas\/wp-content\/uploads\/sites\/2\/2025\/08\/EDCI-269789871727124-100x100.jpg",100,100,true]},"uagb_author_info":{"display_name":"Cristina Bernabe","author_link":"https:\/\/biblio1.mdp.edu.ar\/centro-ventas\/author\/"},"uagb_comment_info":0,"uagb_excerpt":"\u00abNunca voy a entender por qu\u00e9 despu\u00e9s de tantas idas y vueltas, de m\u00e1s de un mes de tratar el tema, de algunas noches de hablar hasta la madrugada y de cruzar llamadas telef\u00f3nicas a horarios ins\u00f3litos del d\u00eda, una ma\u00f1ana, sin hacer un gesto para demostrar qu\u00e9 se la pasaba por la cabeza, as\u00ed&hellip;","_links":{"self":[{"href":"https:\/\/biblio1.mdp.edu.ar\/centro-ventas\/wp-json\/wp\/v2\/product\/3621","targetHints":{"allow":["GET"]}}],"collection":[{"href":"https:\/\/biblio1.mdp.edu.ar\/centro-ventas\/wp-json\/wp\/v2\/product"}],"about":[{"href":"https:\/\/biblio1.mdp.edu.ar\/centro-ventas\/wp-json\/wp\/v2\/types\/product"}],"wp:featuredmedia":[{"embeddable":true,"href":"https:\/\/biblio1.mdp.edu.ar\/centro-ventas\/wp-json\/wp\/v2\/media\/3622"}],"wp:attachment":[{"href":"https:\/\/biblio1.mdp.edu.ar\/centro-ventas\/wp-json\/wp\/v2\/media?parent=3621"}],"wp:term":[{"taxonomy":"product_cat","embeddable":true,"href":"https:\/\/biblio1.mdp.edu.ar\/centro-ventas\/wp-json\/wp\/v2\/product_cat?post=3621"},{"taxonomy":"product_tag","embeddable":true,"href":"https:\/\/biblio1.mdp.edu.ar\/centro-ventas\/wp-json\/wp\/v2\/product_tag?post=3621"}],"curies":[{"name":"wp","href":"https:\/\/api.w.org\/{rel}","templated":true}]}}