{"id":3619,"date":"2025-08-13T16:14:13","date_gmt":"2025-08-13T19:14:13","guid":{"rendered":"https:\/\/biblio1.mdp.edu.ar\/centro-ventas\/?post_type=product&#038;p=3619"},"modified":"2025-08-13T16:14:16","modified_gmt":"2025-08-13T19:14:16","slug":"caza-mayor","status":"publish","type":"product","link":"https:\/\/biblio1.mdp.edu.ar\/centro-ventas\/producto\/caza-mayor\/","title":{"rendered":"Caza Mayor"},"content":{"rendered":"<p>Pierino Baldacci recorre el pa\u00eds vendiendo ropa. S\u00f3lo se distrae ante una buena cacer\u00eda. El resto del tiempo es un hombre com\u00fan que frecuenta un bar donde se habla de f\u00fatbol, de mujeres, de autos; Pierino apenas opina. Cuando llegan las an\u00e9cdotas del pasado &#8211; La colimba, la solter\u00eda, la infancia &#8211; hace directamente silencio. Y eso que tiene un pasado para entretener al bar entero durante una d\u00e9cada. De los temas posibles, s\u00f3lo se explaya sobre sus ventas. Por eso es considerado el tipo mas aburrido del bar. Oficialmente es un comerciante menor sin ambici\u00f3n ni luces. Es verdad, lo es. Aunque tambi\u00e9n es otra cosa. Pierino Badacci\u00a0 es un cazador de nazis.<br \/>\nLos hombres que Pierino hab\u00eda cazado hasta entonces eran perejiles, liebres, colaboracionistas, soldados, idiotas \u00fatiles.\u00a0<em>Caza mayor<\/em>\u00a0es la historia del d\u00eda que de casualidad dio con un le\u00f3n, al que desea cazar para que como Eichmann (cuyo recuerdo &#8211; guerra, huida, secuestro, juicio, condena y ejecuci\u00f3n &#8211; esta fresco en la memoria del mundo entero), sea llevado a Israel y juzgado. El contexto es un pa\u00eds que va dejando de lado la violencia nacida en Europa y heredada por azar,\u00a0 para caer en la trampa de la violencia vern\u00e1cula &#8211; no menos sangrienta-, que se abre paso, inapelable.<\/p>\n","protected":false},"excerpt":{"rendered":"<p>Pierino Baldacci recorre el pa\u00eds vendiendo ropa. S\u00f3lo se distrae ante una buena cacer\u00eda. El resto del tiempo es un hombre com\u00fan que frecuenta un bar donde se habla de f\u00fatbol, de mujeres, de autos; Pierino apenas opina. Cuando llegan las an\u00e9cdotas del pasado &#8211; La colimba, la solter\u00eda, la infancia &#8211; hace directamente silencio. [&hellip;]<\/p>\n","protected":false},"featured_media":3620,"template":"","meta":{"_acf_changed":false,"_eb_attr":"","_crdt_document":"","_uag_custom_page_level_css":"","_editorskit_title_hidden":false,"_editorskit_reading_time":0,"_editorskit_is_block_options_detached":false,"_editorskit_block_options_position":"{}","site-sidebar-layout":"default","site-content-layout":"","ast-site-content-layout":"default","site-content-style":"default","site-sidebar-style":"default","ast-global-header-display":"","ast-banner-title-visibility":"","ast-main-header-display":"","ast-hfb-above-header-display":"","ast-hfb-below-header-display":"","ast-hfb-mobile-header-display":"","site-post-title":"","ast-breadcrumbs-content":"","ast-featured-img":"","footer-sml-layout":"","ast-disable-related-posts":"","theme-transparent-header-meta":"default","adv-header-id-meta":"","stick-header-meta":"","header-above-stick-meta":"","header-main-stick-meta":"","header-below-stick-meta":"","astra-migrate-meta-layouts":"set","ast-page-background-enabled":"default","ast-page-background-meta":{"desktop":{"background-color":"var(--ast-global-color-4)","background-image":"","background-repeat":"repeat","background-position":"center center","background-size":"auto","background-attachment":"scroll","background-type":"","background-media":"","overlay-type":"","overlay-color":"","overlay-opacity":"","overlay-gradient":""},"tablet":{"background-color":"","background-image":"","background-repeat":"repeat","background-position":"center center","background-size":"auto","background-attachment":"scroll","background-type":"","background-media":"","overlay-type":"","overlay-color":"","overlay-opacity":"","overlay-gradient":""},"mobile":{"background-color":"","background-image":"","background-repeat":"repeat","background-position":"center center","background-size":"auto","background-attachment":"scroll","background-type":"","background-media":"","overlay-type":"","overlay-color":"","overlay-opacity":"","overlay-gradient":""}},"ast-content-background-meta":{"desktop":{"background-color":"var(--ast-global-color-5)","background-image":"","background-repeat":"repeat","background-position":"center center","background-size":"auto","background-attachment":"scroll","background-type":"","background-media":"","overlay-type":"","overlay-color":"","overlay-opacity":"","overlay-gradient":""},"tablet":{"background-color":"var(--ast-global-color-5)","background-image":"","background-repeat":"repeat","background-position":"center center","background-size":"auto","background-attachment":"scroll","background-type":"","background-media":"","overlay-type":"","overlay-color":"","overlay-opacity":"","overlay-gradient":""},"mobile":{"background-color":"var(--ast-global-color-5)","background-image":"","background-repeat":"repeat","background-position":"center center","background-size":"auto","background-attachment":"scroll","background-type":"","background-media":"","overlay-type":"","overlay-color":"","overlay-opacity":"","overlay-gradient":""}}},"product_cat":[669,28],"product_tag":[],"class_list":{"0":"post-3619","1":"product","2":"type-product","3":"status-publish","4":"has-post-thumbnail","6":"product_cat-eduvim","7":"product_cat-libro","8":"desktop-align-left","9":"tablet-align-left","10":"mobile-align-left","12":"first","13":"instock","14":"shipping-taxable","15":"purchasable","16":"product-type-simple"},"acf":[],"uagb_featured_image_src":{"full":["https:\/\/biblio1.mdp.edu.ar\/centro-ventas\/wp-content\/uploads\/sites\/2\/2025\/08\/EDCI-13219789871727698.jpg",495,820,false],"thumbnail":["https:\/\/biblio1.mdp.edu.ar\/centro-ventas\/wp-content\/uploads\/sites\/2\/2025\/08\/EDCI-13219789871727698-150x150.jpg",150,150,true],"medium":["https:\/\/biblio1.mdp.edu.ar\/centro-ventas\/wp-content\/uploads\/sites\/2\/2025\/08\/EDCI-13219789871727698-181x300.jpg",181,300,true],"medium_large":["https:\/\/biblio1.mdp.edu.ar\/centro-ventas\/wp-content\/uploads\/sites\/2\/2025\/08\/EDCI-13219789871727698.jpg",495,820,false],"large":["https:\/\/biblio1.mdp.edu.ar\/centro-ventas\/wp-content\/uploads\/sites\/2\/2025\/08\/EDCI-13219789871727698.jpg",495,820,false],"1536x1536":["https:\/\/biblio1.mdp.edu.ar\/centro-ventas\/wp-content\/uploads\/sites\/2\/2025\/08\/EDCI-13219789871727698.jpg",495,820,false],"2048x2048":["https:\/\/biblio1.mdp.edu.ar\/centro-ventas\/wp-content\/uploads\/sites\/2\/2025\/08\/EDCI-13219789871727698.jpg",495,820,false],"woocommerce_thumbnail":["https:\/\/biblio1.mdp.edu.ar\/centro-ventas\/wp-content\/uploads\/sites\/2\/2025\/08\/EDCI-13219789871727698-300x497.jpg",300,497,true],"woocommerce_single":["https:\/\/biblio1.mdp.edu.ar\/centro-ventas\/wp-content\/uploads\/sites\/2\/2025\/08\/EDCI-13219789871727698.jpg",495,820,false],"woocommerce_gallery_thumbnail":["https:\/\/biblio1.mdp.edu.ar\/centro-ventas\/wp-content\/uploads\/sites\/2\/2025\/08\/EDCI-13219789871727698-100x100.jpg",100,100,true]},"uagb_author_info":{"display_name":"Cristina Bernabe","author_link":"https:\/\/biblio1.mdp.edu.ar\/centro-ventas\/author\/"},"uagb_comment_info":0,"uagb_excerpt":"Pierino Baldacci recorre el pa\u00eds vendiendo ropa. S\u00f3lo se distrae ante una buena cacer\u00eda. El resto del tiempo es un hombre com\u00fan que frecuenta un bar donde se habla de f\u00fatbol, de mujeres, de autos; Pierino apenas opina. Cuando llegan las an\u00e9cdotas del pasado &#8211; La colimba, la solter\u00eda, la infancia &#8211; hace directamente silencio.&hellip;","_links":{"self":[{"href":"https:\/\/biblio1.mdp.edu.ar\/centro-ventas\/wp-json\/wp\/v2\/product\/3619","targetHints":{"allow":["GET"]}}],"collection":[{"href":"https:\/\/biblio1.mdp.edu.ar\/centro-ventas\/wp-json\/wp\/v2\/product"}],"about":[{"href":"https:\/\/biblio1.mdp.edu.ar\/centro-ventas\/wp-json\/wp\/v2\/types\/product"}],"wp:featuredmedia":[{"embeddable":true,"href":"https:\/\/biblio1.mdp.edu.ar\/centro-ventas\/wp-json\/wp\/v2\/media\/3620"}],"wp:attachment":[{"href":"https:\/\/biblio1.mdp.edu.ar\/centro-ventas\/wp-json\/wp\/v2\/media?parent=3619"}],"wp:term":[{"taxonomy":"product_cat","embeddable":true,"href":"https:\/\/biblio1.mdp.edu.ar\/centro-ventas\/wp-json\/wp\/v2\/product_cat?post=3619"},{"taxonomy":"product_tag","embeddable":true,"href":"https:\/\/biblio1.mdp.edu.ar\/centro-ventas\/wp-json\/wp\/v2\/product_tag?post=3619"}],"curies":[{"name":"wp","href":"https:\/\/api.w.org\/{rel}","templated":true}]}}