{"id":3600,"date":"2025-07-18T14:15:48","date_gmt":"2025-07-18T17:15:48","guid":{"rendered":"https:\/\/biblio1.mdp.edu.ar\/centro-ventas\/?post_type=product&#038;p=3600"},"modified":"2025-08-13T15:04:08","modified_gmt":"2025-08-13T18:04:08","slug":"los-derechos-politicos-de-la-mujer-los-proyectos-y-debates-parlamentarios-1916-1955","status":"publish","type":"product","link":"https:\/\/biblio1.mdp.edu.ar\/centro-ventas\/producto\/los-derechos-politicos-de-la-mujer-los-proyectos-y-debates-parlamentarios-1916-1955\/","title":{"rendered":"Los derechos pol\u00edticos de la mujer -Los proyectos y debates parlamentarios 1916-1955"},"content":{"rendered":"<div class=\"libroDetalle introColecciones\">\n<div class=\"datosLibro\">\n<p><span style=\"font-size: 16px\">En la Argentina, como en la mayor\u00eda de las naciones modernas, las mujeres confrontaron por largo tiempo la inequidad jur\u00eddica producto de las restricciones a su ejercicio de la ciudadan\u00eda pol\u00edtica. En 1947, treinta y cinco a\u00f1os despu\u00e9s de que la ley S\u00e1enz Pe\u00f1a estableciera el derecho al voto universal, secreto y obligatorio, el Congreso Nacional aprob\u00f3 por fin la Ley 13010 que garantizaba a las mujeres id\u00e9nticos derechos que a los hombres. \u00bfCu\u00e1l fue el papel del Parlamento en la reflexi\u00f3n sobre los derechos pol\u00edticos femeninos? \u00bfCu\u00e1ndo y por qu\u00e9 los legisladores cuestionaron la exclusi\u00f3n pol\u00edtica de las mujeres? \u00bfQu\u00e9 argumentos articularon los representantes de los diversos partidos en favor de la ciudadan\u00eda femenina? \u00bfQu\u00e9 fundamentos esgrimieron quienes la objetaban? \u00bfPor qu\u00e9 una naci\u00f3n reputada por su tradici\u00f3n republicana integr\u00f3 el contingente de pa\u00edses latinoamericanos que m\u00e1s tard\u00edamente reconoci\u00f3 los derechos pol\u00edticos de la mujer? Para responder a estos interrogantes, este libro ofrece una selecci\u00f3n exhaustiva de todos los proyectos y debates parlamentarios que, a partir del ensayo pionero de 1919, desembocaron en la sanci\u00f3n de la ley de derechos pol\u00edticos de la mujer. Reflexiona sobre las controversias generadas por el proceso de ampliaci\u00f3n de la ciudadan\u00eda en la Argentina, una cuesti\u00f3n de renovado inter\u00e9s en la literatura hist\u00f3rica y de incuestionable vigencia para una sociedad comprometida con la consolidaci\u00f3n del sistema democr\u00e1tico.<\/span><\/p>\n<\/div>\n<\/div>\n","protected":false},"excerpt":{"rendered":"<p>En la Argentina, como en la mayor\u00eda de las naciones modernas, las mujeres confrontaron por largo tiempo la inequidad jur\u00eddica producto de las restricciones a su ejercicio de la ciudadan\u00eda pol\u00edtica. En 1947, treinta y cinco a\u00f1os despu\u00e9s de que la ley S\u00e1enz Pe\u00f1a estableciera el derecho al voto universal, secreto y obligatorio, el Congreso [&hellip;]<\/p>\n","protected":false},"featured_media":3601,"template":"","meta":{"_acf_changed":false,"_eb_attr":"","_crdt_document":"","_uag_custom_page_level_css":"","_editorskit_title_hidden":false,"_editorskit_reading_time":0,"_editorskit_is_block_options_detached":false,"_editorskit_block_options_position":"{}","site-sidebar-layout":"default","site-content-layout":"","ast-site-content-layout":"default","site-content-style":"default","site-sidebar-style":"default","ast-global-header-display":"","ast-banner-title-visibility":"","ast-main-header-display":"","ast-hfb-above-header-display":"","ast-hfb-below-header-display":"","ast-hfb-mobile-header-display":"","site-post-title":"","ast-breadcrumbs-content":"","ast-featured-img":"","footer-sml-layout":"","ast-disable-related-posts":"","theme-transparent-header-meta":"default","adv-header-id-meta":"","stick-header-meta":"","header-above-stick-meta":"","header-main-stick-meta":"","header-below-stick-meta":"","astra-migrate-meta-layouts":"set","ast-page-background-enabled":"default","ast-page-background-meta":{"desktop":{"background-color":"var(--ast-global-color-4)","background-image":"","background-repeat":"repeat","background-position":"center center","background-size":"auto","background-attachment":"scroll","background-type":"","background-media":"","overlay-type":"","overlay-color":"","overlay-opacity":"","overlay-gradient":""},"tablet":{"background-color":"","background-image":"","background-repeat":"repeat","background-position":"center center","background-size":"auto","background-attachment":"scroll","background-type":"","background-media":"","overlay-type":"","overlay-color":"","overlay-opacity":"","overlay-gradient":""},"mobile":{"background-color":"","background-image":"","background-repeat":"repeat","background-position":"center center","background-size":"auto","background-attachment":"scroll","background-type":"","background-media":"","overlay-type":"","overlay-color":"","overlay-opacity":"","overlay-gradient":""}},"ast-content-background-meta":{"desktop":{"background-color":"var(--ast-global-color-5)","background-image":"","background-repeat":"repeat","background-position":"center center","background-size":"auto","background-attachment":"scroll","background-type":"","background-media":"","overlay-type":"","overlay-color":"","overlay-opacity":"","overlay-gradient":""},"tablet":{"background-color":"var(--ast-global-color-5)","background-image":"","background-repeat":"repeat","background-position":"center center","background-size":"auto","background-attachment":"scroll","background-type":"","background-media":"","overlay-type":"","overlay-color":"","overlay-opacity":"","overlay-gradient":""},"mobile":{"background-color":"var(--ast-global-color-5)","background-image":"","background-repeat":"repeat","background-position":"center center","background-size":"auto","background-attachment":"scroll","background-type":"","background-media":"","overlay-type":"","overlay-color":"","overlay-opacity":"","overlay-gradient":""}}},"product_cat":[632,28,662],"product_tag":[161,126,184],"class_list":{"0":"post-3600","1":"product","2":"type-product","3":"status-publish","4":"has-post-thumbnail","6":"product_cat-derecho","7":"product_cat-libro","8":"product_cat-ungs","9":"product_tag-ciencias-politicas","10":"product_tag-ciudadania","11":"product_tag-mujeres","12":"desktop-align-left","13":"tablet-align-left","14":"mobile-align-left","16":"first","17":"instock","18":"shipping-taxable","19":"purchasable","20":"product-type-simple"},"acf":[],"uagb_featured_image_src":{"full":["https:\/\/biblio1.mdp.edu.ar\/centro-ventas\/wp-content\/uploads\/sites\/2\/2025\/07\/UCI-CGDP01.jpg",300,420,false],"thumbnail":["https:\/\/biblio1.mdp.edu.ar\/centro-ventas\/wp-content\/uploads\/sites\/2\/2025\/07\/UCI-CGDP01-150x150.jpg",150,150,true],"medium":["https:\/\/biblio1.mdp.edu.ar\/centro-ventas\/wp-content\/uploads\/sites\/2\/2025\/07\/UCI-CGDP01-214x300.jpg",214,300,true],"medium_large":["https:\/\/biblio1.mdp.edu.ar\/centro-ventas\/wp-content\/uploads\/sites\/2\/2025\/07\/UCI-CGDP01.jpg",300,420,false],"large":["https:\/\/biblio1.mdp.edu.ar\/centro-ventas\/wp-content\/uploads\/sites\/2\/2025\/07\/UCI-CGDP01.jpg",300,420,false],"1536x1536":["https:\/\/biblio1.mdp.edu.ar\/centro-ventas\/wp-content\/uploads\/sites\/2\/2025\/07\/UCI-CGDP01.jpg",300,420,false],"2048x2048":["https:\/\/biblio1.mdp.edu.ar\/centro-ventas\/wp-content\/uploads\/sites\/2\/2025\/07\/UCI-CGDP01.jpg",300,420,false],"woocommerce_thumbnail":["https:\/\/biblio1.mdp.edu.ar\/centro-ventas\/wp-content\/uploads\/sites\/2\/2025\/07\/UCI-CGDP01.jpg",300,420,false],"woocommerce_single":["https:\/\/biblio1.mdp.edu.ar\/centro-ventas\/wp-content\/uploads\/sites\/2\/2025\/07\/UCI-CGDP01.jpg",300,420,false],"woocommerce_gallery_thumbnail":["https:\/\/biblio1.mdp.edu.ar\/centro-ventas\/wp-content\/uploads\/sites\/2\/2025\/07\/UCI-CGDP01-100x100.jpg",100,100,true]},"uagb_author_info":{"display_name":"Cristina Bernabe","author_link":"https:\/\/biblio1.mdp.edu.ar\/centro-ventas\/author\/"},"uagb_comment_info":0,"uagb_excerpt":"En la Argentina, como en la mayor\u00eda de las naciones modernas, las mujeres confrontaron por largo tiempo la inequidad jur\u00eddica producto de las restricciones a su ejercicio de la ciudadan\u00eda pol\u00edtica. En 1947, treinta y cinco a\u00f1os despu\u00e9s de que la ley S\u00e1enz Pe\u00f1a estableciera el derecho al voto universal, secreto y obligatorio, el Congreso&hellip;","_links":{"self":[{"href":"https:\/\/biblio1.mdp.edu.ar\/centro-ventas\/wp-json\/wp\/v2\/product\/3600","targetHints":{"allow":["GET"]}}],"collection":[{"href":"https:\/\/biblio1.mdp.edu.ar\/centro-ventas\/wp-json\/wp\/v2\/product"}],"about":[{"href":"https:\/\/biblio1.mdp.edu.ar\/centro-ventas\/wp-json\/wp\/v2\/types\/product"}],"wp:featuredmedia":[{"embeddable":true,"href":"https:\/\/biblio1.mdp.edu.ar\/centro-ventas\/wp-json\/wp\/v2\/media\/3601"}],"wp:attachment":[{"href":"https:\/\/biblio1.mdp.edu.ar\/centro-ventas\/wp-json\/wp\/v2\/media?parent=3600"}],"wp:term":[{"taxonomy":"product_cat","embeddable":true,"href":"https:\/\/biblio1.mdp.edu.ar\/centro-ventas\/wp-json\/wp\/v2\/product_cat?post=3600"},{"taxonomy":"product_tag","embeddable":true,"href":"https:\/\/biblio1.mdp.edu.ar\/centro-ventas\/wp-json\/wp\/v2\/product_tag?post=3600"}],"curies":[{"name":"wp","href":"https:\/\/api.w.org\/{rel}","templated":true}]}}