{"id":3574,"date":"2025-07-10T15:01:25","date_gmt":"2025-07-10T18:01:25","guid":{"rendered":"https:\/\/biblio1.mdp.edu.ar\/centro-ventas\/?post_type=product&#038;p=3574"},"modified":"2026-03-30T17:13:59","modified_gmt":"2026-03-30T20:13:59","slug":"morfofisiologia-del-sistema-digestivo-y-metabolico","status":"publish","type":"product","link":"https:\/\/biblio1.mdp.edu.ar\/centro-ventas\/producto\/morfofisiologia-del-sistema-digestivo-y-metabolico\/","title":{"rendered":"Morfofisiolog\u00eda del sistema digestivo y metab\u00f3lico"},"content":{"rendered":"<div class=\"tw-max-h-[150px] tw-overflow-hidden tw-transition-all tw-duration-150 tw-ease-out tw-relative !tw-max-h-[9999px] tw-pb-4\">\n<div class=\"html-block\">El libro \u201cMorfofisiolog\u00eda del sistema digestivo y metab\u00f3lico: de la cl\u00ednica al aula\u201d lleva adelante la anhelada propuesta de la educaci\u00f3n moderna de que las ciencias b\u00e1sicas y aplicadas deben ir de la mano, articuladas desde el inicio de las carreras de Ciencias de la Salud hasta sus \u00faltimos tramos. Habitualmente nos encontramos con textos de anatom\u00eda, fisiolog\u00eda, pruebas diagn\u00f3sticas, anatom\u00eda patol\u00f3gica e histolog\u00eda desperdigados en cuatro o cinco textos que obligan a los estudiantes a fragmentar el conocimiento, a utilizar el recurso temporal en b\u00fasquedas diversas y aunar criterios. Este nuevo texto reemplaza las categor\u00edas de an\u00e1lisis individualistas de las ciencias b\u00e1sicas, por una mirada comprensiva de los procesos morfofisiol\u00f3gicos, sin dejar de lado la profundidad que requiere hoy, la mirada integral de un profesional de la salud.<br \/>\nLa obra recorre desde las estructuras anatomo histol\u00f3gicas esenciales para la comprensi\u00f3n de este complejo sistema, pero se fundamenta en darle vida a trav\u00e9s de la fisiolog\u00eda digestiva y metab\u00f3lica, a posibles soluciones que los pacientes traen a diario a la consulta cl\u00ednica. As\u00ed, este libro profundiza en cuestiones morfofisiol\u00f3gicas relacionadas con el dolor abdominal y el abdomen agudo, las hemorragias digestivas, la enfermedad oncol\u00f3gica y cierra con cap\u00edtulos dedicados a componentes especiales de la salud p\u00fablica: el estudio del colesterol y las dislipemias y el estudio de la obesidad desde un punto de vista epidemiol\u00f3gico cl\u00ednico y antropol\u00f3gico, sin el cual no pueden entenderse las epidemias silenciosas que, aun siendo conocidas, no dejan de permear a las sociedades con mensajes y productos no inocuos para la salud humana. Es un libro que esperamos sirva a estudiantes de carreras de ciencias de la salud, as\u00ed como a profesionales graduados que se encuentren al frente de la atenci\u00f3n sanitaria.<\/div>\n<\/div>\n<div class=\"tw-inline-flex tw-items-center tw-gap-2\">Leer menos<\/div>\n","protected":false},"excerpt":{"rendered":"<p>El libro \u201cMorfofisiolog\u00eda del sistema digestivo y metab\u00f3lico: de la cl\u00ednica al aula\u201d lleva adelante la anhelada propuesta de la educaci\u00f3n moderna de que las ciencias b\u00e1sicas y aplicadas deben ir de la mano, articuladas desde el inicio de las carreras de Ciencias de la Salud hasta sus \u00faltimos tramos. Habitualmente nos encontramos con textos [&hellip;]<\/p>\n","protected":false},"featured_media":3575,"template":"","meta":{"_acf_changed":false,"_eb_attr":"","_crdt_document":"","_uag_custom_page_level_css":"","_editorskit_title_hidden":false,"_editorskit_reading_time":0,"_editorskit_is_block_options_detached":false,"_editorskit_block_options_position":"{}","site-sidebar-layout":"default","site-content-layout":"","ast-site-content-layout":"default","site-content-style":"default","site-sidebar-style":"default","ast-global-header-display":"","ast-banner-title-visibility":"","ast-main-header-display":"","ast-hfb-above-header-display":"","ast-hfb-below-header-display":"","ast-hfb-mobile-header-display":"","site-post-title":"","ast-breadcrumbs-content":"","ast-featured-img":"","footer-sml-layout":"","ast-disable-related-posts":"","theme-transparent-header-meta":"default","adv-header-id-meta":"","stick-header-meta":"","header-above-stick-meta":"","header-main-stick-meta":"","header-below-stick-meta":"","astra-migrate-meta-layouts":"set","ast-page-background-enabled":"default","ast-page-background-meta":{"desktop":{"background-color":"var(--ast-global-color-4)","background-image":"","background-repeat":"repeat","background-position":"center center","background-size":"auto","background-attachment":"scroll","background-type":"","background-media":"","overlay-type":"","overlay-color":"","overlay-opacity":"","overlay-gradient":""},"tablet":{"background-color":"","background-image":"","background-repeat":"repeat","background-position":"center center","background-size":"auto","background-attachment":"scroll","background-type":"","background-media":"","overlay-type":"","overlay-color":"","overlay-opacity":"","overlay-gradient":""},"mobile":{"background-color":"","background-image":"","background-repeat":"repeat","background-position":"center center","background-size":"auto","background-attachment":"scroll","background-type":"","background-media":"","overlay-type":"","overlay-color":"","overlay-opacity":"","overlay-gradient":""}},"ast-content-background-meta":{"desktop":{"background-color":"var(--ast-global-color-5)","background-image":"","background-repeat":"repeat","background-position":"center center","background-size":"auto","background-attachment":"scroll","background-type":"","background-media":"","overlay-type":"","overlay-color":"","overlay-opacity":"","overlay-gradient":""},"tablet":{"background-color":"var(--ast-global-color-5)","background-image":"","background-repeat":"repeat","background-position":"center center","background-size":"auto","background-attachment":"scroll","background-type":"","background-media":"","overlay-type":"","overlay-color":"","overlay-opacity":"","overlay-gradient":""},"mobile":{"background-color":"var(--ast-global-color-5)","background-image":"","background-repeat":"repeat","background-position":"center center","background-size":"auto","background-attachment":"scroll","background-type":"","background-media":"","overlay-type":"","overlay-color":"","overlay-opacity":"","overlay-gradient":""}}},"product_cat":[32,28,29,168],"product_tag":[19,660,131,661],"class_list":{"0":"post-3574","1":"product","2":"type-product","3":"status-publish","4":"has-post-thumbnail","6":"product_cat-edudem","7":"product_cat-libro","8":"product_cat-medicina","9":"product_cat-salud","10":"product_tag-medicina","11":"product_tag-morfologia","12":"product_tag-salud","13":"product_tag-sistema-digestivo","14":"desktop-align-left","15":"tablet-align-left","16":"mobile-align-left","18":"first","19":"instock","20":"featured","21":"shipping-taxable","22":"purchasable","23":"product-type-simple"},"acf":[],"uagb_featured_image_src":{"full":["https:\/\/biblio1.mdp.edu.ar\/centro-ventas\/wp-content\/uploads\/sites\/2\/2025\/07\/6316662095__20250604073052.jpg",500,500,false],"thumbnail":["https:\/\/biblio1.mdp.edu.ar\/centro-ventas\/wp-content\/uploads\/sites\/2\/2025\/07\/6316662095__20250604073052-150x150.jpg",150,150,true],"medium":["https:\/\/biblio1.mdp.edu.ar\/centro-ventas\/wp-content\/uploads\/sites\/2\/2025\/07\/6316662095__20250604073052-300x300.jpg",300,300,true],"medium_large":["https:\/\/biblio1.mdp.edu.ar\/centro-ventas\/wp-content\/uploads\/sites\/2\/2025\/07\/6316662095__20250604073052.jpg",500,500,false],"large":["https:\/\/biblio1.mdp.edu.ar\/centro-ventas\/wp-content\/uploads\/sites\/2\/2025\/07\/6316662095__20250604073052.jpg",500,500,false],"1536x1536":["https:\/\/biblio1.mdp.edu.ar\/centro-ventas\/wp-content\/uploads\/sites\/2\/2025\/07\/6316662095__20250604073052.jpg",500,500,false],"2048x2048":["https:\/\/biblio1.mdp.edu.ar\/centro-ventas\/wp-content\/uploads\/sites\/2\/2025\/07\/6316662095__20250604073052.jpg",500,500,false],"woocommerce_thumbnail":["https:\/\/biblio1.mdp.edu.ar\/centro-ventas\/wp-content\/uploads\/sites\/2\/2025\/07\/6316662095__20250604073052-300x300.jpg",300,300,true],"woocommerce_single":["https:\/\/biblio1.mdp.edu.ar\/centro-ventas\/wp-content\/uploads\/sites\/2\/2025\/07\/6316662095__20250604073052.jpg",500,500,false],"woocommerce_gallery_thumbnail":["https:\/\/biblio1.mdp.edu.ar\/centro-ventas\/wp-content\/uploads\/sites\/2\/2025\/07\/6316662095__20250604073052-100x100.jpg",100,100,true]},"uagb_author_info":{"display_name":"Cristina Bernabe","author_link":"https:\/\/biblio1.mdp.edu.ar\/centro-ventas\/author\/"},"uagb_comment_info":0,"uagb_excerpt":"El libro \u201cMorfofisiolog\u00eda del sistema digestivo y metab\u00f3lico: de la cl\u00ednica al aula\u201d lleva adelante la anhelada propuesta de la educaci\u00f3n moderna de que las ciencias b\u00e1sicas y aplicadas deben ir de la mano, articuladas desde el inicio de las carreras de Ciencias de la Salud hasta sus \u00faltimos tramos. Habitualmente nos encontramos con textos&hellip;","_links":{"self":[{"href":"https:\/\/biblio1.mdp.edu.ar\/centro-ventas\/wp-json\/wp\/v2\/product\/3574","targetHints":{"allow":["GET"]}}],"collection":[{"href":"https:\/\/biblio1.mdp.edu.ar\/centro-ventas\/wp-json\/wp\/v2\/product"}],"about":[{"href":"https:\/\/biblio1.mdp.edu.ar\/centro-ventas\/wp-json\/wp\/v2\/types\/product"}],"wp:featuredmedia":[{"embeddable":true,"href":"https:\/\/biblio1.mdp.edu.ar\/centro-ventas\/wp-json\/wp\/v2\/media\/3575"}],"wp:attachment":[{"href":"https:\/\/biblio1.mdp.edu.ar\/centro-ventas\/wp-json\/wp\/v2\/media?parent=3574"}],"wp:term":[{"taxonomy":"product_cat","embeddable":true,"href":"https:\/\/biblio1.mdp.edu.ar\/centro-ventas\/wp-json\/wp\/v2\/product_cat?post=3574"},{"taxonomy":"product_tag","embeddable":true,"href":"https:\/\/biblio1.mdp.edu.ar\/centro-ventas\/wp-json\/wp\/v2\/product_tag?post=3574"}],"curies":[{"name":"wp","href":"https:\/\/api.w.org\/{rel}","templated":true}]}}