{"id":3566,"date":"2025-07-01T17:57:35","date_gmt":"2025-07-01T20:57:35","guid":{"rendered":"https:\/\/biblio1.mdp.edu.ar\/centro-ventas\/?post_type=product&#038;p=3566"},"modified":"2025-07-01T17:57:36","modified_gmt":"2025-07-01T20:57:36","slug":"entropia-de-las-normas-laborales","status":"publish","type":"product","link":"https:\/\/biblio1.mdp.edu.ar\/centro-ventas\/producto\/entropia-de-las-normas-laborales\/","title":{"rendered":"Entrop\u00eda de las normas laborales"},"content":{"rendered":"<div class=\"user-content font-small mb-4\">\n<p><span style=\"font-size: 16px\">Se trata de una obra sumamente original, derivada del trabajo de tesis doctoral de la autora. A un enfoque racional, que parte de una postura ideol\u00f3gica cercana a la doctrina social de la iglesia cristiana, le suma la precisi\u00f3n detallista de 381 citas bibliogr\u00e1ficas. A medida que recorre el proceso hist\u00f3rico de degradaci\u00f3n continua del Derecho del Trabajo, bajo el manto de ep\u00edgrafes de Stephen Hawking, introduce elementos de la termodin\u00e1mica, del enfoque sist\u00e9mico y de la teor\u00eda de los juegos. Logra ordenar la presentaci\u00f3n de conceptos complejos de una manera did\u00e1ctica, de lo cual resulta una lectura amena, a la vez que formativa. El Derecho del Trabajo se distingue del Derecho com\u00fan -que supone la igualdad de las partes- ya que aqu\u00e9l supone la desigualdad econ\u00f3mica entre ellas. Por esto se presta al seguimiento de su desarrollo hist\u00f3rico con un enfoque multidisciplinario. La autora consigue no s\u00f3lo aportar una mirada diferente, sino tambi\u00e9n lograr la complicidad del lector en su contenido y enfoque. As\u00ed se consideran a lo largo del libro temas tales como el hombre como sujeto, el trabajo humano, la crisis y vigencia del ordenamiento laboral, los principios generales del Derecho del Trabajo, las relaciones laborales, el conflicto y la inobservancia de las normas laborales y sus causas y consecuencias. Dentro del caos de la flexibilizaci\u00f3n, se analizan algunos casos paradigm\u00e1ticos, como el estatuto del peluquero (claramente a contracorriente) y el contrato de aprendizaje (totalmente inmoral).<\/span><\/p>\n<\/div>\n<div class=\"fb-comments section-fb-comments mb-3 fb_iframe_widget fb_iframe_widget_fluid_desktop\" data-href=\"https:\/\/eudeba.com.ar\/productos\/entropia-de-las-normas-laborales\/\" data-num-posts=\"5\" data-width=\"100%\"><\/div>\n","protected":false},"excerpt":{"rendered":"<p>Se trata de una obra sumamente original, derivada del trabajo de tesis doctoral de la autora. A un enfoque racional, que parte de una postura ideol\u00f3gica cercana a la doctrina social de la iglesia cristiana, le suma la precisi\u00f3n detallista de 381 citas bibliogr\u00e1ficas. A medida que recorre el proceso hist\u00f3rico de degradaci\u00f3n continua del [&hellip;]<\/p>\n","protected":false},"featured_media":3567,"template":"","meta":{"_acf_changed":false,"_eb_attr":"","_crdt_document":"","_uag_custom_page_level_css":"","_editorskit_title_hidden":false,"_editorskit_reading_time":0,"_editorskit_is_block_options_detached":false,"_editorskit_block_options_position":"{}","site-sidebar-layout":"default","site-content-layout":"","ast-site-content-layout":"default","site-content-style":"default","site-sidebar-style":"default","ast-global-header-display":"","ast-banner-title-visibility":"","ast-main-header-display":"","ast-hfb-above-header-display":"","ast-hfb-below-header-display":"","ast-hfb-mobile-header-display":"","site-post-title":"","ast-breadcrumbs-content":"","ast-featured-img":"","footer-sml-layout":"","ast-disable-related-posts":"","theme-transparent-header-meta":"default","adv-header-id-meta":"","stick-header-meta":"","header-above-stick-meta":"","header-main-stick-meta":"","header-below-stick-meta":"","astra-migrate-meta-layouts":"set","ast-page-background-enabled":"default","ast-page-background-meta":{"desktop":{"background-color":"var(--ast-global-color-4)","background-image":"","background-repeat":"repeat","background-position":"center center","background-size":"auto","background-attachment":"scroll","background-type":"","background-media":"","overlay-type":"","overlay-color":"","overlay-opacity":"","overlay-gradient":""},"tablet":{"background-color":"","background-image":"","background-repeat":"repeat","background-position":"center center","background-size":"auto","background-attachment":"scroll","background-type":"","background-media":"","overlay-type":"","overlay-color":"","overlay-opacity":"","overlay-gradient":""},"mobile":{"background-color":"","background-image":"","background-repeat":"repeat","background-position":"center center","background-size":"auto","background-attachment":"scroll","background-type":"","background-media":"","overlay-type":"","overlay-color":"","overlay-opacity":"","overlay-gradient":""}},"ast-content-background-meta":{"desktop":{"background-color":"var(--ast-global-color-5)","background-image":"","background-repeat":"repeat","background-position":"center center","background-size":"auto","background-attachment":"scroll","background-type":"","background-media":"","overlay-type":"","overlay-color":"","overlay-opacity":"","overlay-gradient":""},"tablet":{"background-color":"var(--ast-global-color-5)","background-image":"","background-repeat":"repeat","background-position":"center center","background-size":"auto","background-attachment":"scroll","background-type":"","background-media":"","overlay-type":"","overlay-color":"","overlay-opacity":"","overlay-gradient":""},"mobile":{"background-color":"var(--ast-global-color-5)","background-image":"","background-repeat":"repeat","background-position":"center center","background-size":"auto","background-attachment":"scroll","background-type":"","background-media":"","overlay-type":"","overlay-color":"","overlay-opacity":"","overlay-gradient":""}}},"product_cat":[632,130,28,637],"product_tag":[658,57,374],"class_list":{"0":"post-3566","1":"product","2":"type-product","3":"status-publish","4":"has-post-thumbnail","6":"product_cat-derecho","7":"product_cat-eudeba-libro","8":"product_cat-libro","9":"product_cat-punto-de-venta-derecho","10":"product_tag-antropologia-social","11":"product_tag-derecho","12":"product_tag-derecho-laboral","13":"desktop-align-left","14":"tablet-align-left","15":"mobile-align-left","17":"first","18":"instock","19":"shipping-taxable","20":"purchasable","21":"product-type-simple"},"acf":[],"uagb_featured_image_src":{"full":["https:\/\/biblio1.mdp.edu.ar\/centro-ventas\/wp-content\/uploads\/sites\/2\/2025\/07\/9789502310527-ea5671c16bf090f89117488189812141-640-0.jpg",343,500,false],"thumbnail":["https:\/\/biblio1.mdp.edu.ar\/centro-ventas\/wp-content\/uploads\/sites\/2\/2025\/07\/9789502310527-ea5671c16bf090f89117488189812141-640-0-150x150.jpg",150,150,true],"medium":["https:\/\/biblio1.mdp.edu.ar\/centro-ventas\/wp-content\/uploads\/sites\/2\/2025\/07\/9789502310527-ea5671c16bf090f89117488189812141-640-0-206x300.jpg",206,300,true],"medium_large":["https:\/\/biblio1.mdp.edu.ar\/centro-ventas\/wp-content\/uploads\/sites\/2\/2025\/07\/9789502310527-ea5671c16bf090f89117488189812141-640-0.jpg",343,500,false],"large":["https:\/\/biblio1.mdp.edu.ar\/centro-ventas\/wp-content\/uploads\/sites\/2\/2025\/07\/9789502310527-ea5671c16bf090f89117488189812141-640-0.jpg",343,500,false],"1536x1536":["https:\/\/biblio1.mdp.edu.ar\/centro-ventas\/wp-content\/uploads\/sites\/2\/2025\/07\/9789502310527-ea5671c16bf090f89117488189812141-640-0.jpg",343,500,false],"2048x2048":["https:\/\/biblio1.mdp.edu.ar\/centro-ventas\/wp-content\/uploads\/sites\/2\/2025\/07\/9789502310527-ea5671c16bf090f89117488189812141-640-0.jpg",343,500,false],"woocommerce_thumbnail":["https:\/\/biblio1.mdp.edu.ar\/centro-ventas\/wp-content\/uploads\/sites\/2\/2025\/07\/9789502310527-ea5671c16bf090f89117488189812141-640-0-300x437.jpg",300,437,true],"woocommerce_single":["https:\/\/biblio1.mdp.edu.ar\/centro-ventas\/wp-content\/uploads\/sites\/2\/2025\/07\/9789502310527-ea5671c16bf090f89117488189812141-640-0.jpg",343,500,false],"woocommerce_gallery_thumbnail":["https:\/\/biblio1.mdp.edu.ar\/centro-ventas\/wp-content\/uploads\/sites\/2\/2025\/07\/9789502310527-ea5671c16bf090f89117488189812141-640-0-100x100.jpg",100,100,true]},"uagb_author_info":{"display_name":"Cristina Bernabe","author_link":"https:\/\/biblio1.mdp.edu.ar\/centro-ventas\/author\/"},"uagb_comment_info":0,"uagb_excerpt":"Se trata de una obra sumamente original, derivada del trabajo de tesis doctoral de la autora. A un enfoque racional, que parte de una postura ideol\u00f3gica cercana a la doctrina social de la iglesia cristiana, le suma la precisi\u00f3n detallista de 381 citas bibliogr\u00e1ficas. A medida que recorre el proceso hist\u00f3rico de degradaci\u00f3n continua del&hellip;","_links":{"self":[{"href":"https:\/\/biblio1.mdp.edu.ar\/centro-ventas\/wp-json\/wp\/v2\/product\/3566","targetHints":{"allow":["GET"]}}],"collection":[{"href":"https:\/\/biblio1.mdp.edu.ar\/centro-ventas\/wp-json\/wp\/v2\/product"}],"about":[{"href":"https:\/\/biblio1.mdp.edu.ar\/centro-ventas\/wp-json\/wp\/v2\/types\/product"}],"wp:featuredmedia":[{"embeddable":true,"href":"https:\/\/biblio1.mdp.edu.ar\/centro-ventas\/wp-json\/wp\/v2\/media\/3567"}],"wp:attachment":[{"href":"https:\/\/biblio1.mdp.edu.ar\/centro-ventas\/wp-json\/wp\/v2\/media?parent=3566"}],"wp:term":[{"taxonomy":"product_cat","embeddable":true,"href":"https:\/\/biblio1.mdp.edu.ar\/centro-ventas\/wp-json\/wp\/v2\/product_cat?post=3566"},{"taxonomy":"product_tag","embeddable":true,"href":"https:\/\/biblio1.mdp.edu.ar\/centro-ventas\/wp-json\/wp\/v2\/product_tag?post=3566"}],"curies":[{"name":"wp","href":"https:\/\/api.w.org\/{rel}","templated":true}]}}