{"id":3561,"date":"2025-07-01T16:39:43","date_gmt":"2025-07-01T19:39:43","guid":{"rendered":"https:\/\/biblio1.mdp.edu.ar\/centro-ventas\/?post_type=product&#038;p=3561"},"modified":"2025-07-01T17:23:50","modified_gmt":"2025-07-01T20:23:50","slug":"retos-actuales-de-los-derechos-humanos","status":"publish","type":"product","link":"https:\/\/biblio1.mdp.edu.ar\/centro-ventas\/producto\/retos-actuales-de-los-derechos-humanos\/","title":{"rendered":"Retos actuales de los derechos humanos"},"content":{"rendered":"<p><strong>Colecci\u00f3n ciencias pol\u00edticas y derechos fundamentales<\/strong><\/p>\n<p>La presente obra re\u00fane una serie de trabajos sobre aspectos emergentes del discurso de los derechos humanos a la luz de su evoluci\u00f3n en tiempos recientes. No tiene una pretensi\u00f3n de exhaustividad, sino que se presenta como un ejercicio de reflexi\u00f3n sobre aspectos seleccionados por los autores que representan grandes desaf\u00edos para la vigencia y aplicaci\u00f3n de los derechos humanos.<\/p>\n<p>No cabe duda de que uno de los mayores logros del derecho internacional contempor\u00e1neo ha sido la codificaci\u00f3n y el reconocimiento de ciertos derechos humanos universales por parte de la comunidad internacional. Es cierto que a\u00fan quedan abiertos numerosos interrogantes y diferencias en torno a que los derechos han de considerarse como universales, pero no obstante, debemos reconocer que el discurso de los derechos humanos esta instalado desde hace tiempo en la agenda internacional.<\/p>\n","protected":false},"excerpt":{"rendered":"<p>Colecci\u00f3n ciencias pol\u00edticas y derechos fundamentales La presente obra re\u00fane una serie de trabajos sobre aspectos emergentes del discurso de los derechos humanos a la luz de su evoluci\u00f3n en tiempos recientes. No tiene una pretensi\u00f3n de exhaustividad, sino que se presenta como un ejercicio de reflexi\u00f3n sobre aspectos seleccionados por los autores que representan [&hellip;]<\/p>\n","protected":false},"featured_media":0,"template":"","meta":{"_acf_changed":false,"_eb_attr":"","_crdt_document":"","_uag_custom_page_level_css":"","_editorskit_title_hidden":false,"_editorskit_reading_time":0,"_editorskit_is_block_options_detached":false,"_editorskit_block_options_position":"{}","site-sidebar-layout":"default","site-content-layout":"","ast-site-content-layout":"default","site-content-style":"default","site-sidebar-style":"default","ast-global-header-display":"","ast-banner-title-visibility":"","ast-main-header-display":"","ast-hfb-above-header-display":"","ast-hfb-below-header-display":"","ast-hfb-mobile-header-display":"","site-post-title":"","ast-breadcrumbs-content":"","ast-featured-img":"","footer-sml-layout":"","ast-disable-related-posts":"","theme-transparent-header-meta":"default","adv-header-id-meta":"","stick-header-meta":"","header-above-stick-meta":"","header-main-stick-meta":"","header-below-stick-meta":"","astra-migrate-meta-layouts":"set","ast-page-background-enabled":"default","ast-page-background-meta":{"desktop":{"background-color":"var(--ast-global-color-4)","background-image":"","background-repeat":"repeat","background-position":"center center","background-size":"auto","background-attachment":"scroll","background-type":"","background-media":"","overlay-type":"","overlay-color":"","overlay-opacity":"","overlay-gradient":""},"tablet":{"background-color":"","background-image":"","background-repeat":"repeat","background-position":"center center","background-size":"auto","background-attachment":"scroll","background-type":"","background-media":"","overlay-type":"","overlay-color":"","overlay-opacity":"","overlay-gradient":""},"mobile":{"background-color":"","background-image":"","background-repeat":"repeat","background-position":"center center","background-size":"auto","background-attachment":"scroll","background-type":"","background-media":"","overlay-type":"","overlay-color":"","overlay-opacity":"","overlay-gradient":""}},"ast-content-background-meta":{"desktop":{"background-color":"var(--ast-global-color-5)","background-image":"","background-repeat":"repeat","background-position":"center center","background-size":"auto","background-attachment":"scroll","background-type":"","background-media":"","overlay-type":"","overlay-color":"","overlay-opacity":"","overlay-gradient":""},"tablet":{"background-color":"var(--ast-global-color-5)","background-image":"","background-repeat":"repeat","background-position":"center center","background-size":"auto","background-attachment":"scroll","background-type":"","background-media":"","overlay-type":"","overlay-color":"","overlay-opacity":"","overlay-gradient":""},"mobile":{"background-color":"var(--ast-global-color-5)","background-image":"","background-repeat":"repeat","background-position":"center center","background-size":"auto","background-attachment":"scroll","background-type":"","background-media":"","overlay-type":"","overlay-color":"","overlay-opacity":"","overlay-gradient":""}}},"product_cat":[632,28,637,656],"product_tag":[654,371],"class_list":{"0":"post-3561","1":"product","2":"type-product","3":"status-publish","5":"product_cat-derecho","6":"product_cat-libro","7":"product_cat-punto-de-venta-derecho","8":"product_cat-unmdp","9":"product_tag-ddhh","10":"product_tag-derechos-humanos","11":"desktop-align-left","12":"tablet-align-left","13":"mobile-align-left","15":"first","16":"instock","17":"shipping-taxable","18":"purchasable","19":"product-type-simple"},"acf":[],"uagb_featured_image_src":{"full":false,"thumbnail":false,"medium":false,"medium_large":false,"large":false,"1536x1536":false,"2048x2048":false,"woocommerce_thumbnail":false,"woocommerce_single":false,"woocommerce_gallery_thumbnail":false},"uagb_author_info":{"display_name":"Cristina Bernabe","author_link":"https:\/\/biblio1.mdp.edu.ar\/centro-ventas\/author\/"},"uagb_comment_info":0,"uagb_excerpt":"Colecci\u00f3n ciencias pol\u00edticas y derechos fundamentales La presente obra re\u00fane una serie de trabajos sobre aspectos emergentes del discurso de los derechos humanos a la luz de su evoluci\u00f3n en tiempos recientes. No tiene una pretensi\u00f3n de exhaustividad, sino que se presenta como un ejercicio de reflexi\u00f3n sobre aspectos seleccionados por los autores que representan&hellip;","_links":{"self":[{"href":"https:\/\/biblio1.mdp.edu.ar\/centro-ventas\/wp-json\/wp\/v2\/product\/3561","targetHints":{"allow":["GET"]}}],"collection":[{"href":"https:\/\/biblio1.mdp.edu.ar\/centro-ventas\/wp-json\/wp\/v2\/product"}],"about":[{"href":"https:\/\/biblio1.mdp.edu.ar\/centro-ventas\/wp-json\/wp\/v2\/types\/product"}],"wp:attachment":[{"href":"https:\/\/biblio1.mdp.edu.ar\/centro-ventas\/wp-json\/wp\/v2\/media?parent=3561"}],"wp:term":[{"taxonomy":"product_cat","embeddable":true,"href":"https:\/\/biblio1.mdp.edu.ar\/centro-ventas\/wp-json\/wp\/v2\/product_cat?post=3561"},{"taxonomy":"product_tag","embeddable":true,"href":"https:\/\/biblio1.mdp.edu.ar\/centro-ventas\/wp-json\/wp\/v2\/product_tag?post=3561"}],"curies":[{"name":"wp","href":"https:\/\/api.w.org\/{rel}","templated":true}]}}