{"id":3559,"date":"2025-07-01T15:53:16","date_gmt":"2025-07-01T18:53:16","guid":{"rendered":"https:\/\/biblio1.mdp.edu.ar\/centro-ventas\/?post_type=product&#038;p=3559"},"modified":"2025-07-02T16:41:41","modified_gmt":"2025-07-02T19:41:41","slug":"estado-democracia-y-derechos-humanos","status":"publish","type":"product","link":"https:\/\/biblio1.mdp.edu.ar\/centro-ventas\/producto\/estado-democracia-y-derechos-humanos\/","title":{"rendered":"Estado Democracia y derechos humanos"},"content":{"rendered":"<p><strong>Colecci\u00f3n ciencias p<\/strong><strong>ol\u00edticas y derechos fundamentales<\/strong><\/p>\n<p>Estamos convencidos que un amplio debate sobre los fundamentos del Estado y del modelo democr\u00e1tico es esencial ante la profunda crisis que estamos atravesando.<br \/>\n\u00bfC\u00f3mo es posible frenar el aumento del desempleo, la pobreza y la exclusi\u00f3n? \u00bfEs dable lograrlo dentro del actual sistema democr\u00e1tico? Tiene hoy fuerza el Estado para revertir la situaci\u00f3n? \u00bfQu\u00e9 lugar ocupa la reflexi\u00f3n sobre los derechos humanos en el contexto de crisis actual?<\/p>\n<p>Estos interrogantes requieren del debate que propiciamos desde estas p\u00e1ginas. Es por ello que hemos reunido a destacados profesores de Argentina y Espa\u00f1a, los que nos brindan sus diferentes versiones acerca del Estado, la democracia,\u00a0 y los derechos humanos.<\/p>\n<p>La construcci\u00f3n de un nuevo sistema pol\u00edtico y econ\u00f3mico global (reformas de la ONU, del Banco Mundial y el FMI), tal como se plantea hoy en d\u00eda, requiere de una atenta reflexi\u00f3n sobre temas como los que traemos al lector.<\/p>\n<p>Estamos convencidos que s\u00f3lo un verdadero Estado democr\u00e1tico y social de derecho esta en condiciones de de enfrentar los desaf\u00edos que hoy se nos\u00a0 presentan, y de superarlos en un marco de estricto respeto por los derechos humanos.<\/p>\n<p>Porque en definitiva, como dec\u00eda Oscard Wilde en su obra El alma del hombre bajo el socialismo:<br \/>\n\u00bb La \u00fanica finalidad justa debe ser la reconstrucci\u00f3n de la sociedad sobre unos cimientos tales que la pobreza resulte imposible\u00bb<\/p>\n","protected":false},"excerpt":{"rendered":"<p>Colecci\u00f3n ciencias pol\u00edticas y derechos fundamentales Estamos convencidos que un amplio debate sobre los fundamentos del Estado y del modelo democr\u00e1tico es esencial ante la profunda crisis que estamos atravesando. \u00bfC\u00f3mo es posible frenar el aumento del desempleo, la pobreza y la exclusi\u00f3n? \u00bfEs dable lograrlo dentro del actual sistema democr\u00e1tico? Tiene hoy fuerza el [&hellip;]<\/p>\n","protected":false},"featured_media":3572,"template":"","meta":{"_acf_changed":false,"_eb_attr":"","_crdt_document":"","_uag_custom_page_level_css":"","_editorskit_title_hidden":false,"_editorskit_reading_time":0,"_editorskit_is_block_options_detached":false,"_editorskit_block_options_position":"{}","site-sidebar-layout":"default","site-content-layout":"","ast-site-content-layout":"default","site-content-style":"default","site-sidebar-style":"default","ast-global-header-display":"","ast-banner-title-visibility":"","ast-main-header-display":"","ast-hfb-above-header-display":"","ast-hfb-below-header-display":"","ast-hfb-mobile-header-display":"","site-post-title":"","ast-breadcrumbs-content":"","ast-featured-img":"","footer-sml-layout":"","ast-disable-related-posts":"","theme-transparent-header-meta":"default","adv-header-id-meta":"","stick-header-meta":"","header-above-stick-meta":"","header-main-stick-meta":"","header-below-stick-meta":"","astra-migrate-meta-layouts":"set","ast-page-background-enabled":"default","ast-page-background-meta":{"desktop":{"background-color":"var(--ast-global-color-4)","background-image":"","background-repeat":"repeat","background-position":"center center","background-size":"auto","background-attachment":"scroll","background-type":"","background-media":"","overlay-type":"","overlay-color":"","overlay-opacity":"","overlay-gradient":""},"tablet":{"background-color":"","background-image":"","background-repeat":"repeat","background-position":"center center","background-size":"auto","background-attachment":"scroll","background-type":"","background-media":"","overlay-type":"","overlay-color":"","overlay-opacity":"","overlay-gradient":""},"mobile":{"background-color":"","background-image":"","background-repeat":"repeat","background-position":"center center","background-size":"auto","background-attachment":"scroll","background-type":"","background-media":"","overlay-type":"","overlay-color":"","overlay-opacity":"","overlay-gradient":""}},"ast-content-background-meta":{"desktop":{"background-color":"var(--ast-global-color-5)","background-image":"","background-repeat":"repeat","background-position":"center center","background-size":"auto","background-attachment":"scroll","background-type":"","background-media":"","overlay-type":"","overlay-color":"","overlay-opacity":"","overlay-gradient":""},"tablet":{"background-color":"var(--ast-global-color-5)","background-image":"","background-repeat":"repeat","background-position":"center center","background-size":"auto","background-attachment":"scroll","background-type":"","background-media":"","overlay-type":"","overlay-color":"","overlay-opacity":"","overlay-gradient":""},"mobile":{"background-color":"var(--ast-global-color-5)","background-image":"","background-repeat":"repeat","background-position":"center center","background-size":"auto","background-attachment":"scroll","background-type":"","background-media":"","overlay-type":"","overlay-color":"","overlay-opacity":"","overlay-gradient":""}}},"product_cat":[632,28,637],"product_tag":[654,57,371],"class_list":{"0":"post-3559","1":"product","2":"type-product","3":"status-publish","4":"has-post-thumbnail","6":"product_cat-derecho","7":"product_cat-libro","8":"product_cat-punto-de-venta-derecho","9":"product_tag-ddhh","10":"product_tag-derecho","11":"product_tag-derechos-humanos","12":"desktop-align-left","13":"tablet-align-left","14":"mobile-align-left","16":"first","17":"instock","18":"shipping-taxable","19":"purchasable","20":"product-type-simple"},"acf":[],"uagb_featured_image_src":{"full":["https:\/\/biblio1.mdp.edu.ar\/centro-ventas\/wp-content\/uploads\/sites\/2\/2025\/07\/IMG_20250701_1502302-scaled.jpg",1795,2560,false],"thumbnail":["https:\/\/biblio1.mdp.edu.ar\/centro-ventas\/wp-content\/uploads\/sites\/2\/2025\/07\/IMG_20250701_1502302-150x150.jpg",150,150,true],"medium":["https:\/\/biblio1.mdp.edu.ar\/centro-ventas\/wp-content\/uploads\/sites\/2\/2025\/07\/IMG_20250701_1502302-210x300.jpg",210,300,true],"medium_large":["https:\/\/biblio1.mdp.edu.ar\/centro-ventas\/wp-content\/uploads\/sites\/2\/2025\/07\/IMG_20250701_1502302-768x1095.jpg",768,1095,true],"large":["https:\/\/biblio1.mdp.edu.ar\/centro-ventas\/wp-content\/uploads\/sites\/2\/2025\/07\/IMG_20250701_1502302-718x1024.jpg",718,1024,true],"1536x1536":["https:\/\/biblio1.mdp.edu.ar\/centro-ventas\/wp-content\/uploads\/sites\/2\/2025\/07\/IMG_20250701_1502302-1077x1536.jpg",1077,1536,true],"2048x2048":["https:\/\/biblio1.mdp.edu.ar\/centro-ventas\/wp-content\/uploads\/sites\/2\/2025\/07\/IMG_20250701_1502302-1436x2048.jpg",1436,2048,true],"woocommerce_thumbnail":["https:\/\/biblio1.mdp.edu.ar\/centro-ventas\/wp-content\/uploads\/sites\/2\/2025\/07\/IMG_20250701_1502302-300x428.jpg",300,428,true],"woocommerce_single":["https:\/\/biblio1.mdp.edu.ar\/centro-ventas\/wp-content\/uploads\/sites\/2\/2025\/07\/IMG_20250701_1502302-600x856.jpg",600,856,true],"woocommerce_gallery_thumbnail":["https:\/\/biblio1.mdp.edu.ar\/centro-ventas\/wp-content\/uploads\/sites\/2\/2025\/07\/IMG_20250701_1502302-100x100.jpg",100,100,true]},"uagb_author_info":{"display_name":"Cristina Bernabe","author_link":"https:\/\/biblio1.mdp.edu.ar\/centro-ventas\/author\/"},"uagb_comment_info":0,"uagb_excerpt":"Colecci\u00f3n ciencias pol\u00edticas y derechos fundamentales Estamos convencidos que un amplio debate sobre los fundamentos del Estado y del modelo democr\u00e1tico es esencial ante la profunda crisis que estamos atravesando. \u00bfC\u00f3mo es posible frenar el aumento del desempleo, la pobreza y la exclusi\u00f3n? \u00bfEs dable lograrlo dentro del actual sistema democr\u00e1tico? Tiene hoy fuerza el&hellip;","_links":{"self":[{"href":"https:\/\/biblio1.mdp.edu.ar\/centro-ventas\/wp-json\/wp\/v2\/product\/3559","targetHints":{"allow":["GET"]}}],"collection":[{"href":"https:\/\/biblio1.mdp.edu.ar\/centro-ventas\/wp-json\/wp\/v2\/product"}],"about":[{"href":"https:\/\/biblio1.mdp.edu.ar\/centro-ventas\/wp-json\/wp\/v2\/types\/product"}],"wp:featuredmedia":[{"embeddable":true,"href":"https:\/\/biblio1.mdp.edu.ar\/centro-ventas\/wp-json\/wp\/v2\/media\/3572"}],"wp:attachment":[{"href":"https:\/\/biblio1.mdp.edu.ar\/centro-ventas\/wp-json\/wp\/v2\/media?parent=3559"}],"wp:term":[{"taxonomy":"product_cat","embeddable":true,"href":"https:\/\/biblio1.mdp.edu.ar\/centro-ventas\/wp-json\/wp\/v2\/product_cat?post=3559"},{"taxonomy":"product_tag","embeddable":true,"href":"https:\/\/biblio1.mdp.edu.ar\/centro-ventas\/wp-json\/wp\/v2\/product_tag?post=3559"}],"curies":[{"name":"wp","href":"https:\/\/api.w.org\/{rel}","templated":true}]}}