{"id":3556,"date":"2025-07-01T14:34:44","date_gmt":"2025-07-01T17:34:44","guid":{"rendered":"https:\/\/biblio1.mdp.edu.ar\/centro-ventas\/?post_type=product&#038;p=3556"},"modified":"2025-07-01T16:44:51","modified_gmt":"2025-07-01T19:44:51","slug":"luces-y-sombras-del-marxismo","status":"publish","type":"product","link":"https:\/\/biblio1.mdp.edu.ar\/centro-ventas\/producto\/luces-y-sombras-del-marxismo\/","title":{"rendered":"Luces y sombras del marxismo"},"content":{"rendered":"<p><strong>Colecci\u00f3n ciencias pol\u00edticas y derechos fundamentales<\/strong><\/p>\n<p>Recuperando la frase que utilizara Benedetto Croce como t\u00edtulo de una conocida obra, es necesario volver a las fuentes y analizar \u00ablo vivo y lo muerto en Marx\u00bb<\/p>\n<p>El materialismo hist\u00f3rico, la teor\u00eda del valor, las relaciones entre estructura y super estructura, la contradicci\u00f3n dictadura-democracia, la libertad, el rol de los partidos pol\u00edticos y el rumbo que sigue el proceso de acumulaci\u00f3n capitalista, el imperialismo, los derechos humanos, la justicia, son temas esenciales que cobran una importancia clave para enfrentar los desaf\u00edos que nos presenta el capitalismo en en su fase actual.<\/p>\n<p>Para su an\u00e1lisis hemos reunido en el presente volumen los textos de ocho autores de distintas nacionalidades (Alemania, Espa\u00f1a, Brasil, M\u00e9xico, Noruega y Argentina) El pensamiento de ide\u00f3logos como Edmund Bruke, Walter Benjamin, Antonio Gramsci, Hanna Arendt, Herbert Marcuse, Rosa Luxemburgo, Jon Elster, Theodor Adorno y\u00a0 David Harvey,\u00a0 entre otros, y sus relaciones con la filosof\u00eda pol\u00edtica del marxismo, son aqu\u00ed\u00a0 objeto de especial tratamiento.<\/p>\n<p>&#8212;&#8211;<\/p>\n<p><i><strong>Luces y Sombras del Marxismo<\/strong><\/i><b>, <\/b>constituye el primer n\u00famero de la &#8216;Colecci\u00f3n Ciencias Pol\u00edticas y Derechos Fundamentales&#8217;, publicada por el Centro de Investigaci\u00f3n y Docencia en Derechos Humanos (CIDDH) y el Instituto de Investigaciones Carlos S. Nino, de la Facultad de Derecho de la Universidad Nacional de Mar del Plata. Bajo la custodia de su compilador, el Profesor Pablo E. Slavin, y con un Comit\u00e9 Acad\u00e9mico y otro Comit\u00e9 Editor, esta colecci\u00f3n promete convertirse en semillero de referentes obligados para el estudioso de los derechos humanos y de la ciencia y la filosof\u00eda pol\u00edtica. En esta obra desde diferentes puntos de vista y con abordajes disciplinarios dis\u00edmiles\u00a0 analizan la situaci\u00f3n actual y la historia del marxismo.<\/p>\n","protected":false},"excerpt":{"rendered":"<p>Colecci\u00f3n ciencias pol\u00edticas y derechos fundamentales Recuperando la frase que utilizara Benedetto Croce como t\u00edtulo de una conocida obra, es necesario volver a las fuentes y analizar \u00ablo vivo y lo muerto en Marx\u00bb El materialismo hist\u00f3rico, la teor\u00eda del valor, las relaciones entre estructura y super estructura, la contradicci\u00f3n dictadura-democracia, la libertad, el rol [&hellip;]<\/p>\n","protected":false},"featured_media":3557,"template":"","meta":{"_acf_changed":false,"_eb_attr":"","_crdt_document":"","_uag_custom_page_level_css":"","_editorskit_title_hidden":false,"_editorskit_reading_time":0,"_editorskit_is_block_options_detached":false,"_editorskit_block_options_position":"{}","site-sidebar-layout":"default","site-content-layout":"","ast-site-content-layout":"default","site-content-style":"default","site-sidebar-style":"default","ast-global-header-display":"","ast-banner-title-visibility":"","ast-main-header-display":"","ast-hfb-above-header-display":"","ast-hfb-below-header-display":"","ast-hfb-mobile-header-display":"","site-post-title":"","ast-breadcrumbs-content":"","ast-featured-img":"","footer-sml-layout":"","ast-disable-related-posts":"","theme-transparent-header-meta":"default","adv-header-id-meta":"","stick-header-meta":"","header-above-stick-meta":"","header-main-stick-meta":"","header-below-stick-meta":"","astra-migrate-meta-layouts":"set","ast-page-background-enabled":"default","ast-page-background-meta":{"desktop":{"background-color":"var(--ast-global-color-4)","background-image":"","background-repeat":"repeat","background-position":"center center","background-size":"auto","background-attachment":"scroll","background-type":"","background-media":"","overlay-type":"","overlay-color":"","overlay-opacity":"","overlay-gradient":""},"tablet":{"background-color":"","background-image":"","background-repeat":"repeat","background-position":"center center","background-size":"auto","background-attachment":"scroll","background-type":"","background-media":"","overlay-type":"","overlay-color":"","overlay-opacity":"","overlay-gradient":""},"mobile":{"background-color":"","background-image":"","background-repeat":"repeat","background-position":"center center","background-size":"auto","background-attachment":"scroll","background-type":"","background-media":"","overlay-type":"","overlay-color":"","overlay-opacity":"","overlay-gradient":""}},"ast-content-background-meta":{"desktop":{"background-color":"var(--ast-global-color-5)","background-image":"","background-repeat":"repeat","background-position":"center center","background-size":"auto","background-attachment":"scroll","background-type":"","background-media":"","overlay-type":"","overlay-color":"","overlay-opacity":"","overlay-gradient":""},"tablet":{"background-color":"var(--ast-global-color-5)","background-image":"","background-repeat":"repeat","background-position":"center center","background-size":"auto","background-attachment":"scroll","background-type":"","background-media":"","overlay-type":"","overlay-color":"","overlay-opacity":"","overlay-gradient":""},"mobile":{"background-color":"var(--ast-global-color-5)","background-image":"","background-repeat":"repeat","background-position":"center center","background-size":"auto","background-attachment":"scroll","background-type":"","background-media":"","overlay-type":"","overlay-color":"","overlay-opacity":"","overlay-gradient":""}}},"product_cat":[28,656],"product_tag":[161,657],"class_list":{"0":"post-3556","1":"product","2":"type-product","3":"status-publish","4":"has-post-thumbnail","6":"product_cat-libro","7":"product_cat-unmdp","8":"product_tag-ciencias-politicas","9":"product_tag-marxismo","10":"desktop-align-left","11":"tablet-align-left","12":"mobile-align-left","14":"first","15":"instock","16":"shipping-taxable","17":"purchasable","18":"product-type-simple"},"acf":[],"uagb_featured_image_src":{"full":["https:\/\/biblio1.mdp.edu.ar\/centro-ventas\/wp-content\/uploads\/sites\/2\/2025\/07\/75Libr6.jpg",439,627,false],"thumbnail":["https:\/\/biblio1.mdp.edu.ar\/centro-ventas\/wp-content\/uploads\/sites\/2\/2025\/07\/75Libr6-150x150.jpg",150,150,true],"medium":["https:\/\/biblio1.mdp.edu.ar\/centro-ventas\/wp-content\/uploads\/sites\/2\/2025\/07\/75Libr6-210x300.jpg",210,300,true],"medium_large":["https:\/\/biblio1.mdp.edu.ar\/centro-ventas\/wp-content\/uploads\/sites\/2\/2025\/07\/75Libr6.jpg",439,627,false],"large":["https:\/\/biblio1.mdp.edu.ar\/centro-ventas\/wp-content\/uploads\/sites\/2\/2025\/07\/75Libr6.jpg",439,627,false],"1536x1536":["https:\/\/biblio1.mdp.edu.ar\/centro-ventas\/wp-content\/uploads\/sites\/2\/2025\/07\/75Libr6.jpg",439,627,false],"2048x2048":["https:\/\/biblio1.mdp.edu.ar\/centro-ventas\/wp-content\/uploads\/sites\/2\/2025\/07\/75Libr6.jpg",439,627,false],"woocommerce_thumbnail":["https:\/\/biblio1.mdp.edu.ar\/centro-ventas\/wp-content\/uploads\/sites\/2\/2025\/07\/75Libr6-300x428.jpg",300,428,true],"woocommerce_single":["https:\/\/biblio1.mdp.edu.ar\/centro-ventas\/wp-content\/uploads\/sites\/2\/2025\/07\/75Libr6.jpg",439,627,false],"woocommerce_gallery_thumbnail":["https:\/\/biblio1.mdp.edu.ar\/centro-ventas\/wp-content\/uploads\/sites\/2\/2025\/07\/75Libr6-100x100.jpg",100,100,true]},"uagb_author_info":{"display_name":"Cristina Bernabe","author_link":"https:\/\/biblio1.mdp.edu.ar\/centro-ventas\/author\/"},"uagb_comment_info":0,"uagb_excerpt":"Colecci\u00f3n ciencias pol\u00edticas y derechos fundamentales Recuperando la frase que utilizara Benedetto Croce como t\u00edtulo de una conocida obra, es necesario volver a las fuentes y analizar \u00ablo vivo y lo muerto en Marx\u00bb El materialismo hist\u00f3rico, la teor\u00eda del valor, las relaciones entre estructura y super estructura, la contradicci\u00f3n dictadura-democracia, la libertad, el rol&hellip;","_links":{"self":[{"href":"https:\/\/biblio1.mdp.edu.ar\/centro-ventas\/wp-json\/wp\/v2\/product\/3556","targetHints":{"allow":["GET"]}}],"collection":[{"href":"https:\/\/biblio1.mdp.edu.ar\/centro-ventas\/wp-json\/wp\/v2\/product"}],"about":[{"href":"https:\/\/biblio1.mdp.edu.ar\/centro-ventas\/wp-json\/wp\/v2\/types\/product"}],"wp:featuredmedia":[{"embeddable":true,"href":"https:\/\/biblio1.mdp.edu.ar\/centro-ventas\/wp-json\/wp\/v2\/media\/3557"}],"wp:attachment":[{"href":"https:\/\/biblio1.mdp.edu.ar\/centro-ventas\/wp-json\/wp\/v2\/media?parent=3556"}],"wp:term":[{"taxonomy":"product_cat","embeddable":true,"href":"https:\/\/biblio1.mdp.edu.ar\/centro-ventas\/wp-json\/wp\/v2\/product_cat?post=3556"},{"taxonomy":"product_tag","embeddable":true,"href":"https:\/\/biblio1.mdp.edu.ar\/centro-ventas\/wp-json\/wp\/v2\/product_tag?post=3556"}],"curies":[{"name":"wp","href":"https:\/\/api.w.org\/{rel}","templated":true}]}}