{"id":3553,"date":"2025-06-30T17:54:07","date_gmt":"2025-06-30T20:54:07","guid":{"rendered":"https:\/\/biblio1.mdp.edu.ar\/centro-ventas\/?post_type=product&#038;p=3553"},"modified":"2025-06-30T17:54:58","modified_gmt":"2025-06-30T20:54:58","slug":"el-parlamento-de-la-union-europea-y-el-parlamento-del-mercosur","status":"publish","type":"product","link":"https:\/\/biblio1.mdp.edu.ar\/centro-ventas\/producto\/el-parlamento-de-la-union-europea-y-el-parlamento-del-mercosur\/","title":{"rendered":"El Parlamento de la Uni\u00f3n Europea y el Parlamento del Mercosur"},"content":{"rendered":"<div class=\"user-content font-small mb-4\">\n<p>Los art\u00edculos que integran este volumen abordan de lleno la cuesti\u00f3n sobre la legitimidad de los procesos de integraci\u00f3n regional y el llamado \u0093d\u00e9ficit democr\u00e1tico\u0094 a aquella vinculado. Tanto la Uni\u00f3n Europea como el Mercosur proponen apelar a una legitimidad primaria promoviendo la elecci\u00f3n directa de los integrantes del Parlamento Europeo y del Parlamento del Mercosur. Se impulsaen este sentido la participaci\u00f3n ciudadana en el proceso de toma de decisiones. En primer lugar, los textos se abocan al an\u00e1lisis del Parlamento del Mercosur y sus competencias, los mecanismos de elecci\u00f3n de sus autoridades y las etapas institucionales que atraves\u00f3 hasta alcanzar su forma presente. En el caso del Parlamento Europeo, los aportes se relacionan con su naturaleza, su constituci\u00f3n, la expansi\u00f3n de sus competencias a lo largo del tiempo\u0096 principalmente luego de la entrada en vigencia del Tratado de Lisboa, 1 de diciembre de 2009\u0096 y la elecci\u00f3n de sus miembros.<\/p>\n<\/div>\n<div class=\"fb-comments section-fb-comments mb-3 fb_iframe_widget fb_iframe_widget_fluid_desktop\" data-href=\"https:\/\/eudeba.com.ar\/productos\/el-parlamento-de-la-union-europea-y-el-parlamento-del-mercosur\/\" data-num-posts=\"5\" data-width=\"100%\"><\/div>\n","protected":false},"excerpt":{"rendered":"<p>Los art\u00edculos que integran este volumen abordan de lleno la cuesti\u00f3n sobre la legitimidad de los procesos de integraci\u00f3n regional y el llamado \u0093d\u00e9ficit democr\u00e1tico\u0094 a aquella vinculado. Tanto la Uni\u00f3n Europea como el Mercosur proponen apelar a una legitimidad primaria promoviendo la elecci\u00f3n directa de los integrantes del Parlamento Europeo y del Parlamento del [&hellip;]<\/p>\n","protected":false},"featured_media":3554,"template":"","meta":{"_acf_changed":false,"_eb_attr":"","_crdt_document":"","_uag_custom_page_level_css":"","_editorskit_title_hidden":false,"_editorskit_reading_time":0,"_editorskit_is_block_options_detached":false,"_editorskit_block_options_position":"{}","site-sidebar-layout":"default","site-content-layout":"","ast-site-content-layout":"default","site-content-style":"default","site-sidebar-style":"default","ast-global-header-display":"","ast-banner-title-visibility":"","ast-main-header-display":"","ast-hfb-above-header-display":"","ast-hfb-below-header-display":"","ast-hfb-mobile-header-display":"","site-post-title":"","ast-breadcrumbs-content":"","ast-featured-img":"","footer-sml-layout":"","ast-disable-related-posts":"","theme-transparent-header-meta":"default","adv-header-id-meta":"","stick-header-meta":"","header-above-stick-meta":"","header-main-stick-meta":"","header-below-stick-meta":"","astra-migrate-meta-layouts":"set","ast-page-background-enabled":"default","ast-page-background-meta":{"desktop":{"background-color":"var(--ast-global-color-4)","background-image":"","background-repeat":"repeat","background-position":"center center","background-size":"auto","background-attachment":"scroll","background-type":"","background-media":"","overlay-type":"","overlay-color":"","overlay-opacity":"","overlay-gradient":""},"tablet":{"background-color":"","background-image":"","background-repeat":"repeat","background-position":"center center","background-size":"auto","background-attachment":"scroll","background-type":"","background-media":"","overlay-type":"","overlay-color":"","overlay-opacity":"","overlay-gradient":""},"mobile":{"background-color":"","background-image":"","background-repeat":"repeat","background-position":"center center","background-size":"auto","background-attachment":"scroll","background-type":"","background-media":"","overlay-type":"","overlay-color":"","overlay-opacity":"","overlay-gradient":""}},"ast-content-background-meta":{"desktop":{"background-color":"var(--ast-global-color-5)","background-image":"","background-repeat":"repeat","background-position":"center center","background-size":"auto","background-attachment":"scroll","background-type":"","background-media":"","overlay-type":"","overlay-color":"","overlay-opacity":"","overlay-gradient":""},"tablet":{"background-color":"var(--ast-global-color-5)","background-image":"","background-repeat":"repeat","background-position":"center center","background-size":"auto","background-attachment":"scroll","background-type":"","background-media":"","overlay-type":"","overlay-color":"","overlay-opacity":"","overlay-gradient":""},"mobile":{"background-color":"var(--ast-global-color-5)","background-image":"","background-repeat":"repeat","background-position":"center center","background-size":"auto","background-attachment":"scroll","background-type":"","background-media":"","overlay-type":"","overlay-color":"","overlay-opacity":"","overlay-gradient":""}}},"product_cat":[632,130,28,637],"product_tag":[402,655,651],"class_list":{"0":"post-3553","1":"product","2":"type-product","3":"status-publish","4":"has-post-thumbnail","6":"product_cat-derecho","7":"product_cat-eudeba-libro","8":"product_cat-libro","9":"product_cat-punto-de-venta-derecho","10":"product_tag-mercosur","11":"product_tag-parlamento","12":"product_tag-union-europea","13":"desktop-align-left","14":"tablet-align-left","15":"mobile-align-left","17":"first","18":"instock","19":"shipping-taxable","20":"purchasable","21":"product-type-simple"},"acf":[],"uagb_featured_image_src":{"full":["https:\/\/biblio1.mdp.edu.ar\/centro-ventas\/wp-content\/uploads\/sites\/2\/2025\/06\/9789502318592-4b6cd4055d636e21b917482716556982-1024-1024-1.jpg",728,1024,false],"thumbnail":["https:\/\/biblio1.mdp.edu.ar\/centro-ventas\/wp-content\/uploads\/sites\/2\/2025\/06\/9789502318592-4b6cd4055d636e21b917482716556982-1024-1024-1-150x150.jpg",150,150,true],"medium":["https:\/\/biblio1.mdp.edu.ar\/centro-ventas\/wp-content\/uploads\/sites\/2\/2025\/06\/9789502318592-4b6cd4055d636e21b917482716556982-1024-1024-1-213x300.jpg",213,300,true],"medium_large":["https:\/\/biblio1.mdp.edu.ar\/centro-ventas\/wp-content\/uploads\/sites\/2\/2025\/06\/9789502318592-4b6cd4055d636e21b917482716556982-1024-1024-1.jpg",728,1024,false],"large":["https:\/\/biblio1.mdp.edu.ar\/centro-ventas\/wp-content\/uploads\/sites\/2\/2025\/06\/9789502318592-4b6cd4055d636e21b917482716556982-1024-1024-1.jpg",728,1024,false],"1536x1536":["https:\/\/biblio1.mdp.edu.ar\/centro-ventas\/wp-content\/uploads\/sites\/2\/2025\/06\/9789502318592-4b6cd4055d636e21b917482716556982-1024-1024-1.jpg",728,1024,false],"2048x2048":["https:\/\/biblio1.mdp.edu.ar\/centro-ventas\/wp-content\/uploads\/sites\/2\/2025\/06\/9789502318592-4b6cd4055d636e21b917482716556982-1024-1024-1.jpg",728,1024,false],"woocommerce_thumbnail":["https:\/\/biblio1.mdp.edu.ar\/centro-ventas\/wp-content\/uploads\/sites\/2\/2025\/06\/9789502318592-4b6cd4055d636e21b917482716556982-1024-1024-1-300x422.jpg",300,422,true],"woocommerce_single":["https:\/\/biblio1.mdp.edu.ar\/centro-ventas\/wp-content\/uploads\/sites\/2\/2025\/06\/9789502318592-4b6cd4055d636e21b917482716556982-1024-1024-1-600x844.jpg",600,844,true],"woocommerce_gallery_thumbnail":["https:\/\/biblio1.mdp.edu.ar\/centro-ventas\/wp-content\/uploads\/sites\/2\/2025\/06\/9789502318592-4b6cd4055d636e21b917482716556982-1024-1024-1-100x100.jpg",100,100,true]},"uagb_author_info":{"display_name":"Cristina Bernabe","author_link":"https:\/\/biblio1.mdp.edu.ar\/centro-ventas\/author\/"},"uagb_comment_info":0,"uagb_excerpt":"Los art\u00edculos que integran este volumen abordan de lleno la cuesti\u00f3n sobre la legitimidad de los procesos de integraci\u00f3n regional y el llamado \u0093d\u00e9ficit democr\u00e1tico\u0094 a aquella vinculado. Tanto la Uni\u00f3n Europea como el Mercosur proponen apelar a una legitimidad primaria promoviendo la elecci\u00f3n directa de los integrantes del Parlamento Europeo y del Parlamento del&hellip;","_links":{"self":[{"href":"https:\/\/biblio1.mdp.edu.ar\/centro-ventas\/wp-json\/wp\/v2\/product\/3553","targetHints":{"allow":["GET"]}}],"collection":[{"href":"https:\/\/biblio1.mdp.edu.ar\/centro-ventas\/wp-json\/wp\/v2\/product"}],"about":[{"href":"https:\/\/biblio1.mdp.edu.ar\/centro-ventas\/wp-json\/wp\/v2\/types\/product"}],"wp:featuredmedia":[{"embeddable":true,"href":"https:\/\/biblio1.mdp.edu.ar\/centro-ventas\/wp-json\/wp\/v2\/media\/3554"}],"wp:attachment":[{"href":"https:\/\/biblio1.mdp.edu.ar\/centro-ventas\/wp-json\/wp\/v2\/media?parent=3553"}],"wp:term":[{"taxonomy":"product_cat","embeddable":true,"href":"https:\/\/biblio1.mdp.edu.ar\/centro-ventas\/wp-json\/wp\/v2\/product_cat?post=3553"},{"taxonomy":"product_tag","embeddable":true,"href":"https:\/\/biblio1.mdp.edu.ar\/centro-ventas\/wp-json\/wp\/v2\/product_tag?post=3553"}],"curies":[{"name":"wp","href":"https:\/\/api.w.org\/{rel}","templated":true}]}}