{"id":3551,"date":"2025-06-30T17:46:49","date_gmt":"2025-06-30T20:46:49","guid":{"rendered":"https:\/\/biblio1.mdp.edu.ar\/centro-ventas\/?post_type=product&#038;p=3551"},"modified":"2025-06-30T17:46:54","modified_gmt":"2025-06-30T20:46:54","slug":"derechos-humanos-y-garantias","status":"publish","type":"product","link":"https:\/\/biblio1.mdp.edu.ar\/centro-ventas\/producto\/derechos-humanos-y-garantias\/","title":{"rendered":"Derechos humanos y garant\u00edas"},"content":{"rendered":"<p>En esta obra el autor aborda la problem\u00e1tica de los Derechos Humanos en su din\u00e1mica de las violaciones \u0096en el mundo y en nuestro pa\u00eds\u0096, las luchas, los reconocimientos y los mecanismos de protecci\u00f3n, con la convicci\u00f3n de que solo mediante un aprendizaje cr\u00edtico se puede aspirar a su efectiva vigencia. La pol\u00edtica de derechos humanos es m\u00e1s que la lucha por su reconocimiento jur\u00eddico y su aplicaci\u00f3n: representa la construcci\u00f3n de un poder que haga efectiva la ampliaci\u00f3n y vigencia de los mismos, y la posibilidad del ma\u00f1ana.<\/p>\n","protected":false},"excerpt":{"rendered":"<p>En esta obra el autor aborda la problem\u00e1tica de los Derechos Humanos en su din\u00e1mica de las violaciones \u0096en el mundo y en nuestro pa\u00eds\u0096, las luchas, los reconocimientos y los mecanismos de protecci\u00f3n, con la convicci\u00f3n de que solo mediante un aprendizaje cr\u00edtico se puede aspirar a su efectiva vigencia. La pol\u00edtica de derechos [&hellip;]<\/p>\n","protected":false},"featured_media":3552,"template":"","meta":{"_acf_changed":false,"_eb_attr":"","_crdt_document":"","_uag_custom_page_level_css":"","_editorskit_title_hidden":false,"_editorskit_reading_time":0,"_editorskit_is_block_options_detached":false,"_editorskit_block_options_position":"{}","site-sidebar-layout":"default","site-content-layout":"","ast-site-content-layout":"default","site-content-style":"default","site-sidebar-style":"default","ast-global-header-display":"","ast-banner-title-visibility":"","ast-main-header-display":"","ast-hfb-above-header-display":"","ast-hfb-below-header-display":"","ast-hfb-mobile-header-display":"","site-post-title":"","ast-breadcrumbs-content":"","ast-featured-img":"","footer-sml-layout":"","ast-disable-related-posts":"","theme-transparent-header-meta":"default","adv-header-id-meta":"","stick-header-meta":"","header-above-stick-meta":"","header-main-stick-meta":"","header-below-stick-meta":"","astra-migrate-meta-layouts":"set","ast-page-background-enabled":"default","ast-page-background-meta":{"desktop":{"background-color":"var(--ast-global-color-4)","background-image":"","background-repeat":"repeat","background-position":"center center","background-size":"auto","background-attachment":"scroll","background-type":"","background-media":"","overlay-type":"","overlay-color":"","overlay-opacity":"","overlay-gradient":""},"tablet":{"background-color":"","background-image":"","background-repeat":"repeat","background-position":"center center","background-size":"auto","background-attachment":"scroll","background-type":"","background-media":"","overlay-type":"","overlay-color":"","overlay-opacity":"","overlay-gradient":""},"mobile":{"background-color":"","background-image":"","background-repeat":"repeat","background-position":"center center","background-size":"auto","background-attachment":"scroll","background-type":"","background-media":"","overlay-type":"","overlay-color":"","overlay-opacity":"","overlay-gradient":""}},"ast-content-background-meta":{"desktop":{"background-color":"var(--ast-global-color-5)","background-image":"","background-repeat":"repeat","background-position":"center center","background-size":"auto","background-attachment":"scroll","background-type":"","background-media":"","overlay-type":"","overlay-color":"","overlay-opacity":"","overlay-gradient":""},"tablet":{"background-color":"var(--ast-global-color-5)","background-image":"","background-repeat":"repeat","background-position":"center center","background-size":"auto","background-attachment":"scroll","background-type":"","background-media":"","overlay-type":"","overlay-color":"","overlay-opacity":"","overlay-gradient":""},"mobile":{"background-color":"var(--ast-global-color-5)","background-image":"","background-repeat":"repeat","background-position":"center center","background-size":"auto","background-attachment":"scroll","background-type":"","background-media":"","overlay-type":"","overlay-color":"","overlay-opacity":"","overlay-gradient":""}}},"product_cat":[130,28,637],"product_tag":[654,57,371],"class_list":{"0":"post-3551","1":"product","2":"type-product","3":"status-publish","4":"has-post-thumbnail","6":"product_cat-eudeba-libro","7":"product_cat-libro","8":"product_cat-punto-de-venta-derecho","9":"product_tag-ddhh","10":"product_tag-derecho","11":"product_tag-derechos-humanos","12":"desktop-align-left","13":"tablet-align-left","14":"mobile-align-left","16":"first","17":"instock","18":"shipping-taxable","19":"purchasable","20":"product-type-simple"},"acf":[],"uagb_featured_image_src":{"full":["https:\/\/biblio1.mdp.edu.ar\/centro-ventas\/wp-content\/uploads\/sites\/2\/2025\/06\/9789502316499-ed2d6b86d99e87720f17482713053856-640-0.jpg",456,653,false],"thumbnail":["https:\/\/biblio1.mdp.edu.ar\/centro-ventas\/wp-content\/uploads\/sites\/2\/2025\/06\/9789502316499-ed2d6b86d99e87720f17482713053856-640-0-150x150.jpg",150,150,true],"medium":["https:\/\/biblio1.mdp.edu.ar\/centro-ventas\/wp-content\/uploads\/sites\/2\/2025\/06\/9789502316499-ed2d6b86d99e87720f17482713053856-640-0-209x300.jpg",209,300,true],"medium_large":["https:\/\/biblio1.mdp.edu.ar\/centro-ventas\/wp-content\/uploads\/sites\/2\/2025\/06\/9789502316499-ed2d6b86d99e87720f17482713053856-640-0.jpg",456,653,false],"large":["https:\/\/biblio1.mdp.edu.ar\/centro-ventas\/wp-content\/uploads\/sites\/2\/2025\/06\/9789502316499-ed2d6b86d99e87720f17482713053856-640-0.jpg",456,653,false],"1536x1536":["https:\/\/biblio1.mdp.edu.ar\/centro-ventas\/wp-content\/uploads\/sites\/2\/2025\/06\/9789502316499-ed2d6b86d99e87720f17482713053856-640-0.jpg",456,653,false],"2048x2048":["https:\/\/biblio1.mdp.edu.ar\/centro-ventas\/wp-content\/uploads\/sites\/2\/2025\/06\/9789502316499-ed2d6b86d99e87720f17482713053856-640-0.jpg",456,653,false],"woocommerce_thumbnail":["https:\/\/biblio1.mdp.edu.ar\/centro-ventas\/wp-content\/uploads\/sites\/2\/2025\/06\/9789502316499-ed2d6b86d99e87720f17482713053856-640-0-300x430.jpg",300,430,true],"woocommerce_single":["https:\/\/biblio1.mdp.edu.ar\/centro-ventas\/wp-content\/uploads\/sites\/2\/2025\/06\/9789502316499-ed2d6b86d99e87720f17482713053856-640-0.jpg",456,653,false],"woocommerce_gallery_thumbnail":["https:\/\/biblio1.mdp.edu.ar\/centro-ventas\/wp-content\/uploads\/sites\/2\/2025\/06\/9789502316499-ed2d6b86d99e87720f17482713053856-640-0-100x100.jpg",100,100,true]},"uagb_author_info":{"display_name":"Cristina Bernabe","author_link":"https:\/\/biblio1.mdp.edu.ar\/centro-ventas\/author\/"},"uagb_comment_info":0,"uagb_excerpt":"En esta obra el autor aborda la problem\u00e1tica de los Derechos Humanos en su din\u00e1mica de las violaciones \u0096en el mundo y en nuestro pa\u00eds\u0096, las luchas, los reconocimientos y los mecanismos de protecci\u00f3n, con la convicci\u00f3n de que solo mediante un aprendizaje cr\u00edtico se puede aspirar a su efectiva vigencia. La pol\u00edtica de derechos&hellip;","_links":{"self":[{"href":"https:\/\/biblio1.mdp.edu.ar\/centro-ventas\/wp-json\/wp\/v2\/product\/3551","targetHints":{"allow":["GET"]}}],"collection":[{"href":"https:\/\/biblio1.mdp.edu.ar\/centro-ventas\/wp-json\/wp\/v2\/product"}],"about":[{"href":"https:\/\/biblio1.mdp.edu.ar\/centro-ventas\/wp-json\/wp\/v2\/types\/product"}],"wp:featuredmedia":[{"embeddable":true,"href":"https:\/\/biblio1.mdp.edu.ar\/centro-ventas\/wp-json\/wp\/v2\/media\/3552"}],"wp:attachment":[{"href":"https:\/\/biblio1.mdp.edu.ar\/centro-ventas\/wp-json\/wp\/v2\/media?parent=3551"}],"wp:term":[{"taxonomy":"product_cat","embeddable":true,"href":"https:\/\/biblio1.mdp.edu.ar\/centro-ventas\/wp-json\/wp\/v2\/product_cat?post=3551"},{"taxonomy":"product_tag","embeddable":true,"href":"https:\/\/biblio1.mdp.edu.ar\/centro-ventas\/wp-json\/wp\/v2\/product_tag?post=3551"}],"curies":[{"name":"wp","href":"https:\/\/api.w.org\/{rel}","templated":true}]}}