{"id":3548,"date":"2025-06-26T17:26:26","date_gmt":"2025-06-26T20:26:26","guid":{"rendered":"https:\/\/biblio1.mdp.edu.ar\/centro-ventas\/?post_type=product&#038;p=3548"},"modified":"2025-06-26T17:45:07","modified_gmt":"2025-06-26T20:45:07","slug":"infancia-y-derechos-del-patronato-al-abogado-del-nino","status":"publish","type":"product","link":"https:\/\/biblio1.mdp.edu.ar\/centro-ventas\/producto\/infancia-y-derechos-del-patronato-al-abogado-del-nino\/","title":{"rendered":"Infancia y derechos: del patronato al abogado del ni\u00f1o"},"content":{"rendered":"<div class=\"user-content font-small mb-4\">\n<p>Esta obra constituye una herramienta necesaria para todo el que pretenda profundizar el nuevo sistema instaurado por la Convenci\u00f3n sobre los Derechos del Ni\u00f1o. En particular, se ocupa de la figura del Abogado del ni\u00f1o teniendo en cuenta las formas de designaci\u00f3n y la importancia de la defensa t\u00e9cnica como garant\u00eda del derecho procesal constitucional. Adem\u00e1s, establece su distinci\u00f3n de la representaci\u00f3n de los padres y del Ministerio P\u00fablico de Menores, ya que es una figura que representa la esencia del r\u00e9gimen de derechos y garant\u00edas reconocido en el documento internacional. Es un aporte fundamental a la cuesti\u00f3n del acceso de las personas menores de edad a la justicia por derecho propio.<\/p>\n<\/div>\n<div class=\"fb-comments section-fb-comments mb-3 fb_iframe_widget fb_iframe_widget_fluid_desktop\" data-href=\"https:\/\/eudeba.com.ar\/productos\/infancia-y-derechos-del-patronato-al-abogado-del-nino\/\" data-num-posts=\"5\" data-width=\"100%\">\n<p>&nbsp;<\/p>\n<\/div>\n","protected":false},"excerpt":{"rendered":"<p>Esta obra constituye una herramienta necesaria para todo el que pretenda profundizar el nuevo sistema instaurado por la Convenci\u00f3n sobre los Derechos del Ni\u00f1o. En particular, se ocupa de la figura del Abogado del ni\u00f1o teniendo en cuenta las formas de designaci\u00f3n y la importancia de la defensa t\u00e9cnica como garant\u00eda del derecho procesal constitucional. [&hellip;]<\/p>\n","protected":false},"featured_media":3549,"template":"","meta":{"_acf_changed":false,"_eb_attr":"","_crdt_document":"","_uag_custom_page_level_css":"","_editorskit_title_hidden":false,"_editorskit_reading_time":0,"_editorskit_is_block_options_detached":false,"_editorskit_block_options_position":"{}","site-sidebar-layout":"default","site-content-layout":"","ast-site-content-layout":"default","site-content-style":"default","site-sidebar-style":"default","ast-global-header-display":"","ast-banner-title-visibility":"","ast-main-header-display":"","ast-hfb-above-header-display":"","ast-hfb-below-header-display":"","ast-hfb-mobile-header-display":"","site-post-title":"","ast-breadcrumbs-content":"","ast-featured-img":"","footer-sml-layout":"","ast-disable-related-posts":"","theme-transparent-header-meta":"default","adv-header-id-meta":"","stick-header-meta":"","header-above-stick-meta":"","header-main-stick-meta":"","header-below-stick-meta":"","astra-migrate-meta-layouts":"set","ast-page-background-enabled":"default","ast-page-background-meta":{"desktop":{"background-color":"var(--ast-global-color-4)","background-image":"","background-repeat":"repeat","background-position":"center center","background-size":"auto","background-attachment":"scroll","background-type":"","background-media":"","overlay-type":"","overlay-color":"","overlay-opacity":"","overlay-gradient":""},"tablet":{"background-color":"","background-image":"","background-repeat":"repeat","background-position":"center center","background-size":"auto","background-attachment":"scroll","background-type":"","background-media":"","overlay-type":"","overlay-color":"","overlay-opacity":"","overlay-gradient":""},"mobile":{"background-color":"","background-image":"","background-repeat":"repeat","background-position":"center center","background-size":"auto","background-attachment":"scroll","background-type":"","background-media":"","overlay-type":"","overlay-color":"","overlay-opacity":"","overlay-gradient":""}},"ast-content-background-meta":{"desktop":{"background-color":"var(--ast-global-color-5)","background-image":"","background-repeat":"repeat","background-position":"center center","background-size":"auto","background-attachment":"scroll","background-type":"","background-media":"","overlay-type":"","overlay-color":"","overlay-opacity":"","overlay-gradient":""},"tablet":{"background-color":"var(--ast-global-color-5)","background-image":"","background-repeat":"repeat","background-position":"center center","background-size":"auto","background-attachment":"scroll","background-type":"","background-media":"","overlay-type":"","overlay-color":"","overlay-opacity":"","overlay-gradient":""},"mobile":{"background-color":"var(--ast-global-color-5)","background-image":"","background-repeat":"repeat","background-position":"center center","background-size":"auto","background-attachment":"scroll","background-type":"","background-media":"","overlay-type":"","overlay-color":"","overlay-opacity":"","overlay-gradient":""}}},"product_cat":[632,130,28,637],"product_tag":[57,633,653],"class_list":{"0":"post-3548","1":"product","2":"type-product","3":"status-publish","4":"has-post-thumbnail","6":"product_cat-derecho","7":"product_cat-eudeba-libro","8":"product_cat-libro","9":"product_cat-punto-de-venta-derecho","10":"product_tag-derecho","11":"product_tag-derechos-del-nino","12":"product_tag-infancia","13":"desktop-align-left","14":"tablet-align-left","15":"mobile-align-left","17":"first","18":"instock","19":"shipping-taxable","20":"purchasable","21":"product-type-simple"},"acf":[],"uagb_featured_image_src":{"full":["https:\/\/biblio1.mdp.edu.ar\/centro-ventas\/wp-content\/uploads\/sites\/2\/2025\/06\/9789502318288-678cf7e8a494216ef917482716568555-640-0.jpg",550,819,false],"thumbnail":["https:\/\/biblio1.mdp.edu.ar\/centro-ventas\/wp-content\/uploads\/sites\/2\/2025\/06\/9789502318288-678cf7e8a494216ef917482716568555-640-0-150x150.jpg",150,150,true],"medium":["https:\/\/biblio1.mdp.edu.ar\/centro-ventas\/wp-content\/uploads\/sites\/2\/2025\/06\/9789502318288-678cf7e8a494216ef917482716568555-640-0-201x300.jpg",201,300,true],"medium_large":["https:\/\/biblio1.mdp.edu.ar\/centro-ventas\/wp-content\/uploads\/sites\/2\/2025\/06\/9789502318288-678cf7e8a494216ef917482716568555-640-0.jpg",550,819,false],"large":["https:\/\/biblio1.mdp.edu.ar\/centro-ventas\/wp-content\/uploads\/sites\/2\/2025\/06\/9789502318288-678cf7e8a494216ef917482716568555-640-0.jpg",550,819,false],"1536x1536":["https:\/\/biblio1.mdp.edu.ar\/centro-ventas\/wp-content\/uploads\/sites\/2\/2025\/06\/9789502318288-678cf7e8a494216ef917482716568555-640-0.jpg",550,819,false],"2048x2048":["https:\/\/biblio1.mdp.edu.ar\/centro-ventas\/wp-content\/uploads\/sites\/2\/2025\/06\/9789502318288-678cf7e8a494216ef917482716568555-640-0.jpg",550,819,false],"woocommerce_thumbnail":["https:\/\/biblio1.mdp.edu.ar\/centro-ventas\/wp-content\/uploads\/sites\/2\/2025\/06\/9789502318288-678cf7e8a494216ef917482716568555-640-0-300x447.jpg",300,447,true],"woocommerce_single":["https:\/\/biblio1.mdp.edu.ar\/centro-ventas\/wp-content\/uploads\/sites\/2\/2025\/06\/9789502318288-678cf7e8a494216ef917482716568555-640-0.jpg",550,819,false],"woocommerce_gallery_thumbnail":["https:\/\/biblio1.mdp.edu.ar\/centro-ventas\/wp-content\/uploads\/sites\/2\/2025\/06\/9789502318288-678cf7e8a494216ef917482716568555-640-0-100x100.jpg",100,100,true]},"uagb_author_info":{"display_name":"Cristina Bernabe","author_link":"https:\/\/biblio1.mdp.edu.ar\/centro-ventas\/author\/"},"uagb_comment_info":0,"uagb_excerpt":"Esta obra constituye una herramienta necesaria para todo el que pretenda profundizar el nuevo sistema instaurado por la Convenci\u00f3n sobre los Derechos del Ni\u00f1o. En particular, se ocupa de la figura del Abogado del ni\u00f1o teniendo en cuenta las formas de designaci\u00f3n y la importancia de la defensa t\u00e9cnica como garant\u00eda del derecho procesal constitucional.&hellip;","_links":{"self":[{"href":"https:\/\/biblio1.mdp.edu.ar\/centro-ventas\/wp-json\/wp\/v2\/product\/3548","targetHints":{"allow":["GET"]}}],"collection":[{"href":"https:\/\/biblio1.mdp.edu.ar\/centro-ventas\/wp-json\/wp\/v2\/product"}],"about":[{"href":"https:\/\/biblio1.mdp.edu.ar\/centro-ventas\/wp-json\/wp\/v2\/types\/product"}],"wp:featuredmedia":[{"embeddable":true,"href":"https:\/\/biblio1.mdp.edu.ar\/centro-ventas\/wp-json\/wp\/v2\/media\/3549"}],"wp:attachment":[{"href":"https:\/\/biblio1.mdp.edu.ar\/centro-ventas\/wp-json\/wp\/v2\/media?parent=3548"}],"wp:term":[{"taxonomy":"product_cat","embeddable":true,"href":"https:\/\/biblio1.mdp.edu.ar\/centro-ventas\/wp-json\/wp\/v2\/product_cat?post=3548"},{"taxonomy":"product_tag","embeddable":true,"href":"https:\/\/biblio1.mdp.edu.ar\/centro-ventas\/wp-json\/wp\/v2\/product_tag?post=3548"}],"curies":[{"name":"wp","href":"https:\/\/api.w.org\/{rel}","templated":true}]}}