{"id":3546,"date":"2025-06-26T17:18:50","date_gmt":"2025-06-26T20:18:50","guid":{"rendered":"https:\/\/biblio1.mdp.edu.ar\/centro-ventas\/?post_type=product&#038;p=3546"},"modified":"2025-06-26T17:20:47","modified_gmt":"2025-06-26T20:20:47","slug":"asimetrias-conflictos-comerciales-e-instituciones-internacionales","status":"publish","type":"product","link":"https:\/\/biblio1.mdp.edu.ar\/centro-ventas\/producto\/asimetrias-conflictos-comerciales-e-instituciones-internacionales\/","title":{"rendered":"Asimetr\u00edas, conflictos comerciales e instituciones internacionales"},"content":{"rendered":"<div class=\"user-content font-small mb-4\">\n<p>La Organizaci\u00f3n Mundial del Comercio (OMC) fue pensada tanto para administrar los acuerdos multilaterales de comercio internacional como para reflejar la configuraci\u00f3n mundial del poder luego de la ca\u00edda del muro de Berl\u00edn. Funciona con los principios fundamentales de no discriminaci\u00f3n, la reciprocidad y la consolidaci\u00f3n. Sin embargo, puede considerarse que la OMC estructura las relaciones comerciales internacionales ya que genera normas que regulan el comercio internacional de bienes y servicios y administra un sistema de soluci\u00f3n de controversias de car\u00e1cter vinculante entre sus miembros. \u00bfC\u00f3mo defienden y avanzan (si es que pueden) sus intereses comerciales a trav\u00e9s del sistema de soluci\u00f3n de controversias de la OMC los pa\u00edses del Mercosur? \u00bfHace alg\u00fan aporte el Mercosur, como bloque regional, a la hora de litigar en la OMC? Este libro examina la relaci\u00f3n entre conflictos comerciales y mecanismos institucionales internacionales en un mundo de actores asim\u00e9tricos, desarrollando tanto argumentos te\u00f3ricos como tambi\u00e9n presentando estad\u00edsticas y an\u00e1lisis de casos.<\/p>\n<\/div>\n<div class=\"fb-comments section-fb-comments mb-3 fb_iframe_widget fb_iframe_widget_fluid_desktop\" data-href=\"https:\/\/eudeba.com.ar\/productos\/asimetrias-conflictos-comerciales-e-instituciones-internacionales\/\" data-num-posts=\"5\" data-width=\"100%\"><\/div>\n","protected":false},"excerpt":{"rendered":"<p>La Organizaci\u00f3n Mundial del Comercio (OMC) fue pensada tanto para administrar los acuerdos multilaterales de comercio internacional como para reflejar la configuraci\u00f3n mundial del poder luego de la ca\u00edda del muro de Berl\u00edn. Funciona con los principios fundamentales de no discriminaci\u00f3n, la reciprocidad y la consolidaci\u00f3n. Sin embargo, puede considerarse que la OMC estructura las [&hellip;]<\/p>\n","protected":false},"featured_media":3547,"template":"","meta":{"_acf_changed":false,"_eb_attr":"","_crdt_document":"","_uag_custom_page_level_css":"","_editorskit_title_hidden":false,"_editorskit_reading_time":0,"_editorskit_is_block_options_detached":false,"_editorskit_block_options_position":"{}","site-sidebar-layout":"default","site-content-layout":"","ast-site-content-layout":"default","site-content-style":"default","site-sidebar-style":"default","ast-global-header-display":"","ast-banner-title-visibility":"","ast-main-header-display":"","ast-hfb-above-header-display":"","ast-hfb-below-header-display":"","ast-hfb-mobile-header-display":"","site-post-title":"","ast-breadcrumbs-content":"","ast-featured-img":"","footer-sml-layout":"","ast-disable-related-posts":"","theme-transparent-header-meta":"default","adv-header-id-meta":"","stick-header-meta":"","header-above-stick-meta":"","header-main-stick-meta":"","header-below-stick-meta":"","astra-migrate-meta-layouts":"set","ast-page-background-enabled":"default","ast-page-background-meta":{"desktop":{"background-color":"var(--ast-global-color-4)","background-image":"","background-repeat":"repeat","background-position":"center center","background-size":"auto","background-attachment":"scroll","background-type":"","background-media":"","overlay-type":"","overlay-color":"","overlay-opacity":"","overlay-gradient":""},"tablet":{"background-color":"","background-image":"","background-repeat":"repeat","background-position":"center center","background-size":"auto","background-attachment":"scroll","background-type":"","background-media":"","overlay-type":"","overlay-color":"","overlay-opacity":"","overlay-gradient":""},"mobile":{"background-color":"","background-image":"","background-repeat":"repeat","background-position":"center center","background-size":"auto","background-attachment":"scroll","background-type":"","background-media":"","overlay-type":"","overlay-color":"","overlay-opacity":"","overlay-gradient":""}},"ast-content-background-meta":{"desktop":{"background-color":"var(--ast-global-color-5)","background-image":"","background-repeat":"repeat","background-position":"center center","background-size":"auto","background-attachment":"scroll","background-type":"","background-media":"","overlay-type":"","overlay-color":"","overlay-opacity":"","overlay-gradient":""},"tablet":{"background-color":"var(--ast-global-color-5)","background-image":"","background-repeat":"repeat","background-position":"center center","background-size":"auto","background-attachment":"scroll","background-type":"","background-media":"","overlay-type":"","overlay-color":"","overlay-opacity":"","overlay-gradient":""},"mobile":{"background-color":"var(--ast-global-color-5)","background-image":"","background-repeat":"repeat","background-position":"center center","background-size":"auto","background-attachment":"scroll","background-type":"","background-media":"","overlay-type":"","overlay-color":"","overlay-opacity":"","overlay-gradient":""}}},"product_cat":[632,130,28,637],"product_tag":[652,57,79],"class_list":{"0":"post-3546","1":"product","2":"type-product","3":"status-publish","4":"has-post-thumbnail","6":"product_cat-derecho","7":"product_cat-eudeba-libro","8":"product_cat-libro","9":"product_cat-punto-de-venta-derecho","10":"product_tag-comercio-internacional","11":"product_tag-derecho","12":"product_tag-tesis","13":"desktop-align-left","14":"tablet-align-left","15":"mobile-align-left","17":"first","18":"instock","19":"shipping-taxable","20":"purchasable","21":"product-type-simple"},"acf":[],"uagb_featured_image_src":{"full":["https:\/\/biblio1.mdp.edu.ar\/centro-ventas\/wp-content\/uploads\/sites\/2\/2025\/06\/9789502319308-759ea95b1afd2a0fd617482717377521-640-0.jpg",550,798,false],"thumbnail":["https:\/\/biblio1.mdp.edu.ar\/centro-ventas\/wp-content\/uploads\/sites\/2\/2025\/06\/9789502319308-759ea95b1afd2a0fd617482717377521-640-0-150x150.jpg",150,150,true],"medium":["https:\/\/biblio1.mdp.edu.ar\/centro-ventas\/wp-content\/uploads\/sites\/2\/2025\/06\/9789502319308-759ea95b1afd2a0fd617482717377521-640-0-207x300.jpg",207,300,true],"medium_large":["https:\/\/biblio1.mdp.edu.ar\/centro-ventas\/wp-content\/uploads\/sites\/2\/2025\/06\/9789502319308-759ea95b1afd2a0fd617482717377521-640-0.jpg",550,798,false],"large":["https:\/\/biblio1.mdp.edu.ar\/centro-ventas\/wp-content\/uploads\/sites\/2\/2025\/06\/9789502319308-759ea95b1afd2a0fd617482717377521-640-0.jpg",550,798,false],"1536x1536":["https:\/\/biblio1.mdp.edu.ar\/centro-ventas\/wp-content\/uploads\/sites\/2\/2025\/06\/9789502319308-759ea95b1afd2a0fd617482717377521-640-0.jpg",550,798,false],"2048x2048":["https:\/\/biblio1.mdp.edu.ar\/centro-ventas\/wp-content\/uploads\/sites\/2\/2025\/06\/9789502319308-759ea95b1afd2a0fd617482717377521-640-0.jpg",550,798,false],"woocommerce_thumbnail":["https:\/\/biblio1.mdp.edu.ar\/centro-ventas\/wp-content\/uploads\/sites\/2\/2025\/06\/9789502319308-759ea95b1afd2a0fd617482717377521-640-0-300x435.jpg",300,435,true],"woocommerce_single":["https:\/\/biblio1.mdp.edu.ar\/centro-ventas\/wp-content\/uploads\/sites\/2\/2025\/06\/9789502319308-759ea95b1afd2a0fd617482717377521-640-0.jpg",550,798,false],"woocommerce_gallery_thumbnail":["https:\/\/biblio1.mdp.edu.ar\/centro-ventas\/wp-content\/uploads\/sites\/2\/2025\/06\/9789502319308-759ea95b1afd2a0fd617482717377521-640-0-100x100.jpg",100,100,true]},"uagb_author_info":{"display_name":"Cristina Bernabe","author_link":"https:\/\/biblio1.mdp.edu.ar\/centro-ventas\/author\/"},"uagb_comment_info":0,"uagb_excerpt":"La Organizaci\u00f3n Mundial del Comercio (OMC) fue pensada tanto para administrar los acuerdos multilaterales de comercio internacional como para reflejar la configuraci\u00f3n mundial del poder luego de la ca\u00edda del muro de Berl\u00edn. Funciona con los principios fundamentales de no discriminaci\u00f3n, la reciprocidad y la consolidaci\u00f3n. Sin embargo, puede considerarse que la OMC estructura las&hellip;","_links":{"self":[{"href":"https:\/\/biblio1.mdp.edu.ar\/centro-ventas\/wp-json\/wp\/v2\/product\/3546","targetHints":{"allow":["GET"]}}],"collection":[{"href":"https:\/\/biblio1.mdp.edu.ar\/centro-ventas\/wp-json\/wp\/v2\/product"}],"about":[{"href":"https:\/\/biblio1.mdp.edu.ar\/centro-ventas\/wp-json\/wp\/v2\/types\/product"}],"wp:featuredmedia":[{"embeddable":true,"href":"https:\/\/biblio1.mdp.edu.ar\/centro-ventas\/wp-json\/wp\/v2\/media\/3547"}],"wp:attachment":[{"href":"https:\/\/biblio1.mdp.edu.ar\/centro-ventas\/wp-json\/wp\/v2\/media?parent=3546"}],"wp:term":[{"taxonomy":"product_cat","embeddable":true,"href":"https:\/\/biblio1.mdp.edu.ar\/centro-ventas\/wp-json\/wp\/v2\/product_cat?post=3546"},{"taxonomy":"product_tag","embeddable":true,"href":"https:\/\/biblio1.mdp.edu.ar\/centro-ventas\/wp-json\/wp\/v2\/product_tag?post=3546"}],"curies":[{"name":"wp","href":"https:\/\/api.w.org\/{rel}","templated":true}]}}