{"id":3544,"date":"2025-06-26T17:14:55","date_gmt":"2025-06-26T20:14:55","guid":{"rendered":"https:\/\/biblio1.mdp.edu.ar\/centro-ventas\/?post_type=product&#038;p=3544"},"modified":"2025-10-16T17:06:33","modified_gmt":"2025-10-16T20:06:33","slug":"la-administracion-de-justicia-en-la-union-europea-y-el-mercosur","status":"publish","type":"product","link":"https:\/\/biblio1.mdp.edu.ar\/centro-ventas\/producto\/la-administracion-de-justicia-en-la-union-europea-y-el-mercosur\/","title":{"rendered":"La administraci\u00f3n de justicia en la Uni\u00f3n Europea y el Mercosur"},"content":{"rendered":"<div class=\"user-content font-small mb-4\">\n<p>A trav\u00e9s de los trabajos de este libro se puede alcanzar un panorama actual sobre la situaci\u00f3n de la administraci\u00f3n de justicia en la Uni\u00f3n Europea y el Mercosur. Ambos procesos de integraci\u00f3n cuentan con instancias competentes para entender en los conflictos suscitados, pero, indudablemente, el paso del tiempo y las transformaciones que experimentan los Estados que integran estos bloques exigen un examen y una redefinici\u00f3n de sus competencias. En estos textos, destacados especialistas analizan diversos aspectos relativos a los diversos sistemas de soluci\u00f3n de controversias, su origen, su funcionamiento, la eficacia que han demostrado en situaciones espec\u00edficas.<\/p>\n<\/div>\n<div class=\"fb-comments section-fb-comments mb-3 fb_iframe_widget fb_iframe_widget_fluid_desktop\" data-href=\"https:\/\/eudeba.com.ar\/productos\/la-administracion-de-justicia-en-la-union-europea-y-el-mercosur\/\" data-num-posts=\"5\" data-width=\"100%\"><\/div>\n","protected":false},"excerpt":{"rendered":"<p>A trav\u00e9s de los trabajos de este libro se puede alcanzar un panorama actual sobre la situaci\u00f3n de la administraci\u00f3n de justicia en la Uni\u00f3n Europea y el Mercosur. Ambos procesos de integraci\u00f3n cuentan con instancias competentes para entender en los conflictos suscitados, pero, indudablemente, el paso del tiempo y las transformaciones que experimentan los [&hellip;]<\/p>\n","protected":false},"featured_media":3545,"template":"","meta":{"_acf_changed":false,"_eb_attr":"","_crdt_document":"","_uag_custom_page_level_css":"","_editorskit_title_hidden":false,"_editorskit_reading_time":0,"_editorskit_is_block_options_detached":false,"_editorskit_block_options_position":"{}","site-sidebar-layout":"default","site-content-layout":"","ast-site-content-layout":"default","site-content-style":"default","site-sidebar-style":"default","ast-global-header-display":"","ast-banner-title-visibility":"","ast-main-header-display":"","ast-hfb-above-header-display":"","ast-hfb-below-header-display":"","ast-hfb-mobile-header-display":"","site-post-title":"","ast-breadcrumbs-content":"","ast-featured-img":"","footer-sml-layout":"","ast-disable-related-posts":"","theme-transparent-header-meta":"default","adv-header-id-meta":"","stick-header-meta":"","header-above-stick-meta":"","header-main-stick-meta":"","header-below-stick-meta":"","astra-migrate-meta-layouts":"set","ast-page-background-enabled":"default","ast-page-background-meta":{"desktop":{"background-color":"var(--ast-global-color-4)","background-image":"","background-repeat":"repeat","background-position":"center center","background-size":"auto","background-attachment":"scroll","background-type":"","background-media":"","overlay-type":"","overlay-color":"","overlay-opacity":"","overlay-gradient":""},"tablet":{"background-color":"","background-image":"","background-repeat":"repeat","background-position":"center center","background-size":"auto","background-attachment":"scroll","background-type":"","background-media":"","overlay-type":"","overlay-color":"","overlay-opacity":"","overlay-gradient":""},"mobile":{"background-color":"","background-image":"","background-repeat":"repeat","background-position":"center center","background-size":"auto","background-attachment":"scroll","background-type":"","background-media":"","overlay-type":"","overlay-color":"","overlay-opacity":"","overlay-gradient":""}},"ast-content-background-meta":{"desktop":{"background-color":"var(--ast-global-color-5)","background-image":"","background-repeat":"repeat","background-position":"center center","background-size":"auto","background-attachment":"scroll","background-type":"","background-media":"","overlay-type":"","overlay-color":"","overlay-opacity":"","overlay-gradient":""},"tablet":{"background-color":"var(--ast-global-color-5)","background-image":"","background-repeat":"repeat","background-position":"center center","background-size":"auto","background-attachment":"scroll","background-type":"","background-media":"","overlay-type":"","overlay-color":"","overlay-opacity":"","overlay-gradient":""},"mobile":{"background-color":"var(--ast-global-color-5)","background-image":"","background-repeat":"repeat","background-position":"center center","background-size":"auto","background-attachment":"scroll","background-type":"","background-media":"","overlay-type":"","overlay-color":"","overlay-opacity":"","overlay-gradient":""}}},"product_cat":[632,130,28,637],"product_tag":[649,402,651],"class_list":{"0":"post-3544","1":"product","2":"type-product","3":"status-publish","4":"has-post-thumbnail","6":"product_cat-derecho","7":"product_cat-eudeba-libro","8":"product_cat-libro","9":"product_cat-punto-de-venta-derecho","10":"product_tag-justicia","11":"product_tag-mercosur","12":"product_tag-union-europea","13":"desktop-align-left","14":"tablet-align-left","15":"mobile-align-left","17":"first","18":"instock","19":"shipping-taxable","20":"purchasable","21":"product-type-simple"},"acf":[],"uagb_featured_image_src":{"full":["https:\/\/biblio1.mdp.edu.ar\/centro-ventas\/wp-content\/uploads\/sites\/2\/2025\/06\/9789502318592-4b6cd4055d636e21b917482716556982-1024-1024.jpg",728,1024,false],"thumbnail":["https:\/\/biblio1.mdp.edu.ar\/centro-ventas\/wp-content\/uploads\/sites\/2\/2025\/06\/9789502318592-4b6cd4055d636e21b917482716556982-1024-1024-150x150.jpg",150,150,true],"medium":["https:\/\/biblio1.mdp.edu.ar\/centro-ventas\/wp-content\/uploads\/sites\/2\/2025\/06\/9789502318592-4b6cd4055d636e21b917482716556982-1024-1024-213x300.jpg",213,300,true],"medium_large":["https:\/\/biblio1.mdp.edu.ar\/centro-ventas\/wp-content\/uploads\/sites\/2\/2025\/06\/9789502318592-4b6cd4055d636e21b917482716556982-1024-1024.jpg",728,1024,false],"large":["https:\/\/biblio1.mdp.edu.ar\/centro-ventas\/wp-content\/uploads\/sites\/2\/2025\/06\/9789502318592-4b6cd4055d636e21b917482716556982-1024-1024.jpg",728,1024,false],"1536x1536":["https:\/\/biblio1.mdp.edu.ar\/centro-ventas\/wp-content\/uploads\/sites\/2\/2025\/06\/9789502318592-4b6cd4055d636e21b917482716556982-1024-1024.jpg",728,1024,false],"2048x2048":["https:\/\/biblio1.mdp.edu.ar\/centro-ventas\/wp-content\/uploads\/sites\/2\/2025\/06\/9789502318592-4b6cd4055d636e21b917482716556982-1024-1024.jpg",728,1024,false],"woocommerce_thumbnail":["https:\/\/biblio1.mdp.edu.ar\/centro-ventas\/wp-content\/uploads\/sites\/2\/2025\/06\/9789502318592-4b6cd4055d636e21b917482716556982-1024-1024-300x422.jpg",300,422,true],"woocommerce_single":["https:\/\/biblio1.mdp.edu.ar\/centro-ventas\/wp-content\/uploads\/sites\/2\/2025\/06\/9789502318592-4b6cd4055d636e21b917482716556982-1024-1024-600x844.jpg",600,844,true],"woocommerce_gallery_thumbnail":["https:\/\/biblio1.mdp.edu.ar\/centro-ventas\/wp-content\/uploads\/sites\/2\/2025\/06\/9789502318592-4b6cd4055d636e21b917482716556982-1024-1024-100x100.jpg",100,100,true]},"uagb_author_info":{"display_name":"Cristina Bernabe","author_link":"https:\/\/biblio1.mdp.edu.ar\/centro-ventas\/author\/"},"uagb_comment_info":0,"uagb_excerpt":"A trav\u00e9s de los trabajos de este libro se puede alcanzar un panorama actual sobre la situaci\u00f3n de la administraci\u00f3n de justicia en la Uni\u00f3n Europea y el Mercosur. Ambos procesos de integraci\u00f3n cuentan con instancias competentes para entender en los conflictos suscitados, pero, indudablemente, el paso del tiempo y las transformaciones que experimentan los&hellip;","_links":{"self":[{"href":"https:\/\/biblio1.mdp.edu.ar\/centro-ventas\/wp-json\/wp\/v2\/product\/3544","targetHints":{"allow":["GET"]}}],"collection":[{"href":"https:\/\/biblio1.mdp.edu.ar\/centro-ventas\/wp-json\/wp\/v2\/product"}],"about":[{"href":"https:\/\/biblio1.mdp.edu.ar\/centro-ventas\/wp-json\/wp\/v2\/types\/product"}],"wp:featuredmedia":[{"embeddable":true,"href":"https:\/\/biblio1.mdp.edu.ar\/centro-ventas\/wp-json\/wp\/v2\/media\/3545"}],"wp:attachment":[{"href":"https:\/\/biblio1.mdp.edu.ar\/centro-ventas\/wp-json\/wp\/v2\/media?parent=3544"}],"wp:term":[{"taxonomy":"product_cat","embeddable":true,"href":"https:\/\/biblio1.mdp.edu.ar\/centro-ventas\/wp-json\/wp\/v2\/product_cat?post=3544"},{"taxonomy":"product_tag","embeddable":true,"href":"https:\/\/biblio1.mdp.edu.ar\/centro-ventas\/wp-json\/wp\/v2\/product_tag?post=3544"}],"curies":[{"name":"wp","href":"https:\/\/api.w.org\/{rel}","templated":true}]}}