{"id":3542,"date":"2025-06-26T17:09:18","date_gmt":"2025-06-26T20:09:18","guid":{"rendered":"https:\/\/biblio1.mdp.edu.ar\/centro-ventas\/?post_type=product&#038;p=3542"},"modified":"2025-06-26T17:09:21","modified_gmt":"2025-06-26T20:09:21","slug":"principios-generales-del-derecho-latinoamericano","status":"publish","type":"product","link":"https:\/\/biblio1.mdp.edu.ar\/centro-ventas\/producto\/principios-generales-del-derecho-latinoamericano\/","title":{"rendered":"Principios generales del derecho latinoamericano"},"content":{"rendered":"<div class=\"user-content font-small mb-4\">\n<p>Este libro est\u00e1 dirigido a quienes se inician en el estudio del Derecho en la Argentina, y en Sudam\u00e9rica en general. En efecto, existen fundamentos y desarrollos comunes en la configuraci\u00f3n hist\u00f3rico-cultural de nuestros derechos, constituciones y legislaciones, de las cuales estamos por celebrar su existencia bicentenaria. Partiendo de los principios que desde el ius de la Roma republicana han permanecido vigentes, se inicia el estudio con el concepto de derecho y su relaci\u00f3n con las ideas de justicia, equidad y moral. Se define qu\u00e9 se entiende por principios generales, analizando las distintas teor\u00edas filos\u00f3ficas sobre el derecho, las diversas posturas sobre la justicia, los sistemas jur\u00eddicos contempor\u00e1neos, su fundamentaci\u00f3n en el derecho romano y la evoluci\u00f3n e influencia de este sobre el nuestro, con una referencia a algunas instituciones de derecho privado romano receptadas en el ordenamiento argentino. Por tanto, la referencia a la persona humana es y debe ser la gu\u00eda constante que ilumina la ense\u00f1anza y el estudio de nuestras disciplinas jur\u00eddicas. Este es el sentido m\u00e1s profundo que como ciudadanos esperamos de la existencia y defensa de la democracia constitucional y de los derechos fundamentales.<\/p>\n<\/div>\n<div class=\"fb-comments section-fb-comments mb-3 fb_iframe_widget fb_iframe_widget_fluid_desktop\" data-href=\"https:\/\/eudeba.com.ar\/productos\/principios-generales-del-derecho-latinoamericano\/\" data-num-posts=\"5\" data-width=\"100%\"><\/div>\n","protected":false},"excerpt":{"rendered":"<p>Este libro est\u00e1 dirigido a quienes se inician en el estudio del Derecho en la Argentina, y en Sudam\u00e9rica en general. En efecto, existen fundamentos y desarrollos comunes en la configuraci\u00f3n hist\u00f3rico-cultural de nuestros derechos, constituciones y legislaciones, de las cuales estamos por celebrar su existencia bicentenaria. Partiendo de los principios que desde el ius [&hellip;]<\/p>\n","protected":false},"featured_media":3543,"template":"","meta":{"_acf_changed":false,"_eb_attr":"","_crdt_document":"","_uag_custom_page_level_css":"","_editorskit_title_hidden":false,"_editorskit_reading_time":0,"_editorskit_is_block_options_detached":false,"_editorskit_block_options_position":"{}","site-sidebar-layout":"default","site-content-layout":"","ast-site-content-layout":"default","site-content-style":"default","site-sidebar-style":"default","ast-global-header-display":"","ast-banner-title-visibility":"","ast-main-header-display":"","ast-hfb-above-header-display":"","ast-hfb-below-header-display":"","ast-hfb-mobile-header-display":"","site-post-title":"","ast-breadcrumbs-content":"","ast-featured-img":"","footer-sml-layout":"","ast-disable-related-posts":"","theme-transparent-header-meta":"default","adv-header-id-meta":"","stick-header-meta":"","header-above-stick-meta":"","header-main-stick-meta":"","header-below-stick-meta":"","astra-migrate-meta-layouts":"set","ast-page-background-enabled":"default","ast-page-background-meta":{"desktop":{"background-color":"var(--ast-global-color-4)","background-image":"","background-repeat":"repeat","background-position":"center center","background-size":"auto","background-attachment":"scroll","background-type":"","background-media":"","overlay-type":"","overlay-color":"","overlay-opacity":"","overlay-gradient":""},"tablet":{"background-color":"","background-image":"","background-repeat":"repeat","background-position":"center center","background-size":"auto","background-attachment":"scroll","background-type":"","background-media":"","overlay-type":"","overlay-color":"","overlay-opacity":"","overlay-gradient":""},"mobile":{"background-color":"","background-image":"","background-repeat":"repeat","background-position":"center center","background-size":"auto","background-attachment":"scroll","background-type":"","background-media":"","overlay-type":"","overlay-color":"","overlay-opacity":"","overlay-gradient":""}},"ast-content-background-meta":{"desktop":{"background-color":"var(--ast-global-color-5)","background-image":"","background-repeat":"repeat","background-position":"center center","background-size":"auto","background-attachment":"scroll","background-type":"","background-media":"","overlay-type":"","overlay-color":"","overlay-opacity":"","overlay-gradient":""},"tablet":{"background-color":"var(--ast-global-color-5)","background-image":"","background-repeat":"repeat","background-position":"center center","background-size":"auto","background-attachment":"scroll","background-type":"","background-media":"","overlay-type":"","overlay-color":"","overlay-opacity":"","overlay-gradient":""},"mobile":{"background-color":"var(--ast-global-color-5)","background-image":"","background-repeat":"repeat","background-position":"center center","background-size":"auto","background-attachment":"scroll","background-type":"","background-media":"","overlay-type":"","overlay-color":"","overlay-opacity":"","overlay-gradient":""}}},"product_cat":[130,28,637],"product_tag":[57,577],"class_list":{"0":"post-3542","1":"product","2":"type-product","3":"status-publish","4":"has-post-thumbnail","6":"product_cat-eudeba-libro","7":"product_cat-libro","8":"product_cat-punto-de-venta-derecho","9":"product_tag-derecho","10":"product_tag-latinoamerica","11":"desktop-align-left","12":"tablet-align-left","13":"mobile-align-left","15":"first","16":"instock","17":"shipping-taxable","18":"purchasable","19":"product-type-simple"},"acf":[],"uagb_featured_image_src":{"full":["https:\/\/biblio1.mdp.edu.ar\/centro-ventas\/wp-content\/uploads\/sites\/2\/2025\/06\/9789502314792-96573230f94dcaf4f517482711984139-640-0-1.jpg",640,953,false],"thumbnail":["https:\/\/biblio1.mdp.edu.ar\/centro-ventas\/wp-content\/uploads\/sites\/2\/2025\/06\/9789502314792-96573230f94dcaf4f517482711984139-640-0-1-150x150.jpg",150,150,true],"medium":["https:\/\/biblio1.mdp.edu.ar\/centro-ventas\/wp-content\/uploads\/sites\/2\/2025\/06\/9789502314792-96573230f94dcaf4f517482711984139-640-0-1-201x300.jpg",201,300,true],"medium_large":["https:\/\/biblio1.mdp.edu.ar\/centro-ventas\/wp-content\/uploads\/sites\/2\/2025\/06\/9789502314792-96573230f94dcaf4f517482711984139-640-0-1.jpg",640,953,false],"large":["https:\/\/biblio1.mdp.edu.ar\/centro-ventas\/wp-content\/uploads\/sites\/2\/2025\/06\/9789502314792-96573230f94dcaf4f517482711984139-640-0-1.jpg",640,953,false],"1536x1536":["https:\/\/biblio1.mdp.edu.ar\/centro-ventas\/wp-content\/uploads\/sites\/2\/2025\/06\/9789502314792-96573230f94dcaf4f517482711984139-640-0-1.jpg",640,953,false],"2048x2048":["https:\/\/biblio1.mdp.edu.ar\/centro-ventas\/wp-content\/uploads\/sites\/2\/2025\/06\/9789502314792-96573230f94dcaf4f517482711984139-640-0-1.jpg",640,953,false],"woocommerce_thumbnail":["https:\/\/biblio1.mdp.edu.ar\/centro-ventas\/wp-content\/uploads\/sites\/2\/2025\/06\/9789502314792-96573230f94dcaf4f517482711984139-640-0-1-300x447.jpg",300,447,true],"woocommerce_single":["https:\/\/biblio1.mdp.edu.ar\/centro-ventas\/wp-content\/uploads\/sites\/2\/2025\/06\/9789502314792-96573230f94dcaf4f517482711984139-640-0-1-600x893.jpg",600,893,true],"woocommerce_gallery_thumbnail":["https:\/\/biblio1.mdp.edu.ar\/centro-ventas\/wp-content\/uploads\/sites\/2\/2025\/06\/9789502314792-96573230f94dcaf4f517482711984139-640-0-1-100x100.jpg",100,100,true]},"uagb_author_info":{"display_name":"Cristina Bernabe","author_link":"https:\/\/biblio1.mdp.edu.ar\/centro-ventas\/author\/"},"uagb_comment_info":0,"uagb_excerpt":"Este libro est\u00e1 dirigido a quienes se inician en el estudio del Derecho en la Argentina, y en Sudam\u00e9rica en general. En efecto, existen fundamentos y desarrollos comunes en la configuraci\u00f3n hist\u00f3rico-cultural de nuestros derechos, constituciones y legislaciones, de las cuales estamos por celebrar su existencia bicentenaria. Partiendo de los principios que desde el ius&hellip;","_links":{"self":[{"href":"https:\/\/biblio1.mdp.edu.ar\/centro-ventas\/wp-json\/wp\/v2\/product\/3542","targetHints":{"allow":["GET"]}}],"collection":[{"href":"https:\/\/biblio1.mdp.edu.ar\/centro-ventas\/wp-json\/wp\/v2\/product"}],"about":[{"href":"https:\/\/biblio1.mdp.edu.ar\/centro-ventas\/wp-json\/wp\/v2\/types\/product"}],"wp:featuredmedia":[{"embeddable":true,"href":"https:\/\/biblio1.mdp.edu.ar\/centro-ventas\/wp-json\/wp\/v2\/media\/3543"}],"wp:attachment":[{"href":"https:\/\/biblio1.mdp.edu.ar\/centro-ventas\/wp-json\/wp\/v2\/media?parent=3542"}],"wp:term":[{"taxonomy":"product_cat","embeddable":true,"href":"https:\/\/biblio1.mdp.edu.ar\/centro-ventas\/wp-json\/wp\/v2\/product_cat?post=3542"},{"taxonomy":"product_tag","embeddable":true,"href":"https:\/\/biblio1.mdp.edu.ar\/centro-ventas\/wp-json\/wp\/v2\/product_tag?post=3542"}],"curies":[{"name":"wp","href":"https:\/\/api.w.org\/{rel}","templated":true}]}}