{"id":3541,"date":"2025-06-26T15:32:46","date_gmt":"2025-06-26T18:32:46","guid":{"rendered":"https:\/\/biblio1.mdp.edu.ar\/centro-ventas\/?post_type=product&#038;p=3541"},"modified":"2025-10-16T16:58:44","modified_gmt":"2025-10-16T19:58:44","slug":"fundamentos-de-derecho-argentino-libro-de-casos-tomo-1","status":"publish","type":"product","link":"https:\/\/biblio1.mdp.edu.ar\/centro-ventas\/producto\/fundamentos-de-derecho-argentino-libro-de-casos-tomo-1\/","title":{"rendered":"Fundamentos de derecho argentino. Libro de casos. Tomo 1"},"content":{"rendered":"<div class=\"user-content font-small mb-4\">\n<p>El libro ha sido preparado con el fin de servir como material de trabajo y estudio para una c\u00e1tedra innovadora en el plano acad\u00e9mico, pedag\u00f3gico y did\u00e1ctico de la materia Principios Generales de Derecho Latinoamericano del Ciclo B\u00e1sico Com\u00fan de la Universidad de Buenos Aires. Esta obra tiene la particularidad de tratarse de un libro de casos cuyo objetivo es aportar material y estudio para el abordaje te\u00f3rico-pr\u00e1ctico de algunos principios de Derecho argentino. El m\u00e9todo de casos, seg\u00fan los autores, permite distanciarse de la ense\u00f1anza enciclopedista y desarticuladora del conocimiento que lleva impl\u00edcita la repetici\u00f3n y memorizaci\u00f3n. Por el contrario, posibilita la participaci\u00f3n activa del alumnado y la adquisici\u00f3n de habilidades para el an\u00e1lisis del contenido de los textos jur\u00eddicos. Con esta obra los autores buscan establecer el debate en el \u00e1mbito \u00e1ulico, con el fin de que alumnos y docentes ejerciten el razonamiento cr\u00edtico y establezcan argumentos consistentes y fundamentales.<\/p>\n<\/div>\n","protected":false},"excerpt":{"rendered":"<p>El libro ha sido preparado con el fin de servir como material de trabajo y estudio para una c\u00e1tedra innovadora en el plano acad\u00e9mico, pedag\u00f3gico y did\u00e1ctico de la materia Principios Generales de Derecho Latinoamericano del Ciclo B\u00e1sico Com\u00fan de la Universidad de Buenos Aires. Esta obra tiene la particularidad de tratarse de un libro [&hellip;]<\/p>\n","protected":false},"featured_media":3896,"template":"","meta":{"_acf_changed":false,"_eb_attr":"","_crdt_document":"","_uag_custom_page_level_css":"","_editorskit_title_hidden":false,"_editorskit_reading_time":0,"_editorskit_is_block_options_detached":false,"_editorskit_block_options_position":"{}","site-sidebar-layout":"default","site-content-layout":"","ast-site-content-layout":"default","site-content-style":"default","site-sidebar-style":"default","ast-global-header-display":"","ast-banner-title-visibility":"","ast-main-header-display":"","ast-hfb-above-header-display":"","ast-hfb-below-header-display":"","ast-hfb-mobile-header-display":"","site-post-title":"","ast-breadcrumbs-content":"","ast-featured-img":"","footer-sml-layout":"","ast-disable-related-posts":"","theme-transparent-header-meta":"default","adv-header-id-meta":"","stick-header-meta":"","header-above-stick-meta":"","header-main-stick-meta":"","header-below-stick-meta":"","astra-migrate-meta-layouts":"set","ast-page-background-enabled":"default","ast-page-background-meta":{"desktop":{"background-color":"var(--ast-global-color-4)","background-image":"","background-repeat":"repeat","background-position":"center center","background-size":"auto","background-attachment":"scroll","background-type":"","background-media":"","overlay-type":"","overlay-color":"","overlay-opacity":"","overlay-gradient":""},"tablet":{"background-color":"","background-image":"","background-repeat":"repeat","background-position":"center center","background-size":"auto","background-attachment":"scroll","background-type":"","background-media":"","overlay-type":"","overlay-color":"","overlay-opacity":"","overlay-gradient":""},"mobile":{"background-color":"","background-image":"","background-repeat":"repeat","background-position":"center center","background-size":"auto","background-attachment":"scroll","background-type":"","background-media":"","overlay-type":"","overlay-color":"","overlay-opacity":"","overlay-gradient":""}},"ast-content-background-meta":{"desktop":{"background-color":"var(--ast-global-color-5)","background-image":"","background-repeat":"repeat","background-position":"center center","background-size":"auto","background-attachment":"scroll","background-type":"","background-media":"","overlay-type":"","overlay-color":"","overlay-opacity":"","overlay-gradient":""},"tablet":{"background-color":"var(--ast-global-color-5)","background-image":"","background-repeat":"repeat","background-position":"center center","background-size":"auto","background-attachment":"scroll","background-type":"","background-media":"","overlay-type":"","overlay-color":"","overlay-opacity":"","overlay-gradient":""},"mobile":{"background-color":"var(--ast-global-color-5)","background-image":"","background-repeat":"repeat","background-position":"center center","background-size":"auto","background-attachment":"scroll","background-type":"","background-media":"","overlay-type":"","overlay-color":"","overlay-opacity":"","overlay-gradient":""}}},"product_cat":[130,28,637],"product_tag":[57],"class_list":{"0":"post-3541","1":"product","2":"type-product","3":"status-publish","4":"has-post-thumbnail","6":"product_cat-eudeba-libro","7":"product_cat-libro","8":"product_cat-punto-de-venta-derecho","9":"product_tag-derecho","10":"desktop-align-left","11":"tablet-align-left","12":"mobile-align-left","14":"first","15":"instock","16":"shipping-taxable","17":"purchasable","18":"product-type-simple"},"acf":[],"uagb_featured_image_src":{"full":["https:\/\/biblio1.mdp.edu.ar\/centro-ventas\/wp-content\/uploads\/sites\/2\/2025\/06\/ebaci-131799789502317120-9ca9f945273ee98d7c17593616764363-1024-1024.jpg",667,1024,false],"thumbnail":["https:\/\/biblio1.mdp.edu.ar\/centro-ventas\/wp-content\/uploads\/sites\/2\/2025\/06\/ebaci-131799789502317120-9ca9f945273ee98d7c17593616764363-1024-1024-150x150.jpg",150,150,true],"medium":["https:\/\/biblio1.mdp.edu.ar\/centro-ventas\/wp-content\/uploads\/sites\/2\/2025\/06\/ebaci-131799789502317120-9ca9f945273ee98d7c17593616764363-1024-1024-195x300.jpg",195,300,true],"medium_large":["https:\/\/biblio1.mdp.edu.ar\/centro-ventas\/wp-content\/uploads\/sites\/2\/2025\/06\/ebaci-131799789502317120-9ca9f945273ee98d7c17593616764363-1024-1024.jpg",667,1024,false],"large":["https:\/\/biblio1.mdp.edu.ar\/centro-ventas\/wp-content\/uploads\/sites\/2\/2025\/06\/ebaci-131799789502317120-9ca9f945273ee98d7c17593616764363-1024-1024.jpg",667,1024,false],"1536x1536":["https:\/\/biblio1.mdp.edu.ar\/centro-ventas\/wp-content\/uploads\/sites\/2\/2025\/06\/ebaci-131799789502317120-9ca9f945273ee98d7c17593616764363-1024-1024.jpg",667,1024,false],"2048x2048":["https:\/\/biblio1.mdp.edu.ar\/centro-ventas\/wp-content\/uploads\/sites\/2\/2025\/06\/ebaci-131799789502317120-9ca9f945273ee98d7c17593616764363-1024-1024.jpg",667,1024,false],"woocommerce_thumbnail":["https:\/\/biblio1.mdp.edu.ar\/centro-ventas\/wp-content\/uploads\/sites\/2\/2025\/06\/ebaci-131799789502317120-9ca9f945273ee98d7c17593616764363-1024-1024-300x461.jpg",300,461,true],"woocommerce_single":["https:\/\/biblio1.mdp.edu.ar\/centro-ventas\/wp-content\/uploads\/sites\/2\/2025\/06\/ebaci-131799789502317120-9ca9f945273ee98d7c17593616764363-1024-1024-600x921.jpg",600,921,true],"woocommerce_gallery_thumbnail":["https:\/\/biblio1.mdp.edu.ar\/centro-ventas\/wp-content\/uploads\/sites\/2\/2025\/06\/ebaci-131799789502317120-9ca9f945273ee98d7c17593616764363-1024-1024-100x100.jpg",100,100,true]},"uagb_author_info":{"display_name":"Cristina Bernabe","author_link":"https:\/\/biblio1.mdp.edu.ar\/centro-ventas\/author\/"},"uagb_comment_info":0,"uagb_excerpt":"El libro ha sido preparado con el fin de servir como material de trabajo y estudio para una c\u00e1tedra innovadora en el plano acad\u00e9mico, pedag\u00f3gico y did\u00e1ctico de la materia Principios Generales de Derecho Latinoamericano del Ciclo B\u00e1sico Com\u00fan de la Universidad de Buenos Aires. Esta obra tiene la particularidad de tratarse de un libro&hellip;","_links":{"self":[{"href":"https:\/\/biblio1.mdp.edu.ar\/centro-ventas\/wp-json\/wp\/v2\/product\/3541","targetHints":{"allow":["GET"]}}],"collection":[{"href":"https:\/\/biblio1.mdp.edu.ar\/centro-ventas\/wp-json\/wp\/v2\/product"}],"about":[{"href":"https:\/\/biblio1.mdp.edu.ar\/centro-ventas\/wp-json\/wp\/v2\/types\/product"}],"wp:featuredmedia":[{"embeddable":true,"href":"https:\/\/biblio1.mdp.edu.ar\/centro-ventas\/wp-json\/wp\/v2\/media\/3896"}],"wp:attachment":[{"href":"https:\/\/biblio1.mdp.edu.ar\/centro-ventas\/wp-json\/wp\/v2\/media?parent=3541"}],"wp:term":[{"taxonomy":"product_cat","embeddable":true,"href":"https:\/\/biblio1.mdp.edu.ar\/centro-ventas\/wp-json\/wp\/v2\/product_cat?post=3541"},{"taxonomy":"product_tag","embeddable":true,"href":"https:\/\/biblio1.mdp.edu.ar\/centro-ventas\/wp-json\/wp\/v2\/product_tag?post=3541"}],"curies":[{"name":"wp","href":"https:\/\/api.w.org\/{rel}","templated":true}]}}