{"id":3536,"date":"2025-06-25T16:01:56","date_gmt":"2025-06-25T19:01:56","guid":{"rendered":"https:\/\/biblio1.mdp.edu.ar\/centro-ventas\/?post_type=product&#038;p=3536"},"modified":"2025-07-18T13:33:56","modified_gmt":"2025-07-18T16:33:56","slug":"manual-basico-de-criminologia","status":"publish","type":"product","link":"https:\/\/biblio1.mdp.edu.ar\/centro-ventas\/producto\/manual-basico-de-criminologia\/","title":{"rendered":"Manual b\u00e1sico de criminolog\u00eda"},"content":{"rendered":"<p>En esta cuarta edici\u00f3n, ampliada y corregida, el profesor Carlos Elbert ofrece un desarrollo sistematizado de la Criminolog\u00eda, una disciplina cient\u00edfica que acredita ya casi ciento cincuenta a\u00f1os de evoluci\u00f3n turbulenta y hasta contradictoria. Trat\u00e1ndose de un saber interdisciplinario, confluyen en esta intersecci\u00f3n explicativa ciencias y teor\u00edas de muy diversa naturaleza y relevancia, cuyo orden cronol\u00f3gico, cient\u00edfico y jer\u00e1rquico siempre fue controvertido. A lo largo de m\u00e1s de treinta cursos de posgrado, el autor fue perfeccionando este Manual B\u00e1sico, en el que intenta exponer, sistem\u00e1tica y conceptualmente, la historia, la necesidad, el objeto, los m\u00e9todos y el futuro de la Criminolog\u00eda.<\/p>\n","protected":false},"excerpt":{"rendered":"<p>En esta cuarta edici\u00f3n, ampliada y corregida, el profesor Carlos Elbert ofrece un desarrollo sistematizado de la Criminolog\u00eda, una disciplina cient\u00edfica que acredita ya casi ciento cincuenta a\u00f1os de evoluci\u00f3n turbulenta y hasta contradictoria. Trat\u00e1ndose de un saber interdisciplinario, confluyen en esta intersecci\u00f3n explicativa ciencias y teor\u00edas de muy diversa naturaleza y relevancia, cuyo orden [&hellip;]<\/p>\n","protected":false},"featured_media":3538,"template":"","meta":{"_acf_changed":false,"_eb_attr":"","_crdt_document":"","_uag_custom_page_level_css":"","_editorskit_title_hidden":false,"_editorskit_reading_time":0,"_editorskit_is_block_options_detached":false,"_editorskit_block_options_position":"{}","site-sidebar-layout":"default","site-content-layout":"","ast-site-content-layout":"default","site-content-style":"default","site-sidebar-style":"default","ast-global-header-display":"","ast-banner-title-visibility":"","ast-main-header-display":"","ast-hfb-above-header-display":"","ast-hfb-below-header-display":"","ast-hfb-mobile-header-display":"","site-post-title":"","ast-breadcrumbs-content":"","ast-featured-img":"","footer-sml-layout":"","ast-disable-related-posts":"","theme-transparent-header-meta":"default","adv-header-id-meta":"","stick-header-meta":"","header-above-stick-meta":"","header-main-stick-meta":"","header-below-stick-meta":"","astra-migrate-meta-layouts":"set","ast-page-background-enabled":"default","ast-page-background-meta":{"desktop":{"background-color":"var(--ast-global-color-4)","background-image":"","background-repeat":"repeat","background-position":"center center","background-size":"auto","background-attachment":"scroll","background-type":"","background-media":"","overlay-type":"","overlay-color":"","overlay-opacity":"","overlay-gradient":""},"tablet":{"background-color":"","background-image":"","background-repeat":"repeat","background-position":"center center","background-size":"auto","background-attachment":"scroll","background-type":"","background-media":"","overlay-type":"","overlay-color":"","overlay-opacity":"","overlay-gradient":""},"mobile":{"background-color":"","background-image":"","background-repeat":"repeat","background-position":"center center","background-size":"auto","background-attachment":"scroll","background-type":"","background-media":"","overlay-type":"","overlay-color":"","overlay-opacity":"","overlay-gradient":""}},"ast-content-background-meta":{"desktop":{"background-color":"var(--ast-global-color-5)","background-image":"","background-repeat":"repeat","background-position":"center center","background-size":"auto","background-attachment":"scroll","background-type":"","background-media":"","overlay-type":"","overlay-color":"","overlay-opacity":"","overlay-gradient":""},"tablet":{"background-color":"var(--ast-global-color-5)","background-image":"","background-repeat":"repeat","background-position":"center center","background-size":"auto","background-attachment":"scroll","background-type":"","background-media":"","overlay-type":"","overlay-color":"","overlay-opacity":"","overlay-gradient":""},"mobile":{"background-color":"var(--ast-global-color-5)","background-image":"","background-repeat":"repeat","background-position":"center center","background-size":"auto","background-attachment":"scroll","background-type":"","background-media":"","overlay-type":"","overlay-color":"","overlay-opacity":"","overlay-gradient":""}}},"product_cat":[130,28,637],"product_tag":[644,643],"class_list":{"0":"post-3536","1":"product","2":"type-product","3":"status-publish","4":"has-post-thumbnail","6":"product_cat-eudeba-libro","7":"product_cat-libro","8":"product_cat-punto-de-venta-derecho","9":"product_tag-criminologia","10":"product_tag-manual","11":"desktop-align-left","12":"tablet-align-left","13":"mobile-align-left","15":"first","16":"instock","17":"shipping-taxable","18":"purchasable","19":"product-type-simple"},"acf":[],"uagb_featured_image_src":{"full":["https:\/\/biblio1.mdp.edu.ar\/centro-ventas\/wp-content\/uploads\/sites\/2\/2025\/06\/9789502315713-557100b8b58080d7c617482713045601-640-0.jpg",258,351,false],"thumbnail":["https:\/\/biblio1.mdp.edu.ar\/centro-ventas\/wp-content\/uploads\/sites\/2\/2025\/06\/9789502315713-557100b8b58080d7c617482713045601-640-0-150x150.jpg",150,150,true],"medium":["https:\/\/biblio1.mdp.edu.ar\/centro-ventas\/wp-content\/uploads\/sites\/2\/2025\/06\/9789502315713-557100b8b58080d7c617482713045601-640-0-221x300.jpg",221,300,true],"medium_large":["https:\/\/biblio1.mdp.edu.ar\/centro-ventas\/wp-content\/uploads\/sites\/2\/2025\/06\/9789502315713-557100b8b58080d7c617482713045601-640-0.jpg",258,351,false],"large":["https:\/\/biblio1.mdp.edu.ar\/centro-ventas\/wp-content\/uploads\/sites\/2\/2025\/06\/9789502315713-557100b8b58080d7c617482713045601-640-0.jpg",258,351,false],"1536x1536":["https:\/\/biblio1.mdp.edu.ar\/centro-ventas\/wp-content\/uploads\/sites\/2\/2025\/06\/9789502315713-557100b8b58080d7c617482713045601-640-0.jpg",258,351,false],"2048x2048":["https:\/\/biblio1.mdp.edu.ar\/centro-ventas\/wp-content\/uploads\/sites\/2\/2025\/06\/9789502315713-557100b8b58080d7c617482713045601-640-0.jpg",258,351,false],"woocommerce_thumbnail":["https:\/\/biblio1.mdp.edu.ar\/centro-ventas\/wp-content\/uploads\/sites\/2\/2025\/06\/9789502315713-557100b8b58080d7c617482713045601-640-0.jpg",258,351,false],"woocommerce_single":["https:\/\/biblio1.mdp.edu.ar\/centro-ventas\/wp-content\/uploads\/sites\/2\/2025\/06\/9789502315713-557100b8b58080d7c617482713045601-640-0.jpg",258,351,false],"woocommerce_gallery_thumbnail":["https:\/\/biblio1.mdp.edu.ar\/centro-ventas\/wp-content\/uploads\/sites\/2\/2025\/06\/9789502315713-557100b8b58080d7c617482713045601-640-0-100x100.jpg",100,100,true]},"uagb_author_info":{"display_name":"Cristina Bernabe","author_link":"https:\/\/biblio1.mdp.edu.ar\/centro-ventas\/author\/"},"uagb_comment_info":0,"uagb_excerpt":"En esta cuarta edici\u00f3n, ampliada y corregida, el profesor Carlos Elbert ofrece un desarrollo sistematizado de la Criminolog\u00eda, una disciplina cient\u00edfica que acredita ya casi ciento cincuenta a\u00f1os de evoluci\u00f3n turbulenta y hasta contradictoria. Trat\u00e1ndose de un saber interdisciplinario, confluyen en esta intersecci\u00f3n explicativa ciencias y teor\u00edas de muy diversa naturaleza y relevancia, cuyo orden&hellip;","_links":{"self":[{"href":"https:\/\/biblio1.mdp.edu.ar\/centro-ventas\/wp-json\/wp\/v2\/product\/3536","targetHints":{"allow":["GET"]}}],"collection":[{"href":"https:\/\/biblio1.mdp.edu.ar\/centro-ventas\/wp-json\/wp\/v2\/product"}],"about":[{"href":"https:\/\/biblio1.mdp.edu.ar\/centro-ventas\/wp-json\/wp\/v2\/types\/product"}],"wp:featuredmedia":[{"embeddable":true,"href":"https:\/\/biblio1.mdp.edu.ar\/centro-ventas\/wp-json\/wp\/v2\/media\/3538"}],"wp:attachment":[{"href":"https:\/\/biblio1.mdp.edu.ar\/centro-ventas\/wp-json\/wp\/v2\/media?parent=3536"}],"wp:term":[{"taxonomy":"product_cat","embeddable":true,"href":"https:\/\/biblio1.mdp.edu.ar\/centro-ventas\/wp-json\/wp\/v2\/product_cat?post=3536"},{"taxonomy":"product_tag","embeddable":true,"href":"https:\/\/biblio1.mdp.edu.ar\/centro-ventas\/wp-json\/wp\/v2\/product_tag?post=3536"}],"curies":[{"name":"wp","href":"https:\/\/api.w.org\/{rel}","templated":true}]}}