{"id":3535,"date":"2025-06-25T16:18:21","date_gmt":"2025-06-25T19:18:21","guid":{"rendered":"https:\/\/biblio1.mdp.edu.ar\/centro-ventas\/?post_type=product&#038;p=3535"},"modified":"2025-06-25T16:53:10","modified_gmt":"2025-06-25T19:53:10","slug":"la-responsabilidad-de-las-empresas-y-la-tutela-del-consumidor-de-alimentos","status":"publish","type":"product","link":"https:\/\/biblio1.mdp.edu.ar\/centro-ventas\/producto\/la-responsabilidad-de-las-empresas-y-la-tutela-del-consumidor-de-alimentos\/","title":{"rendered":"La responsabilidad de las empresas y la tutela del consumidor de alimentos"},"content":{"rendered":"<div class=\"user-content font-small mb-4\">\n<p><span style=\"font-size: 16px\">Alimentaci\u00f3n&#8230; sin duda un problema sin resolver para el siglo XXI. Un conjunto interdisciplinario de profesores decidimos emprender este trabajo para la tutela del consumidor, posibilitando una explicitaci\u00f3n de sus derechos y en la esperanza de mejorar la calidad de vida de nuestros habitantes.<br \/>\nLa omisi\u00f3n de una legislaci\u00f3n acorde y un adecuado control por el Estado hace m\u00e1s dif\u00edcil esta tarea. De ah\u00ed que fue necesario redoblar el esfuerzo, pero pensamos que entregamos a la comunidad una herramienta \u00fatil, sencilla y adecuada, y sin que esto signifique &#8211; muy lejos de nuestras intenciones- una agresi\u00f3n a las empresas productoras y comercializadoras; por el contrario, tambi\u00e9n ser\u00e1 un arma de defensa contra las competidoras desleales<\/span><\/p>\n<\/div>\n","protected":false},"excerpt":{"rendered":"<p>Alimentaci\u00f3n&#8230; sin duda un problema sin resolver para el siglo XXI. Un conjunto interdisciplinario de profesores decidimos emprender este trabajo para la tutela del consumidor, posibilitando una explicitaci\u00f3n de sus derechos y en la esperanza de mejorar la calidad de vida de nuestros habitantes. La omisi\u00f3n de una legislaci\u00f3n acorde y un adecuado control por [&hellip;]<\/p>\n","protected":false},"featured_media":3539,"template":"","meta":{"_acf_changed":false,"_eb_attr":"","_crdt_document":"","_uag_custom_page_level_css":"","_editorskit_title_hidden":false,"_editorskit_reading_time":0,"_editorskit_is_block_options_detached":false,"_editorskit_block_options_position":"{}","site-sidebar-layout":"default","site-content-layout":"","ast-site-content-layout":"default","site-content-style":"default","site-sidebar-style":"default","ast-global-header-display":"","ast-banner-title-visibility":"","ast-main-header-display":"","ast-hfb-above-header-display":"","ast-hfb-below-header-display":"","ast-hfb-mobile-header-display":"","site-post-title":"","ast-breadcrumbs-content":"","ast-featured-img":"","footer-sml-layout":"","ast-disable-related-posts":"","theme-transparent-header-meta":"default","adv-header-id-meta":"","stick-header-meta":"","header-above-stick-meta":"","header-main-stick-meta":"","header-below-stick-meta":"","astra-migrate-meta-layouts":"set","ast-page-background-enabled":"default","ast-page-background-meta":{"desktop":{"background-color":"var(--ast-global-color-4)","background-image":"","background-repeat":"repeat","background-position":"center center","background-size":"auto","background-attachment":"scroll","background-type":"","background-media":"","overlay-type":"","overlay-color":"","overlay-opacity":"","overlay-gradient":""},"tablet":{"background-color":"","background-image":"","background-repeat":"repeat","background-position":"center center","background-size":"auto","background-attachment":"scroll","background-type":"","background-media":"","overlay-type":"","overlay-color":"","overlay-opacity":"","overlay-gradient":""},"mobile":{"background-color":"","background-image":"","background-repeat":"repeat","background-position":"center center","background-size":"auto","background-attachment":"scroll","background-type":"","background-media":"","overlay-type":"","overlay-color":"","overlay-opacity":"","overlay-gradient":""}},"ast-content-background-meta":{"desktop":{"background-color":"var(--ast-global-color-5)","background-image":"","background-repeat":"repeat","background-position":"center center","background-size":"auto","background-attachment":"scroll","background-type":"","background-media":"","overlay-type":"","overlay-color":"","overlay-opacity":"","overlay-gradient":""},"tablet":{"background-color":"var(--ast-global-color-5)","background-image":"","background-repeat":"repeat","background-position":"center center","background-size":"auto","background-attachment":"scroll","background-type":"","background-media":"","overlay-type":"","overlay-color":"","overlay-opacity":"","overlay-gradient":""},"mobile":{"background-color":"var(--ast-global-color-5)","background-image":"","background-repeat":"repeat","background-position":"center center","background-size":"auto","background-attachment":"scroll","background-type":"","background-media":"","overlay-type":"","overlay-color":"","overlay-opacity":"","overlay-gradient":""}}},"product_cat":[130,28,637],"product_tag":[645,646,647],"class_list":{"0":"post-3535","1":"product","2":"type-product","3":"status-publish","4":"has-post-thumbnail","6":"product_cat-eudeba-libro","7":"product_cat-libro","8":"product_cat-punto-de-venta-derecho","9":"product_tag-alimentos","10":"product_tag-defensa-al-consumidor","11":"product_tag-seguridad-alimentaria","12":"desktop-align-left","13":"tablet-align-left","14":"mobile-align-left","16":"first","17":"instock","18":"shipping-taxable","19":"purchasable","20":"product-type-simple"},"acf":[],"uagb_featured_image_src":{"full":["https:\/\/biblio1.mdp.edu.ar\/centro-ventas\/wp-content\/uploads\/sites\/2\/2025\/06\/D_NQ_NP_638195-MLA49174783995_022022-O.jpg",340,500,false],"thumbnail":["https:\/\/biblio1.mdp.edu.ar\/centro-ventas\/wp-content\/uploads\/sites\/2\/2025\/06\/D_NQ_NP_638195-MLA49174783995_022022-O-150x150.jpg",150,150,true],"medium":["https:\/\/biblio1.mdp.edu.ar\/centro-ventas\/wp-content\/uploads\/sites\/2\/2025\/06\/D_NQ_NP_638195-MLA49174783995_022022-O-204x300.jpg",204,300,true],"medium_large":["https:\/\/biblio1.mdp.edu.ar\/centro-ventas\/wp-content\/uploads\/sites\/2\/2025\/06\/D_NQ_NP_638195-MLA49174783995_022022-O.jpg",340,500,false],"large":["https:\/\/biblio1.mdp.edu.ar\/centro-ventas\/wp-content\/uploads\/sites\/2\/2025\/06\/D_NQ_NP_638195-MLA49174783995_022022-O.jpg",340,500,false],"1536x1536":["https:\/\/biblio1.mdp.edu.ar\/centro-ventas\/wp-content\/uploads\/sites\/2\/2025\/06\/D_NQ_NP_638195-MLA49174783995_022022-O.jpg",340,500,false],"2048x2048":["https:\/\/biblio1.mdp.edu.ar\/centro-ventas\/wp-content\/uploads\/sites\/2\/2025\/06\/D_NQ_NP_638195-MLA49174783995_022022-O.jpg",340,500,false],"woocommerce_thumbnail":["https:\/\/biblio1.mdp.edu.ar\/centro-ventas\/wp-content\/uploads\/sites\/2\/2025\/06\/D_NQ_NP_638195-MLA49174783995_022022-O-300x441.jpg",300,441,true],"woocommerce_single":["https:\/\/biblio1.mdp.edu.ar\/centro-ventas\/wp-content\/uploads\/sites\/2\/2025\/06\/D_NQ_NP_638195-MLA49174783995_022022-O.jpg",340,500,false],"woocommerce_gallery_thumbnail":["https:\/\/biblio1.mdp.edu.ar\/centro-ventas\/wp-content\/uploads\/sites\/2\/2025\/06\/D_NQ_NP_638195-MLA49174783995_022022-O-100x100.jpg",100,100,true]},"uagb_author_info":{"display_name":"Cristina Bernabe","author_link":"https:\/\/biblio1.mdp.edu.ar\/centro-ventas\/author\/"},"uagb_comment_info":0,"uagb_excerpt":"Alimentaci\u00f3n&#8230; sin duda un problema sin resolver para el siglo XXI. Un conjunto interdisciplinario de profesores decidimos emprender este trabajo para la tutela del consumidor, posibilitando una explicitaci\u00f3n de sus derechos y en la esperanza de mejorar la calidad de vida de nuestros habitantes. La omisi\u00f3n de una legislaci\u00f3n acorde y un adecuado control por&hellip;","_links":{"self":[{"href":"https:\/\/biblio1.mdp.edu.ar\/centro-ventas\/wp-json\/wp\/v2\/product\/3535","targetHints":{"allow":["GET"]}}],"collection":[{"href":"https:\/\/biblio1.mdp.edu.ar\/centro-ventas\/wp-json\/wp\/v2\/product"}],"about":[{"href":"https:\/\/biblio1.mdp.edu.ar\/centro-ventas\/wp-json\/wp\/v2\/types\/product"}],"wp:featuredmedia":[{"embeddable":true,"href":"https:\/\/biblio1.mdp.edu.ar\/centro-ventas\/wp-json\/wp\/v2\/media\/3539"}],"wp:attachment":[{"href":"https:\/\/biblio1.mdp.edu.ar\/centro-ventas\/wp-json\/wp\/v2\/media?parent=3535"}],"wp:term":[{"taxonomy":"product_cat","embeddable":true,"href":"https:\/\/biblio1.mdp.edu.ar\/centro-ventas\/wp-json\/wp\/v2\/product_cat?post=3535"},{"taxonomy":"product_tag","embeddable":true,"href":"https:\/\/biblio1.mdp.edu.ar\/centro-ventas\/wp-json\/wp\/v2\/product_tag?post=3535"}],"curies":[{"name":"wp","href":"https:\/\/api.w.org\/{rel}","templated":true}]}}