{"id":3532,"date":"2025-06-19T17:41:35","date_gmt":"2025-06-19T20:41:35","guid":{"rendered":"https:\/\/biblio1.mdp.edu.ar\/centro-ventas\/?post_type=product&#038;p=3532"},"modified":"2025-07-18T13:32:32","modified_gmt":"2025-07-18T16:32:32","slug":"teoria-pura-del-derecho","status":"publish","type":"product","link":"https:\/\/biblio1.mdp.edu.ar\/centro-ventas\/producto\/teoria-pura-del-derecho\/","title":{"rendered":"Teor\u00eda pura del derecho"},"content":{"rendered":"<p>Kelsen se propuso la elaboraci\u00f3n de una teor\u00eda pura del derecho, es decir, una teor\u00eda depurada de toda ideolog\u00eda pol\u00edtica y de todo elemento de las ciencias de la naturaleza equiparable a las otras ciencias morales. La presente edici\u00f3n se basa en la \u00faltima versi\u00f3n de la Teor\u00eda pura del derecho (en idioma franc\u00e9s), corregida y aumentada por el autor. Resulta imprescindible tanto para los estudiantes como para aquellos que desean ahondar sus conocimientos en materia de derecho y en los diversos temas que propone la ciencia jur\u00eddica y la filosof\u00eda del derecho.<\/p>\n","protected":false},"excerpt":{"rendered":"<p>Kelsen se propuso la elaboraci\u00f3n de una teor\u00eda pura del derecho, es decir, una teor\u00eda depurada de toda ideolog\u00eda pol\u00edtica y de todo elemento de las ciencias de la naturaleza equiparable a las otras ciencias morales. La presente edici\u00f3n se basa en la \u00faltima versi\u00f3n de la Teor\u00eda pura del derecho (en idioma franc\u00e9s), corregida [&hellip;]<\/p>\n","protected":false},"featured_media":3533,"template":"","meta":{"_acf_changed":false,"_eb_attr":"","_crdt_document":"","_uag_custom_page_level_css":"","_editorskit_title_hidden":false,"_editorskit_reading_time":0,"_editorskit_is_block_options_detached":false,"_editorskit_block_options_position":"{}","site-sidebar-layout":"default","site-content-layout":"","ast-site-content-layout":"default","site-content-style":"default","site-sidebar-style":"default","ast-global-header-display":"","ast-banner-title-visibility":"","ast-main-header-display":"","ast-hfb-above-header-display":"","ast-hfb-below-header-display":"","ast-hfb-mobile-header-display":"","site-post-title":"","ast-breadcrumbs-content":"","ast-featured-img":"","footer-sml-layout":"","ast-disable-related-posts":"","theme-transparent-header-meta":"default","adv-header-id-meta":"","stick-header-meta":"","header-above-stick-meta":"","header-main-stick-meta":"","header-below-stick-meta":"","astra-migrate-meta-layouts":"set","ast-page-background-enabled":"default","ast-page-background-meta":{"desktop":{"background-color":"var(--ast-global-color-4)","background-image":"","background-repeat":"repeat","background-position":"center center","background-size":"auto","background-attachment":"scroll","background-type":"","background-media":"","overlay-type":"","overlay-color":"","overlay-opacity":"","overlay-gradient":""},"tablet":{"background-color":"","background-image":"","background-repeat":"repeat","background-position":"center center","background-size":"auto","background-attachment":"scroll","background-type":"","background-media":"","overlay-type":"","overlay-color":"","overlay-opacity":"","overlay-gradient":""},"mobile":{"background-color":"","background-image":"","background-repeat":"repeat","background-position":"center center","background-size":"auto","background-attachment":"scroll","background-type":"","background-media":"","overlay-type":"","overlay-color":"","overlay-opacity":"","overlay-gradient":""}},"ast-content-background-meta":{"desktop":{"background-color":"var(--ast-global-color-5)","background-image":"","background-repeat":"repeat","background-position":"center center","background-size":"auto","background-attachment":"scroll","background-type":"","background-media":"","overlay-type":"","overlay-color":"","overlay-opacity":"","overlay-gradient":""},"tablet":{"background-color":"var(--ast-global-color-5)","background-image":"","background-repeat":"repeat","background-position":"center center","background-size":"auto","background-attachment":"scroll","background-type":"","background-media":"","overlay-type":"","overlay-color":"","overlay-opacity":"","overlay-gradient":""},"mobile":{"background-color":"var(--ast-global-color-5)","background-image":"","background-repeat":"repeat","background-position":"center center","background-size":"auto","background-attachment":"scroll","background-type":"","background-media":"","overlay-type":"","overlay-color":"","overlay-opacity":"","overlay-gradient":""}}},"product_cat":[632,130,28,637],"product_tag":[57],"class_list":{"0":"post-3532","1":"product","2":"type-product","3":"status-publish","4":"has-post-thumbnail","6":"product_cat-derecho","7":"product_cat-eudeba-libro","8":"product_cat-libro","9":"product_cat-punto-de-venta-derecho","10":"product_tag-derecho","11":"desktop-align-left","12":"tablet-align-left","13":"mobile-align-left","15":"first","16":"instock","17":"shipping-taxable","18":"purchasable","19":"product-type-simple"},"acf":[],"uagb_featured_image_src":{"full":["https:\/\/biblio1.mdp.edu.ar\/centro-ventas\/wp-content\/uploads\/sites\/2\/2025\/06\/9789502308869-5de6d0592df0986a3f17488188368536-640-0.jpg",550,818,false],"thumbnail":["https:\/\/biblio1.mdp.edu.ar\/centro-ventas\/wp-content\/uploads\/sites\/2\/2025\/06\/9789502308869-5de6d0592df0986a3f17488188368536-640-0-150x150.jpg",150,150,true],"medium":["https:\/\/biblio1.mdp.edu.ar\/centro-ventas\/wp-content\/uploads\/sites\/2\/2025\/06\/9789502308869-5de6d0592df0986a3f17488188368536-640-0-202x300.jpg",202,300,true],"medium_large":["https:\/\/biblio1.mdp.edu.ar\/centro-ventas\/wp-content\/uploads\/sites\/2\/2025\/06\/9789502308869-5de6d0592df0986a3f17488188368536-640-0.jpg",550,818,false],"large":["https:\/\/biblio1.mdp.edu.ar\/centro-ventas\/wp-content\/uploads\/sites\/2\/2025\/06\/9789502308869-5de6d0592df0986a3f17488188368536-640-0.jpg",550,818,false],"1536x1536":["https:\/\/biblio1.mdp.edu.ar\/centro-ventas\/wp-content\/uploads\/sites\/2\/2025\/06\/9789502308869-5de6d0592df0986a3f17488188368536-640-0.jpg",550,818,false],"2048x2048":["https:\/\/biblio1.mdp.edu.ar\/centro-ventas\/wp-content\/uploads\/sites\/2\/2025\/06\/9789502308869-5de6d0592df0986a3f17488188368536-640-0.jpg",550,818,false],"woocommerce_thumbnail":["https:\/\/biblio1.mdp.edu.ar\/centro-ventas\/wp-content\/uploads\/sites\/2\/2025\/06\/9789502308869-5de6d0592df0986a3f17488188368536-640-0-300x446.jpg",300,446,true],"woocommerce_single":["https:\/\/biblio1.mdp.edu.ar\/centro-ventas\/wp-content\/uploads\/sites\/2\/2025\/06\/9789502308869-5de6d0592df0986a3f17488188368536-640-0.jpg",550,818,false],"woocommerce_gallery_thumbnail":["https:\/\/biblio1.mdp.edu.ar\/centro-ventas\/wp-content\/uploads\/sites\/2\/2025\/06\/9789502308869-5de6d0592df0986a3f17488188368536-640-0-100x100.jpg",100,100,true]},"uagb_author_info":{"display_name":"Cristina Bernabe","author_link":"https:\/\/biblio1.mdp.edu.ar\/centro-ventas\/author\/"},"uagb_comment_info":0,"uagb_excerpt":"Kelsen se propuso la elaboraci\u00f3n de una teor\u00eda pura del derecho, es decir, una teor\u00eda depurada de toda ideolog\u00eda pol\u00edtica y de todo elemento de las ciencias de la naturaleza equiparable a las otras ciencias morales. La presente edici\u00f3n se basa en la \u00faltima versi\u00f3n de la Teor\u00eda pura del derecho (en idioma franc\u00e9s), corregida&hellip;","_links":{"self":[{"href":"https:\/\/biblio1.mdp.edu.ar\/centro-ventas\/wp-json\/wp\/v2\/product\/3532","targetHints":{"allow":["GET"]}}],"collection":[{"href":"https:\/\/biblio1.mdp.edu.ar\/centro-ventas\/wp-json\/wp\/v2\/product"}],"about":[{"href":"https:\/\/biblio1.mdp.edu.ar\/centro-ventas\/wp-json\/wp\/v2\/types\/product"}],"wp:featuredmedia":[{"embeddable":true,"href":"https:\/\/biblio1.mdp.edu.ar\/centro-ventas\/wp-json\/wp\/v2\/media\/3533"}],"wp:attachment":[{"href":"https:\/\/biblio1.mdp.edu.ar\/centro-ventas\/wp-json\/wp\/v2\/media?parent=3532"}],"wp:term":[{"taxonomy":"product_cat","embeddable":true,"href":"https:\/\/biblio1.mdp.edu.ar\/centro-ventas\/wp-json\/wp\/v2\/product_cat?post=3532"},{"taxonomy":"product_tag","embeddable":true,"href":"https:\/\/biblio1.mdp.edu.ar\/centro-ventas\/wp-json\/wp\/v2\/product_tag?post=3532"}],"curies":[{"name":"wp","href":"https:\/\/api.w.org\/{rel}","templated":true}]}}