{"id":3526,"date":"2025-06-19T14:17:25","date_gmt":"2025-06-19T17:17:25","guid":{"rendered":"https:\/\/biblio1.mdp.edu.ar\/centro-ventas\/?post_type=product&#038;p=3526"},"modified":"2025-06-19T14:17:30","modified_gmt":"2025-06-19T17:17:30","slug":"las-fuentes-del-derecho-internacional-en-la-era-de-la-globalizacion","status":"publish","type":"product","link":"https:\/\/biblio1.mdp.edu.ar\/centro-ventas\/producto\/las-fuentes-del-derecho-internacional-en-la-era-de-la-globalizacion\/","title":{"rendered":"Las fuentes del derecho internacional en la era de la globalizaci\u00f3n"},"content":{"rendered":"<div class=\"user-content font-small mb-4\">\n<p>El fen\u00f3meno de la globalizaci\u00f3n acent\u00faa la caracter\u00edstica de interdependencia de las relaciones entre los sujetos del orden jur\u00eddico internacional y exige la b\u00fasqueda de mecanismos que faciliten el cumplimiento de las obligaciones por parte de los sujetos del derecho internacional. La globalizaci\u00f3n evidencia tambi\u00e9n una tendencia a la legalidad y a la judicializaci\u00f3n de los conflictos, as\u00ed como a la participaci\u00f3n de una serie de actores no convencionales en las relaciones internacionales que ejercen incidencia en la elaboraci\u00f3n de normas internacionales. Los temas incluidos en este volumen permiten elaborar la cuesti\u00f3n de las fuentes del derecho internacional en contextos cl\u00e1sicos y, al mismo tiempo, de gran vigencia. Esta investigaci\u00f3n fue llevada a cabo en el contexto del Programa UBACyT, en la Facultad de Derecho de la UBA, en el per\u00edodo 2004-2007.<\/p>\n<\/div>\n<div class=\"fb-comments section-fb-comments mb-3 fb_iframe_widget fb_iframe_widget_fluid_desktop\" data-href=\"https:\/\/eudeba.com.ar\/productos\/las-fuentes-del-derecho-internacional-en-la-era-de-la-globalizacion\/\" data-num-posts=\"5\" data-width=\"100%\"><\/div>\n","protected":false},"excerpt":{"rendered":"<p>El fen\u00f3meno de la globalizaci\u00f3n acent\u00faa la caracter\u00edstica de interdependencia de las relaciones entre los sujetos del orden jur\u00eddico internacional y exige la b\u00fasqueda de mecanismos que faciliten el cumplimiento de las obligaciones por parte de los sujetos del derecho internacional. La globalizaci\u00f3n evidencia tambi\u00e9n una tendencia a la legalidad y a la judicializaci\u00f3n de [&hellip;]<\/p>\n","protected":false},"featured_media":3527,"template":"","meta":{"_acf_changed":false,"_eb_attr":"","_crdt_document":"","_uag_custom_page_level_css":"","_editorskit_title_hidden":false,"_editorskit_reading_time":0,"_editorskit_is_block_options_detached":false,"_editorskit_block_options_position":"{}","site-sidebar-layout":"default","site-content-layout":"","ast-site-content-layout":"default","site-content-style":"default","site-sidebar-style":"default","ast-global-header-display":"","ast-banner-title-visibility":"","ast-main-header-display":"","ast-hfb-above-header-display":"","ast-hfb-below-header-display":"","ast-hfb-mobile-header-display":"","site-post-title":"","ast-breadcrumbs-content":"","ast-featured-img":"","footer-sml-layout":"","ast-disable-related-posts":"","theme-transparent-header-meta":"default","adv-header-id-meta":"","stick-header-meta":"","header-above-stick-meta":"","header-main-stick-meta":"","header-below-stick-meta":"","astra-migrate-meta-layouts":"set","ast-page-background-enabled":"default","ast-page-background-meta":{"desktop":{"background-color":"var(--ast-global-color-4)","background-image":"","background-repeat":"repeat","background-position":"center center","background-size":"auto","background-attachment":"scroll","background-type":"","background-media":"","overlay-type":"","overlay-color":"","overlay-opacity":"","overlay-gradient":""},"tablet":{"background-color":"","background-image":"","background-repeat":"repeat","background-position":"center center","background-size":"auto","background-attachment":"scroll","background-type":"","background-media":"","overlay-type":"","overlay-color":"","overlay-opacity":"","overlay-gradient":""},"mobile":{"background-color":"","background-image":"","background-repeat":"repeat","background-position":"center center","background-size":"auto","background-attachment":"scroll","background-type":"","background-media":"","overlay-type":"","overlay-color":"","overlay-opacity":"","overlay-gradient":""}},"ast-content-background-meta":{"desktop":{"background-color":"var(--ast-global-color-5)","background-image":"","background-repeat":"repeat","background-position":"center center","background-size":"auto","background-attachment":"scroll","background-type":"","background-media":"","overlay-type":"","overlay-color":"","overlay-opacity":"","overlay-gradient":""},"tablet":{"background-color":"var(--ast-global-color-5)","background-image":"","background-repeat":"repeat","background-position":"center center","background-size":"auto","background-attachment":"scroll","background-type":"","background-media":"","overlay-type":"","overlay-color":"","overlay-opacity":"","overlay-gradient":""},"mobile":{"background-color":"var(--ast-global-color-5)","background-image":"","background-repeat":"repeat","background-position":"center center","background-size":"auto","background-attachment":"scroll","background-type":"","background-media":"","overlay-type":"","overlay-color":"","overlay-opacity":"","overlay-gradient":""}}},"product_cat":[632,130,28,637],"product_tag":[57,231],"class_list":{"0":"post-3526","1":"product","2":"type-product","3":"status-publish","4":"has-post-thumbnail","6":"product_cat-derecho","7":"product_cat-eudeba-libro","8":"product_cat-libro","9":"product_cat-punto-de-venta-derecho","10":"product_tag-derecho","11":"product_tag-derecho-internacional","12":"desktop-align-left","13":"tablet-align-left","14":"mobile-align-left","16":"first","17":"instock","18":"shipping-taxable","19":"purchasable","20":"product-type-simple"},"acf":[],"uagb_featured_image_src":{"full":["https:\/\/biblio1.mdp.edu.ar\/centro-ventas\/wp-content\/uploads\/sites\/2\/2025\/06\/9789502316642-8a74a5c83eeaae9efa17482704950587-640-0.jpg",466,664,false],"thumbnail":["https:\/\/biblio1.mdp.edu.ar\/centro-ventas\/wp-content\/uploads\/sites\/2\/2025\/06\/9789502316642-8a74a5c83eeaae9efa17482704950587-640-0-150x150.jpg",150,150,true],"medium":["https:\/\/biblio1.mdp.edu.ar\/centro-ventas\/wp-content\/uploads\/sites\/2\/2025\/06\/9789502316642-8a74a5c83eeaae9efa17482704950587-640-0-211x300.jpg",211,300,true],"medium_large":["https:\/\/biblio1.mdp.edu.ar\/centro-ventas\/wp-content\/uploads\/sites\/2\/2025\/06\/9789502316642-8a74a5c83eeaae9efa17482704950587-640-0.jpg",466,664,false],"large":["https:\/\/biblio1.mdp.edu.ar\/centro-ventas\/wp-content\/uploads\/sites\/2\/2025\/06\/9789502316642-8a74a5c83eeaae9efa17482704950587-640-0.jpg",466,664,false],"1536x1536":["https:\/\/biblio1.mdp.edu.ar\/centro-ventas\/wp-content\/uploads\/sites\/2\/2025\/06\/9789502316642-8a74a5c83eeaae9efa17482704950587-640-0.jpg",466,664,false],"2048x2048":["https:\/\/biblio1.mdp.edu.ar\/centro-ventas\/wp-content\/uploads\/sites\/2\/2025\/06\/9789502316642-8a74a5c83eeaae9efa17482704950587-640-0.jpg",466,664,false],"woocommerce_thumbnail":["https:\/\/biblio1.mdp.edu.ar\/centro-ventas\/wp-content\/uploads\/sites\/2\/2025\/06\/9789502316642-8a74a5c83eeaae9efa17482704950587-640-0-300x427.jpg",300,427,true],"woocommerce_single":["https:\/\/biblio1.mdp.edu.ar\/centro-ventas\/wp-content\/uploads\/sites\/2\/2025\/06\/9789502316642-8a74a5c83eeaae9efa17482704950587-640-0.jpg",466,664,false],"woocommerce_gallery_thumbnail":["https:\/\/biblio1.mdp.edu.ar\/centro-ventas\/wp-content\/uploads\/sites\/2\/2025\/06\/9789502316642-8a74a5c83eeaae9efa17482704950587-640-0-100x100.jpg",100,100,true]},"uagb_author_info":{"display_name":"Cristina Bernabe","author_link":"https:\/\/biblio1.mdp.edu.ar\/centro-ventas\/author\/"},"uagb_comment_info":0,"uagb_excerpt":"El fen\u00f3meno de la globalizaci\u00f3n acent\u00faa la caracter\u00edstica de interdependencia de las relaciones entre los sujetos del orden jur\u00eddico internacional y exige la b\u00fasqueda de mecanismos que faciliten el cumplimiento de las obligaciones por parte de los sujetos del derecho internacional. La globalizaci\u00f3n evidencia tambi\u00e9n una tendencia a la legalidad y a la judicializaci\u00f3n de&hellip;","_links":{"self":[{"href":"https:\/\/biblio1.mdp.edu.ar\/centro-ventas\/wp-json\/wp\/v2\/product\/3526","targetHints":{"allow":["GET"]}}],"collection":[{"href":"https:\/\/biblio1.mdp.edu.ar\/centro-ventas\/wp-json\/wp\/v2\/product"}],"about":[{"href":"https:\/\/biblio1.mdp.edu.ar\/centro-ventas\/wp-json\/wp\/v2\/types\/product"}],"wp:featuredmedia":[{"embeddable":true,"href":"https:\/\/biblio1.mdp.edu.ar\/centro-ventas\/wp-json\/wp\/v2\/media\/3527"}],"wp:attachment":[{"href":"https:\/\/biblio1.mdp.edu.ar\/centro-ventas\/wp-json\/wp\/v2\/media?parent=3526"}],"wp:term":[{"taxonomy":"product_cat","embeddable":true,"href":"https:\/\/biblio1.mdp.edu.ar\/centro-ventas\/wp-json\/wp\/v2\/product_cat?post=3526"},{"taxonomy":"product_tag","embeddable":true,"href":"https:\/\/biblio1.mdp.edu.ar\/centro-ventas\/wp-json\/wp\/v2\/product_tag?post=3526"}],"curies":[{"name":"wp","href":"https:\/\/api.w.org\/{rel}","templated":true}]}}