{"id":3499,"date":"2025-05-08T15:23:29","date_gmt":"2025-05-08T18:23:29","guid":{"rendered":"https:\/\/biblio1.mdp.edu.ar\/centro-ventas\/?post_type=product&#038;p=3499"},"modified":"2026-03-30T16:50:23","modified_gmt":"2026-03-30T19:50:23","slug":"la-vida-politica-de-las-casas","status":"publish","type":"product","link":"https:\/\/biblio1.mdp.edu.ar\/centro-ventas\/producto\/la-vida-politica-de-las-casas\/","title":{"rendered":"La vida pol\u00edtica de las casas"},"content":{"rendered":"<div class=\"row\"><\/div>\n<div class=\"row\">\n<div class=\"col-md-7\">\n<p><em>La vida pol\u00edtica de las casas<\/em>\u00a0advierte que, en determinados contextos, las casas no solamente son un espacio de la domesticidad, sino tambi\u00e9n de lo pol\u00edtico. Adem\u00e1s, son un proceso de ensamblaje de materiales, personas y programas.<\/p>\n<p>A trav\u00e9s de un registro etnogr\u00e1fico, el autor aborda la problem\u00e1tica de las casas y su rol en el entramado social de un barrio popular. La urgencia por solucionar el acceso a la vivienda implica un procedimiento constante de vinculaci\u00f3n, de gesti\u00f3n no monetizada de recursos y negociaciones con diferentes personas. Una experiencia que transforma los modos en que se hacen y viven las casas. En este sentido, las pr\u00e1cticas que las configuran proyectan sus fronteras hacia afuera \u2013hacia las redes barriales, los programas estatales, funcionarios\/as\u2013 y redefine sus umbrales hacia adentro \u2013lo que es de uso com\u00fan y comunitario y\/o pol\u00edtico, y lo que es de uso personal y\/o familiar\u2013. Un proceso de mutaci\u00f3n permanente, en donde las decisiones sobre la casa se definen entre diferentes actores.<\/p>\n<p>La idea central que va emergiendo transcurridos los cap\u00edtulos de esta obra es que la casa es un n\u00facleo de productividad pol\u00edtica, especialmente desde la cocina y a partir de las tensiones y negociaciones vinculadas a la lucha por el acceso al h\u00e1bitat.<\/p>\n<\/div>\n<\/div>\n","protected":false},"excerpt":{"rendered":"<p>La vida pol\u00edtica de las casas\u00a0advierte que, en determinados contextos, las casas no solamente son un espacio de la domesticidad, sino tambi\u00e9n de lo pol\u00edtico. Adem\u00e1s, son un proceso de ensamblaje de materiales, personas y programas. A trav\u00e9s de un registro etnogr\u00e1fico, el autor aborda la problem\u00e1tica de las casas y su rol en el [&hellip;]<\/p>\n","protected":false},"featured_media":3500,"template":"","meta":{"_acf_changed":false,"_eb_attr":"","_crdt_document":"","_uag_custom_page_level_css":"","_editorskit_title_hidden":false,"_editorskit_reading_time":0,"_editorskit_is_block_options_detached":false,"_editorskit_block_options_position":"{}","site-sidebar-layout":"default","site-content-layout":"","ast-site-content-layout":"default","site-content-style":"default","site-sidebar-style":"default","ast-global-header-display":"","ast-banner-title-visibility":"","ast-main-header-display":"","ast-hfb-above-header-display":"","ast-hfb-below-header-display":"","ast-hfb-mobile-header-display":"","site-post-title":"","ast-breadcrumbs-content":"","ast-featured-img":"","footer-sml-layout":"","ast-disable-related-posts":"","theme-transparent-header-meta":"default","adv-header-id-meta":"","stick-header-meta":"","header-above-stick-meta":"","header-main-stick-meta":"","header-below-stick-meta":"","astra-migrate-meta-layouts":"set","ast-page-background-enabled":"default","ast-page-background-meta":{"desktop":{"background-color":"var(--ast-global-color-4)","background-image":"","background-repeat":"repeat","background-position":"center center","background-size":"auto","background-attachment":"scroll","background-type":"","background-media":"","overlay-type":"","overlay-color":"","overlay-opacity":"","overlay-gradient":""},"tablet":{"background-color":"","background-image":"","background-repeat":"repeat","background-position":"center center","background-size":"auto","background-attachment":"scroll","background-type":"","background-media":"","overlay-type":"","overlay-color":"","overlay-opacity":"","overlay-gradient":""},"mobile":{"background-color":"","background-image":"","background-repeat":"repeat","background-position":"center center","background-size":"auto","background-attachment":"scroll","background-type":"","background-media":"","overlay-type":"","overlay-color":"","overlay-opacity":"","overlay-gradient":""}},"ast-content-background-meta":{"desktop":{"background-color":"var(--ast-global-color-5)","background-image":"","background-repeat":"repeat","background-position":"center center","background-size":"auto","background-attachment":"scroll","background-type":"","background-media":"","overlay-type":"","overlay-color":"","overlay-opacity":"","overlay-gradient":""},"tablet":{"background-color":"var(--ast-global-color-5)","background-image":"","background-repeat":"repeat","background-position":"center center","background-size":"auto","background-attachment":"scroll","background-type":"","background-media":"","overlay-type":"","overlay-color":"","overlay-opacity":"","overlay-gradient":""},"mobile":{"background-color":"var(--ast-global-color-5)","background-image":"","background-repeat":"repeat","background-position":"center center","background-size":"auto","background-attachment":"scroll","background-type":"","background-media":"","overlay-type":"","overlay-color":"","overlay-opacity":"","overlay-gradient":""}}},"product_cat":[632,32,28,637],"product_tag":[636],"class_list":{"0":"post-3499","1":"product","2":"type-product","3":"status-publish","4":"has-post-thumbnail","6":"product_cat-derecho","7":"product_cat-edudem","8":"product_cat-libro","9":"product_cat-punto-de-venta-derecho","10":"product_tag-derecho-a-la-vivienda","11":"desktop-align-left","12":"tablet-align-left","13":"mobile-align-left","15":"first","16":"instock","17":"shipping-taxable","18":"purchasable","19":"product-type-simple"},"acf":[],"uagb_featured_image_src":{"full":["https:\/\/biblio1.mdp.edu.ar\/centro-ventas\/wp-content\/uploads\/sites\/2\/2025\/05\/04109ffb-7863-4cdc-aa18-f871e50c3e84_cover.jpg",334,512,false],"thumbnail":["https:\/\/biblio1.mdp.edu.ar\/centro-ventas\/wp-content\/uploads\/sites\/2\/2025\/05\/04109ffb-7863-4cdc-aa18-f871e50c3e84_cover-150x150.jpg",150,150,true],"medium":["https:\/\/biblio1.mdp.edu.ar\/centro-ventas\/wp-content\/uploads\/sites\/2\/2025\/05\/04109ffb-7863-4cdc-aa18-f871e50c3e84_cover-196x300.jpg",196,300,true],"medium_large":["https:\/\/biblio1.mdp.edu.ar\/centro-ventas\/wp-content\/uploads\/sites\/2\/2025\/05\/04109ffb-7863-4cdc-aa18-f871e50c3e84_cover.jpg",334,512,false],"large":["https:\/\/biblio1.mdp.edu.ar\/centro-ventas\/wp-content\/uploads\/sites\/2\/2025\/05\/04109ffb-7863-4cdc-aa18-f871e50c3e84_cover.jpg",334,512,false],"1536x1536":["https:\/\/biblio1.mdp.edu.ar\/centro-ventas\/wp-content\/uploads\/sites\/2\/2025\/05\/04109ffb-7863-4cdc-aa18-f871e50c3e84_cover.jpg",334,512,false],"2048x2048":["https:\/\/biblio1.mdp.edu.ar\/centro-ventas\/wp-content\/uploads\/sites\/2\/2025\/05\/04109ffb-7863-4cdc-aa18-f871e50c3e84_cover.jpg",334,512,false],"woocommerce_thumbnail":["https:\/\/biblio1.mdp.edu.ar\/centro-ventas\/wp-content\/uploads\/sites\/2\/2025\/05\/04109ffb-7863-4cdc-aa18-f871e50c3e84_cover-300x460.jpg",300,460,true],"woocommerce_single":["https:\/\/biblio1.mdp.edu.ar\/centro-ventas\/wp-content\/uploads\/sites\/2\/2025\/05\/04109ffb-7863-4cdc-aa18-f871e50c3e84_cover.jpg",334,512,false],"woocommerce_gallery_thumbnail":["https:\/\/biblio1.mdp.edu.ar\/centro-ventas\/wp-content\/uploads\/sites\/2\/2025\/05\/04109ffb-7863-4cdc-aa18-f871e50c3e84_cover-100x100.jpg",100,100,true]},"uagb_author_info":{"display_name":"Cristina Bernabe","author_link":"https:\/\/biblio1.mdp.edu.ar\/centro-ventas\/author\/"},"uagb_comment_info":0,"uagb_excerpt":"La vida pol\u00edtica de las casas\u00a0advierte que, en determinados contextos, las casas no solamente son un espacio de la domesticidad, sino tambi\u00e9n de lo pol\u00edtico. Adem\u00e1s, son un proceso de ensamblaje de materiales, personas y programas. A trav\u00e9s de un registro etnogr\u00e1fico, el autor aborda la problem\u00e1tica de las casas y su rol en el&hellip;","_links":{"self":[{"href":"https:\/\/biblio1.mdp.edu.ar\/centro-ventas\/wp-json\/wp\/v2\/product\/3499","targetHints":{"allow":["GET"]}}],"collection":[{"href":"https:\/\/biblio1.mdp.edu.ar\/centro-ventas\/wp-json\/wp\/v2\/product"}],"about":[{"href":"https:\/\/biblio1.mdp.edu.ar\/centro-ventas\/wp-json\/wp\/v2\/types\/product"}],"wp:featuredmedia":[{"embeddable":true,"href":"https:\/\/biblio1.mdp.edu.ar\/centro-ventas\/wp-json\/wp\/v2\/media\/3500"}],"wp:attachment":[{"href":"https:\/\/biblio1.mdp.edu.ar\/centro-ventas\/wp-json\/wp\/v2\/media?parent=3499"}],"wp:term":[{"taxonomy":"product_cat","embeddable":true,"href":"https:\/\/biblio1.mdp.edu.ar\/centro-ventas\/wp-json\/wp\/v2\/product_cat?post=3499"},{"taxonomy":"product_tag","embeddable":true,"href":"https:\/\/biblio1.mdp.edu.ar\/centro-ventas\/wp-json\/wp\/v2\/product_tag?post=3499"}],"curies":[{"name":"wp","href":"https:\/\/api.w.org\/{rel}","templated":true}]}}