{"id":3497,"date":"2025-05-08T15:19:23","date_gmt":"2025-05-08T18:19:23","guid":{"rendered":"https:\/\/biblio1.mdp.edu.ar\/centro-ventas\/?post_type=product&#038;p=3497"},"modified":"2026-03-30T17:09:14","modified_gmt":"2026-03-30T20:09:14","slug":"mediar-y-juzgar","status":"publish","type":"product","link":"https:\/\/biblio1.mdp.edu.ar\/centro-ventas\/producto\/mediar-y-juzgar\/","title":{"rendered":"Mediar y juzgar"},"content":{"rendered":"<div class=\"row\">\n<div class=\"col-md-7\"><\/div>\n<\/div>\n<div class=\"row\">\n<div class=\"col-md-7\">\n<p>El libro nos lleva a un recorrido hist\u00f3rico dedicado a conocer d\u00f3nde y c\u00f3mo pod\u00edan reclamar justicia los hombres y mujeres que habitaban en Mar del Plata. El crecimiento de la poblaci\u00f3n -permanente y veraniega- y de la actividad comercial, productiva e inmobiliaria, gener\u00f3 conflictos dentro de una sociedad que intentaba adaptarse a cambios vertiginosos. En algunos casos, estas situaciones conflictivas tuvieron que buscar soluci\u00f3n en las distintas instancias y competencias judiciales.<\/p>\n<p>El juzgado de paz lego funcion\u00f3 durante un siglo, brindando a la comunidad la justicia de cercan\u00eda, pero las causas m\u00e1s complejas deb\u00edan tramitarse en la ciudad de Dolores, a una distancia de doscientos kil\u00f3metros, en tiempos en los que se sucedieron las carretas, el ferrocarril, los colectivos y los autom\u00f3viles. No fue hasta 1948 que fueron instituidos los Tribunales del Trabajo y en 1955 se inauguraron los tribunales del Departamento Judicial Mar del Plata.<\/p>\n<p>Este trabajo de investigaci\u00f3n colectiva, realizado por iniciativa de la Suprema Corte de la provincia de Buenos Aires, ofrece una visi\u00f3n integral y compleja a escala local, de la configuraci\u00f3n y el funcionamiento de las instituciones judiciales, siempre enlazadas con los procesos pol\u00edticos, sociales, econ\u00f3micos y culturales que se desarrollaron en la ciudad costera.<\/p>\n<p>&nbsp;<\/p>\n<\/div>\n<\/div>\n","protected":false},"excerpt":{"rendered":"<p>El libro nos lleva a un recorrido hist\u00f3rico dedicado a conocer d\u00f3nde y c\u00f3mo pod\u00edan reclamar justicia los hombres y mujeres que habitaban en Mar del Plata. El crecimiento de la poblaci\u00f3n -permanente y veraniega- y de la actividad comercial, productiva e inmobiliaria, gener\u00f3 conflictos dentro de una sociedad que intentaba adaptarse a cambios vertiginosos. [&hellip;]<\/p>\n","protected":false},"featured_media":3498,"template":"","meta":{"_acf_changed":false,"_eb_attr":"","_crdt_document":"","_uag_custom_page_level_css":"","_editorskit_title_hidden":false,"_editorskit_reading_time":0,"_editorskit_is_block_options_detached":false,"_editorskit_block_options_position":"{}","site-sidebar-layout":"default","site-content-layout":"","ast-site-content-layout":"default","site-content-style":"default","site-sidebar-style":"default","ast-global-header-display":"","ast-banner-title-visibility":"","ast-main-header-display":"","ast-hfb-above-header-display":"","ast-hfb-below-header-display":"","ast-hfb-mobile-header-display":"","site-post-title":"","ast-breadcrumbs-content":"","ast-featured-img":"","footer-sml-layout":"","ast-disable-related-posts":"","theme-transparent-header-meta":"default","adv-header-id-meta":"","stick-header-meta":"","header-above-stick-meta":"","header-main-stick-meta":"","header-below-stick-meta":"","astra-migrate-meta-layouts":"set","ast-page-background-enabled":"default","ast-page-background-meta":{"desktop":{"background-color":"var(--ast-global-color-4)","background-image":"","background-repeat":"repeat","background-position":"center center","background-size":"auto","background-attachment":"scroll","background-type":"","background-media":"","overlay-type":"","overlay-color":"","overlay-opacity":"","overlay-gradient":""},"tablet":{"background-color":"","background-image":"","background-repeat":"repeat","background-position":"center center","background-size":"auto","background-attachment":"scroll","background-type":"","background-media":"","overlay-type":"","overlay-color":"","overlay-opacity":"","overlay-gradient":""},"mobile":{"background-color":"","background-image":"","background-repeat":"repeat","background-position":"center center","background-size":"auto","background-attachment":"scroll","background-type":"","background-media":"","overlay-type":"","overlay-color":"","overlay-opacity":"","overlay-gradient":""}},"ast-content-background-meta":{"desktop":{"background-color":"var(--ast-global-color-5)","background-image":"","background-repeat":"repeat","background-position":"center center","background-size":"auto","background-attachment":"scroll","background-type":"","background-media":"","overlay-type":"","overlay-color":"","overlay-opacity":"","overlay-gradient":""},"tablet":{"background-color":"var(--ast-global-color-5)","background-image":"","background-repeat":"repeat","background-position":"center center","background-size":"auto","background-attachment":"scroll","background-type":"","background-media":"","overlay-type":"","overlay-color":"","overlay-opacity":"","overlay-gradient":""},"mobile":{"background-color":"var(--ast-global-color-5)","background-image":"","background-repeat":"repeat","background-position":"center center","background-size":"auto","background-attachment":"scroll","background-type":"","background-media":"","overlay-type":"","overlay-color":"","overlay-opacity":"","overlay-gradient":""}}},"product_cat":[632,32,635,28,167,637],"product_tag":[57,650],"class_list":{"0":"post-3497","1":"product","2":"type-product","3":"status-publish","4":"has-post-thumbnail","6":"product_cat-derecho","7":"product_cat-edudem","8":"product_cat-historia","9":"product_cat-libro","10":"product_cat-mar-del-plata","11":"product_cat-punto-de-venta-derecho","12":"product_tag-derecho","13":"product_tag-mediacion","14":"desktop-align-left","15":"tablet-align-left","16":"mobile-align-left","18":"first","19":"instock","20":"shipping-taxable","21":"purchasable","22":"product-type-simple"},"acf":[],"uagb_featured_image_src":{"full":["https:\/\/biblio1.mdp.edu.ar\/centro-ventas\/wp-content\/uploads\/sites\/2\/2025\/05\/Mediar-y-juzgar-para-web.jpg",1352,2056,false],"thumbnail":["https:\/\/biblio1.mdp.edu.ar\/centro-ventas\/wp-content\/uploads\/sites\/2\/2025\/05\/Mediar-y-juzgar-para-web-150x150.jpg",150,150,true],"medium":["https:\/\/biblio1.mdp.edu.ar\/centro-ventas\/wp-content\/uploads\/sites\/2\/2025\/05\/Mediar-y-juzgar-para-web-197x300.jpg",197,300,true],"medium_large":["https:\/\/biblio1.mdp.edu.ar\/centro-ventas\/wp-content\/uploads\/sites\/2\/2025\/05\/Mediar-y-juzgar-para-web-768x1168.jpg",768,1168,true],"large":["https:\/\/biblio1.mdp.edu.ar\/centro-ventas\/wp-content\/uploads\/sites\/2\/2025\/05\/Mediar-y-juzgar-para-web-673x1024.jpg",673,1024,true],"1536x1536":["https:\/\/biblio1.mdp.edu.ar\/centro-ventas\/wp-content\/uploads\/sites\/2\/2025\/05\/Mediar-y-juzgar-para-web-1010x1536.jpg",1010,1536,true],"2048x2048":["https:\/\/biblio1.mdp.edu.ar\/centro-ventas\/wp-content\/uploads\/sites\/2\/2025\/05\/Mediar-y-juzgar-para-web-1347x2048.jpg",1347,2048,true],"woocommerce_thumbnail":["https:\/\/biblio1.mdp.edu.ar\/centro-ventas\/wp-content\/uploads\/sites\/2\/2025\/05\/Mediar-y-juzgar-para-web-300x456.jpg",300,456,true],"woocommerce_single":["https:\/\/biblio1.mdp.edu.ar\/centro-ventas\/wp-content\/uploads\/sites\/2\/2025\/05\/Mediar-y-juzgar-para-web-600x912.jpg",600,912,true],"woocommerce_gallery_thumbnail":["https:\/\/biblio1.mdp.edu.ar\/centro-ventas\/wp-content\/uploads\/sites\/2\/2025\/05\/Mediar-y-juzgar-para-web-100x100.jpg",100,100,true]},"uagb_author_info":{"display_name":"Cristina Bernabe","author_link":"https:\/\/biblio1.mdp.edu.ar\/centro-ventas\/author\/"},"uagb_comment_info":0,"uagb_excerpt":"El libro nos lleva a un recorrido hist\u00f3rico dedicado a conocer d\u00f3nde y c\u00f3mo pod\u00edan reclamar justicia los hombres y mujeres que habitaban en Mar del Plata. El crecimiento de la poblaci\u00f3n -permanente y veraniega- y de la actividad comercial, productiva e inmobiliaria, gener\u00f3 conflictos dentro de una sociedad que intentaba adaptarse a cambios vertiginosos.&hellip;","_links":{"self":[{"href":"https:\/\/biblio1.mdp.edu.ar\/centro-ventas\/wp-json\/wp\/v2\/product\/3497","targetHints":{"allow":["GET"]}}],"collection":[{"href":"https:\/\/biblio1.mdp.edu.ar\/centro-ventas\/wp-json\/wp\/v2\/product"}],"about":[{"href":"https:\/\/biblio1.mdp.edu.ar\/centro-ventas\/wp-json\/wp\/v2\/types\/product"}],"wp:featuredmedia":[{"embeddable":true,"href":"https:\/\/biblio1.mdp.edu.ar\/centro-ventas\/wp-json\/wp\/v2\/media\/3498"}],"wp:attachment":[{"href":"https:\/\/biblio1.mdp.edu.ar\/centro-ventas\/wp-json\/wp\/v2\/media?parent=3497"}],"wp:term":[{"taxonomy":"product_cat","embeddable":true,"href":"https:\/\/biblio1.mdp.edu.ar\/centro-ventas\/wp-json\/wp\/v2\/product_cat?post=3497"},{"taxonomy":"product_tag","embeddable":true,"href":"https:\/\/biblio1.mdp.edu.ar\/centro-ventas\/wp-json\/wp\/v2\/product_tag?post=3497"}],"curies":[{"name":"wp","href":"https:\/\/api.w.org\/{rel}","templated":true}]}}