{"id":3490,"date":"2025-04-24T15:25:44","date_gmt":"2025-04-24T18:25:44","guid":{"rendered":"https:\/\/biblio1.mdp.edu.ar\/centro-ventas\/?post_type=product&#038;p=3490"},"modified":"2025-06-25T16:55:00","modified_gmt":"2025-06-25T19:55:00","slug":"tratado-de-la-posesion","status":"publish","type":"product","link":"https:\/\/biblio1.mdp.edu.ar\/centro-ventas\/producto\/tratado-de-la-posesion\/","title":{"rendered":"Tratado de la posesi\u00f3n"},"content":{"rendered":"<div class=\"elementor-element elementor-element-74a317e8 elementor-widget elementor-widget-woocommerce-product-title elementor-page-title elementor-widget-heading\" data-id=\"74a317e8\" data-element_type=\"widget\" data-widget_type=\"woocommerce-product-title.default\">\n<div class=\"elementor-widget-container\"><\/div>\n<\/div>\n<div class=\"elementor-element elementor-element-d146a45 elementor-widget elementor-widget-woocommerce-product-short-description\" data-id=\"d146a45\" data-element_type=\"widget\" data-widget_type=\"woocommerce-product-short-description.default\">\n<div class=\"elementor-widget-container\">\n<div class=\"woocommerce-product-details__short-description\">\n<p><span style=\"font-size: 16px\">En El tratado de la posesi\u00f3n Friedrich Karl Von Savigny aborda con gran maestr\u00eda y habilidad las diversas cuestiones que suscita el estudio de la posesi\u00f3n, partiendo del propio concepto y naturaleza del instituto; la diversidad terminol\u00f3gica que al respecto exhiben las fuentes romanas; modos de adquisici\u00f3n y p\u00e9rdida de la misma; figuras at\u00edpicas de posesi\u00f3n contempladas y reconocidas ya desde la \u00e9poca cl\u00e1sica, hasta llegar a los medios de tutela previstos por el ordenamiento jur\u00eddico romano, para concluir con una breve referencia a la evoluci\u00f3n de la figura en el derecho posterior.<\/span><\/p>\n<p>Toda posesi\u00f3n, sostiene Savigny, se basa en la convicci\u00f3n de un poder ilimitado de disponer f\u00edsicamente de la cosa. Para que esta convicci\u00f3n se produzca, es necesaria la voluntad de tener la cosa como propia: animus; al mismo tiempo son necesarios los elementos materiales constitutivos de ese poder de disponer del que el poseedor debe tener convicci\u00f3n: corpus. La continuaci\u00f3n de la posesi\u00f3n resulta de la continuaci\u00f3n de las mismas condiciones que dieron lugar a su adquisici\u00f3n: corpore et animo; pero es claro que para esta continuaci\u00f3n no es preciso siempre ese poder f\u00edsico inmediato que es indispensable para la adquisici\u00f3n primera; es suficiente que se lo pueda reproducir a voluntad. He ah\u00ed porque la posesi\u00f3n, una vez adquirida, no se pierde por el solo alejamiento, y sin embargo, la relaci\u00f3n f\u00edsica en la cual se encuentra entonces respecto de esta cosa no ser\u00eda suficiente para hacer adquirir en principio la posesi\u00f3n.<\/p>\n<\/div>\n<\/div>\n<\/div>\n","protected":false},"excerpt":{"rendered":"<p>En El tratado de la posesi\u00f3n Friedrich Karl Von Savigny aborda con gran maestr\u00eda y habilidad las diversas cuestiones que suscita el estudio de la posesi\u00f3n, partiendo del propio concepto y naturaleza del instituto; la diversidad terminol\u00f3gica que al respecto exhiben las fuentes romanas; modos de adquisici\u00f3n y p\u00e9rdida de la misma; figuras at\u00edpicas de [&hellip;]<\/p>\n","protected":false},"featured_media":3491,"template":"","meta":{"_acf_changed":false,"_eb_attr":"","_crdt_document":"","_uag_custom_page_level_css":"","_editorskit_title_hidden":false,"_editorskit_reading_time":0,"_editorskit_is_block_options_detached":false,"_editorskit_block_options_position":"{}","site-sidebar-layout":"default","site-content-layout":"","ast-site-content-layout":"default","site-content-style":"default","site-sidebar-style":"default","ast-global-header-display":"","ast-banner-title-visibility":"","ast-main-header-display":"","ast-hfb-above-header-display":"","ast-hfb-below-header-display":"","ast-hfb-mobile-header-display":"","site-post-title":"","ast-breadcrumbs-content":"","ast-featured-img":"","footer-sml-layout":"","ast-disable-related-posts":"","theme-transparent-header-meta":"default","adv-header-id-meta":"","stick-header-meta":"","header-above-stick-meta":"","header-main-stick-meta":"","header-below-stick-meta":"","astra-migrate-meta-layouts":"set","ast-page-background-enabled":"default","ast-page-background-meta":{"desktop":{"background-color":"var(--ast-global-color-4)","background-image":"","background-repeat":"repeat","background-position":"center center","background-size":"auto","background-attachment":"scroll","background-type":"","background-media":"","overlay-type":"","overlay-color":"","overlay-opacity":"","overlay-gradient":""},"tablet":{"background-color":"","background-image":"","background-repeat":"repeat","background-position":"center center","background-size":"auto","background-attachment":"scroll","background-type":"","background-media":"","overlay-type":"","overlay-color":"","overlay-opacity":"","overlay-gradient":""},"mobile":{"background-color":"","background-image":"","background-repeat":"repeat","background-position":"center center","background-size":"auto","background-attachment":"scroll","background-type":"","background-media":"","overlay-type":"","overlay-color":"","overlay-opacity":"","overlay-gradient":""}},"ast-content-background-meta":{"desktop":{"background-color":"var(--ast-global-color-5)","background-image":"","background-repeat":"repeat","background-position":"center center","background-size":"auto","background-attachment":"scroll","background-type":"","background-media":"","overlay-type":"","overlay-color":"","overlay-opacity":"","overlay-gradient":""},"tablet":{"background-color":"var(--ast-global-color-5)","background-image":"","background-repeat":"repeat","background-position":"center center","background-size":"auto","background-attachment":"scroll","background-type":"","background-media":"","overlay-type":"","overlay-color":"","overlay-opacity":"","overlay-gradient":""},"mobile":{"background-color":"var(--ast-global-color-5)","background-image":"","background-repeat":"repeat","background-position":"center center","background-size":"auto","background-attachment":"scroll","background-type":"","background-media":"","overlay-type":"","overlay-color":"","overlay-opacity":"","overlay-gradient":""}}},"product_cat":[632,28,637],"product_tag":[57],"class_list":{"0":"post-3490","1":"product","2":"type-product","3":"status-publish","4":"has-post-thumbnail","6":"product_cat-derecho","7":"product_cat-libro","8":"product_cat-punto-de-venta-derecho","9":"product_tag-derecho","10":"desktop-align-left","11":"tablet-align-left","12":"mobile-align-left","14":"first","15":"instock","16":"shipping-taxable","17":"purchasable","18":"product-type-simple"},"acf":[],"uagb_featured_image_src":{"full":["https:\/\/biblio1.mdp.edu.ar\/centro-ventas\/wp-content\/uploads\/sites\/2\/2025\/04\/IMG_20250424_134807-scaled.jpg",1810,2560,false],"thumbnail":["https:\/\/biblio1.mdp.edu.ar\/centro-ventas\/wp-content\/uploads\/sites\/2\/2025\/04\/IMG_20250424_134807-150x150.jpg",150,150,true],"medium":["https:\/\/biblio1.mdp.edu.ar\/centro-ventas\/wp-content\/uploads\/sites\/2\/2025\/04\/IMG_20250424_134807-212x300.jpg",212,300,true],"medium_large":["https:\/\/biblio1.mdp.edu.ar\/centro-ventas\/wp-content\/uploads\/sites\/2\/2025\/04\/IMG_20250424_134807-768x1086.jpg",768,1086,true],"large":["https:\/\/biblio1.mdp.edu.ar\/centro-ventas\/wp-content\/uploads\/sites\/2\/2025\/04\/IMG_20250424_134807-724x1024.jpg",724,1024,true],"1536x1536":["https:\/\/biblio1.mdp.edu.ar\/centro-ventas\/wp-content\/uploads\/sites\/2\/2025\/04\/IMG_20250424_134807-1086x1536.jpg",1086,1536,true],"2048x2048":["https:\/\/biblio1.mdp.edu.ar\/centro-ventas\/wp-content\/uploads\/sites\/2\/2025\/04\/IMG_20250424_134807-1448x2048.jpg",1448,2048,true],"woocommerce_thumbnail":["https:\/\/biblio1.mdp.edu.ar\/centro-ventas\/wp-content\/uploads\/sites\/2\/2025\/04\/IMG_20250424_134807-300x424.jpg",300,424,true],"woocommerce_single":["https:\/\/biblio1.mdp.edu.ar\/centro-ventas\/wp-content\/uploads\/sites\/2\/2025\/04\/IMG_20250424_134807-600x849.jpg",600,849,true],"woocommerce_gallery_thumbnail":["https:\/\/biblio1.mdp.edu.ar\/centro-ventas\/wp-content\/uploads\/sites\/2\/2025\/04\/IMG_20250424_134807-100x100.jpg",100,100,true]},"uagb_author_info":{"display_name":"Cristina Bernabe","author_link":"https:\/\/biblio1.mdp.edu.ar\/centro-ventas\/author\/"},"uagb_comment_info":0,"uagb_excerpt":"En El tratado de la posesi\u00f3n Friedrich Karl Von Savigny aborda con gran maestr\u00eda y habilidad las diversas cuestiones que suscita el estudio de la posesi\u00f3n, partiendo del propio concepto y naturaleza del instituto; la diversidad terminol\u00f3gica que al respecto exhiben las fuentes romanas; modos de adquisici\u00f3n y p\u00e9rdida de la misma; figuras at\u00edpicas de&hellip;","_links":{"self":[{"href":"https:\/\/biblio1.mdp.edu.ar\/centro-ventas\/wp-json\/wp\/v2\/product\/3490","targetHints":{"allow":["GET"]}}],"collection":[{"href":"https:\/\/biblio1.mdp.edu.ar\/centro-ventas\/wp-json\/wp\/v2\/product"}],"about":[{"href":"https:\/\/biblio1.mdp.edu.ar\/centro-ventas\/wp-json\/wp\/v2\/types\/product"}],"wp:featuredmedia":[{"embeddable":true,"href":"https:\/\/biblio1.mdp.edu.ar\/centro-ventas\/wp-json\/wp\/v2\/media\/3491"}],"wp:attachment":[{"href":"https:\/\/biblio1.mdp.edu.ar\/centro-ventas\/wp-json\/wp\/v2\/media?parent=3490"}],"wp:term":[{"taxonomy":"product_cat","embeddable":true,"href":"https:\/\/biblio1.mdp.edu.ar\/centro-ventas\/wp-json\/wp\/v2\/product_cat?post=3490"},{"taxonomy":"product_tag","embeddable":true,"href":"https:\/\/biblio1.mdp.edu.ar\/centro-ventas\/wp-json\/wp\/v2\/product_tag?post=3490"}],"curies":[{"name":"wp","href":"https:\/\/api.w.org\/{rel}","templated":true}]}}