{"id":346,"date":"2018-06-07T12:24:34","date_gmt":"2018-06-07T15:24:34","guid":{"rendered":"http:\/\/biblio1.mdp.edu.ar\/centro-ventas\/producto\/import-placeholder-for-212\/"},"modified":"2026-04-01T14:58:56","modified_gmt":"2026-04-01T17:58:56","slug":"trabajo-infantil-y-estrategias-familiares-en-mar-del-plata","status":"publish","type":"product","link":"https:\/\/biblio1.mdp.edu.ar\/centro-ventas\/producto\/trabajo-infantil-y-estrategias-familiares-en-mar-del-plata\/","title":{"rendered":"Trabajo infantil y estrategias familiares en Mar Del Plata"},"content":{"rendered":"<p>El libro aborda la problem\u00e1tica del trabajo infantil en la zona puerto-sur de la ciudad de Mar del Plata. El esfuerzo est\u00e1 puesto en el intento por distanciarnos de las miradas s\u00f3lo ligadas a lo legal-normativo y acercarnos a una comprensi\u00f3n que contemple las condiciones que hacen posible la incorporaci\u00f3n de ni\u00f1as, ni\u00f1os y adolescentes a pr\u00e1cticas laborales en<br \/>\neste espacio, geogr\u00e1fico y temporalmente definido.<br \/>\nPor ello, proponemos adentrarnos en los condicionantes objetivos que posibilitan la emergencia y la instalaci\u00f3n de la problem\u00e1tica. Aqu\u00ed, encontramos principalmente las situaciones de precariedad, informalidad y vulnerabilidad en las que se encuentran los grupos familiares en un sector en el que resulta predominante el empleo en la industria pesquera y sus derivados.<\/p>\n","protected":false},"excerpt":{"rendered":"<p>El libro aborda la problem\u00e1tica del trabajo infantil en la zona puerto-sur de la ciudad de Mar del Plata. El esfuerzo est\u00e1 puesto en el intento por distanciarnos de las miradas s\u00f3lo ligadas a lo legal-normativo y acercarnos a una comprensi\u00f3n que contemple las condiciones que hacen posible la incorporaci\u00f3n de ni\u00f1as, ni\u00f1os y adolescentes [&hellip;]<\/p>\n","protected":false},"featured_media":374,"template":"","meta":{"_acf_changed":false,"_eb_attr":"","_crdt_document":"","_uag_custom_page_level_css":"","_editorskit_title_hidden":false,"_editorskit_reading_time":0,"_editorskit_is_block_options_detached":false,"_editorskit_block_options_position":"{}","site-sidebar-layout":"default","site-content-layout":"default","ast-site-content-layout":"default","site-content-style":"default","site-sidebar-style":"default","ast-global-header-display":"","ast-banner-title-visibility":"","ast-main-header-display":"","ast-hfb-above-header-display":"","ast-hfb-below-header-display":"","ast-hfb-mobile-header-display":"","site-post-title":"","ast-breadcrumbs-content":"","ast-featured-img":"","footer-sml-layout":"","ast-disable-related-posts":"","theme-transparent-header-meta":"default","adv-header-id-meta":"","stick-header-meta":"","header-above-stick-meta":"","header-main-stick-meta":"","header-below-stick-meta":"","astra-migrate-meta-layouts":"default","ast-page-background-enabled":"default","ast-page-background-meta":{"desktop":{"background-color":"var(--ast-global-color-4)","background-image":"","background-repeat":"repeat","background-position":"center center","background-size":"auto","background-attachment":"scroll","background-type":"","background-media":"","overlay-type":"","overlay-color":"","overlay-opacity":"","overlay-gradient":""},"tablet":{"background-color":"","background-image":"","background-repeat":"repeat","background-position":"center center","background-size":"auto","background-attachment":"scroll","background-type":"","background-media":"","overlay-type":"","overlay-color":"","overlay-opacity":"","overlay-gradient":""},"mobile":{"background-color":"","background-image":"","background-repeat":"repeat","background-position":"center center","background-size":"auto","background-attachment":"scroll","background-type":"","background-media":"","overlay-type":"","overlay-color":"","overlay-opacity":"","overlay-gradient":""}},"ast-content-background-meta":{"desktop":{"background-color":"var(--ast-global-color-5)","background-image":"","background-repeat":"repeat","background-position":"center center","background-size":"auto","background-attachment":"scroll","background-type":"","background-media":"","overlay-type":"","overlay-color":"","overlay-opacity":"","overlay-gradient":""},"tablet":{"background-color":"var(--ast-global-color-5)","background-image":"","background-repeat":"repeat","background-position":"center center","background-size":"auto","background-attachment":"scroll","background-type":"","background-media":"","overlay-type":"","overlay-color":"","overlay-opacity":"","overlay-gradient":""},"mobile":{"background-color":"var(--ast-global-color-5)","background-image":"","background-repeat":"repeat","background-position":"center center","background-size":"auto","background-attachment":"scroll","background-type":"","background-media":"","overlay-type":"","overlay-color":"","overlay-opacity":"","overlay-gradient":""}}},"product_cat":[32,28,186],"product_tag":[24],"class_list":{"0":"post-346","1":"product","2":"type-product","3":"status-publish","4":"has-post-thumbnail","6":"product_cat-edudem","7":"product_cat-libro","8":"product_cat-serie-trames","9":"product_tag-trames","10":"desktop-align-left","11":"tablet-align-left","12":"mobile-align-left","14":"first","15":"instock","16":"shipping-taxable","17":"purchasable","18":"product-type-simple"},"acf":[],"uagb_featured_image_src":{"full":["https:\/\/biblio1.mdp.edu.ar\/centro-ventas\/wp-content\/uploads\/sites\/2\/2018\/06\/Sin-t\u00edtulo-1-1.jpg",3571,4999,false],"thumbnail":["https:\/\/biblio1.mdp.edu.ar\/centro-ventas\/wp-content\/uploads\/sites\/2\/2018\/06\/Sin-t\u00edtulo-1-1-150x150.jpg",150,150,true],"medium":["https:\/\/biblio1.mdp.edu.ar\/centro-ventas\/wp-content\/uploads\/sites\/2\/2018\/06\/Sin-t\u00edtulo-1-1-214x300.jpg",214,300,true],"medium_large":["https:\/\/biblio1.mdp.edu.ar\/centro-ventas\/wp-content\/uploads\/sites\/2\/2018\/06\/Sin-t\u00edtulo-1-1-768x1075.jpg",768,1075,true],"large":["https:\/\/biblio1.mdp.edu.ar\/centro-ventas\/wp-content\/uploads\/sites\/2\/2018\/06\/Sin-t\u00edtulo-1-1-731x1024.jpg",731,1024,true],"1536x1536":["https:\/\/biblio1.mdp.edu.ar\/centro-ventas\/wp-content\/uploads\/sites\/2\/2018\/06\/Sin-t\u00edtulo-1-1.jpg",1097,1536,false],"2048x2048":["https:\/\/biblio1.mdp.edu.ar\/centro-ventas\/wp-content\/uploads\/sites\/2\/2018\/06\/Sin-t\u00edtulo-1-1.jpg",1463,2048,false],"woocommerce_thumbnail":["https:\/\/biblio1.mdp.edu.ar\/centro-ventas\/wp-content\/uploads\/sites\/2\/2018\/06\/Sin-t\u00edtulo-1-1-250x350.jpg",250,350,true],"woocommerce_single":["https:\/\/biblio1.mdp.edu.ar\/centro-ventas\/wp-content\/uploads\/sites\/2\/2018\/06\/Sin-t\u00edtulo-1-1-731x1024.jpg",600,840,true],"woocommerce_gallery_thumbnail":["https:\/\/biblio1.mdp.edu.ar\/centro-ventas\/wp-content\/uploads\/sites\/2\/2018\/06\/Sin-t\u00edtulo-1-1-100x100.jpg",100,100,true]},"uagb_author_info":{"display_name":"Castorina Jorge","author_link":"https:\/\/biblio1.mdp.edu.ar\/centro-ventas\/author\/"},"uagb_comment_info":0,"uagb_excerpt":"El libro aborda la problem\u00e1tica del trabajo infantil en la zona puerto-sur de la ciudad de Mar del Plata. El esfuerzo est\u00e1 puesto en el intento por distanciarnos de las miradas s\u00f3lo ligadas a lo legal-normativo y acercarnos a una comprensi\u00f3n que contemple las condiciones que hacen posible la incorporaci\u00f3n de ni\u00f1as, ni\u00f1os y adolescentes&hellip;","_links":{"self":[{"href":"https:\/\/biblio1.mdp.edu.ar\/centro-ventas\/wp-json\/wp\/v2\/product\/346","targetHints":{"allow":["GET"]}}],"collection":[{"href":"https:\/\/biblio1.mdp.edu.ar\/centro-ventas\/wp-json\/wp\/v2\/product"}],"about":[{"href":"https:\/\/biblio1.mdp.edu.ar\/centro-ventas\/wp-json\/wp\/v2\/types\/product"}],"wp:featuredmedia":[{"embeddable":true,"href":"https:\/\/biblio1.mdp.edu.ar\/centro-ventas\/wp-json\/wp\/v2\/media\/374"}],"wp:attachment":[{"href":"https:\/\/biblio1.mdp.edu.ar\/centro-ventas\/wp-json\/wp\/v2\/media?parent=346"}],"wp:term":[{"taxonomy":"product_cat","embeddable":true,"href":"https:\/\/biblio1.mdp.edu.ar\/centro-ventas\/wp-json\/wp\/v2\/product_cat?post=346"},{"taxonomy":"product_tag","embeddable":true,"href":"https:\/\/biblio1.mdp.edu.ar\/centro-ventas\/wp-json\/wp\/v2\/product_tag?post=346"}],"curies":[{"name":"wp","href":"https:\/\/api.w.org\/{rel}","templated":true}]}}