{"id":3449,"date":"2024-12-18T17:46:36","date_gmt":"2024-12-18T20:46:36","guid":{"rendered":"https:\/\/biblio1.mdp.edu.ar\/centro-ventas\/?post_type=product&#038;p=3449"},"modified":"2026-04-01T14:55:12","modified_gmt":"2026-04-01T17:55:12","slug":"sinfonia-para-un-maestro","status":"publish","type":"product","link":"https:\/\/biblio1.mdp.edu.ar\/centro-ventas\/producto\/sinfonia-para-un-maestro\/","title":{"rendered":"Sinfon\u00eda para un Maestro"},"content":{"rendered":"<p>Sinfon\u00eda para un Maestro es una novela conmovedora que narra la\u00a0historia del maestro y profesor de filosof\u00eda Rom\u00e1n Gonz\u00e1lez.<br \/>\nApelando al ritmo cautivante de la cr\u00f3nica, y con un estilo pleno de sensibilidad, el libro recrea la fascinante vida de un hombre que en Mar del Plata dedic\u00f3 todos sus esfuerzos y sue\u00f1os a la educaci\u00f3n, y que en ese camino debi\u00f3 enfrentar la m\u00e1s dura proscripci\u00f3n durante los oscuros tiempos de la \u00faltima dictadura militar\u00a0 argentina.<br \/>\nEn Sinfon\u00eda para un Maestro se conjugan escenas y episodios que\u00a0nos permiten descubrir la pasi\u00f3n de un maestro que con criterios audaces, innovadores y creativos renov\u00f3 la educaci\u00f3n de su \u00e9poca, y que en su lucha sin claudicaciones para reconstruir un mundo amenazado por la intolerancia y elterror, dej\u00f3 un legado que lo<br \/>\nconvirti\u00f3 en leyenda.<br \/>\nSinfon\u00eda para un Maestro es una\u00a0 luminosa historia de vida y, a la vez,un manifiesto a favor de la libertad, la coherencia \u00e9tica y el amor al pr\u00f3jimo.<\/p>\n","protected":false},"excerpt":{"rendered":"<p>Sinfon\u00eda para un Maestro es una novela conmovedora que narra la\u00a0historia del maestro y profesor de filosof\u00eda Rom\u00e1n Gonz\u00e1lez. Apelando al ritmo cautivante de la cr\u00f3nica, y con un estilo pleno de sensibilidad, el libro recrea la fascinante vida de un hombre que en Mar del Plata dedic\u00f3 todos sus esfuerzos y sue\u00f1os a la [&hellip;]<\/p>\n","protected":false},"featured_media":3450,"template":"","meta":{"_acf_changed":false,"_eb_attr":"","_crdt_document":"","_uag_custom_page_level_css":"","_editorskit_title_hidden":false,"_editorskit_reading_time":0,"_editorskit_is_block_options_detached":false,"_editorskit_block_options_position":"{}","site-sidebar-layout":"default","site-content-layout":"","ast-site-content-layout":"default","site-content-style":"default","site-sidebar-style":"default","ast-global-header-display":"","ast-banner-title-visibility":"","ast-main-header-display":"","ast-hfb-above-header-display":"","ast-hfb-below-header-display":"","ast-hfb-mobile-header-display":"","site-post-title":"","ast-breadcrumbs-content":"","ast-featured-img":"","footer-sml-layout":"","ast-disable-related-posts":"","theme-transparent-header-meta":"default","adv-header-id-meta":"","stick-header-meta":"","header-above-stick-meta":"","header-main-stick-meta":"","header-below-stick-meta":"","astra-migrate-meta-layouts":"set","ast-page-background-enabled":"default","ast-page-background-meta":{"desktop":{"background-color":"var(--ast-global-color-4)","background-image":"","background-repeat":"repeat","background-position":"center center","background-size":"auto","background-attachment":"scroll","background-type":"","background-media":"","overlay-type":"","overlay-color":"","overlay-opacity":"","overlay-gradient":""},"tablet":{"background-color":"","background-image":"","background-repeat":"repeat","background-position":"center center","background-size":"auto","background-attachment":"scroll","background-type":"","background-media":"","overlay-type":"","overlay-color":"","overlay-opacity":"","overlay-gradient":""},"mobile":{"background-color":"","background-image":"","background-repeat":"repeat","background-position":"center center","background-size":"auto","background-attachment":"scroll","background-type":"","background-media":"","overlay-type":"","overlay-color":"","overlay-opacity":"","overlay-gradient":""}},"ast-content-background-meta":{"desktop":{"background-color":"var(--ast-global-color-5)","background-image":"","background-repeat":"repeat","background-position":"center center","background-size":"auto","background-attachment":"scroll","background-type":"","background-media":"","overlay-type":"","overlay-color":"","overlay-opacity":"","overlay-gradient":""},"tablet":{"background-color":"var(--ast-global-color-5)","background-image":"","background-repeat":"repeat","background-position":"center center","background-size":"auto","background-attachment":"scroll","background-type":"","background-media":"","overlay-type":"","overlay-color":"","overlay-opacity":"","overlay-gradient":""},"mobile":{"background-color":"var(--ast-global-color-5)","background-image":"","background-repeat":"repeat","background-position":"center center","background-size":"auto","background-attachment":"scroll","background-type":"","background-media":"","overlay-type":"","overlay-color":"","overlay-opacity":"","overlay-gradient":""}}},"product_cat":[32,164,28],"product_tag":[593,62],"class_list":{"0":"post-3449","1":"product","2":"type-product","3":"status-publish","4":"has-post-thumbnail","6":"product_cat-edudem","7":"product_cat-coleccion-leciart","8":"product_cat-libro","9":"product_tag-golpe-1976","10":"product_tag-literatura","11":"desktop-align-left","12":"tablet-align-left","13":"mobile-align-left","15":"first","16":"instock","17":"shipping-taxable","18":"purchasable","19":"product-type-simple"},"acf":[],"uagb_featured_image_src":{"full":["https:\/\/biblio1.mdp.edu.ar\/centro-ventas\/wp-content\/uploads\/sites\/2\/2024\/12\/tapaSinfo.png",239,393,false],"thumbnail":["https:\/\/biblio1.mdp.edu.ar\/centro-ventas\/wp-content\/uploads\/sites\/2\/2024\/12\/tapaSinfo-150x150.png",150,150,true],"medium":["https:\/\/biblio1.mdp.edu.ar\/centro-ventas\/wp-content\/uploads\/sites\/2\/2024\/12\/tapaSinfo-182x300.png",182,300,true],"medium_large":["https:\/\/biblio1.mdp.edu.ar\/centro-ventas\/wp-content\/uploads\/sites\/2\/2024\/12\/tapaSinfo.png",239,393,false],"large":["https:\/\/biblio1.mdp.edu.ar\/centro-ventas\/wp-content\/uploads\/sites\/2\/2024\/12\/tapaSinfo.png",239,393,false],"1536x1536":["https:\/\/biblio1.mdp.edu.ar\/centro-ventas\/wp-content\/uploads\/sites\/2\/2024\/12\/tapaSinfo.png",239,393,false],"2048x2048":["https:\/\/biblio1.mdp.edu.ar\/centro-ventas\/wp-content\/uploads\/sites\/2\/2024\/12\/tapaSinfo.png",239,393,false],"woocommerce_thumbnail":["https:\/\/biblio1.mdp.edu.ar\/centro-ventas\/wp-content\/uploads\/sites\/2\/2024\/12\/tapaSinfo.png",239,393,false],"woocommerce_single":["https:\/\/biblio1.mdp.edu.ar\/centro-ventas\/wp-content\/uploads\/sites\/2\/2024\/12\/tapaSinfo.png",239,393,false],"woocommerce_gallery_thumbnail":["https:\/\/biblio1.mdp.edu.ar\/centro-ventas\/wp-content\/uploads\/sites\/2\/2024\/12\/tapaSinfo-100x100.png",100,100,true]},"uagb_author_info":{"display_name":"Cristina Bernabe","author_link":"https:\/\/biblio1.mdp.edu.ar\/centro-ventas\/author\/"},"uagb_comment_info":0,"uagb_excerpt":"Sinfon\u00eda para un Maestro es una novela conmovedora que narra la\u00a0historia del maestro y profesor de filosof\u00eda Rom\u00e1n Gonz\u00e1lez. Apelando al ritmo cautivante de la cr\u00f3nica, y con un estilo pleno de sensibilidad, el libro recrea la fascinante vida de un hombre que en Mar del Plata dedic\u00f3 todos sus esfuerzos y sue\u00f1os a la&hellip;","_links":{"self":[{"href":"https:\/\/biblio1.mdp.edu.ar\/centro-ventas\/wp-json\/wp\/v2\/product\/3449","targetHints":{"allow":["GET"]}}],"collection":[{"href":"https:\/\/biblio1.mdp.edu.ar\/centro-ventas\/wp-json\/wp\/v2\/product"}],"about":[{"href":"https:\/\/biblio1.mdp.edu.ar\/centro-ventas\/wp-json\/wp\/v2\/types\/product"}],"wp:featuredmedia":[{"embeddable":true,"href":"https:\/\/biblio1.mdp.edu.ar\/centro-ventas\/wp-json\/wp\/v2\/media\/3450"}],"wp:attachment":[{"href":"https:\/\/biblio1.mdp.edu.ar\/centro-ventas\/wp-json\/wp\/v2\/media?parent=3449"}],"wp:term":[{"taxonomy":"product_cat","embeddable":true,"href":"https:\/\/biblio1.mdp.edu.ar\/centro-ventas\/wp-json\/wp\/v2\/product_cat?post=3449"},{"taxonomy":"product_tag","embeddable":true,"href":"https:\/\/biblio1.mdp.edu.ar\/centro-ventas\/wp-json\/wp\/v2\/product_tag?post=3449"}],"curies":[{"name":"wp","href":"https:\/\/api.w.org\/{rel}","templated":true}]}}