{"id":3440,"date":"2024-12-18T17:19:22","date_gmt":"2024-12-18T20:19:22","guid":{"rendered":"https:\/\/biblio1.mdp.edu.ar\/centro-ventas\/?post_type=product&#038;p=3440"},"modified":"2026-03-30T17:51:53","modified_gmt":"2026-03-30T20:51:53","slug":"pasado-y-presente-de-la-mar-del-plata-social-coloquio-i","status":"publish","type":"product","link":"https:\/\/biblio1.mdp.edu.ar\/centro-ventas\/producto\/pasado-y-presente-de-la-mar-del-plata-social-coloquio-i\/","title":{"rendered":"Pasado y presente de la Mar del Plata social &#8211; Coloquio I"},"content":{"rendered":"<p>Este libro recoge los trabajos presentados en el Primer Coloquio sobre el Pasado y Presente de la Mar del Plata Social, realizado los d\u00edas 19 y 20 de mayo de 2005, en el Centro Cultural Villa Victoria Ocampo. Son doce trabajos realizados por investigadores de distintas facultades y especialidades de la Universidad Nacional de Mar del Plata. Soci\u00f3logos, historiadores, antrop\u00f3logos, arque\u00f3logos, ge\u00f3grafos, arquitectos y psic\u00f3logos abordaron un amplio espectro de temas y problemas que dieron lugar a interesantes y apasionados comentarios y debates. Participaron tambi\u00e9n cuatro reconocidos cientistas sociales de otras Universidades que actuaron de comentaristas de las presentaciones. Las diversas propuestas tem\u00e1ticas reflejan las peculiaridades y caracteres de las perspectivas te\u00f3rico \u2013 metodol\u00f3gicas de cada grupo de investigaci\u00f3n. En cada trabajo se indagan vertientes de an\u00e1lisis que conducen a la comprensi\u00f3n de la densidad del entretejido social y del significado de los cambios registrados en la historia de la regi\u00f3n y la ciudad. Se recorren las innovaciones generadas en las formas de sociabilidad cultural, las expresiones de las nuevas formas asumidas en las pr\u00e1cticas sociales, junto a las mutaciones en los contenidos que sostienen y fundamentan esas relaciones. Siguiendo los trabajos pueden reconocerse las diferencias y desigualdades gestadas en \u00e1mbitos p\u00fablicos y privados y las sensibles transformaciones en los modos de apropiaci\u00f3n del espacio urbano.<\/p>\n","protected":false},"excerpt":{"rendered":"<p>Este libro recoge los trabajos presentados en el Primer Coloquio sobre el Pasado y Presente de la Mar del Plata Social, realizado los d\u00edas 19 y 20 de mayo de 2005, en el Centro Cultural Villa Victoria Ocampo. Son doce trabajos realizados por investigadores de distintas facultades y especialidades de la Universidad Nacional de Mar [&hellip;]<\/p>\n","protected":false},"featured_media":3441,"template":"","meta":{"_acf_changed":false,"_eb_attr":"","_crdt_document":"","_uag_custom_page_level_css":"","_editorskit_title_hidden":false,"_editorskit_reading_time":0,"_editorskit_is_block_options_detached":false,"_editorskit_block_options_position":"{}","site-sidebar-layout":"default","site-content-layout":"","ast-site-content-layout":"default","site-content-style":"default","site-sidebar-style":"default","ast-global-header-display":"","ast-banner-title-visibility":"","ast-main-header-display":"","ast-hfb-above-header-display":"","ast-hfb-below-header-display":"","ast-hfb-mobile-header-display":"","site-post-title":"","ast-breadcrumbs-content":"","ast-featured-img":"","footer-sml-layout":"","ast-disable-related-posts":"","theme-transparent-header-meta":"default","adv-header-id-meta":"","stick-header-meta":"","header-above-stick-meta":"","header-main-stick-meta":"","header-below-stick-meta":"","astra-migrate-meta-layouts":"set","ast-page-background-enabled":"default","ast-page-background-meta":{"desktop":{"background-color":"var(--ast-global-color-4)","background-image":"","background-repeat":"repeat","background-position":"center center","background-size":"auto","background-attachment":"scroll","background-type":"","background-media":"","overlay-type":"","overlay-color":"","overlay-opacity":"","overlay-gradient":""},"tablet":{"background-color":"","background-image":"","background-repeat":"repeat","background-position":"center center","background-size":"auto","background-attachment":"scroll","background-type":"","background-media":"","overlay-type":"","overlay-color":"","overlay-opacity":"","overlay-gradient":""},"mobile":{"background-color":"","background-image":"","background-repeat":"repeat","background-position":"center center","background-size":"auto","background-attachment":"scroll","background-type":"","background-media":"","overlay-type":"","overlay-color":"","overlay-opacity":"","overlay-gradient":""}},"ast-content-background-meta":{"desktop":{"background-color":"var(--ast-global-color-5)","background-image":"","background-repeat":"repeat","background-position":"center center","background-size":"auto","background-attachment":"scroll","background-type":"","background-media":"","overlay-type":"","overlay-color":"","overlay-opacity":"","overlay-gradient":""},"tablet":{"background-color":"var(--ast-global-color-5)","background-image":"","background-repeat":"repeat","background-position":"center center","background-size":"auto","background-attachment":"scroll","background-type":"","background-media":"","overlay-type":"","overlay-color":"","overlay-opacity":"","overlay-gradient":""},"mobile":{"background-color":"var(--ast-global-color-5)","background-image":"","background-repeat":"repeat","background-position":"center center","background-size":"auto","background-attachment":"scroll","background-type":"","background-media":"","overlay-type":"","overlay-color":"","overlay-opacity":"","overlay-gradient":""}}},"product_cat":[32,28,167],"product_tag":[],"class_list":{"0":"post-3440","1":"product","2":"type-product","3":"status-publish","4":"has-post-thumbnail","6":"product_cat-edudem","7":"product_cat-libro","8":"product_cat-mar-del-plata","9":"desktop-align-left","10":"tablet-align-left","11":"mobile-align-left","13":"first","14":"instock","15":"shipping-taxable","16":"purchasable","17":"product-type-simple"},"acf":[],"uagb_featured_image_src":{"full":["https:\/\/biblio1.mdp.edu.ar\/centro-ventas\/wp-content\/uploads\/sites\/2\/2024\/12\/D_NQ_NP_910105-MLA46250640166_062021-O.jpg",375,500,false],"thumbnail":["https:\/\/biblio1.mdp.edu.ar\/centro-ventas\/wp-content\/uploads\/sites\/2\/2024\/12\/D_NQ_NP_910105-MLA46250640166_062021-O-150x150.jpg",150,150,true],"medium":["https:\/\/biblio1.mdp.edu.ar\/centro-ventas\/wp-content\/uploads\/sites\/2\/2024\/12\/D_NQ_NP_910105-MLA46250640166_062021-O-225x300.jpg",225,300,true],"medium_large":["https:\/\/biblio1.mdp.edu.ar\/centro-ventas\/wp-content\/uploads\/sites\/2\/2024\/12\/D_NQ_NP_910105-MLA46250640166_062021-O.jpg",375,500,false],"large":["https:\/\/biblio1.mdp.edu.ar\/centro-ventas\/wp-content\/uploads\/sites\/2\/2024\/12\/D_NQ_NP_910105-MLA46250640166_062021-O.jpg",375,500,false],"1536x1536":["https:\/\/biblio1.mdp.edu.ar\/centro-ventas\/wp-content\/uploads\/sites\/2\/2024\/12\/D_NQ_NP_910105-MLA46250640166_062021-O.jpg",375,500,false],"2048x2048":["https:\/\/biblio1.mdp.edu.ar\/centro-ventas\/wp-content\/uploads\/sites\/2\/2024\/12\/D_NQ_NP_910105-MLA46250640166_062021-O.jpg",375,500,false],"woocommerce_thumbnail":["https:\/\/biblio1.mdp.edu.ar\/centro-ventas\/wp-content\/uploads\/sites\/2\/2024\/12\/D_NQ_NP_910105-MLA46250640166_062021-O-300x400.jpg",300,400,true],"woocommerce_single":["https:\/\/biblio1.mdp.edu.ar\/centro-ventas\/wp-content\/uploads\/sites\/2\/2024\/12\/D_NQ_NP_910105-MLA46250640166_062021-O.jpg",375,500,false],"woocommerce_gallery_thumbnail":["https:\/\/biblio1.mdp.edu.ar\/centro-ventas\/wp-content\/uploads\/sites\/2\/2024\/12\/D_NQ_NP_910105-MLA46250640166_062021-O-100x100.jpg",100,100,true]},"uagb_author_info":{"display_name":"Cristina Bernabe","author_link":"https:\/\/biblio1.mdp.edu.ar\/centro-ventas\/author\/"},"uagb_comment_info":0,"uagb_excerpt":"Este libro recoge los trabajos presentados en el Primer Coloquio sobre el Pasado y Presente de la Mar del Plata Social, realizado los d\u00edas 19 y 20 de mayo de 2005, en el Centro Cultural Villa Victoria Ocampo. Son doce trabajos realizados por investigadores de distintas facultades y especialidades de la Universidad Nacional de Mar&hellip;","_links":{"self":[{"href":"https:\/\/biblio1.mdp.edu.ar\/centro-ventas\/wp-json\/wp\/v2\/product\/3440","targetHints":{"allow":["GET"]}}],"collection":[{"href":"https:\/\/biblio1.mdp.edu.ar\/centro-ventas\/wp-json\/wp\/v2\/product"}],"about":[{"href":"https:\/\/biblio1.mdp.edu.ar\/centro-ventas\/wp-json\/wp\/v2\/types\/product"}],"wp:featuredmedia":[{"embeddable":true,"href":"https:\/\/biblio1.mdp.edu.ar\/centro-ventas\/wp-json\/wp\/v2\/media\/3441"}],"wp:attachment":[{"href":"https:\/\/biblio1.mdp.edu.ar\/centro-ventas\/wp-json\/wp\/v2\/media?parent=3440"}],"wp:term":[{"taxonomy":"product_cat","embeddable":true,"href":"https:\/\/biblio1.mdp.edu.ar\/centro-ventas\/wp-json\/wp\/v2\/product_cat?post=3440"},{"taxonomy":"product_tag","embeddable":true,"href":"https:\/\/biblio1.mdp.edu.ar\/centro-ventas\/wp-json\/wp\/v2\/product_tag?post=3440"}],"curies":[{"name":"wp","href":"https:\/\/api.w.org\/{rel}","templated":true}]}}