{"id":344,"date":"2018-06-07T12:24:30","date_gmt":"2018-06-07T15:24:30","guid":{"rendered":"http:\/\/biblio1.mdp.edu.ar\/centro-ventas\/producto\/import-placeholder-for-208\/"},"modified":"2026-03-30T15:31:01","modified_gmt":"2026-03-30T18:31:01","slug":"derecho-nacional-e-internacional","status":"publish","type":"product","link":"https:\/\/biblio1.mdp.edu.ar\/centro-ventas\/producto\/derecho-nacional-e-internacional\/","title":{"rendered":"Derecho Nacional y Derecho Internacional"},"content":{"rendered":"<p>Una decisi\u00f3n de justicia constitucional es una decisi\u00f3n institucional que se\u00a0 considera aplicaci\u00f3n de un texto de la Constituci\u00f3n. Por detr\u00e1s de esta simpleza aparente se oculta un proceso cada vez m\u00e1s complejo, en virtud de la gran expansi\u00f3n que ha experimentado el derecho internacional y, en especial, el derecho internacional de los derechos humanos.<\/p>\n<p>Esto plantea problemas serios tanto a las teor\u00edas jur\u00eddicas como a los operadores del Derecho para dar cuenta de dos interrogantes b\u00e1sicos. El primero, acerca de qu\u00e9 es\u00a0lo que dice la\u00a0Constituci\u00f3n, en tanto\u00a0norma suprema y fuente\u00a0de validez de todo el\u00a0sistema. El segundo,\u00a0sobre c\u00f3mo debe\u00a0entenderse y hacerse\u00a0operativa esa\u00a0supremac\u00eda, cuando lo\u00a0que est\u00e1 en juego no es\u00a0s\u00f3lo el texto \u201cpuesto\u201d por\u00a0el constituyente, sino\u00a0tambi\u00e9n normas del\u00a0derecho internacional.<\/p>\n","protected":false},"excerpt":{"rendered":"<p>Una decisi\u00f3n de justicia constitucional es una decisi\u00f3n institucional que se\u00a0 considera aplicaci\u00f3n de un texto de la Constituci\u00f3n. Por detr\u00e1s de esta simpleza aparente se oculta un proceso cada vez m\u00e1s complejo, en virtud de la gran expansi\u00f3n que ha experimentado el derecho internacional y, en especial, el derecho internacional de los derechos humanos. [&hellip;]<\/p>\n","protected":false},"featured_media":372,"template":"","meta":{"_acf_changed":false,"_eb_attr":"","_crdt_document":"","_uag_custom_page_level_css":"","_editorskit_title_hidden":false,"_editorskit_reading_time":0,"_editorskit_is_block_options_detached":false,"_editorskit_block_options_position":"{}","site-sidebar-layout":"default","site-content-layout":"default","ast-site-content-layout":"default","site-content-style":"default","site-sidebar-style":"default","ast-global-header-display":"","ast-banner-title-visibility":"","ast-main-header-display":"","ast-hfb-above-header-display":"","ast-hfb-below-header-display":"","ast-hfb-mobile-header-display":"","site-post-title":"","ast-breadcrumbs-content":"","ast-featured-img":"","footer-sml-layout":"","ast-disable-related-posts":"","theme-transparent-header-meta":"default","adv-header-id-meta":"","stick-header-meta":"","header-above-stick-meta":"","header-main-stick-meta":"","header-below-stick-meta":"","astra-migrate-meta-layouts":"default","ast-page-background-enabled":"default","ast-page-background-meta":{"desktop":{"background-color":"var(--ast-global-color-4)","background-image":"","background-repeat":"repeat","background-position":"center center","background-size":"auto","background-attachment":"scroll","background-type":"","background-media":"","overlay-type":"","overlay-color":"","overlay-opacity":"","overlay-gradient":""},"tablet":{"background-color":"","background-image":"","background-repeat":"repeat","background-position":"center center","background-size":"auto","background-attachment":"scroll","background-type":"","background-media":"","overlay-type":"","overlay-color":"","overlay-opacity":"","overlay-gradient":""},"mobile":{"background-color":"","background-image":"","background-repeat":"repeat","background-position":"center center","background-size":"auto","background-attachment":"scroll","background-type":"","background-media":"","overlay-type":"","overlay-color":"","overlay-opacity":"","overlay-gradient":""}},"ast-content-background-meta":{"desktop":{"background-color":"var(--ast-global-color-5)","background-image":"","background-repeat":"repeat","background-position":"center center","background-size":"auto","background-attachment":"scroll","background-type":"","background-media":"","overlay-type":"","overlay-color":"","overlay-opacity":"","overlay-gradient":""},"tablet":{"background-color":"var(--ast-global-color-5)","background-image":"","background-repeat":"repeat","background-position":"center center","background-size":"auto","background-attachment":"scroll","background-type":"","background-media":"","overlay-type":"","overlay-color":"","overlay-opacity":"","overlay-gradient":""},"mobile":{"background-color":"var(--ast-global-color-5)","background-image":"","background-repeat":"repeat","background-position":"center center","background-size":"auto","background-attachment":"scroll","background-type":"","background-media":"","overlay-type":"","overlay-color":"","overlay-opacity":"","overlay-gradient":""}}},"product_cat":[32,28,124],"product_tag":[57],"class_list":{"0":"post-344","1":"product","2":"type-product","3":"status-publish","4":"has-post-thumbnail","6":"product_cat-edudem","7":"product_cat-libro","8":"product_cat-serie-simbolos","9":"product_tag-derecho","10":"desktop-align-left","11":"tablet-align-left","12":"mobile-align-left","14":"first","15":"instock","16":"shipping-taxable","17":"purchasable","18":"product-type-simple"},"acf":[],"uagb_featured_image_src":{"full":["https:\/\/biblio1.mdp.edu.ar\/centro-ventas\/wp-content\/uploads\/sites\/2\/2018\/06\/9789871921898.jpg",1400,2090,false],"thumbnail":["https:\/\/biblio1.mdp.edu.ar\/centro-ventas\/wp-content\/uploads\/sites\/2\/2018\/06\/9789871921898-150x150.jpg",150,150,true],"medium":["https:\/\/biblio1.mdp.edu.ar\/centro-ventas\/wp-content\/uploads\/sites\/2\/2018\/06\/9789871921898-201x300.jpg",201,300,true],"medium_large":["https:\/\/biblio1.mdp.edu.ar\/centro-ventas\/wp-content\/uploads\/sites\/2\/2018\/06\/9789871921898-768x1147.jpg",768,1147,true],"large":["https:\/\/biblio1.mdp.edu.ar\/centro-ventas\/wp-content\/uploads\/sites\/2\/2018\/06\/9789871921898-686x1024.jpg",686,1024,true],"1536x1536":["https:\/\/biblio1.mdp.edu.ar\/centro-ventas\/wp-content\/uploads\/sites\/2\/2018\/06\/9789871921898.jpg",1029,1536,false],"2048x2048":["https:\/\/biblio1.mdp.edu.ar\/centro-ventas\/wp-content\/uploads\/sites\/2\/2018\/06\/9789871921898.jpg",1372,2048,false],"woocommerce_thumbnail":["https:\/\/biblio1.mdp.edu.ar\/centro-ventas\/wp-content\/uploads\/sites\/2\/2018\/06\/9789871921898-250x373.jpg",250,373,true],"woocommerce_single":["https:\/\/biblio1.mdp.edu.ar\/centro-ventas\/wp-content\/uploads\/sites\/2\/2018\/06\/9789871921898-686x1024.jpg",600,896,true],"woocommerce_gallery_thumbnail":["https:\/\/biblio1.mdp.edu.ar\/centro-ventas\/wp-content\/uploads\/sites\/2\/2018\/06\/9789871921898-100x100.jpg",100,100,true]},"uagb_author_info":{"display_name":"Castorina Jorge","author_link":"https:\/\/biblio1.mdp.edu.ar\/centro-ventas\/author\/"},"uagb_comment_info":0,"uagb_excerpt":"Una decisi\u00f3n de justicia constitucional es una decisi\u00f3n institucional que se\u00a0 considera aplicaci\u00f3n de un texto de la Constituci\u00f3n. Por detr\u00e1s de esta simpleza aparente se oculta un proceso cada vez m\u00e1s complejo, en virtud de la gran expansi\u00f3n que ha experimentado el derecho internacional y, en especial, el derecho internacional de los derechos humanos.&hellip;","_links":{"self":[{"href":"https:\/\/biblio1.mdp.edu.ar\/centro-ventas\/wp-json\/wp\/v2\/product\/344","targetHints":{"allow":["GET"]}}],"collection":[{"href":"https:\/\/biblio1.mdp.edu.ar\/centro-ventas\/wp-json\/wp\/v2\/product"}],"about":[{"href":"https:\/\/biblio1.mdp.edu.ar\/centro-ventas\/wp-json\/wp\/v2\/types\/product"}],"wp:featuredmedia":[{"embeddable":true,"href":"https:\/\/biblio1.mdp.edu.ar\/centro-ventas\/wp-json\/wp\/v2\/media\/372"}],"wp:attachment":[{"href":"https:\/\/biblio1.mdp.edu.ar\/centro-ventas\/wp-json\/wp\/v2\/media?parent=344"}],"wp:term":[{"taxonomy":"product_cat","embeddable":true,"href":"https:\/\/biblio1.mdp.edu.ar\/centro-ventas\/wp-json\/wp\/v2\/product_cat?post=344"},{"taxonomy":"product_tag","embeddable":true,"href":"https:\/\/biblio1.mdp.edu.ar\/centro-ventas\/wp-json\/wp\/v2\/product_tag?post=344"}],"curies":[{"name":"wp","href":"https:\/\/api.w.org\/{rel}","templated":true}]}}