{"id":3393,"date":"2024-12-09T17:51:58","date_gmt":"2024-12-09T20:51:58","guid":{"rendered":"https:\/\/biblio1.mdp.edu.ar\/centro-ventas\/?post_type=product&#038;p=3393"},"modified":"2026-03-30T13:51:03","modified_gmt":"2026-03-30T16:51:03","slug":"atlas-de-mar-del-plata-y-el-partido-de-general-pueyrredon-ii-problematicas-socio-territoriales-contemporaneas","status":"publish","type":"product","link":"https:\/\/biblio1.mdp.edu.ar\/centro-ventas\/producto\/atlas-de-mar-del-plata-y-el-partido-de-general-pueyrredon-ii-problematicas-socio-territoriales-contemporaneas\/","title":{"rendered":"Atlas de Mar del Plata  y el Partido de General Pueyrred\u00f3n II &#8211; Problem\u00e1ticas Socio &#8211; Territoriales Contempor\u00e1neas"},"content":{"rendered":"<p>La Geograf\u00eda asiste hoy a un intenso debate sobre las concepciones espaciales con fundamentos epistemol\u00f3gicos y pol\u00edticos divergentes. Los Atlas forman parte de esta discusi\u00f3n como instrumentos<br \/>\nmetodol\u00f3gicos que median entre la teor\u00eda y la praxis.<br \/>\nEl trabajo de este Atlas no es un producto acabado que termina en una publicaci\u00f3n m\u00e1s, sino que<br \/>\nforma parte de un proceso de investigaci\u00f3n que se funda en el conocimiento y reconocimiento<br \/>\ndel territorio por parte de sus propios actores. No s\u00f3lo se utilizan fuentes secundarias, sino que hay una importante contrastaci\u00f3n emp\u00edrica de los datos, basada en entrevistas a informantes claves que<br \/>\ndemuestran una preocupaci\u00f3n, y un gran acierto por parte de este equipo de trabajo, para contribuir<br \/>\na una geograf\u00eda ciudadana con\u00a0 responsabilidad social.<\/p>\n","protected":false},"excerpt":{"rendered":"<p>La Geograf\u00eda asiste hoy a un intenso debate sobre las concepciones espaciales con fundamentos epistemol\u00f3gicos y pol\u00edticos divergentes. Los Atlas forman parte de esta discusi\u00f3n como instrumentos metodol\u00f3gicos que median entre la teor\u00eda y la praxis. El trabajo de este Atlas no es un producto acabado que termina en una publicaci\u00f3n m\u00e1s, sino que forma [&hellip;]<\/p>\n","protected":false},"featured_media":3394,"template":"","meta":{"_acf_changed":false,"_eb_attr":"","_crdt_document":"","_uag_custom_page_level_css":"","_editorskit_title_hidden":false,"_editorskit_reading_time":0,"_editorskit_is_block_options_detached":false,"_editorskit_block_options_position":"{}","site-sidebar-layout":"default","site-content-layout":"default","ast-site-content-layout":"default","site-content-style":"default","site-sidebar-style":"default","ast-global-header-display":"","ast-banner-title-visibility":"","ast-main-header-display":"","ast-hfb-above-header-display":"","ast-hfb-below-header-display":"","ast-hfb-mobile-header-display":"","site-post-title":"","ast-breadcrumbs-content":"","ast-featured-img":"","footer-sml-layout":"","ast-disable-related-posts":"","theme-transparent-header-meta":"default","adv-header-id-meta":"","stick-header-meta":"","header-above-stick-meta":"","header-main-stick-meta":"","header-below-stick-meta":"","astra-migrate-meta-layouts":"set","ast-page-background-enabled":"default","ast-page-background-meta":{"desktop":{"background-color":"var(--ast-global-color-4)","background-image":"","background-repeat":"repeat","background-position":"center center","background-size":"auto","background-attachment":"scroll","background-type":"","background-media":"","overlay-type":"","overlay-color":"","overlay-opacity":"","overlay-gradient":""},"tablet":{"background-color":"","background-image":"","background-repeat":"repeat","background-position":"center center","background-size":"auto","background-attachment":"scroll","background-type":"","background-media":"","overlay-type":"","overlay-color":"","overlay-opacity":"","overlay-gradient":""},"mobile":{"background-color":"","background-image":"","background-repeat":"repeat","background-position":"center center","background-size":"auto","background-attachment":"scroll","background-type":"","background-media":"","overlay-type":"","overlay-color":"","overlay-opacity":"","overlay-gradient":""}},"ast-content-background-meta":{"desktop":{"background-color":"var(--ast-global-color-5)","background-image":"","background-repeat":"repeat","background-position":"center center","background-size":"auto","background-attachment":"scroll","background-type":"","background-media":"","overlay-type":"","overlay-color":"","overlay-opacity":"","overlay-gradient":""},"tablet":{"background-color":"var(--ast-global-color-5)","background-image":"","background-repeat":"repeat","background-position":"center center","background-size":"auto","background-attachment":"scroll","background-type":"","background-media":"","overlay-type":"","overlay-color":"","overlay-opacity":"","overlay-gradient":""},"mobile":{"background-color":"var(--ast-global-color-5)","background-image":"","background-repeat":"repeat","background-position":"center center","background-size":"auto","background-attachment":"scroll","background-type":"","background-media":"","overlay-type":"","overlay-color":"","overlay-opacity":"","overlay-gradient":""}}},"product_cat":[32,28,167],"product_tag":[392,80],"class_list":{"0":"post-3393","1":"product","2":"type-product","3":"status-publish","4":"has-post-thumbnail","6":"product_cat-edudem","7":"product_cat-libro","8":"product_cat-mar-del-plata","9":"product_tag-geografia","10":"product_tag-mar-del-plata","11":"desktop-align-left","12":"tablet-align-left","13":"mobile-align-left","15":"first","16":"instock","17":"shipping-taxable","18":"purchasable","19":"product-type-simple"},"acf":[],"uagb_featured_image_src":{"full":["https:\/\/biblio1.mdp.edu.ar\/centro-ventas\/wp-content\/uploads\/sites\/2\/2024\/12\/9871921447_9789871921447_2022-11-08_11_12_58.jpg",700,700,false],"thumbnail":["https:\/\/biblio1.mdp.edu.ar\/centro-ventas\/wp-content\/uploads\/sites\/2\/2024\/12\/9871921447_9789871921447_2022-11-08_11_12_58-150x150.jpg",150,150,true],"medium":["https:\/\/biblio1.mdp.edu.ar\/centro-ventas\/wp-content\/uploads\/sites\/2\/2024\/12\/9871921447_9789871921447_2022-11-08_11_12_58-300x300.jpg",300,300,true],"medium_large":["https:\/\/biblio1.mdp.edu.ar\/centro-ventas\/wp-content\/uploads\/sites\/2\/2024\/12\/9871921447_9789871921447_2022-11-08_11_12_58.jpg",700,700,false],"large":["https:\/\/biblio1.mdp.edu.ar\/centro-ventas\/wp-content\/uploads\/sites\/2\/2024\/12\/9871921447_9789871921447_2022-11-08_11_12_58.jpg",700,700,false],"1536x1536":["https:\/\/biblio1.mdp.edu.ar\/centro-ventas\/wp-content\/uploads\/sites\/2\/2024\/12\/9871921447_9789871921447_2022-11-08_11_12_58.jpg",700,700,false],"2048x2048":["https:\/\/biblio1.mdp.edu.ar\/centro-ventas\/wp-content\/uploads\/sites\/2\/2024\/12\/9871921447_9789871921447_2022-11-08_11_12_58.jpg",700,700,false],"woocommerce_thumbnail":["https:\/\/biblio1.mdp.edu.ar\/centro-ventas\/wp-content\/uploads\/sites\/2\/2024\/12\/9871921447_9789871921447_2022-11-08_11_12_58-300x300.jpg",300,300,true],"woocommerce_single":["https:\/\/biblio1.mdp.edu.ar\/centro-ventas\/wp-content\/uploads\/sites\/2\/2024\/12\/9871921447_9789871921447_2022-11-08_11_12_58-600x600.jpg",600,600,true],"woocommerce_gallery_thumbnail":["https:\/\/biblio1.mdp.edu.ar\/centro-ventas\/wp-content\/uploads\/sites\/2\/2024\/12\/9871921447_9789871921447_2022-11-08_11_12_58-100x100.jpg",100,100,true]},"uagb_author_info":{"display_name":"Cristina Bernabe","author_link":"https:\/\/biblio1.mdp.edu.ar\/centro-ventas\/author\/"},"uagb_comment_info":0,"uagb_excerpt":"La Geograf\u00eda asiste hoy a un intenso debate sobre las concepciones espaciales con fundamentos epistemol\u00f3gicos y pol\u00edticos divergentes. Los Atlas forman parte de esta discusi\u00f3n como instrumentos metodol\u00f3gicos que median entre la teor\u00eda y la praxis. El trabajo de este Atlas no es un producto acabado que termina en una publicaci\u00f3n m\u00e1s, sino que forma&hellip;","_links":{"self":[{"href":"https:\/\/biblio1.mdp.edu.ar\/centro-ventas\/wp-json\/wp\/v2\/product\/3393","targetHints":{"allow":["GET"]}}],"collection":[{"href":"https:\/\/biblio1.mdp.edu.ar\/centro-ventas\/wp-json\/wp\/v2\/product"}],"about":[{"href":"https:\/\/biblio1.mdp.edu.ar\/centro-ventas\/wp-json\/wp\/v2\/types\/product"}],"wp:featuredmedia":[{"embeddable":true,"href":"https:\/\/biblio1.mdp.edu.ar\/centro-ventas\/wp-json\/wp\/v2\/media\/3394"}],"wp:attachment":[{"href":"https:\/\/biblio1.mdp.edu.ar\/centro-ventas\/wp-json\/wp\/v2\/media?parent=3393"}],"wp:term":[{"taxonomy":"product_cat","embeddable":true,"href":"https:\/\/biblio1.mdp.edu.ar\/centro-ventas\/wp-json\/wp\/v2\/product_cat?post=3393"},{"taxonomy":"product_tag","embeddable":true,"href":"https:\/\/biblio1.mdp.edu.ar\/centro-ventas\/wp-json\/wp\/v2\/product_tag?post=3393"}],"curies":[{"name":"wp","href":"https:\/\/api.w.org\/{rel}","templated":true}]}}