{"id":3385,"date":"2024-11-29T13:46:25","date_gmt":"2024-11-29T16:46:25","guid":{"rendered":"https:\/\/biblio1.mdp.edu.ar\/centro-ventas\/?post_type=product&#038;p=3385"},"modified":"2026-03-30T18:00:53","modified_gmt":"2026-03-30T21:00:53","slug":"promocion-de-la-salud-en-latinoamerica-abya-yala-caja-de-herramientas-tomo-i","status":"publish","type":"product","link":"https:\/\/biblio1.mdp.edu.ar\/centro-ventas\/producto\/promocion-de-la-salud-en-latinoamerica-abya-yala-caja-de-herramientas-tomo-i\/","title":{"rendered":"Promoci\u00f3n de la salud en Latinoam\u00e9rica &#8211; Abya Yala Caja de herramientas &#8211; Tomo I"},"content":{"rendered":"<div class=\"row\">\n<div class=\"col-md-7\">\n<p>Este libro es el primero de una obra pensada en tomos, resultado de un proceso colaborativo regional de innovaci\u00f3n educativa, que nace desde la convicci\u00f3n del aporte que puede realizar la promoci\u00f3n de la salud al logro de transformaciones culturales en favor de la gesti\u00f3n de la salud y el cuidado de la vida. Tiene de base apuestas que reconocen la importancia de la participaci\u00f3n, del di\u00e1logo de saberes, del fortalecimiento de capacidades y de la construcci\u00f3n de comunidad. Recoge la experiencia de grandes referentes del pensamiento cr\u00edtico latinoamericano, quienes se constituyen en pilares que se orientan hacia la conformaci\u00f3n de alternativas al modelo de desarrollo y a la gesti\u00f3n de la salud y favorecen las comprensiones de salud que expanden las capacidades de las comunidades, en condiciones de equidad y con \u00e9nfasis en la protecci\u00f3n de todas las formas de vida.<\/p>\n<p>La obra se focaliza en un p\u00fablico acad\u00e9mico con el prop\u00f3sito de efectuar contribuciones significativas a la formaci\u00f3n de recursos humanos en promoci\u00f3n de la salud. Convoca a dialogar con los textos, a asumir posturas cr\u00edticas, a ser coproductores de salud desde el lugar de la regi\u00f3n en que cada uno se encuentre, a tejer reflexiones que lleven a pr\u00e1cticas transformadoras potentes y a ser parte de la comunidad en promoci\u00f3n de la salud, a fin de fortalecer caminos que impulsen modos de vida saludables y pr\u00e1cticas de cuidado mutuo, a partir de la construcci\u00f3n colectiva de saberes y praxis.<\/p>\n<p>&nbsp;<\/p>\n<\/div>\n<div class=\"col-md-2\"><\/div>\n<\/div>\n","protected":false},"excerpt":{"rendered":"<p>Este libro es el primero de una obra pensada en tomos, resultado de un proceso colaborativo regional de innovaci\u00f3n educativa, que nace desde la convicci\u00f3n del aporte que puede realizar la promoci\u00f3n de la salud al logro de transformaciones culturales en favor de la gesti\u00f3n de la salud y el cuidado de la vida. Tiene [&hellip;]<\/p>\n","protected":false},"featured_media":3386,"template":"","meta":{"_acf_changed":false,"_eb_attr":"","_crdt_document":"","_uag_custom_page_level_css":"","_editorskit_title_hidden":false,"_editorskit_reading_time":0,"_editorskit_is_block_options_detached":false,"_editorskit_block_options_position":"{}","site-sidebar-layout":"default","site-content-layout":"","ast-site-content-layout":"default","site-content-style":"default","site-sidebar-style":"default","ast-global-header-display":"","ast-banner-title-visibility":"","ast-main-header-display":"","ast-hfb-above-header-display":"","ast-hfb-below-header-display":"","ast-hfb-mobile-header-display":"","site-post-title":"","ast-breadcrumbs-content":"","ast-featured-img":"","footer-sml-layout":"","ast-disable-related-posts":"","theme-transparent-header-meta":"default","adv-header-id-meta":"","stick-header-meta":"","header-above-stick-meta":"","header-main-stick-meta":"","header-below-stick-meta":"","astra-migrate-meta-layouts":"set","ast-page-background-enabled":"default","ast-page-background-meta":{"desktop":{"background-color":"var(--ast-global-color-4)","background-image":"","background-repeat":"repeat","background-position":"center center","background-size":"auto","background-attachment":"scroll","background-type":"","background-media":"","overlay-type":"","overlay-color":"","overlay-opacity":"","overlay-gradient":""},"tablet":{"background-color":"","background-image":"","background-repeat":"repeat","background-position":"center center","background-size":"auto","background-attachment":"scroll","background-type":"","background-media":"","overlay-type":"","overlay-color":"","overlay-opacity":"","overlay-gradient":""},"mobile":{"background-color":"","background-image":"","background-repeat":"repeat","background-position":"center center","background-size":"auto","background-attachment":"scroll","background-type":"","background-media":"","overlay-type":"","overlay-color":"","overlay-opacity":"","overlay-gradient":""}},"ast-content-background-meta":{"desktop":{"background-color":"var(--ast-global-color-5)","background-image":"","background-repeat":"repeat","background-position":"center center","background-size":"auto","background-attachment":"scroll","background-type":"","background-media":"","overlay-type":"","overlay-color":"","overlay-opacity":"","overlay-gradient":""},"tablet":{"background-color":"var(--ast-global-color-5)","background-image":"","background-repeat":"repeat","background-position":"center center","background-size":"auto","background-attachment":"scroll","background-type":"","background-media":"","overlay-type":"","overlay-color":"","overlay-opacity":"","overlay-gradient":""},"mobile":{"background-color":"var(--ast-global-color-5)","background-image":"","background-repeat":"repeat","background-position":"center center","background-size":"auto","background-attachment":"scroll","background-type":"","background-media":"","overlay-type":"","overlay-color":"","overlay-opacity":"","overlay-gradient":""}}},"product_cat":[115,32,28],"product_tag":[17,577],"class_list":{"0":"post-3385","1":"product","2":"type-product","3":"status-publish","4":"has-post-thumbnail","6":"product_cat-herramientas","7":"product_cat-edudem","8":"product_cat-libro","9":"product_tag-ciencias-de-la-salud","10":"product_tag-latinoamerica","11":"desktop-align-left","12":"tablet-align-left","13":"mobile-align-left","15":"first","16":"instock","17":"shipping-taxable","18":"purchasable","19":"product-type-simple"},"acf":[],"uagb_featured_image_src":{"full":["https:\/\/biblio1.mdp.edu.ar\/centro-ventas\/wp-content\/uploads\/sites\/2\/2024\/11\/TAPA-caja-de-herramientas-Tomo-I-01.jpg",1000,1485,false],"thumbnail":["https:\/\/biblio1.mdp.edu.ar\/centro-ventas\/wp-content\/uploads\/sites\/2\/2024\/11\/TAPA-caja-de-herramientas-Tomo-I-01-150x150.jpg",150,150,true],"medium":["https:\/\/biblio1.mdp.edu.ar\/centro-ventas\/wp-content\/uploads\/sites\/2\/2024\/11\/TAPA-caja-de-herramientas-Tomo-I-01-202x300.jpg",202,300,true],"medium_large":["https:\/\/biblio1.mdp.edu.ar\/centro-ventas\/wp-content\/uploads\/sites\/2\/2024\/11\/TAPA-caja-de-herramientas-Tomo-I-01-768x1140.jpg",768,1140,true],"large":["https:\/\/biblio1.mdp.edu.ar\/centro-ventas\/wp-content\/uploads\/sites\/2\/2024\/11\/TAPA-caja-de-herramientas-Tomo-I-01-690x1024.jpg",690,1024,true],"1536x1536":["https:\/\/biblio1.mdp.edu.ar\/centro-ventas\/wp-content\/uploads\/sites\/2\/2024\/11\/TAPA-caja-de-herramientas-Tomo-I-01.jpg",1000,1485,false],"2048x2048":["https:\/\/biblio1.mdp.edu.ar\/centro-ventas\/wp-content\/uploads\/sites\/2\/2024\/11\/TAPA-caja-de-herramientas-Tomo-I-01.jpg",1000,1485,false],"woocommerce_thumbnail":["https:\/\/biblio1.mdp.edu.ar\/centro-ventas\/wp-content\/uploads\/sites\/2\/2024\/11\/TAPA-caja-de-herramientas-Tomo-I-01-300x446.jpg",300,446,true],"woocommerce_single":["https:\/\/biblio1.mdp.edu.ar\/centro-ventas\/wp-content\/uploads\/sites\/2\/2024\/11\/TAPA-caja-de-herramientas-Tomo-I-01-600x891.jpg",600,891,true],"woocommerce_gallery_thumbnail":["https:\/\/biblio1.mdp.edu.ar\/centro-ventas\/wp-content\/uploads\/sites\/2\/2024\/11\/TAPA-caja-de-herramientas-Tomo-I-01-100x100.jpg",100,100,true]},"uagb_author_info":{"display_name":"Cristina Bernabe","author_link":"https:\/\/biblio1.mdp.edu.ar\/centro-ventas\/author\/"},"uagb_comment_info":0,"uagb_excerpt":"Este libro es el primero de una obra pensada en tomos, resultado de un proceso colaborativo regional de innovaci\u00f3n educativa, que nace desde la convicci\u00f3n del aporte que puede realizar la promoci\u00f3n de la salud al logro de transformaciones culturales en favor de la gesti\u00f3n de la salud y el cuidado de la vida. Tiene&hellip;","_links":{"self":[{"href":"https:\/\/biblio1.mdp.edu.ar\/centro-ventas\/wp-json\/wp\/v2\/product\/3385","targetHints":{"allow":["GET"]}}],"collection":[{"href":"https:\/\/biblio1.mdp.edu.ar\/centro-ventas\/wp-json\/wp\/v2\/product"}],"about":[{"href":"https:\/\/biblio1.mdp.edu.ar\/centro-ventas\/wp-json\/wp\/v2\/types\/product"}],"wp:featuredmedia":[{"embeddable":true,"href":"https:\/\/biblio1.mdp.edu.ar\/centro-ventas\/wp-json\/wp\/v2\/media\/3386"}],"wp:attachment":[{"href":"https:\/\/biblio1.mdp.edu.ar\/centro-ventas\/wp-json\/wp\/v2\/media?parent=3385"}],"wp:term":[{"taxonomy":"product_cat","embeddable":true,"href":"https:\/\/biblio1.mdp.edu.ar\/centro-ventas\/wp-json\/wp\/v2\/product_cat?post=3385"},{"taxonomy":"product_tag","embeddable":true,"href":"https:\/\/biblio1.mdp.edu.ar\/centro-ventas\/wp-json\/wp\/v2\/product_tag?post=3385"}],"curies":[{"name":"wp","href":"https:\/\/api.w.org\/{rel}","templated":true}]}}