{"id":3382,"date":"2024-11-29T13:39:32","date_gmt":"2024-11-29T16:39:32","guid":{"rendered":"https:\/\/biblio1.mdp.edu.ar\/centro-ventas\/?post_type=product&#038;p=3382"},"modified":"2026-03-30T17:59:48","modified_gmt":"2026-03-30T20:59:48","slug":"profesion-academica-en-las-ciencias-economicas-tensiones-y-condicionantes","status":"publish","type":"product","link":"https:\/\/biblio1.mdp.edu.ar\/centro-ventas\/producto\/profesion-academica-en-las-ciencias-economicas-tensiones-y-condicionantes\/","title":{"rendered":"Profesi\u00f3n acad\u00e9mica en las ciencias econ\u00f3micas: tensiones y condicionantes"},"content":{"rendered":"<p>Este libro se plantea describir los principales rasgos de la profesi\u00f3n acad\u00e9mica, en el contexto de la sociedad del conocimiento y la innovaci\u00f3n, con particular foco en las profesiones liberales en el sistema universitario argentino. Procura avanzar en una indagaci\u00f3n del perfil de quienes provienen de las ciencias econ\u00f3micas como disciplina de origen, identificando las motivaciones y condicionantes del ejercicio parcial o exclusivo de la profesi\u00f3n acad\u00e9mica, considerando trayectorias biogr\u00e1ficas y ocupacionales y el impacto de factores contextuales macropol\u00edticos, sociales e institucionales y personales, buscando interpretar las tensiones subyacentes a tal decisi\u00f3n. Fue concebido con la idea de que su lectura interpele y motive una discusi\u00f3n que aporte al dise\u00f1o de pol\u00edticas p\u00fablicas e institucionales que puedan contribuir a mejorar la calidad en el despliegue de la profesi\u00f3n acad\u00e9mica en las profesiones liberales, particularmente en las ciencias econ\u00f3micas, a partir de un desarrollo integrado y sin\u00e9rgico de las funciones sustantivas de la Universidad. La expectativa es que esta nueva mirada, que prioriza la equidad de g\u00e9neros, contribuya a los procesos de mejora emergentes de las instancias de evaluaci\u00f3n de la calidad en la educaci\u00f3n superior y genere un mayor impacto positivo en un desarrollo comunitario sostenible e inclusivo.<\/p>\n<p>&nbsp;<\/p>\n<p>&nbsp;<\/p>\n<p>9789878997834autorfoutel, marianaeditorialeudemcoleccioneudemformatotapa blanda<\/p>\n","protected":false},"excerpt":{"rendered":"<p>Este libro se plantea describir los principales rasgos de la profesi\u00f3n acad\u00e9mica, en el contexto de la sociedad del conocimiento y la innovaci\u00f3n, con particular foco en las profesiones liberales en el sistema universitario argentino. Procura avanzar en una indagaci\u00f3n del perfil de quienes provienen de las ciencias econ\u00f3micas como disciplina de origen, identificando las [&hellip;]<\/p>\n","protected":false},"featured_media":3383,"template":"","meta":{"_acf_changed":false,"_eb_attr":"","_crdt_document":"","_uag_custom_page_level_css":"","_editorskit_title_hidden":false,"_editorskit_reading_time":0,"_editorskit_is_block_options_detached":false,"_editorskit_block_options_position":"{}","site-sidebar-layout":"default","site-content-layout":"","ast-site-content-layout":"default","site-content-style":"default","site-sidebar-style":"default","ast-global-header-display":"","ast-banner-title-visibility":"","ast-main-header-display":"","ast-hfb-above-header-display":"","ast-hfb-below-header-display":"","ast-hfb-mobile-header-display":"","site-post-title":"","ast-breadcrumbs-content":"","ast-featured-img":"","footer-sml-layout":"","ast-disable-related-posts":"","theme-transparent-header-meta":"default","adv-header-id-meta":"","stick-header-meta":"","header-above-stick-meta":"","header-main-stick-meta":"","header-below-stick-meta":"","astra-migrate-meta-layouts":"set","ast-page-background-enabled":"default","ast-page-background-meta":{"desktop":{"background-color":"var(--ast-global-color-4)","background-image":"","background-repeat":"repeat","background-position":"center center","background-size":"auto","background-attachment":"scroll","background-type":"","background-media":"","overlay-type":"","overlay-color":"","overlay-opacity":"","overlay-gradient":""},"tablet":{"background-color":"","background-image":"","background-repeat":"repeat","background-position":"center center","background-size":"auto","background-attachment":"scroll","background-type":"","background-media":"","overlay-type":"","overlay-color":"","overlay-opacity":"","overlay-gradient":""},"mobile":{"background-color":"","background-image":"","background-repeat":"repeat","background-position":"center center","background-size":"auto","background-attachment":"scroll","background-type":"","background-media":"","overlay-type":"","overlay-color":"","overlay-opacity":"","overlay-gradient":""}},"ast-content-background-meta":{"desktop":{"background-color":"var(--ast-global-color-5)","background-image":"","background-repeat":"repeat","background-position":"center center","background-size":"auto","background-attachment":"scroll","background-type":"","background-media":"","overlay-type":"","overlay-color":"","overlay-opacity":"","overlay-gradient":""},"tablet":{"background-color":"var(--ast-global-color-5)","background-image":"","background-repeat":"repeat","background-position":"center center","background-size":"auto","background-attachment":"scroll","background-type":"","background-media":"","overlay-type":"","overlay-color":"","overlay-opacity":"","overlay-gradient":""},"mobile":{"background-color":"var(--ast-global-color-5)","background-image":"","background-repeat":"repeat","background-position":"center center","background-size":"auto","background-attachment":"scroll","background-type":"","background-media":"","overlay-type":"","overlay-color":"","overlay-opacity":"","overlay-gradient":""}}},"product_cat":[32,28],"product_tag":[576],"class_list":{"0":"post-3382","1":"product","2":"type-product","3":"status-publish","4":"has-post-thumbnail","6":"product_cat-edudem","7":"product_cat-libro","8":"product_tag-ciencias-economicas","9":"desktop-align-left","10":"tablet-align-left","11":"mobile-align-left","13":"first","14":"instock","15":"shipping-taxable","16":"purchasable","17":"product-type-simple"},"acf":[],"uagb_featured_image_src":{"full":["https:\/\/biblio1.mdp.edu.ar\/centro-ventas\/wp-content\/uploads\/sites\/2\/2024\/11\/9878997834_9789878997834_2024-11-19_15_20_05.jpg",700,700,false],"thumbnail":["https:\/\/biblio1.mdp.edu.ar\/centro-ventas\/wp-content\/uploads\/sites\/2\/2024\/11\/9878997834_9789878997834_2024-11-19_15_20_05-150x150.jpg",150,150,true],"medium":["https:\/\/biblio1.mdp.edu.ar\/centro-ventas\/wp-content\/uploads\/sites\/2\/2024\/11\/9878997834_9789878997834_2024-11-19_15_20_05-300x300.jpg",300,300,true],"medium_large":["https:\/\/biblio1.mdp.edu.ar\/centro-ventas\/wp-content\/uploads\/sites\/2\/2024\/11\/9878997834_9789878997834_2024-11-19_15_20_05.jpg",700,700,false],"large":["https:\/\/biblio1.mdp.edu.ar\/centro-ventas\/wp-content\/uploads\/sites\/2\/2024\/11\/9878997834_9789878997834_2024-11-19_15_20_05.jpg",700,700,false],"1536x1536":["https:\/\/biblio1.mdp.edu.ar\/centro-ventas\/wp-content\/uploads\/sites\/2\/2024\/11\/9878997834_9789878997834_2024-11-19_15_20_05.jpg",700,700,false],"2048x2048":["https:\/\/biblio1.mdp.edu.ar\/centro-ventas\/wp-content\/uploads\/sites\/2\/2024\/11\/9878997834_9789878997834_2024-11-19_15_20_05.jpg",700,700,false],"woocommerce_thumbnail":["https:\/\/biblio1.mdp.edu.ar\/centro-ventas\/wp-content\/uploads\/sites\/2\/2024\/11\/9878997834_9789878997834_2024-11-19_15_20_05-300x300.jpg",300,300,true],"woocommerce_single":["https:\/\/biblio1.mdp.edu.ar\/centro-ventas\/wp-content\/uploads\/sites\/2\/2024\/11\/9878997834_9789878997834_2024-11-19_15_20_05-600x600.jpg",600,600,true],"woocommerce_gallery_thumbnail":["https:\/\/biblio1.mdp.edu.ar\/centro-ventas\/wp-content\/uploads\/sites\/2\/2024\/11\/9878997834_9789878997834_2024-11-19_15_20_05-100x100.jpg",100,100,true]},"uagb_author_info":{"display_name":"Cristina Bernabe","author_link":"https:\/\/biblio1.mdp.edu.ar\/centro-ventas\/author\/"},"uagb_comment_info":0,"uagb_excerpt":"Este libro se plantea describir los principales rasgos de la profesi\u00f3n acad\u00e9mica, en el contexto de la sociedad del conocimiento y la innovaci\u00f3n, con particular foco en las profesiones liberales en el sistema universitario argentino. Procura avanzar en una indagaci\u00f3n del perfil de quienes provienen de las ciencias econ\u00f3micas como disciplina de origen, identificando las&hellip;","_links":{"self":[{"href":"https:\/\/biblio1.mdp.edu.ar\/centro-ventas\/wp-json\/wp\/v2\/product\/3382","targetHints":{"allow":["GET"]}}],"collection":[{"href":"https:\/\/biblio1.mdp.edu.ar\/centro-ventas\/wp-json\/wp\/v2\/product"}],"about":[{"href":"https:\/\/biblio1.mdp.edu.ar\/centro-ventas\/wp-json\/wp\/v2\/types\/product"}],"wp:featuredmedia":[{"embeddable":true,"href":"https:\/\/biblio1.mdp.edu.ar\/centro-ventas\/wp-json\/wp\/v2\/media\/3383"}],"wp:attachment":[{"href":"https:\/\/biblio1.mdp.edu.ar\/centro-ventas\/wp-json\/wp\/v2\/media?parent=3382"}],"wp:term":[{"taxonomy":"product_cat","embeddable":true,"href":"https:\/\/biblio1.mdp.edu.ar\/centro-ventas\/wp-json\/wp\/v2\/product_cat?post=3382"},{"taxonomy":"product_tag","embeddable":true,"href":"https:\/\/biblio1.mdp.edu.ar\/centro-ventas\/wp-json\/wp\/v2\/product_tag?post=3382"}],"curies":[{"name":"wp","href":"https:\/\/api.w.org\/{rel}","templated":true}]}}