{"id":3379,"date":"2024-11-29T13:31:34","date_gmt":"2024-11-29T16:31:34","guid":{"rendered":"https:\/\/biblio1.mdp.edu.ar\/centro-ventas\/?post_type=product&#038;p=3379"},"modified":"2026-03-30T15:55:00","modified_gmt":"2026-03-30T18:55:00","slug":"introduccion-al-estudio-de-la-nueva-longevidad","status":"publish","type":"product","link":"https:\/\/biblio1.mdp.edu.ar\/centro-ventas\/producto\/introduccion-al-estudio-de-la-nueva-longevidad\/","title":{"rendered":"Introducci\u00f3n al estudio de la nueva longevidad"},"content":{"rendered":"<div><span style=\"font-size: 16px\">El libro re\u00fane los contenidos b\u00e1sicos relacionados con la longevidad, el cuidado y la atenci\u00f3n de las personas mayores para estudiantes de ciencias de la salud y afines. Con estos lineamientos se exponen tres secciones: en la primera se desarrollan \u00e1reas te\u00f3ricas que dan marco conceptual al tema de estudio; en la segunda se describen las situaciones cl\u00ednicas y los desaf\u00edos m\u00e1s frecuentes con este grupo de la poblaci\u00f3n, mientras que, en la tercera, se desarrollan aspectos relevantes que hacen a la promoci\u00f3n del bienestar y la calidad de vida de las personas mayores.<\/span><\/div>\n<div>\n<p>Esta obra se propone ser un primer escal\u00f3n pedag\u00f3gico en el conocimiento de lo que concierne al cuidado y la atenci\u00f3n de las personas mayores. Sentar las bases de ello, sobre un nuevo paradigma y una nueva narrativa basada en la longevidad que no solo se reduce a un fen\u00f3meno demogr\u00e1fico y cl\u00ednico sino que se considera uno de los principales condicionantes del desarrollo social en la primera mitad de este siglo.<\/p>\n<p>Los autores proponen respuestas a las demandas del grupo de la poblaci\u00f3n que m\u00e1s crecer\u00e1 seg\u00fan las tendencias actuales. Personas mayores que, al mismo tiempo, deciden vivir de manera diferente y que dan a este fen\u00f3meno de la longevidad la necesidad de poder integrarlo cuantitativa y cualitativamente para su mejor comprensi\u00f3n.<\/p>\n<p>&nbsp;<\/p>\n<\/div>\n<div><\/div>\n<div><\/div>\n<div class=\"col-md-3\"><\/div>\n","protected":false},"excerpt":{"rendered":"<p>El libro re\u00fane los contenidos b\u00e1sicos relacionados con la longevidad, el cuidado y la atenci\u00f3n de las personas mayores para estudiantes de ciencias de la salud y afines. Con estos lineamientos se exponen tres secciones: en la primera se desarrollan \u00e1reas te\u00f3ricas que dan marco conceptual al tema de estudio; en la segunda se describen [&hellip;]<\/p>\n","protected":false},"featured_media":3380,"template":"","meta":{"_acf_changed":false,"_eb_attr":"","_crdt_document":"","_uag_custom_page_level_css":"","_editorskit_title_hidden":false,"_editorskit_reading_time":0,"_editorskit_is_block_options_detached":false,"_editorskit_block_options_position":"{}","site-sidebar-layout":"default","site-content-layout":"","ast-site-content-layout":"default","site-content-style":"default","site-sidebar-style":"default","ast-global-header-display":"","ast-banner-title-visibility":"","ast-main-header-display":"","ast-hfb-above-header-display":"","ast-hfb-below-header-display":"","ast-hfb-mobile-header-display":"","site-post-title":"","ast-breadcrumbs-content":"","ast-featured-img":"","footer-sml-layout":"","ast-disable-related-posts":"","theme-transparent-header-meta":"default","adv-header-id-meta":"","stick-header-meta":"","header-above-stick-meta":"","header-main-stick-meta":"","header-below-stick-meta":"","astra-migrate-meta-layouts":"set","ast-page-background-enabled":"default","ast-page-background-meta":{"desktop":{"background-color":"var(--ast-global-color-4)","background-image":"","background-repeat":"repeat","background-position":"center center","background-size":"auto","background-attachment":"scroll","background-type":"","background-media":"","overlay-type":"","overlay-color":"","overlay-opacity":"","overlay-gradient":""},"tablet":{"background-color":"","background-image":"","background-repeat":"repeat","background-position":"center center","background-size":"auto","background-attachment":"scroll","background-type":"","background-media":"","overlay-type":"","overlay-color":"","overlay-opacity":"","overlay-gradient":""},"mobile":{"background-color":"","background-image":"","background-repeat":"repeat","background-position":"center center","background-size":"auto","background-attachment":"scroll","background-type":"","background-media":"","overlay-type":"","overlay-color":"","overlay-opacity":"","overlay-gradient":""}},"ast-content-background-meta":{"desktop":{"background-color":"var(--ast-global-color-5)","background-image":"","background-repeat":"repeat","background-position":"center center","background-size":"auto","background-attachment":"scroll","background-type":"","background-media":"","overlay-type":"","overlay-color":"","overlay-opacity":"","overlay-gradient":""},"tablet":{"background-color":"var(--ast-global-color-5)","background-image":"","background-repeat":"repeat","background-position":"center center","background-size":"auto","background-attachment":"scroll","background-type":"","background-media":"","overlay-type":"","overlay-color":"","overlay-opacity":"","overlay-gradient":""},"mobile":{"background-color":"var(--ast-global-color-5)","background-image":"","background-repeat":"repeat","background-position":"center center","background-size":"auto","background-attachment":"scroll","background-type":"","background-media":"","overlay-type":"","overlay-color":"","overlay-opacity":"","overlay-gradient":""}}},"product_cat":[115,32,28],"product_tag":[],"class_list":{"0":"post-3379","1":"product","2":"type-product","3":"status-publish","4":"has-post-thumbnail","6":"product_cat-herramientas","7":"product_cat-edudem","8":"product_cat-libro","9":"desktop-align-left","10":"tablet-align-left","11":"mobile-align-left","13":"first","14":"instock","15":"shipping-taxable","16":"purchasable","17":"product-type-simple"},"acf":[],"uagb_featured_image_src":{"full":["https:\/\/biblio1.mdp.edu.ar\/centro-ventas\/wp-content\/uploads\/sites\/2\/2024\/11\/TAPA-herramientas-2024-introduccion-al-estudio-de-la-nueva-longevidad-scaled.jpg",1740,2560,false],"thumbnail":["https:\/\/biblio1.mdp.edu.ar\/centro-ventas\/wp-content\/uploads\/sites\/2\/2024\/11\/TAPA-herramientas-2024-introduccion-al-estudio-de-la-nueva-longevidad-150x150.jpg",150,150,true],"medium":["https:\/\/biblio1.mdp.edu.ar\/centro-ventas\/wp-content\/uploads\/sites\/2\/2024\/11\/TAPA-herramientas-2024-introduccion-al-estudio-de-la-nueva-longevidad-204x300.jpg",204,300,true],"medium_large":["https:\/\/biblio1.mdp.edu.ar\/centro-ventas\/wp-content\/uploads\/sites\/2\/2024\/11\/TAPA-herramientas-2024-introduccion-al-estudio-de-la-nueva-longevidad-768x1130.jpg",768,1130,true],"large":["https:\/\/biblio1.mdp.edu.ar\/centro-ventas\/wp-content\/uploads\/sites\/2\/2024\/11\/TAPA-herramientas-2024-introduccion-al-estudio-de-la-nueva-longevidad-696x1024.jpg",696,1024,true],"1536x1536":["https:\/\/biblio1.mdp.edu.ar\/centro-ventas\/wp-content\/uploads\/sites\/2\/2024\/11\/TAPA-herramientas-2024-introduccion-al-estudio-de-la-nueva-longevidad-1044x1536.jpg",1044,1536,true],"2048x2048":["https:\/\/biblio1.mdp.edu.ar\/centro-ventas\/wp-content\/uploads\/sites\/2\/2024\/11\/TAPA-herramientas-2024-introduccion-al-estudio-de-la-nueva-longevidad-1392x2048.jpg",1392,2048,true],"woocommerce_thumbnail":["https:\/\/biblio1.mdp.edu.ar\/centro-ventas\/wp-content\/uploads\/sites\/2\/2024\/11\/TAPA-herramientas-2024-introduccion-al-estudio-de-la-nueva-longevidad-300x441.jpg",300,441,true],"woocommerce_single":["https:\/\/biblio1.mdp.edu.ar\/centro-ventas\/wp-content\/uploads\/sites\/2\/2024\/11\/TAPA-herramientas-2024-introduccion-al-estudio-de-la-nueva-longevidad-600x883.jpg",600,883,true],"woocommerce_gallery_thumbnail":["https:\/\/biblio1.mdp.edu.ar\/centro-ventas\/wp-content\/uploads\/sites\/2\/2024\/11\/TAPA-herramientas-2024-introduccion-al-estudio-de-la-nueva-longevidad-100x100.jpg",100,100,true]},"uagb_author_info":{"display_name":"Cristina Bernabe","author_link":"https:\/\/biblio1.mdp.edu.ar\/centro-ventas\/author\/"},"uagb_comment_info":0,"uagb_excerpt":"El libro re\u00fane los contenidos b\u00e1sicos relacionados con la longevidad, el cuidado y la atenci\u00f3n de las personas mayores para estudiantes de ciencias de la salud y afines. Con estos lineamientos se exponen tres secciones: en la primera se desarrollan \u00e1reas te\u00f3ricas que dan marco conceptual al tema de estudio; en la segunda se describen&hellip;","_links":{"self":[{"href":"https:\/\/biblio1.mdp.edu.ar\/centro-ventas\/wp-json\/wp\/v2\/product\/3379","targetHints":{"allow":["GET"]}}],"collection":[{"href":"https:\/\/biblio1.mdp.edu.ar\/centro-ventas\/wp-json\/wp\/v2\/product"}],"about":[{"href":"https:\/\/biblio1.mdp.edu.ar\/centro-ventas\/wp-json\/wp\/v2\/types\/product"}],"wp:featuredmedia":[{"embeddable":true,"href":"https:\/\/biblio1.mdp.edu.ar\/centro-ventas\/wp-json\/wp\/v2\/media\/3380"}],"wp:attachment":[{"href":"https:\/\/biblio1.mdp.edu.ar\/centro-ventas\/wp-json\/wp\/v2\/media?parent=3379"}],"wp:term":[{"taxonomy":"product_cat","embeddable":true,"href":"https:\/\/biblio1.mdp.edu.ar\/centro-ventas\/wp-json\/wp\/v2\/product_cat?post=3379"},{"taxonomy":"product_tag","embeddable":true,"href":"https:\/\/biblio1.mdp.edu.ar\/centro-ventas\/wp-json\/wp\/v2\/product_tag?post=3379"}],"curies":[{"name":"wp","href":"https:\/\/api.w.org\/{rel}","templated":true}]}}