{"id":3374,"date":"2024-11-29T13:20:54","date_gmt":"2024-11-29T16:20:54","guid":{"rendered":"https:\/\/biblio1.mdp.edu.ar\/centro-ventas\/?post_type=product&#038;p=3374"},"modified":"2026-03-30T15:54:47","modified_gmt":"2026-03-30T18:54:47","slug":"introduccion-a-la-biologia-evolutiva","status":"publish","type":"product","link":"https:\/\/biblio1.mdp.edu.ar\/centro-ventas\/producto\/introduccion-a-la-biologia-evolutiva\/","title":{"rendered":"Introducci\u00f3n a la biolog\u00eda evolutiva"},"content":{"rendered":"<div>\n<p>Hace algo m\u00e1s de un siglo, la incursi\u00f3n de ideas evolutivas dentro del pensamiento cient\u00edfico y la cultura en general produjo una verdadera conmoci\u00f3n. La visi\u00f3n que la humanidad ten\u00eda de la naturaleza y de s\u00ed misma cambi\u00f3 de manera irreversible a partir del momento en que comenzaron a difundirse las ideas acerca de la evoluci\u00f3n de los organismos, incluyendo la de nuestra propia especie.<\/p>\n<p>Este libro est\u00e1 pensado como un texto introductorio a la biolog\u00eda evolutiva, sin dejar de citar los descubrimientos recientes en la tem\u00e1tica. Abarca una diversidad de temas en gen\u00e9tica, paleontolog\u00eda, filogen\u00e9tica, biogeograf\u00eda, extinciones biol\u00f3gicas y los nuevos estudios que vinculan evoluci\u00f3n y desarrollo, mencionando ejemplos evolutivos provenientes de Am\u00e9rica del Sur. Un cap\u00edtulo est\u00e1 dedicado a las investigaciones en epigen\u00e9tica, un tema que ha despertado inter\u00e9s en diferentes \u00e1reas de la biolog\u00eda. Asimismo, el estudio de las adaptaciones de los organismos se trata en varias partes del libro. Adem\u00e1s, se incluye un cap\u00edtulo donde se tratan temas de evoluci\u00f3n humana, en aspectos anat\u00f3micos y en la migraci\u00f3n de las primeras poblaciones de nuestra especie.<\/p>\n<p>De nivel universitario, esta obra mantiene un lenguaje claro y sencillo, utilizando numerosos gr\u00e1ficos e ilustraciones, por lo que puede resultar de inter\u00e9s a quienes buscan conocer la evoluci\u00f3n biol\u00f3gica, provenientes tanto de las ciencias exactas como de las ciencias humanas y sociales.<\/p>\n<\/div>\n<div class=\"col-md-3\"><\/div>\n","protected":false},"excerpt":{"rendered":"<p>Hace algo m\u00e1s de un siglo, la incursi\u00f3n de ideas evolutivas dentro del pensamiento cient\u00edfico y la cultura en general produjo una verdadera conmoci\u00f3n. La visi\u00f3n que la humanidad ten\u00eda de la naturaleza y de s\u00ed misma cambi\u00f3 de manera irreversible a partir del momento en que comenzaron a difundirse las ideas acerca de la [&hellip;]<\/p>\n","protected":false},"featured_media":3375,"template":"","meta":{"_acf_changed":false,"_eb_attr":"","_crdt_document":"","_uag_custom_page_level_css":"","_editorskit_title_hidden":false,"_editorskit_reading_time":0,"_editorskit_is_block_options_detached":false,"_editorskit_block_options_position":"{}","site-sidebar-layout":"default","site-content-layout":"","ast-site-content-layout":"default","site-content-style":"default","site-sidebar-style":"default","ast-global-header-display":"","ast-banner-title-visibility":"","ast-main-header-display":"","ast-hfb-above-header-display":"","ast-hfb-below-header-display":"","ast-hfb-mobile-header-display":"","site-post-title":"","ast-breadcrumbs-content":"","ast-featured-img":"","footer-sml-layout":"","ast-disable-related-posts":"","theme-transparent-header-meta":"default","adv-header-id-meta":"","stick-header-meta":"","header-above-stick-meta":"","header-main-stick-meta":"","header-below-stick-meta":"","astra-migrate-meta-layouts":"set","ast-page-background-enabled":"default","ast-page-background-meta":{"desktop":{"background-color":"var(--ast-global-color-4)","background-image":"","background-repeat":"repeat","background-position":"center center","background-size":"auto","background-attachment":"scroll","background-type":"","background-media":"","overlay-type":"","overlay-color":"","overlay-opacity":"","overlay-gradient":""},"tablet":{"background-color":"","background-image":"","background-repeat":"repeat","background-position":"center center","background-size":"auto","background-attachment":"scroll","background-type":"","background-media":"","overlay-type":"","overlay-color":"","overlay-opacity":"","overlay-gradient":""},"mobile":{"background-color":"","background-image":"","background-repeat":"repeat","background-position":"center center","background-size":"auto","background-attachment":"scroll","background-type":"","background-media":"","overlay-type":"","overlay-color":"","overlay-opacity":"","overlay-gradient":""}},"ast-content-background-meta":{"desktop":{"background-color":"var(--ast-global-color-5)","background-image":"","background-repeat":"repeat","background-position":"center center","background-size":"auto","background-attachment":"scroll","background-type":"","background-media":"","overlay-type":"","overlay-color":"","overlay-opacity":"","overlay-gradient":""},"tablet":{"background-color":"var(--ast-global-color-5)","background-image":"","background-repeat":"repeat","background-position":"center center","background-size":"auto","background-attachment":"scroll","background-type":"","background-media":"","overlay-type":"","overlay-color":"","overlay-opacity":"","overlay-gradient":""},"mobile":{"background-color":"var(--ast-global-color-5)","background-image":"","background-repeat":"repeat","background-position":"center center","background-size":"auto","background-attachment":"scroll","background-type":"","background-media":"","overlay-type":"","overlay-color":"","overlay-opacity":"","overlay-gradient":""}}},"product_cat":[115,32,28],"product_tag":[],"class_list":{"0":"post-3374","1":"product","2":"type-product","3":"status-publish","4":"has-post-thumbnail","6":"product_cat-herramientas","7":"product_cat-edudem","8":"product_cat-libro","9":"desktop-align-left","10":"tablet-align-left","11":"mobile-align-left","13":"first","14":"instock","15":"shipping-taxable","16":"purchasable","17":"product-type-simple"},"acf":[],"uagb_featured_image_src":{"full":["https:\/\/biblio1.mdp.edu.ar\/centro-ventas\/wp-content\/uploads\/sites\/2\/2024\/11\/TAPA-herramientas-2024-introduccion-a-la-biologia-evolutiva-scaled.jpg",1739,2560,false],"thumbnail":["https:\/\/biblio1.mdp.edu.ar\/centro-ventas\/wp-content\/uploads\/sites\/2\/2024\/11\/TAPA-herramientas-2024-introduccion-a-la-biologia-evolutiva-150x150.jpg",150,150,true],"medium":["https:\/\/biblio1.mdp.edu.ar\/centro-ventas\/wp-content\/uploads\/sites\/2\/2024\/11\/TAPA-herramientas-2024-introduccion-a-la-biologia-evolutiva-204x300.jpg",204,300,true],"medium_large":["https:\/\/biblio1.mdp.edu.ar\/centro-ventas\/wp-content\/uploads\/sites\/2\/2024\/11\/TAPA-herramientas-2024-introduccion-a-la-biologia-evolutiva-768x1131.jpg",768,1131,true],"large":["https:\/\/biblio1.mdp.edu.ar\/centro-ventas\/wp-content\/uploads\/sites\/2\/2024\/11\/TAPA-herramientas-2024-introduccion-a-la-biologia-evolutiva-696x1024.jpg",696,1024,true],"1536x1536":["https:\/\/biblio1.mdp.edu.ar\/centro-ventas\/wp-content\/uploads\/sites\/2\/2024\/11\/TAPA-herramientas-2024-introduccion-a-la-biologia-evolutiva-1043x1536.jpg",1043,1536,true],"2048x2048":["https:\/\/biblio1.mdp.edu.ar\/centro-ventas\/wp-content\/uploads\/sites\/2\/2024\/11\/TAPA-herramientas-2024-introduccion-a-la-biologia-evolutiva-1391x2048.jpg",1391,2048,true],"woocommerce_thumbnail":["https:\/\/biblio1.mdp.edu.ar\/centro-ventas\/wp-content\/uploads\/sites\/2\/2024\/11\/TAPA-herramientas-2024-introduccion-a-la-biologia-evolutiva-300x442.jpg",300,442,true],"woocommerce_single":["https:\/\/biblio1.mdp.edu.ar\/centro-ventas\/wp-content\/uploads\/sites\/2\/2024\/11\/TAPA-herramientas-2024-introduccion-a-la-biologia-evolutiva-600x883.jpg",600,883,true],"woocommerce_gallery_thumbnail":["https:\/\/biblio1.mdp.edu.ar\/centro-ventas\/wp-content\/uploads\/sites\/2\/2024\/11\/TAPA-herramientas-2024-introduccion-a-la-biologia-evolutiva-100x100.jpg",100,100,true]},"uagb_author_info":{"display_name":"Cristina Bernabe","author_link":"https:\/\/biblio1.mdp.edu.ar\/centro-ventas\/author\/"},"uagb_comment_info":0,"uagb_excerpt":"Hace algo m\u00e1s de un siglo, la incursi\u00f3n de ideas evolutivas dentro del pensamiento cient\u00edfico y la cultura en general produjo una verdadera conmoci\u00f3n. La visi\u00f3n que la humanidad ten\u00eda de la naturaleza y de s\u00ed misma cambi\u00f3 de manera irreversible a partir del momento en que comenzaron a difundirse las ideas acerca de la&hellip;","_links":{"self":[{"href":"https:\/\/biblio1.mdp.edu.ar\/centro-ventas\/wp-json\/wp\/v2\/product\/3374","targetHints":{"allow":["GET"]}}],"collection":[{"href":"https:\/\/biblio1.mdp.edu.ar\/centro-ventas\/wp-json\/wp\/v2\/product"}],"about":[{"href":"https:\/\/biblio1.mdp.edu.ar\/centro-ventas\/wp-json\/wp\/v2\/types\/product"}],"wp:featuredmedia":[{"embeddable":true,"href":"https:\/\/biblio1.mdp.edu.ar\/centro-ventas\/wp-json\/wp\/v2\/media\/3375"}],"wp:attachment":[{"href":"https:\/\/biblio1.mdp.edu.ar\/centro-ventas\/wp-json\/wp\/v2\/media?parent=3374"}],"wp:term":[{"taxonomy":"product_cat","embeddable":true,"href":"https:\/\/biblio1.mdp.edu.ar\/centro-ventas\/wp-json\/wp\/v2\/product_cat?post=3374"},{"taxonomy":"product_tag","embeddable":true,"href":"https:\/\/biblio1.mdp.edu.ar\/centro-ventas\/wp-json\/wp\/v2\/product_tag?post=3374"}],"curies":[{"name":"wp","href":"https:\/\/api.w.org\/{rel}","templated":true}]}}