{"id":3352,"date":"2024-09-10T15:25:13","date_gmt":"2024-09-10T18:25:13","guid":{"rendered":"https:\/\/biblio1.mdp.edu.ar\/centro-ventas\/?post_type=product&#038;p=3352"},"modified":"2026-03-30T15:52:09","modified_gmt":"2026-03-30T18:52:09","slug":"hacer-la-temporada","status":"publish","type":"product","link":"https:\/\/biblio1.mdp.edu.ar\/centro-ventas\/producto\/hacer-la-temporada\/","title":{"rendered":"Hacer la temporada &#8211; Trabajar en hoteles, bares y restaurantes"},"content":{"rendered":"<h3><strong>HACER LA TEMPORADA<\/strong><br \/>\nTrabajar en hoteles, bares y restaurantes<\/h3>\n<p>A lo largo del Siglo XX, para muchos argentinos y argentinas, Mar del Plata se convirti\u00f3 en sin\u00f3nimo de vacaciones. Para otros, en cambio, el verano marplatense fue sin\u00f3nimo de oportunidades laborales. En la ciudad balnearia por excelencia de Argentina, descanso y trabajo fueron dos caras de la misma moneda.<\/p>\n<p>Este libro aborda la temporada estival, pero no se centra en las personas que disfrutaron de las vacaciones junto al mar, sino en aquellas que lo posibilitaron con su trabajo&#8230;<\/p>\n","protected":false},"excerpt":{"rendered":"<p>HACER LA TEMPORADA Trabajar en hoteles, bares y restaurantes A lo largo del Siglo XX, para muchos argentinos y argentinas, Mar del Plata se convirti\u00f3 en sin\u00f3nimo de vacaciones. Para otros, en cambio, el verano marplatense fue sin\u00f3nimo de oportunidades laborales. En la ciudad balnearia por excelencia de Argentina, descanso y trabajo fueron dos caras [&hellip;]<\/p>\n","protected":false},"featured_media":3356,"template":"","meta":{"_acf_changed":false,"_eb_attr":"","_crdt_document":"","_uag_custom_page_level_css":"","_editorskit_title_hidden":false,"_editorskit_reading_time":0,"_editorskit_is_block_options_detached":false,"_editorskit_block_options_position":"{}","site-sidebar-layout":"default","site-content-layout":"","ast-site-content-layout":"default","site-content-style":"default","site-sidebar-style":"default","ast-global-header-display":"","ast-banner-title-visibility":"","ast-main-header-display":"","ast-hfb-above-header-display":"","ast-hfb-below-header-display":"","ast-hfb-mobile-header-display":"","site-post-title":"","ast-breadcrumbs-content":"","ast-featured-img":"","footer-sml-layout":"","ast-disable-related-posts":"","theme-transparent-header-meta":"default","adv-header-id-meta":"","stick-header-meta":"","header-above-stick-meta":"","header-main-stick-meta":"","header-below-stick-meta":"","astra-migrate-meta-layouts":"set","ast-page-background-enabled":"default","ast-page-background-meta":{"desktop":{"background-color":"var(--ast-global-color-4)","background-image":"","background-repeat":"repeat","background-position":"center center","background-size":"auto","background-attachment":"scroll","background-type":"","background-media":"","overlay-type":"","overlay-color":"","overlay-opacity":"","overlay-gradient":""},"tablet":{"background-color":"","background-image":"","background-repeat":"repeat","background-position":"center center","background-size":"auto","background-attachment":"scroll","background-type":"","background-media":"","overlay-type":"","overlay-color":"","overlay-opacity":"","overlay-gradient":""},"mobile":{"background-color":"","background-image":"","background-repeat":"repeat","background-position":"center center","background-size":"auto","background-attachment":"scroll","background-type":"","background-media":"","overlay-type":"","overlay-color":"","overlay-opacity":"","overlay-gradient":""}},"ast-content-background-meta":{"desktop":{"background-color":"var(--ast-global-color-5)","background-image":"","background-repeat":"repeat","background-position":"center center","background-size":"auto","background-attachment":"scroll","background-type":"","background-media":"","overlay-type":"","overlay-color":"","overlay-opacity":"","overlay-gradient":""},"tablet":{"background-color":"var(--ast-global-color-5)","background-image":"","background-repeat":"repeat","background-position":"center center","background-size":"auto","background-attachment":"scroll","background-type":"","background-media":"","overlay-type":"","overlay-color":"","overlay-opacity":"","overlay-gradient":""},"mobile":{"background-color":"var(--ast-global-color-5)","background-image":"","background-repeat":"repeat","background-position":"center center","background-size":"auto","background-attachment":"scroll","background-type":"","background-media":"","overlay-type":"","overlay-color":"","overlay-opacity":"","overlay-gradient":""}}},"product_cat":[268,32,28,167],"product_tag":[],"class_list":{"0":"post-3352","1":"product","2":"type-product","3":"status-publish","4":"has-post-thumbnail","6":"product_cat-coleccion-mar-del-plata","7":"product_cat-edudem","8":"product_cat-libro","9":"product_cat-mar-del-plata","10":"desktop-align-left","11":"tablet-align-left","12":"mobile-align-left","14":"first","15":"instock","16":"featured","17":"shipping-taxable","18":"purchasable","19":"product-type-simple"},"acf":[],"uagb_featured_image_src":{"full":["https:\/\/biblio1.mdp.edu.ar\/centro-ventas\/wp-content\/uploads\/sites\/2\/2024\/09\/458320989_1035516458583163_8053302100233001061_2-2.jpg",598,982,false],"thumbnail":["https:\/\/biblio1.mdp.edu.ar\/centro-ventas\/wp-content\/uploads\/sites\/2\/2024\/09\/458320989_1035516458583163_8053302100233001061_2-2-150x150.jpg",150,150,true],"medium":["https:\/\/biblio1.mdp.edu.ar\/centro-ventas\/wp-content\/uploads\/sites\/2\/2024\/09\/458320989_1035516458583163_8053302100233001061_2-2-183x300.jpg",183,300,true],"medium_large":["https:\/\/biblio1.mdp.edu.ar\/centro-ventas\/wp-content\/uploads\/sites\/2\/2024\/09\/458320989_1035516458583163_8053302100233001061_2-2.jpg",598,982,false],"large":["https:\/\/biblio1.mdp.edu.ar\/centro-ventas\/wp-content\/uploads\/sites\/2\/2024\/09\/458320989_1035516458583163_8053302100233001061_2-2.jpg",598,982,false],"1536x1536":["https:\/\/biblio1.mdp.edu.ar\/centro-ventas\/wp-content\/uploads\/sites\/2\/2024\/09\/458320989_1035516458583163_8053302100233001061_2-2.jpg",598,982,false],"2048x2048":["https:\/\/biblio1.mdp.edu.ar\/centro-ventas\/wp-content\/uploads\/sites\/2\/2024\/09\/458320989_1035516458583163_8053302100233001061_2-2.jpg",598,982,false],"woocommerce_thumbnail":["https:\/\/biblio1.mdp.edu.ar\/centro-ventas\/wp-content\/uploads\/sites\/2\/2024\/09\/458320989_1035516458583163_8053302100233001061_2-2-300x493.jpg",300,493,true],"woocommerce_single":["https:\/\/biblio1.mdp.edu.ar\/centro-ventas\/wp-content\/uploads\/sites\/2\/2024\/09\/458320989_1035516458583163_8053302100233001061_2-2.jpg",598,982,false],"woocommerce_gallery_thumbnail":["https:\/\/biblio1.mdp.edu.ar\/centro-ventas\/wp-content\/uploads\/sites\/2\/2024\/09\/458320989_1035516458583163_8053302100233001061_2-2-100x100.jpg",100,100,true]},"uagb_author_info":{"display_name":"Cristina Bernabe","author_link":"https:\/\/biblio1.mdp.edu.ar\/centro-ventas\/author\/"},"uagb_comment_info":0,"uagb_excerpt":"HACER LA TEMPORADA Trabajar en hoteles, bares y restaurantes A lo largo del Siglo XX, para muchos argentinos y argentinas, Mar del Plata se convirti\u00f3 en sin\u00f3nimo de vacaciones. Para otros, en cambio, el verano marplatense fue sin\u00f3nimo de oportunidades laborales. En la ciudad balnearia por excelencia de Argentina, descanso y trabajo fueron dos caras&hellip;","_links":{"self":[{"href":"https:\/\/biblio1.mdp.edu.ar\/centro-ventas\/wp-json\/wp\/v2\/product\/3352","targetHints":{"allow":["GET"]}}],"collection":[{"href":"https:\/\/biblio1.mdp.edu.ar\/centro-ventas\/wp-json\/wp\/v2\/product"}],"about":[{"href":"https:\/\/biblio1.mdp.edu.ar\/centro-ventas\/wp-json\/wp\/v2\/types\/product"}],"wp:featuredmedia":[{"embeddable":true,"href":"https:\/\/biblio1.mdp.edu.ar\/centro-ventas\/wp-json\/wp\/v2\/media\/3356"}],"wp:attachment":[{"href":"https:\/\/biblio1.mdp.edu.ar\/centro-ventas\/wp-json\/wp\/v2\/media?parent=3352"}],"wp:term":[{"taxonomy":"product_cat","embeddable":true,"href":"https:\/\/biblio1.mdp.edu.ar\/centro-ventas\/wp-json\/wp\/v2\/product_cat?post=3352"},{"taxonomy":"product_tag","embeddable":true,"href":"https:\/\/biblio1.mdp.edu.ar\/centro-ventas\/wp-json\/wp\/v2\/product_tag?post=3352"}],"curies":[{"name":"wp","href":"https:\/\/api.w.org\/{rel}","templated":true}]}}