{"id":3331,"date":"2024-06-26T16:22:40","date_gmt":"2024-06-26T19:22:40","guid":{"rendered":"https:\/\/biblio1.mdp.edu.ar\/centro-ventas\/?post_type=product&#038;p=3331"},"modified":"2026-04-01T14:53:00","modified_gmt":"2026-04-01T17:53:00","slug":"santos-vega-o-los-mellizos-de-la-flor","status":"publish","type":"product","link":"https:\/\/biblio1.mdp.edu.ar\/centro-ventas\/producto\/santos-vega-o-los-mellizos-de-la-flor\/","title":{"rendered":"Santos Vega \u00f3 Los mellizos de La Flor"},"content":{"rendered":"<p>La tradici\u00f3n popular de Santos Vega fue recogida y reelaborada un sinn\u00famero de veces por distintos autores desde distintas modulaciones est\u00e9ticas, enclaves ideol\u00f3gicos y registros ling\u00fc\u00edsticos: de Bartolom\u00e9 Mitre a Hilario Ascasubi, de Eduardo Guti\u00e9rrez a Rafael Obligado y de este a Ventura Robustiano Lynch. En 1872, radicado en Par\u00eds, Hilario Ascasubi(1807-1875) retoma un proyecto literario que hab\u00eda iniciado en 1850 y publica un extenso poema bajo los auspicios de la imprenta de Paul Dupont: <em>Santos Vega o los mellizos de La Flor. Rasgos dram\u00e1ticos de la vida del gaucho en las campa\u00f1as y en las praderas de la Rep\u00fablica Argentina<\/em>. (1788 a 1808). Editado parcialmente en dos entregas en <em>El comercio del Plata<\/em>, la nueva versi\u00f3n del poema amplifica los dos mil versos iniciales por m\u00e1s de trece mil versos en su texto definitivo. 1872. mientras que este a\u00f1o es la fecha de publicaci\u00f3n de \u00abEl gaucho Mart\u00edn Fierro\u00bb (la primera parte del poema de Jos\u00e9 Hern\u00e1ndez), 1872 se\u00f1ala tambi\u00e9n la aparici\u00f3n en Par\u00eds de <em>Santos Vega o los mellizos de La Flor, c<\/em>orrespondiente al autor de las\u00a0 trovas atribuidas a Paulino Lucero y Aniceto el Gallo. Si se quiere, los dos textos marcan un punto de viraje y un desprendimiento de los c\u00f3digos y las convenciones que dieron a luz al g\u00e9nero gauchesco con Bartolom\u00e9 Hidalgo en un contexto muy preciso. determinado por las Guerras de la Independencia. 1872 de alg\u00fan modo, prescribe el punto nodal de aquellas condiciones de transformaci\u00f3n y de uso del g\u00e9nero con respecto a los modelos heredados.<\/p>\n","protected":false},"excerpt":{"rendered":"<p>La tradici\u00f3n popular de Santos Vega fue recogida y reelaborada un sinn\u00famero de veces por distintos autores desde distintas modulaciones est\u00e9ticas, enclaves ideol\u00f3gicos y registros ling\u00fc\u00edsticos: de Bartolom\u00e9 Mitre a Hilario Ascasubi, de Eduardo Guti\u00e9rrez a Rafael Obligado y de este a Ventura Robustiano Lynch. En 1872, radicado en Par\u00eds, Hilario Ascasubi(1807-1875) retoma un proyecto [&hellip;]<\/p>\n","protected":false},"featured_media":3332,"template":"","meta":{"_acf_changed":false,"_eb_attr":"","_crdt_document":"","_uag_custom_page_level_css":"","_editorskit_title_hidden":false,"_editorskit_reading_time":0,"_editorskit_is_block_options_detached":false,"_editorskit_block_options_position":"{}","site-sidebar-layout":"default","site-content-layout":"","ast-site-content-layout":"default","site-content-style":"default","site-sidebar-style":"default","ast-global-header-display":"","ast-banner-title-visibility":"","ast-main-header-display":"","ast-hfb-above-header-display":"","ast-hfb-below-header-display":"","ast-hfb-mobile-header-display":"","site-post-title":"","ast-breadcrumbs-content":"","ast-featured-img":"","footer-sml-layout":"","ast-disable-related-posts":"","theme-transparent-header-meta":"default","adv-header-id-meta":"","stick-header-meta":"","header-above-stick-meta":"","header-main-stick-meta":"","header-below-stick-meta":"","astra-migrate-meta-layouts":"set","ast-page-background-enabled":"default","ast-page-background-meta":{"desktop":{"background-color":"var(--ast-global-color-4)","background-image":"","background-repeat":"repeat","background-position":"center center","background-size":"auto","background-attachment":"scroll","background-type":"","background-media":"","overlay-type":"","overlay-color":"","overlay-opacity":"","overlay-gradient":""},"tablet":{"background-color":"","background-image":"","background-repeat":"repeat","background-position":"center center","background-size":"auto","background-attachment":"scroll","background-type":"","background-media":"","overlay-type":"","overlay-color":"","overlay-opacity":"","overlay-gradient":""},"mobile":{"background-color":"","background-image":"","background-repeat":"repeat","background-position":"center center","background-size":"auto","background-attachment":"scroll","background-type":"","background-media":"","overlay-type":"","overlay-color":"","overlay-opacity":"","overlay-gradient":""}},"ast-content-background-meta":{"desktop":{"background-color":"var(--ast-global-color-5)","background-image":"","background-repeat":"repeat","background-position":"center center","background-size":"auto","background-attachment":"scroll","background-type":"","background-media":"","overlay-type":"","overlay-color":"","overlay-opacity":"","overlay-gradient":""},"tablet":{"background-color":"var(--ast-global-color-5)","background-image":"","background-repeat":"repeat","background-position":"center center","background-size":"auto","background-attachment":"scroll","background-type":"","background-media":"","overlay-type":"","overlay-color":"","overlay-opacity":"","overlay-gradient":""},"mobile":{"background-color":"var(--ast-global-color-5)","background-image":"","background-repeat":"repeat","background-position":"center center","background-size":"auto","background-attachment":"scroll","background-type":"","background-media":"","overlay-type":"","overlay-color":"","overlay-opacity":"","overlay-gradient":""}}},"product_cat":[32,28],"product_tag":[],"class_list":{"0":"post-3331","1":"product","2":"type-product","3":"status-publish","4":"has-post-thumbnail","6":"product_cat-edudem","7":"product_cat-libro","8":"desktop-align-left","9":"tablet-align-left","10":"mobile-align-left","12":"first","13":"instock","14":"shipping-taxable","15":"purchasable","16":"product-type-simple"},"acf":[],"uagb_featured_image_src":{"full":["https:\/\/biblio1.mdp.edu.ar\/centro-ventas\/wp-content\/uploads\/sites\/2\/2024\/06\/IMG_20240626_162809.jpg",800,1309,false],"thumbnail":["https:\/\/biblio1.mdp.edu.ar\/centro-ventas\/wp-content\/uploads\/sites\/2\/2024\/06\/IMG_20240626_162809-150x150.jpg",150,150,true],"medium":["https:\/\/biblio1.mdp.edu.ar\/centro-ventas\/wp-content\/uploads\/sites\/2\/2024\/06\/IMG_20240626_162809-183x300.jpg",183,300,true],"medium_large":["https:\/\/biblio1.mdp.edu.ar\/centro-ventas\/wp-content\/uploads\/sites\/2\/2024\/06\/IMG_20240626_162809-768x1257.jpg",768,1257,true],"large":["https:\/\/biblio1.mdp.edu.ar\/centro-ventas\/wp-content\/uploads\/sites\/2\/2024\/06\/IMG_20240626_162809-626x1024.jpg",626,1024,true],"1536x1536":["https:\/\/biblio1.mdp.edu.ar\/centro-ventas\/wp-content\/uploads\/sites\/2\/2024\/06\/IMG_20240626_162809.jpg",800,1309,false],"2048x2048":["https:\/\/biblio1.mdp.edu.ar\/centro-ventas\/wp-content\/uploads\/sites\/2\/2024\/06\/IMG_20240626_162809.jpg",800,1309,false],"woocommerce_thumbnail":["https:\/\/biblio1.mdp.edu.ar\/centro-ventas\/wp-content\/uploads\/sites\/2\/2024\/06\/IMG_20240626_162809-300x491.jpg",300,491,true],"woocommerce_single":["https:\/\/biblio1.mdp.edu.ar\/centro-ventas\/wp-content\/uploads\/sites\/2\/2024\/06\/IMG_20240626_162809-600x982.jpg",600,982,true],"woocommerce_gallery_thumbnail":["https:\/\/biblio1.mdp.edu.ar\/centro-ventas\/wp-content\/uploads\/sites\/2\/2024\/06\/IMG_20240626_162809-100x100.jpg",100,100,true]},"uagb_author_info":{"display_name":"Cristina Bernabe","author_link":"https:\/\/biblio1.mdp.edu.ar\/centro-ventas\/author\/"},"uagb_comment_info":0,"uagb_excerpt":"La tradici\u00f3n popular de Santos Vega fue recogida y reelaborada un sinn\u00famero de veces por distintos autores desde distintas modulaciones est\u00e9ticas, enclaves ideol\u00f3gicos y registros ling\u00fc\u00edsticos: de Bartolom\u00e9 Mitre a Hilario Ascasubi, de Eduardo Guti\u00e9rrez a Rafael Obligado y de este a Ventura Robustiano Lynch. En 1872, radicado en Par\u00eds, Hilario Ascasubi(1807-1875) retoma un proyecto&hellip;","_links":{"self":[{"href":"https:\/\/biblio1.mdp.edu.ar\/centro-ventas\/wp-json\/wp\/v2\/product\/3331","targetHints":{"allow":["GET"]}}],"collection":[{"href":"https:\/\/biblio1.mdp.edu.ar\/centro-ventas\/wp-json\/wp\/v2\/product"}],"about":[{"href":"https:\/\/biblio1.mdp.edu.ar\/centro-ventas\/wp-json\/wp\/v2\/types\/product"}],"wp:featuredmedia":[{"embeddable":true,"href":"https:\/\/biblio1.mdp.edu.ar\/centro-ventas\/wp-json\/wp\/v2\/media\/3332"}],"wp:attachment":[{"href":"https:\/\/biblio1.mdp.edu.ar\/centro-ventas\/wp-json\/wp\/v2\/media?parent=3331"}],"wp:term":[{"taxonomy":"product_cat","embeddable":true,"href":"https:\/\/biblio1.mdp.edu.ar\/centro-ventas\/wp-json\/wp\/v2\/product_cat?post=3331"},{"taxonomy":"product_tag","embeddable":true,"href":"https:\/\/biblio1.mdp.edu.ar\/centro-ventas\/wp-json\/wp\/v2\/product_tag?post=3331"}],"curies":[{"name":"wp","href":"https:\/\/api.w.org\/{rel}","templated":true}]}}