{"id":3329,"date":"2024-06-26T16:11:51","date_gmt":"2024-06-26T19:11:51","guid":{"rendered":"https:\/\/biblio1.mdp.edu.ar\/centro-ventas\/?post_type=product&#038;p=3329"},"modified":"2026-03-30T17:53:56","modified_gmt":"2026-03-30T20:53:56","slug":"pasiones-luis-porta","status":"publish","type":"product","link":"https:\/\/biblio1.mdp.edu.ar\/centro-ventas\/producto\/pasiones-luis-porta\/","title":{"rendered":"Pasiones; Luis Porta"},"content":{"rendered":"<p>Las razones por las cuales esta obra se distingue de las cinco anteriores son m\u00faltiples y variadas. En primer lugar porque la vida que intentamos narrar aqu\u00ed es nada m\u00e1s y nada menos que la de Luis Porta, director de la Colecci\u00f3n. En segundo lugar porque la importancia de su vida personal y profesional no es reconocida s\u00f3lo por sus estudiantes y sus colegas m\u00e1s cercanos, sino tambi\u00e9n a partir de su extensa trayectoria en el campo educativo nacional e internacional como docente, investigador, gestor y formador. En tercer lugar, la memorabilidad de Luis viene dada a partir de su particular modo de instalaci\u00f3n en la vida de quienes se topan con la suya: una forma de enlazar y construir mundos afectivos y afectantes que hace que su presencia en el devenir de nuestros itinerarios vitales sea m\u00e1s hospitalaria y habitable.<\/p>\n<p>Tambi\u00e9n es significativa la huella que ha dejado y deja en el propio campo de formaci\u00f3n e investigaci\u00f3n en educaci\u00f3n, principalmente sus aportes te\u00f3ricos, epist\u00e9micos, pol\u00edticos y metodol\u00f3gicos en el \u00e1mbito de la Educaci\u00f3n Superior. El valor de la vida de Luis Porta inunda tambi\u00e9n las instituciones que ha transitado, los v\u00ednculos que ha forjado y los proyectos que ha construido constante y permanentemente. Una memorabilidad, que como se aprecia en el transcurrir de las p\u00e1ginas de la obra, se forja al calor de la generosidad, la empat\u00eda y el cuidado.<\/p>\n","protected":false},"excerpt":{"rendered":"<p>Las razones por las cuales esta obra se distingue de las cinco anteriores son m\u00faltiples y variadas. En primer lugar porque la vida que intentamos narrar aqu\u00ed es nada m\u00e1s y nada menos que la de Luis Porta, director de la Colecci\u00f3n. En segundo lugar porque la importancia de su vida personal y profesional no [&hellip;]<\/p>\n","protected":false},"featured_media":3330,"template":"","meta":{"_acf_changed":false,"_eb_attr":"","_crdt_document":"","_uag_custom_page_level_css":"","_editorskit_title_hidden":false,"_editorskit_reading_time":0,"_editorskit_is_block_options_detached":false,"_editorskit_block_options_position":"{}","site-sidebar-layout":"default","site-content-layout":"","ast-site-content-layout":"default","site-content-style":"default","site-sidebar-style":"default","ast-global-header-display":"","ast-banner-title-visibility":"","ast-main-header-display":"","ast-hfb-above-header-display":"","ast-hfb-below-header-display":"","ast-hfb-mobile-header-display":"","site-post-title":"","ast-breadcrumbs-content":"","ast-featured-img":"","footer-sml-layout":"","ast-disable-related-posts":"","theme-transparent-header-meta":"default","adv-header-id-meta":"","stick-header-meta":"","header-above-stick-meta":"","header-main-stick-meta":"","header-below-stick-meta":"","astra-migrate-meta-layouts":"set","ast-page-background-enabled":"default","ast-page-background-meta":{"desktop":{"background-color":"var(--ast-global-color-4)","background-image":"","background-repeat":"repeat","background-position":"center center","background-size":"auto","background-attachment":"scroll","background-type":"","background-media":"","overlay-type":"","overlay-color":"","overlay-opacity":"","overlay-gradient":""},"tablet":{"background-color":"","background-image":"","background-repeat":"repeat","background-position":"center center","background-size":"auto","background-attachment":"scroll","background-type":"","background-media":"","overlay-type":"","overlay-color":"","overlay-opacity":"","overlay-gradient":""},"mobile":{"background-color":"","background-image":"","background-repeat":"repeat","background-position":"center center","background-size":"auto","background-attachment":"scroll","background-type":"","background-media":"","overlay-type":"","overlay-color":"","overlay-opacity":"","overlay-gradient":""}},"ast-content-background-meta":{"desktop":{"background-color":"var(--ast-global-color-5)","background-image":"","background-repeat":"repeat","background-position":"center center","background-size":"auto","background-attachment":"scroll","background-type":"","background-media":"","overlay-type":"","overlay-color":"","overlay-opacity":"","overlay-gradient":""},"tablet":{"background-color":"var(--ast-global-color-5)","background-image":"","background-repeat":"repeat","background-position":"center center","background-size":"auto","background-attachment":"scroll","background-type":"","background-media":"","overlay-type":"","overlay-color":"","overlay-opacity":"","overlay-gradient":""},"mobile":{"background-color":"var(--ast-global-color-5)","background-image":"","background-repeat":"repeat","background-position":"center center","background-size":"auto","background-attachment":"scroll","background-type":"","background-media":"","overlay-type":"","overlay-color":"","overlay-opacity":"","overlay-gradient":""}}},"product_cat":[263,32,28],"product_tag":[],"class_list":{"0":"post-3329","1":"product","2":"type-product","3":"status-publish","4":"has-post-thumbnail","6":"product_cat-coleccion-pasiones","7":"product_cat-edudem","8":"product_cat-libro","9":"desktop-align-left","10":"tablet-align-left","11":"mobile-align-left","13":"first","14":"instock","15":"shipping-taxable","16":"purchasable","17":"product-type-simple"},"acf":[],"uagb_featured_image_src":{"full":["https:\/\/biblio1.mdp.edu.ar\/centro-ventas\/wp-content\/uploads\/sites\/2\/2024\/06\/euci-71509789878997278-f7abf9a2783bdff43817173843903717-480-0.jpg",480,829,false],"thumbnail":["https:\/\/biblio1.mdp.edu.ar\/centro-ventas\/wp-content\/uploads\/sites\/2\/2024\/06\/euci-71509789878997278-f7abf9a2783bdff43817173843903717-480-0-150x150.jpg",150,150,true],"medium":["https:\/\/biblio1.mdp.edu.ar\/centro-ventas\/wp-content\/uploads\/sites\/2\/2024\/06\/euci-71509789878997278-f7abf9a2783bdff43817173843903717-480-0-174x300.jpg",174,300,true],"medium_large":["https:\/\/biblio1.mdp.edu.ar\/centro-ventas\/wp-content\/uploads\/sites\/2\/2024\/06\/euci-71509789878997278-f7abf9a2783bdff43817173843903717-480-0.jpg",480,829,false],"large":["https:\/\/biblio1.mdp.edu.ar\/centro-ventas\/wp-content\/uploads\/sites\/2\/2024\/06\/euci-71509789878997278-f7abf9a2783bdff43817173843903717-480-0.jpg",480,829,false],"1536x1536":["https:\/\/biblio1.mdp.edu.ar\/centro-ventas\/wp-content\/uploads\/sites\/2\/2024\/06\/euci-71509789878997278-f7abf9a2783bdff43817173843903717-480-0.jpg",480,829,false],"2048x2048":["https:\/\/biblio1.mdp.edu.ar\/centro-ventas\/wp-content\/uploads\/sites\/2\/2024\/06\/euci-71509789878997278-f7abf9a2783bdff43817173843903717-480-0.jpg",480,829,false],"woocommerce_thumbnail":["https:\/\/biblio1.mdp.edu.ar\/centro-ventas\/wp-content\/uploads\/sites\/2\/2024\/06\/euci-71509789878997278-f7abf9a2783bdff43817173843903717-480-0-300x518.jpg",300,518,true],"woocommerce_single":["https:\/\/biblio1.mdp.edu.ar\/centro-ventas\/wp-content\/uploads\/sites\/2\/2024\/06\/euci-71509789878997278-f7abf9a2783bdff43817173843903717-480-0.jpg",480,829,false],"woocommerce_gallery_thumbnail":["https:\/\/biblio1.mdp.edu.ar\/centro-ventas\/wp-content\/uploads\/sites\/2\/2024\/06\/euci-71509789878997278-f7abf9a2783bdff43817173843903717-480-0-100x100.jpg",100,100,true]},"uagb_author_info":{"display_name":"Cristina Bernabe","author_link":"https:\/\/biblio1.mdp.edu.ar\/centro-ventas\/author\/"},"uagb_comment_info":0,"uagb_excerpt":"Las razones por las cuales esta obra se distingue de las cinco anteriores son m\u00faltiples y variadas. En primer lugar porque la vida que intentamos narrar aqu\u00ed es nada m\u00e1s y nada menos que la de Luis Porta, director de la Colecci\u00f3n. En segundo lugar porque la importancia de su vida personal y profesional no&hellip;","_links":{"self":[{"href":"https:\/\/biblio1.mdp.edu.ar\/centro-ventas\/wp-json\/wp\/v2\/product\/3329","targetHints":{"allow":["GET"]}}],"collection":[{"href":"https:\/\/biblio1.mdp.edu.ar\/centro-ventas\/wp-json\/wp\/v2\/product"}],"about":[{"href":"https:\/\/biblio1.mdp.edu.ar\/centro-ventas\/wp-json\/wp\/v2\/types\/product"}],"wp:featuredmedia":[{"embeddable":true,"href":"https:\/\/biblio1.mdp.edu.ar\/centro-ventas\/wp-json\/wp\/v2\/media\/3330"}],"wp:attachment":[{"href":"https:\/\/biblio1.mdp.edu.ar\/centro-ventas\/wp-json\/wp\/v2\/media?parent=3329"}],"wp:term":[{"taxonomy":"product_cat","embeddable":true,"href":"https:\/\/biblio1.mdp.edu.ar\/centro-ventas\/wp-json\/wp\/v2\/product_cat?post=3329"},{"taxonomy":"product_tag","embeddable":true,"href":"https:\/\/biblio1.mdp.edu.ar\/centro-ventas\/wp-json\/wp\/v2\/product_tag?post=3329"}],"curies":[{"name":"wp","href":"https:\/\/api.w.org\/{rel}","templated":true}]}}