{"id":3326,"date":"2024-06-25T17:41:59","date_gmt":"2024-06-25T20:41:59","guid":{"rendered":"https:\/\/biblio1.mdp.edu.ar\/centro-ventas\/?post_type=product&#038;p=3326"},"modified":"2026-03-30T15:35:42","modified_gmt":"2026-03-30T18:35:42","slug":"diversidad-biologica-marina","status":"publish","type":"product","link":"https:\/\/biblio1.mdp.edu.ar\/centro-ventas\/producto\/diversidad-biologica-marina\/","title":{"rendered":"Diversidad biol\u00f3gica marina"},"content":{"rendered":"<p>La obra constituye un aporte interdisciplinario regional para los debates en torno a un r\u00e9gimen jur\u00eddico internacional relativo a la conservaci\u00f3n y uso sostenible de la diversidad biol\u00f3gica marina en las zonas situadas fuera de la jurisdicci\u00f3n nacional. El libro es resultado de la cooperaci\u00f3n internacional que mantienen la Universidad Nacional de Mar del Plata con la Universidad de San Pablo (Brasil), y a la que se ha sumado, de manera decisiva a los fines de la publicaci\u00f3n, la Universidad del Rosario (Colombia).<\/p>\n<ul class=\"colaboradores-list\">\n<li><span class=\"small\">Director:\u00a0<\/span>Alberto C\u00e9sar Moreira<\/li>\n<li><span class=\"small\">Director:\u00a0<\/span>Wagner Menezes<\/li>\n<li><span class=\"small\">Coordinaci\u00f3n editorial de:\u00a0<\/span>Andrea Fraschina<\/li>\n<li><span class=\"small\">Coordinaci\u00f3n editorial de:\u00a0<\/span>Juan Pablo Seco Pon<\/li>\n<li><span class=\"small\">Pr\u00f3logo de:\u00a0<\/span>Wagner Menezes<\/li>\n<li><span class=\"small\">Autor:\u00a0<\/span>Ricardo Abello Galvis<\/li>\n<li><span class=\"small\">Autor:\u00a0<\/span>Walter Ar\u00e9valo-Ram\u00edrez<\/li>\n<li><span class=\"small\">Autor:\u00a0<\/span>Tebar Wellington Boigues Corbalan<\/li>\n<li><span class=\"small\">Autor:\u00a0<\/span>Sof\u00eda Copello<\/li>\n<li><span class=\"small\">Autor:\u00a0<\/span>Natalia Cuartas Ocampo<\/li>\n<li><span class=\"small\">Autor:\u00a0<\/span>Marco Favero<\/li>\n<li><span class=\"small\">Autor:\u00a0<\/span>Gabriela Martins do Esp\u00edritu Santo<\/li>\n<li><span class=\"small\">Autor:\u00a0<\/span>Alberto C\u00e9sar Moreira<\/li>\n<li><span class=\"small\">Autor:\u00a0<\/span>Barbara Mour\u00e3o Sachett<\/li>\n<li><span class=\"small\">Autor:\u00a0<\/span>Jesica Paz<\/li>\n<li><span class=\"small\">Autor:\u00a0<\/span>Paulo Henrique Reis de Oliveira<\/li>\n<li><span class=\"small\">Autor:\u00a0<\/span>Juan Pablo Seco Pon<\/li>\n<li><span class=\"small\">Autor:\u00a0<\/span>Ana Mar\u00eda Vernetti<\/li>\n<\/ul>\n","protected":false},"excerpt":{"rendered":"<p>La obra constituye un aporte interdisciplinario regional para los debates en torno a un r\u00e9gimen jur\u00eddico internacional relativo a la conservaci\u00f3n y uso sostenible de la diversidad biol\u00f3gica marina en las zonas situadas fuera de la jurisdicci\u00f3n nacional. El libro es resultado de la cooperaci\u00f3n internacional que mantienen la Universidad Nacional de Mar del Plata [&hellip;]<\/p>\n","protected":false},"featured_media":3327,"template":"","meta":{"_acf_changed":false,"_eb_attr":"","_crdt_document":"","_uag_custom_page_level_css":"","_editorskit_title_hidden":false,"_editorskit_reading_time":0,"_editorskit_is_block_options_detached":false,"_editorskit_block_options_position":"{}","site-sidebar-layout":"default","site-content-layout":"","ast-site-content-layout":"default","site-content-style":"default","site-sidebar-style":"default","ast-global-header-display":"","ast-banner-title-visibility":"","ast-main-header-display":"","ast-hfb-above-header-display":"","ast-hfb-below-header-display":"","ast-hfb-mobile-header-display":"","site-post-title":"","ast-breadcrumbs-content":"","ast-featured-img":"","footer-sml-layout":"","ast-disable-related-posts":"","theme-transparent-header-meta":"default","adv-header-id-meta":"","stick-header-meta":"","header-above-stick-meta":"","header-main-stick-meta":"","header-below-stick-meta":"","astra-migrate-meta-layouts":"set","ast-page-background-enabled":"default","ast-page-background-meta":{"desktop":{"background-color":"var(--ast-global-color-4)","background-image":"","background-repeat":"repeat","background-position":"center center","background-size":"auto","background-attachment":"scroll","background-type":"","background-media":"","overlay-type":"","overlay-color":"","overlay-opacity":"","overlay-gradient":""},"tablet":{"background-color":"","background-image":"","background-repeat":"repeat","background-position":"center center","background-size":"auto","background-attachment":"scroll","background-type":"","background-media":"","overlay-type":"","overlay-color":"","overlay-opacity":"","overlay-gradient":""},"mobile":{"background-color":"","background-image":"","background-repeat":"repeat","background-position":"center center","background-size":"auto","background-attachment":"scroll","background-type":"","background-media":"","overlay-type":"","overlay-color":"","overlay-opacity":"","overlay-gradient":""}},"ast-content-background-meta":{"desktop":{"background-color":"var(--ast-global-color-5)","background-image":"","background-repeat":"repeat","background-position":"center center","background-size":"auto","background-attachment":"scroll","background-type":"","background-media":"","overlay-type":"","overlay-color":"","overlay-opacity":"","overlay-gradient":""},"tablet":{"background-color":"var(--ast-global-color-5)","background-image":"","background-repeat":"repeat","background-position":"center center","background-size":"auto","background-attachment":"scroll","background-type":"","background-media":"","overlay-type":"","overlay-color":"","overlay-opacity":"","overlay-gradient":""},"mobile":{"background-color":"var(--ast-global-color-5)","background-image":"","background-repeat":"repeat","background-position":"center center","background-size":"auto","background-attachment":"scroll","background-type":"","background-media":"","overlay-type":"","overlay-color":"","overlay-opacity":"","overlay-gradient":""}}},"product_cat":[32,28],"product_tag":[135,108],"class_list":{"0":"post-3326","1":"product","2":"type-product","3":"status-publish","4":"has-post-thumbnail","6":"product_cat-edudem","7":"product_cat-libro","8":"product_tag-biologia","9":"product_tag-ciencias-biologicas","10":"desktop-align-left","11":"tablet-align-left","12":"mobile-align-left","14":"first","15":"instock","16":"shipping-taxable","17":"purchasable","18":"product-type-simple"},"acf":[],"uagb_featured_image_src":{"full":["https:\/\/biblio1.mdp.edu.ar\/centro-ventas\/wp-content\/uploads\/sites\/2\/2024\/06\/diversidad-biologica-marina-hd.jpg",375,563,false],"thumbnail":["https:\/\/biblio1.mdp.edu.ar\/centro-ventas\/wp-content\/uploads\/sites\/2\/2024\/06\/diversidad-biologica-marina-hd-150x150.jpg",150,150,true],"medium":["https:\/\/biblio1.mdp.edu.ar\/centro-ventas\/wp-content\/uploads\/sites\/2\/2024\/06\/diversidad-biologica-marina-hd-200x300.jpg",200,300,true],"medium_large":["https:\/\/biblio1.mdp.edu.ar\/centro-ventas\/wp-content\/uploads\/sites\/2\/2024\/06\/diversidad-biologica-marina-hd.jpg",375,563,false],"large":["https:\/\/biblio1.mdp.edu.ar\/centro-ventas\/wp-content\/uploads\/sites\/2\/2024\/06\/diversidad-biologica-marina-hd.jpg",375,563,false],"1536x1536":["https:\/\/biblio1.mdp.edu.ar\/centro-ventas\/wp-content\/uploads\/sites\/2\/2024\/06\/diversidad-biologica-marina-hd.jpg",375,563,false],"2048x2048":["https:\/\/biblio1.mdp.edu.ar\/centro-ventas\/wp-content\/uploads\/sites\/2\/2024\/06\/diversidad-biologica-marina-hd.jpg",375,563,false],"woocommerce_thumbnail":["https:\/\/biblio1.mdp.edu.ar\/centro-ventas\/wp-content\/uploads\/sites\/2\/2024\/06\/diversidad-biologica-marina-hd-300x450.jpg",300,450,true],"woocommerce_single":["https:\/\/biblio1.mdp.edu.ar\/centro-ventas\/wp-content\/uploads\/sites\/2\/2024\/06\/diversidad-biologica-marina-hd.jpg",375,563,false],"woocommerce_gallery_thumbnail":["https:\/\/biblio1.mdp.edu.ar\/centro-ventas\/wp-content\/uploads\/sites\/2\/2024\/06\/diversidad-biologica-marina-hd-100x100.jpg",100,100,true]},"uagb_author_info":{"display_name":"Cristina Bernabe","author_link":"https:\/\/biblio1.mdp.edu.ar\/centro-ventas\/author\/"},"uagb_comment_info":0,"uagb_excerpt":"La obra constituye un aporte interdisciplinario regional para los debates en torno a un r\u00e9gimen jur\u00eddico internacional relativo a la conservaci\u00f3n y uso sostenible de la diversidad biol\u00f3gica marina en las zonas situadas fuera de la jurisdicci\u00f3n nacional. El libro es resultado de la cooperaci\u00f3n internacional que mantienen la Universidad Nacional de Mar del Plata&hellip;","_links":{"self":[{"href":"https:\/\/biblio1.mdp.edu.ar\/centro-ventas\/wp-json\/wp\/v2\/product\/3326","targetHints":{"allow":["GET"]}}],"collection":[{"href":"https:\/\/biblio1.mdp.edu.ar\/centro-ventas\/wp-json\/wp\/v2\/product"}],"about":[{"href":"https:\/\/biblio1.mdp.edu.ar\/centro-ventas\/wp-json\/wp\/v2\/types\/product"}],"wp:featuredmedia":[{"embeddable":true,"href":"https:\/\/biblio1.mdp.edu.ar\/centro-ventas\/wp-json\/wp\/v2\/media\/3327"}],"wp:attachment":[{"href":"https:\/\/biblio1.mdp.edu.ar\/centro-ventas\/wp-json\/wp\/v2\/media?parent=3326"}],"wp:term":[{"taxonomy":"product_cat","embeddable":true,"href":"https:\/\/biblio1.mdp.edu.ar\/centro-ventas\/wp-json\/wp\/v2\/product_cat?post=3326"},{"taxonomy":"product_tag","embeddable":true,"href":"https:\/\/biblio1.mdp.edu.ar\/centro-ventas\/wp-json\/wp\/v2\/product_tag?post=3326"}],"curies":[{"name":"wp","href":"https:\/\/api.w.org\/{rel}","templated":true}]}}