{"id":3317,"date":"2024-06-25T15:10:18","date_gmt":"2024-06-25T18:10:18","guid":{"rendered":"https:\/\/biblio1.mdp.edu.ar\/centro-ventas\/?post_type=product&#038;p=3317"},"modified":"2026-03-30T13:50:01","modified_gmt":"2026-03-30T16:50:01","slug":"arrecifes-restingas-y-bancos-rocosos-de-mar-del-plata-ambientes-inexplorados-y-naufragios-olvidado","status":"publish","type":"product","link":"https:\/\/biblio1.mdp.edu.ar\/centro-ventas\/producto\/arrecifes-restingas-y-bancos-rocosos-de-mar-del-plata-ambientes-inexplorados-y-naufragios-olvidado\/","title":{"rendered":"Arrecifes, restingas y bancos rocosos de Mar del Plata: ambientes inexplorados y naufragios olvidado"},"content":{"rendered":"<p>Los fondos marinos rocosos proveen una gran diversidad de h\u00e1bitats para las distintas asociaciones de peces e invertebrados, convirti\u00e9ndose por ello en zonas de alto inter\u00e9s para la conservaci\u00f3n de la biodiversidad marina. El t\u00e9rmino correcto para denominar estos fondos es arrecife, palabra de origen \u00e1rabe utilizada para denominar a todo sustrato duro que se eleva sobre el fondo marino, incluso aquellos sumergidos por el hombre, conocidos como arrecifes artificiales. Esta obra nos muestra las maravillas marinas que est\u00e1n bajo el mar, tan cercanas a las costas de Mar del Plata (Provincia de Buenos Aires). Entusiasma ver las im\u00e1genes de los organismos adheridos a todas aquellas estructuras sumergidas, sean rocas o restos de nav\u00edos que una vez cumplieron una misi\u00f3n. Diversidad de peces y de invertebrados, as\u00ed como de los ambientes que los albergan y alimentan. Todo aqu\u00ed es presentado a partir de informaci\u00f3n cient\u00edfica obtenida y publicada en los \u00faltimos a\u00f1os por los autores, quienes dedican su esfuerzo a promover el conocimiento y protecci\u00f3n de los fondos marinos costeros. Por otro lado, la obra constituye una invitaci\u00f3n a practicar el buceo aut\u00f3nomo, sin el cual no se podr\u00edan apreciar y documentar tales maravillas.<\/p>\n","protected":false},"excerpt":{"rendered":"<p>Los fondos marinos rocosos proveen una gran diversidad de h\u00e1bitats para las distintas asociaciones de peces e invertebrados, convirti\u00e9ndose por ello en zonas de alto inter\u00e9s para la conservaci\u00f3n de la biodiversidad marina. El t\u00e9rmino correcto para denominar estos fondos es arrecife, palabra de origen \u00e1rabe utilizada para denominar a todo sustrato duro que se [&hellip;]<\/p>\n","protected":false},"featured_media":3318,"template":"","meta":{"_acf_changed":false,"_eb_attr":"","_crdt_document":"","_uag_custom_page_level_css":"","_editorskit_title_hidden":false,"_editorskit_reading_time":0,"_editorskit_is_block_options_detached":false,"_editorskit_block_options_position":"{}","site-sidebar-layout":"default","site-content-layout":"","ast-site-content-layout":"default","site-content-style":"default","site-sidebar-style":"default","ast-global-header-display":"","ast-banner-title-visibility":"","ast-main-header-display":"","ast-hfb-above-header-display":"","ast-hfb-below-header-display":"","ast-hfb-mobile-header-display":"","site-post-title":"","ast-breadcrumbs-content":"","ast-featured-img":"","footer-sml-layout":"","ast-disable-related-posts":"","theme-transparent-header-meta":"default","adv-header-id-meta":"","stick-header-meta":"","header-above-stick-meta":"","header-main-stick-meta":"","header-below-stick-meta":"","astra-migrate-meta-layouts":"set","ast-page-background-enabled":"default","ast-page-background-meta":{"desktop":{"background-color":"var(--ast-global-color-4)","background-image":"","background-repeat":"repeat","background-position":"center center","background-size":"auto","background-attachment":"scroll","background-type":"","background-media":"","overlay-type":"","overlay-color":"","overlay-opacity":"","overlay-gradient":""},"tablet":{"background-color":"","background-image":"","background-repeat":"repeat","background-position":"center center","background-size":"auto","background-attachment":"scroll","background-type":"","background-media":"","overlay-type":"","overlay-color":"","overlay-opacity":"","overlay-gradient":""},"mobile":{"background-color":"","background-image":"","background-repeat":"repeat","background-position":"center center","background-size":"auto","background-attachment":"scroll","background-type":"","background-media":"","overlay-type":"","overlay-color":"","overlay-opacity":"","overlay-gradient":""}},"ast-content-background-meta":{"desktop":{"background-color":"var(--ast-global-color-5)","background-image":"","background-repeat":"repeat","background-position":"center center","background-size":"auto","background-attachment":"scroll","background-type":"","background-media":"","overlay-type":"","overlay-color":"","overlay-opacity":"","overlay-gradient":""},"tablet":{"background-color":"var(--ast-global-color-5)","background-image":"","background-repeat":"repeat","background-position":"center center","background-size":"auto","background-attachment":"scroll","background-type":"","background-media":"","overlay-type":"","overlay-color":"","overlay-opacity":"","overlay-gradient":""},"mobile":{"background-color":"var(--ast-global-color-5)","background-image":"","background-repeat":"repeat","background-position":"center center","background-size":"auto","background-attachment":"scroll","background-type":"","background-media":"","overlay-type":"","overlay-color":"","overlay-opacity":"","overlay-gradient":""}}},"product_cat":[32,28],"product_tag":[],"class_list":{"0":"post-3317","1":"product","2":"type-product","3":"status-publish","4":"has-post-thumbnail","6":"product_cat-edudem","7":"product_cat-libro","8":"desktop-align-left","9":"tablet-align-left","10":"mobile-align-left","12":"first","13":"instock","14":"shipping-taxable","15":"purchasable","16":"product-type-simple"},"acf":[],"uagb_featured_image_src":{"full":["https:\/\/biblio1.mdp.edu.ar\/centro-ventas\/wp-content\/uploads\/sites\/2\/2024\/06\/euci-169789878410777-177b95c8320436520117192448070458-480-0.jpg",480,768,false],"thumbnail":["https:\/\/biblio1.mdp.edu.ar\/centro-ventas\/wp-content\/uploads\/sites\/2\/2024\/06\/euci-169789878410777-177b95c8320436520117192448070458-480-0-150x150.jpg",150,150,true],"medium":["https:\/\/biblio1.mdp.edu.ar\/centro-ventas\/wp-content\/uploads\/sites\/2\/2024\/06\/euci-169789878410777-177b95c8320436520117192448070458-480-0-188x300.jpg",188,300,true],"medium_large":["https:\/\/biblio1.mdp.edu.ar\/centro-ventas\/wp-content\/uploads\/sites\/2\/2024\/06\/euci-169789878410777-177b95c8320436520117192448070458-480-0.jpg",480,768,false],"large":["https:\/\/biblio1.mdp.edu.ar\/centro-ventas\/wp-content\/uploads\/sites\/2\/2024\/06\/euci-169789878410777-177b95c8320436520117192448070458-480-0.jpg",480,768,false],"1536x1536":["https:\/\/biblio1.mdp.edu.ar\/centro-ventas\/wp-content\/uploads\/sites\/2\/2024\/06\/euci-169789878410777-177b95c8320436520117192448070458-480-0.jpg",480,768,false],"2048x2048":["https:\/\/biblio1.mdp.edu.ar\/centro-ventas\/wp-content\/uploads\/sites\/2\/2024\/06\/euci-169789878410777-177b95c8320436520117192448070458-480-0.jpg",480,768,false],"woocommerce_thumbnail":["https:\/\/biblio1.mdp.edu.ar\/centro-ventas\/wp-content\/uploads\/sites\/2\/2024\/06\/euci-169789878410777-177b95c8320436520117192448070458-480-0-300x480.jpg",300,480,true],"woocommerce_single":["https:\/\/biblio1.mdp.edu.ar\/centro-ventas\/wp-content\/uploads\/sites\/2\/2024\/06\/euci-169789878410777-177b95c8320436520117192448070458-480-0.jpg",480,768,false],"woocommerce_gallery_thumbnail":["https:\/\/biblio1.mdp.edu.ar\/centro-ventas\/wp-content\/uploads\/sites\/2\/2024\/06\/euci-169789878410777-177b95c8320436520117192448070458-480-0-100x100.jpg",100,100,true]},"uagb_author_info":{"display_name":"Cristina Bernabe","author_link":"https:\/\/biblio1.mdp.edu.ar\/centro-ventas\/author\/"},"uagb_comment_info":0,"uagb_excerpt":"Los fondos marinos rocosos proveen una gran diversidad de h\u00e1bitats para las distintas asociaciones de peces e invertebrados, convirti\u00e9ndose por ello en zonas de alto inter\u00e9s para la conservaci\u00f3n de la biodiversidad marina. El t\u00e9rmino correcto para denominar estos fondos es arrecife, palabra de origen \u00e1rabe utilizada para denominar a todo sustrato duro que se&hellip;","_links":{"self":[{"href":"https:\/\/biblio1.mdp.edu.ar\/centro-ventas\/wp-json\/wp\/v2\/product\/3317","targetHints":{"allow":["GET"]}}],"collection":[{"href":"https:\/\/biblio1.mdp.edu.ar\/centro-ventas\/wp-json\/wp\/v2\/product"}],"about":[{"href":"https:\/\/biblio1.mdp.edu.ar\/centro-ventas\/wp-json\/wp\/v2\/types\/product"}],"wp:featuredmedia":[{"embeddable":true,"href":"https:\/\/biblio1.mdp.edu.ar\/centro-ventas\/wp-json\/wp\/v2\/media\/3318"}],"wp:attachment":[{"href":"https:\/\/biblio1.mdp.edu.ar\/centro-ventas\/wp-json\/wp\/v2\/media?parent=3317"}],"wp:term":[{"taxonomy":"product_cat","embeddable":true,"href":"https:\/\/biblio1.mdp.edu.ar\/centro-ventas\/wp-json\/wp\/v2\/product_cat?post=3317"},{"taxonomy":"product_tag","embeddable":true,"href":"https:\/\/biblio1.mdp.edu.ar\/centro-ventas\/wp-json\/wp\/v2\/product_tag?post=3317"}],"curies":[{"name":"wp","href":"https:\/\/api.w.org\/{rel}","templated":true}]}}