{"id":329,"date":"2024-06-07T12:24:04","date_gmt":"2024-06-07T15:24:04","guid":{"rendered":"http:\/\/biblio1.mdp.edu.ar\/centro-ventas\/producto\/import-placeholder-for-203\/"},"modified":"2026-03-30T17:14:44","modified_gmt":"2026-03-30T20:14:44","slug":"morfologia-de-vertebrados","status":"publish","type":"product","link":"https:\/\/biblio1.mdp.edu.ar\/centro-ventas\/producto\/morfologia-de-vertebrados\/","title":{"rendered":"Morfolog\u00eda de vertebrados"},"content":{"rendered":"<p>El estudio de la\u00a0 morfolog\u00eda de\u00a0 vertebrados plantea\u00a0 preguntas relacionadas con la evoluci\u00f3n biol\u00f3gica. En la actualidad, estas preguntas se responden mediante estudios no solamente anat\u00f3micos, sino tambi\u00e9n del comportamiento, la\u00a0 ecolog\u00eda, el desarrollo, incluyendo distintos niveles de\u00a0 organizaci\u00f3n. La \u201crenaciente\u201d disciplina Evo Devo se nutre de estudios focalizados en los vertebrados, tal como se muestra en varios cap\u00edtulos de este libro.<br \/>\nEsta disciplina se ha visto enriquecida con la incorporaci\u00f3n de nuevas metodolog\u00edas y concepciones, tales como la epigen\u00e9tica. Este libro provee una s\u00edntesis de los resultados de investigaciones recientes sobre diferentes temas dentro de la morfolog\u00eda de los principales grupos de vertebrados.<\/p>\n","protected":false},"excerpt":{"rendered":"<p>El estudio de la\u00a0 morfolog\u00eda de\u00a0 vertebrados plantea\u00a0 preguntas relacionadas con la evoluci\u00f3n biol\u00f3gica. En la actualidad, estas preguntas se responden mediante estudios no solamente anat\u00f3micos, sino tambi\u00e9n del comportamiento, la\u00a0 ecolog\u00eda, el desarrollo, incluyendo distintos niveles de\u00a0 organizaci\u00f3n. La \u201crenaciente\u201d disciplina Evo Devo se nutre de estudios focalizados en los vertebrados, tal como se [&hellip;]<\/p>\n","protected":false},"featured_media":370,"template":"","meta":{"_acf_changed":false,"_eb_attr":"","_crdt_document":"","_uag_custom_page_level_css":"","_editorskit_title_hidden":false,"_editorskit_reading_time":0,"_editorskit_is_block_options_detached":false,"_editorskit_block_options_position":"{}","site-sidebar-layout":"default","site-content-layout":"default","ast-site-content-layout":"default","site-content-style":"default","site-sidebar-style":"default","ast-global-header-display":"","ast-banner-title-visibility":"","ast-main-header-display":"","ast-hfb-above-header-display":"","ast-hfb-below-header-display":"","ast-hfb-mobile-header-display":"","site-post-title":"","ast-breadcrumbs-content":"","ast-featured-img":"","footer-sml-layout":"","ast-disable-related-posts":"","theme-transparent-header-meta":"default","adv-header-id-meta":"","stick-header-meta":"","header-above-stick-meta":"","header-main-stick-meta":"","header-below-stick-meta":"","astra-migrate-meta-layouts":"default","ast-page-background-enabled":"default","ast-page-background-meta":{"desktop":{"background-color":"var(--ast-global-color-4)","background-image":"","background-repeat":"repeat","background-position":"center center","background-size":"auto","background-attachment":"scroll","background-type":"","background-media":"","overlay-type":"","overlay-color":"","overlay-opacity":"","overlay-gradient":""},"tablet":{"background-color":"","background-image":"","background-repeat":"repeat","background-position":"center center","background-size":"auto","background-attachment":"scroll","background-type":"","background-media":"","overlay-type":"","overlay-color":"","overlay-opacity":"","overlay-gradient":""},"mobile":{"background-color":"","background-image":"","background-repeat":"repeat","background-position":"center center","background-size":"auto","background-attachment":"scroll","background-type":"","background-media":"","overlay-type":"","overlay-color":"","overlay-opacity":"","overlay-gradient":""}},"ast-content-background-meta":{"desktop":{"background-color":"var(--ast-global-color-5)","background-image":"","background-repeat":"repeat","background-position":"center center","background-size":"auto","background-attachment":"scroll","background-type":"","background-media":"","overlay-type":"","overlay-color":"","overlay-opacity":"","overlay-gradient":""},"tablet":{"background-color":"var(--ast-global-color-5)","background-image":"","background-repeat":"repeat","background-position":"center center","background-size":"auto","background-attachment":"scroll","background-type":"","background-media":"","overlay-type":"","overlay-color":"","overlay-opacity":"","overlay-gradient":""},"mobile":{"background-color":"var(--ast-global-color-5)","background-image":"","background-repeat":"repeat","background-position":"center center","background-size":"auto","background-attachment":"scroll","background-type":"","background-media":"","overlay-type":"","overlay-color":"","overlay-opacity":"","overlay-gradient":""}}},"product_cat":[115,32,28],"product_tag":[],"class_list":{"0":"post-329","1":"product","2":"type-product","3":"status-publish","4":"has-post-thumbnail","6":"product_cat-herramientas","7":"product_cat-edudem","8":"product_cat-libro","9":"desktop-align-left","10":"tablet-align-left","11":"mobile-align-left","13":"first","14":"instock","15":"featured","16":"shipping-taxable","17":"purchasable","18":"product-type-simple"},"acf":[],"uagb_featured_image_src":{"full":["https:\/\/biblio1.mdp.edu.ar\/centro-ventas\/wp-content\/uploads\/sites\/2\/2018\/06\/9789871921874.jpg",1400,2240,false],"thumbnail":["https:\/\/biblio1.mdp.edu.ar\/centro-ventas\/wp-content\/uploads\/sites\/2\/2018\/06\/9789871921874-150x150.jpg",150,150,true],"medium":["https:\/\/biblio1.mdp.edu.ar\/centro-ventas\/wp-content\/uploads\/sites\/2\/2018\/06\/9789871921874-188x300.jpg",188,300,true],"medium_large":["https:\/\/biblio1.mdp.edu.ar\/centro-ventas\/wp-content\/uploads\/sites\/2\/2018\/06\/9789871921874-768x1229.jpg",768,1229,true],"large":["https:\/\/biblio1.mdp.edu.ar\/centro-ventas\/wp-content\/uploads\/sites\/2\/2018\/06\/9789871921874-640x1024.jpg",640,1024,true],"1536x1536":["https:\/\/biblio1.mdp.edu.ar\/centro-ventas\/wp-content\/uploads\/sites\/2\/2018\/06\/9789871921874.jpg",960,1536,false],"2048x2048":["https:\/\/biblio1.mdp.edu.ar\/centro-ventas\/wp-content\/uploads\/sites\/2\/2018\/06\/9789871921874.jpg",1280,2048,false],"woocommerce_thumbnail":["https:\/\/biblio1.mdp.edu.ar\/centro-ventas\/wp-content\/uploads\/sites\/2\/2018\/06\/9789871921874-250x400.jpg",250,400,true],"woocommerce_single":["https:\/\/biblio1.mdp.edu.ar\/centro-ventas\/wp-content\/uploads\/sites\/2\/2018\/06\/9789871921874-640x1024.jpg",600,960,true],"woocommerce_gallery_thumbnail":["https:\/\/biblio1.mdp.edu.ar\/centro-ventas\/wp-content\/uploads\/sites\/2\/2018\/06\/9789871921874-100x100.jpg",100,100,true]},"uagb_author_info":{"display_name":"Castorina Jorge","author_link":"https:\/\/biblio1.mdp.edu.ar\/centro-ventas\/author\/"},"uagb_comment_info":0,"uagb_excerpt":"El estudio de la\u00a0 morfolog\u00eda de\u00a0 vertebrados plantea\u00a0 preguntas relacionadas con la evoluci\u00f3n biol\u00f3gica. En la actualidad, estas preguntas se responden mediante estudios no solamente anat\u00f3micos, sino tambi\u00e9n del comportamiento, la\u00a0 ecolog\u00eda, el desarrollo, incluyendo distintos niveles de\u00a0 organizaci\u00f3n. La \u201crenaciente\u201d disciplina Evo Devo se nutre de estudios focalizados en los vertebrados, tal como se&hellip;","_links":{"self":[{"href":"https:\/\/biblio1.mdp.edu.ar\/centro-ventas\/wp-json\/wp\/v2\/product\/329","targetHints":{"allow":["GET"]}}],"collection":[{"href":"https:\/\/biblio1.mdp.edu.ar\/centro-ventas\/wp-json\/wp\/v2\/product"}],"about":[{"href":"https:\/\/biblio1.mdp.edu.ar\/centro-ventas\/wp-json\/wp\/v2\/types\/product"}],"wp:featuredmedia":[{"embeddable":true,"href":"https:\/\/biblio1.mdp.edu.ar\/centro-ventas\/wp-json\/wp\/v2\/media\/370"}],"wp:attachment":[{"href":"https:\/\/biblio1.mdp.edu.ar\/centro-ventas\/wp-json\/wp\/v2\/media?parent=329"}],"wp:term":[{"taxonomy":"product_cat","embeddable":true,"href":"https:\/\/biblio1.mdp.edu.ar\/centro-ventas\/wp-json\/wp\/v2\/product_cat?post=329"},{"taxonomy":"product_tag","embeddable":true,"href":"https:\/\/biblio1.mdp.edu.ar\/centro-ventas\/wp-json\/wp\/v2\/product_tag?post=329"}],"curies":[{"name":"wp","href":"https:\/\/api.w.org\/{rel}","templated":true}]}}