{"id":324,"date":"2018-06-07T12:23:55","date_gmt":"2018-06-07T15:23:55","guid":{"rendered":"http:\/\/biblio1.mdp.edu.ar\/centro-ventas\/producto\/import-placeholder-for-189\/"},"modified":"2026-03-30T17:05:33","modified_gmt":"2026-03-30T20:05:33","slug":"literatura-y-politica","status":"publish","type":"product","link":"https:\/\/biblio1.mdp.edu.ar\/centro-ventas\/producto\/literatura-y-politica\/","title":{"rendered":"Literatura y pol\u00edtica"},"content":{"rendered":"<p>\u00abCuando esbozamos la relaci\u00f3n entre literatura y pol\u00edtica, hay un supuesto de existencia: es el que enuncia la relaci\u00f3n y al mismo tiempo tiende la red para<br \/>\nprovocar esa lectura al sesgo, ese supuesto que intermedia la enunciaci\u00f3n se vuelca en la tarea de la cr\u00edtica literaria.\u00bb (Aymar\u00e1 de Llano)<br \/>\n\u00abEl planteamiento mismo de una po\u00e9tica \u2013imponer juicios est\u00e9ticos concretos as\u00ed como un canon acorde a los mismos circunscribiendo una esfera de poder cultural\u2013 es siempre un acto pol\u00edtico.\u00bb (Marta Ferrari)<br \/>\n\u00ab&#8230;se podr\u00eda pensar en la literatura y la pol\u00edtica en tanto ejercicio, o en la literatura y lo pol\u00edtico como idea. O pensar en el segundo t\u00e9rmino en plural -las<br \/>\npol\u00edticas-, como una dimensi\u00f3n diseminada depr\u00e1cticas posibles, en un sentido abierto al futuro, y entre ellas, en las pol\u00edticas de la literatura.\u00bb (M\u00f3nica Scarano)<\/p>\n","protected":false},"excerpt":{"rendered":"<p>\u00abCuando esbozamos la relaci\u00f3n entre literatura y pol\u00edtica, hay un supuesto de existencia: es el que enuncia la relaci\u00f3n y al mismo tiempo tiende la red para provocar esa lectura al sesgo, ese supuesto que intermedia la enunciaci\u00f3n se vuelca en la tarea de la cr\u00edtica literaria.\u00bb (Aymar\u00e1 de Llano) \u00abEl planteamiento mismo de una [&hellip;]<\/p>\n","protected":false},"featured_media":365,"template":"","meta":{"_acf_changed":false,"_eb_attr":"","_crdt_document":"","_uag_custom_page_level_css":"","_editorskit_title_hidden":false,"_editorskit_reading_time":0,"_editorskit_is_block_options_detached":false,"_editorskit_block_options_position":"{}","site-sidebar-layout":"default","site-content-layout":"default","ast-site-content-layout":"default","site-content-style":"default","site-sidebar-style":"default","ast-global-header-display":"","ast-banner-title-visibility":"","ast-main-header-display":"","ast-hfb-above-header-display":"","ast-hfb-below-header-display":"","ast-hfb-mobile-header-display":"","site-post-title":"","ast-breadcrumbs-content":"","ast-featured-img":"","footer-sml-layout":"","ast-disable-related-posts":"","theme-transparent-header-meta":"default","adv-header-id-meta":"","stick-header-meta":"","header-above-stick-meta":"","header-main-stick-meta":"","header-below-stick-meta":"","astra-migrate-meta-layouts":"default","ast-page-background-enabled":"default","ast-page-background-meta":{"desktop":{"background-color":"var(--ast-global-color-4)","background-image":"","background-repeat":"repeat","background-position":"center center","background-size":"auto","background-attachment":"scroll","background-type":"","background-media":"","overlay-type":"","overlay-color":"","overlay-opacity":"","overlay-gradient":""},"tablet":{"background-color":"","background-image":"","background-repeat":"repeat","background-position":"center center","background-size":"auto","background-attachment":"scroll","background-type":"","background-media":"","overlay-type":"","overlay-color":"","overlay-opacity":"","overlay-gradient":""},"mobile":{"background-color":"","background-image":"","background-repeat":"repeat","background-position":"center center","background-size":"auto","background-attachment":"scroll","background-type":"","background-media":"","overlay-type":"","overlay-color":"","overlay-opacity":"","overlay-gradient":""}},"ast-content-background-meta":{"desktop":{"background-color":"var(--ast-global-color-5)","background-image":"","background-repeat":"repeat","background-position":"center center","background-size":"auto","background-attachment":"scroll","background-type":"","background-media":"","overlay-type":"","overlay-color":"","overlay-opacity":"","overlay-gradient":""},"tablet":{"background-color":"var(--ast-global-color-5)","background-image":"","background-repeat":"repeat","background-position":"center center","background-size":"auto","background-attachment":"scroll","background-type":"","background-media":"","overlay-type":"","overlay-color":"","overlay-opacity":"","overlay-gradient":""},"mobile":{"background-color":"var(--ast-global-color-5)","background-image":"","background-repeat":"repeat","background-position":"center center","background-size":"auto","background-attachment":"scroll","background-type":"","background-media":"","overlay-type":"","overlay-color":"","overlay-opacity":"","overlay-gradient":""}}},"product_cat":[32,28,124],"product_tag":[22],"class_list":{"0":"post-324","1":"product","2":"type-product","3":"status-publish","4":"has-post-thumbnail","6":"product_cat-edudem","7":"product_cat-libro","8":"product_cat-serie-simbolos","9":"product_tag-serie-simbolos","10":"desktop-align-left","11":"tablet-align-left","12":"mobile-align-left","14":"first","15":"instock","16":"shipping-taxable","17":"purchasable","18":"product-type-simple"},"acf":[],"uagb_featured_image_src":{"full":["https:\/\/biblio1.mdp.edu.ar\/centro-ventas\/wp-content\/uploads\/sites\/2\/2018\/06\/9789871921676.jpg",1400,2133,false],"thumbnail":["https:\/\/biblio1.mdp.edu.ar\/centro-ventas\/wp-content\/uploads\/sites\/2\/2018\/06\/9789871921676-150x150.jpg",150,150,true],"medium":["https:\/\/biblio1.mdp.edu.ar\/centro-ventas\/wp-content\/uploads\/sites\/2\/2018\/06\/9789871921676-197x300.jpg",197,300,true],"medium_large":["https:\/\/biblio1.mdp.edu.ar\/centro-ventas\/wp-content\/uploads\/sites\/2\/2018\/06\/9789871921676-768x1170.jpg",768,1170,true],"large":["https:\/\/biblio1.mdp.edu.ar\/centro-ventas\/wp-content\/uploads\/sites\/2\/2018\/06\/9789871921676-672x1024.jpg",672,1024,true],"1536x1536":["https:\/\/biblio1.mdp.edu.ar\/centro-ventas\/wp-content\/uploads\/sites\/2\/2018\/06\/9789871921676.jpg",1008,1536,false],"2048x2048":["https:\/\/biblio1.mdp.edu.ar\/centro-ventas\/wp-content\/uploads\/sites\/2\/2018\/06\/9789871921676.jpg",1344,2048,false],"woocommerce_thumbnail":["https:\/\/biblio1.mdp.edu.ar\/centro-ventas\/wp-content\/uploads\/sites\/2\/2018\/06\/9789871921676-250x381.jpg",250,381,true],"woocommerce_single":["https:\/\/biblio1.mdp.edu.ar\/centro-ventas\/wp-content\/uploads\/sites\/2\/2018\/06\/9789871921676-672x1024.jpg",600,914,true],"woocommerce_gallery_thumbnail":["https:\/\/biblio1.mdp.edu.ar\/centro-ventas\/wp-content\/uploads\/sites\/2\/2018\/06\/9789871921676-100x100.jpg",100,100,true]},"uagb_author_info":{"display_name":"Castorina Jorge","author_link":"https:\/\/biblio1.mdp.edu.ar\/centro-ventas\/author\/"},"uagb_comment_info":0,"uagb_excerpt":"\u00abCuando esbozamos la relaci\u00f3n entre literatura y pol\u00edtica, hay un supuesto de existencia: es el que enuncia la relaci\u00f3n y al mismo tiempo tiende la red para provocar esa lectura al sesgo, ese supuesto que intermedia la enunciaci\u00f3n se vuelca en la tarea de la cr\u00edtica literaria.\u00bb (Aymar\u00e1 de Llano) \u00abEl planteamiento mismo de una&hellip;","_links":{"self":[{"href":"https:\/\/biblio1.mdp.edu.ar\/centro-ventas\/wp-json\/wp\/v2\/product\/324","targetHints":{"allow":["GET"]}}],"collection":[{"href":"https:\/\/biblio1.mdp.edu.ar\/centro-ventas\/wp-json\/wp\/v2\/product"}],"about":[{"href":"https:\/\/biblio1.mdp.edu.ar\/centro-ventas\/wp-json\/wp\/v2\/types\/product"}],"wp:featuredmedia":[{"embeddable":true,"href":"https:\/\/biblio1.mdp.edu.ar\/centro-ventas\/wp-json\/wp\/v2\/media\/365"}],"wp:attachment":[{"href":"https:\/\/biblio1.mdp.edu.ar\/centro-ventas\/wp-json\/wp\/v2\/media?parent=324"}],"wp:term":[{"taxonomy":"product_cat","embeddable":true,"href":"https:\/\/biblio1.mdp.edu.ar\/centro-ventas\/wp-json\/wp\/v2\/product_cat?post=324"},{"taxonomy":"product_tag","embeddable":true,"href":"https:\/\/biblio1.mdp.edu.ar\/centro-ventas\/wp-json\/wp\/v2\/product_tag?post=324"}],"curies":[{"name":"wp","href":"https:\/\/api.w.org\/{rel}","templated":true}]}}