{"id":323,"date":"2018-06-07T12:23:53","date_gmt":"2018-06-07T15:23:53","guid":{"rendered":"http:\/\/biblio1.mdp.edu.ar\/centro-ventas\/producto\/import-placeholder-for-186\/"},"modified":"2023-06-05T14:06:03","modified_gmt":"2023-06-05T17:06:03","slug":"aristas-ano-ii-n3-estudios-humanisticos-y-sociales-problemas-y-debates","status":"publish","type":"product","link":"https:\/\/biblio1.mdp.edu.ar\/centro-ventas\/producto\/aristas-ano-ii-n3-estudios-humanisticos-y-sociales-problemas-y-debates\/","title":{"rendered":"Aristas, A\u00f1o II, N\u00b03:  Estudios human\u00edsticos y sociales: Problemas y debates"},"content":{"rendered":"<p><strong>Estudios human\u00edsticos y sociales : problemas y debates<\/strong><br \/>\nA\u00f1o II, N\u00b03, 2005, ISSN 1667-4944<\/p>\n<p>Manuel Comesa\u00f1a &#8211; <em>Presentaci\u00f3n<\/em> (p\u00e1g. 9-13)<br \/>\nCecilia Hidalgo &#8211; <em>El enfoque cient\u00edfico de lo social en debate<\/em> (p\u00e1g. 15-28)<br \/>\nAdriana Bocchino &#8211; <em>\u00bfQu\u00e9 hacer? : una propuesta de trabajo sobre ese extra\u00f1o objeto llamado literatura<\/em> (p\u00e1g. 29-45)<br \/>\nLaura Scarano &#8211; <em>Las met\u00e1foras de la intemperie<\/em> (p\u00e1g. 47-63)<br \/>\nNicol\u00e1s Luis Fabiani y otros &#8211; <em>La est\u00e9tica y la historia del teatro marplatense en el campo de los estudios human\u00edsticos y sociales<\/em>(p\u00e1g. 65-92)<br \/>\nJos\u00e9 Mar\u00eda Gil &#8211; <em>La racionalidad de la ciencia y los modelos contextualistas<\/em> (p\u00e1g. 93-110)<br \/>\nEster Isabel Llin\u00e1s y Mar\u00eda In\u00e9s Gonz\u00e1lez Carella &#8211; <em>El papel de la abducci\u00f3n en la elaboraci\u00f3n de las hip\u00f3tesis<\/em> (p\u00e1g. 111-122)<br \/>\nGraciela Fern\u00e1ndez &#8211; <em>Y sin embargo Laplace viv\u00eda<\/em> (p\u00e1g. 123-145)<br \/>\nRita M. Novo y otros &#8211; <em>Instituciones : legitimaci\u00f3n y resistencia<\/em> (p\u00e1g. 147-156)<br \/>\nNorberto \u00c1lvarez y otros &#8211; <em>De las venturas y desventuras del sujeto<\/em>(p\u00e1g. 157-173)<br \/>\nLisa Rose Bradford &#8211; <em>Prescripci\u00f3n versus descripci\u00f3n<\/em> (p\u00e1g. 175-196)<\/p>\n","protected":false},"excerpt":{"rendered":"<p>Estudios human\u00edsticos y sociales : problemas y debates A\u00f1o II, N\u00b03, 2005, ISSN 1667-4944 Manuel Comesa\u00f1a &#8211; Presentaci\u00f3n (p\u00e1g. 9-13) Cecilia Hidalgo &#8211; El enfoque cient\u00edfico de lo social en debate (p\u00e1g. 15-28) Adriana Bocchino &#8211; \u00bfQu\u00e9 hacer? : una propuesta de trabajo sobre ese extra\u00f1o objeto llamado literatura (p\u00e1g. 29-45) Laura Scarano &#8211; Las [&hellip;]<\/p>\n","protected":false},"featured_media":364,"template":"","meta":{"_acf_changed":false,"_eb_attr":"","_crdt_document":"","_uag_custom_page_level_css":"","_editorskit_title_hidden":false,"_editorskit_reading_time":0,"_editorskit_is_block_options_detached":false,"_editorskit_block_options_position":"{}","site-sidebar-layout":"default","site-content-layout":"","ast-site-content-layout":"default","site-content-style":"default","site-sidebar-style":"default","ast-global-header-display":"","ast-banner-title-visibility":"","ast-main-header-display":"","ast-hfb-above-header-display":"","ast-hfb-below-header-display":"","ast-hfb-mobile-header-display":"","site-post-title":"","ast-breadcrumbs-content":"","ast-featured-img":"","footer-sml-layout":"","ast-disable-related-posts":"","theme-transparent-header-meta":"","adv-header-id-meta":"","stick-header-meta":"","header-above-stick-meta":"","header-main-stick-meta":"","header-below-stick-meta":"","astra-migrate-meta-layouts":"default","ast-page-background-enabled":"default","ast-page-background-meta":{"desktop":{"background-color":"var(--ast-global-color-4)","background-image":"","background-repeat":"repeat","background-position":"center center","background-size":"auto","background-attachment":"scroll","background-type":"","background-media":"","overlay-type":"","overlay-color":"","overlay-opacity":"","overlay-gradient":""},"tablet":{"background-color":"","background-image":"","background-repeat":"repeat","background-position":"center center","background-size":"auto","background-attachment":"scroll","background-type":"","background-media":"","overlay-type":"","overlay-color":"","overlay-opacity":"","overlay-gradient":""},"mobile":{"background-color":"","background-image":"","background-repeat":"repeat","background-position":"center center","background-size":"auto","background-attachment":"scroll","background-type":"","background-media":"","overlay-type":"","overlay-color":"","overlay-opacity":"","overlay-gradient":""}},"ast-content-background-meta":{"desktop":{"background-color":"var(--ast-global-color-5)","background-image":"","background-repeat":"repeat","background-position":"center center","background-size":"auto","background-attachment":"scroll","background-type":"","background-media":"","overlay-type":"","overlay-color":"","overlay-opacity":"","overlay-gradient":""},"tablet":{"background-color":"var(--ast-global-color-5)","background-image":"","background-repeat":"repeat","background-position":"center center","background-size":"auto","background-attachment":"scroll","background-type":"","background-media":"","overlay-type":"","overlay-color":"","overlay-opacity":"","overlay-gradient":""},"mobile":{"background-color":"var(--ast-global-color-5)","background-image":"","background-repeat":"repeat","background-position":"center center","background-size":"auto","background-attachment":"scroll","background-type":"","background-media":"","overlay-type":"","overlay-color":"","overlay-opacity":"","overlay-gradient":""}}},"product_cat":[32,31],"product_tag":[],"class_list":{"0":"post-323","1":"product","2":"type-product","3":"status-publish","4":"has-post-thumbnail","6":"product_cat-edudem","7":"product_cat-revistas","8":"desktop-align-left","9":"tablet-align-left","10":"mobile-align-left","12":"first","13":"instock","14":"shipping-taxable","15":"purchasable","16":"product-type-simple"},"acf":[],"uagb_featured_image_src":{"full":["https:\/\/biblio1.mdp.edu.ar\/centro-ventas\/wp-content\/uploads\/sites\/2\/2018\/06\/aristas003.jpg",100,132,false],"thumbnail":["https:\/\/biblio1.mdp.edu.ar\/centro-ventas\/wp-content\/uploads\/sites\/2\/2018\/06\/aristas003.jpg",100,132,false],"medium":["https:\/\/biblio1.mdp.edu.ar\/centro-ventas\/wp-content\/uploads\/sites\/2\/2018\/06\/aristas003.jpg",100,132,false],"medium_large":["https:\/\/biblio1.mdp.edu.ar\/centro-ventas\/wp-content\/uploads\/sites\/2\/2018\/06\/aristas003.jpg",100,132,false],"large":["https:\/\/biblio1.mdp.edu.ar\/centro-ventas\/wp-content\/uploads\/sites\/2\/2018\/06\/aristas003.jpg",100,132,false],"1536x1536":["https:\/\/biblio1.mdp.edu.ar\/centro-ventas\/wp-content\/uploads\/sites\/2\/2018\/06\/aristas003.jpg",100,132,false],"2048x2048":["https:\/\/biblio1.mdp.edu.ar\/centro-ventas\/wp-content\/uploads\/sites\/2\/2018\/06\/aristas003.jpg",100,132,false],"woocommerce_thumbnail":["https:\/\/biblio1.mdp.edu.ar\/centro-ventas\/wp-content\/uploads\/sites\/2\/2018\/06\/aristas003.jpg",100,132,false],"woocommerce_single":["https:\/\/biblio1.mdp.edu.ar\/centro-ventas\/wp-content\/uploads\/sites\/2\/2018\/06\/aristas003.jpg",100,132,false],"woocommerce_gallery_thumbnail":["https:\/\/biblio1.mdp.edu.ar\/centro-ventas\/wp-content\/uploads\/sites\/2\/2018\/06\/aristas003-100x100.jpg",100,100,true]},"uagb_author_info":{"display_name":"Castorina Jorge","author_link":"https:\/\/biblio1.mdp.edu.ar\/centro-ventas\/author\/"},"uagb_comment_info":0,"uagb_excerpt":"Estudios human\u00edsticos y sociales : problemas y debates A\u00f1o II, N\u00b03, 2005, ISSN 1667-4944 Manuel Comesa\u00f1a &#8211; Presentaci\u00f3n (p\u00e1g. 9-13) Cecilia Hidalgo &#8211; El enfoque cient\u00edfico de lo social en debate (p\u00e1g. 15-28) Adriana Bocchino &#8211; \u00bfQu\u00e9 hacer? : una propuesta de trabajo sobre ese extra\u00f1o objeto llamado literatura (p\u00e1g. 29-45) Laura Scarano &#8211; Las&hellip;","_links":{"self":[{"href":"https:\/\/biblio1.mdp.edu.ar\/centro-ventas\/wp-json\/wp\/v2\/product\/323","targetHints":{"allow":["GET"]}}],"collection":[{"href":"https:\/\/biblio1.mdp.edu.ar\/centro-ventas\/wp-json\/wp\/v2\/product"}],"about":[{"href":"https:\/\/biblio1.mdp.edu.ar\/centro-ventas\/wp-json\/wp\/v2\/types\/product"}],"wp:featuredmedia":[{"embeddable":true,"href":"https:\/\/biblio1.mdp.edu.ar\/centro-ventas\/wp-json\/wp\/v2\/media\/364"}],"wp:attachment":[{"href":"https:\/\/biblio1.mdp.edu.ar\/centro-ventas\/wp-json\/wp\/v2\/media?parent=323"}],"wp:term":[{"taxonomy":"product_cat","embeddable":true,"href":"https:\/\/biblio1.mdp.edu.ar\/centro-ventas\/wp-json\/wp\/v2\/product_cat?post=323"},{"taxonomy":"product_tag","embeddable":true,"href":"https:\/\/biblio1.mdp.edu.ar\/centro-ventas\/wp-json\/wp\/v2\/product_tag?post=323"}],"curies":[{"name":"wp","href":"https:\/\/api.w.org\/{rel}","templated":true}]}}