{"id":3198,"date":"2024-04-22T17:36:16","date_gmt":"2024-04-22T20:36:16","guid":{"rendered":"http:\/\/biblio1.mdp.edu.ar\/centro-ventas\/?post_type=product&#038;p=3198"},"modified":"2025-06-17T18:00:45","modified_gmt":"2025-06-17T21:00:45","slug":"diccionario-de-ciencias-juridicas-politicas-y-sociales","status":"publish","type":"product","link":"https:\/\/biblio1.mdp.edu.ar\/centro-ventas\/producto\/diccionario-de-ciencias-juridicas-politicas-y-sociales\/","title":{"rendered":"Diccionario de Ciencias Jur\u00eddicas, Pol\u00edticas y Sociales"},"content":{"rendered":"<div class=\"row\">\n<div class=\"col-md-12 titulo\"><span style=\"font-size: 16px\">El Diccionario de Ciencias Jur\u00eddicas, Pol\u00edticas\u00a0 y Sociales de Manuel Ossorio constituye un eficaz auxilio tanto para el estudiante como para el profesional del derecho, logrando exponer el concepto, la definici\u00f3n y estructura de la figura jur\u00eddica de que se trate en una breve pero completa s\u00edntesis. Esta obra es ampliamente conocida en todos los pa\u00edses de Am\u00e9rica y en Espa\u00f1a y es recomendada en las principales Facultades de Derecho. Originalmente publicado en 1973, esta edici\u00f3n del Diccionario de Ciencias Jur\u00eddicas, Pol\u00edticas y Sociales del Dr. Manuel Ossorio ha sido actualizada, corregida y ampliada por el Dr. Guillermo Cabanellas de las Cuevas, en funci\u00f3n de la constante evoluci\u00f3n experimentada por la terminolog\u00eda jur\u00eddica en estos \u00faltimos a\u00f1os. Se ha mantenido el criterio original de su autor de incluir en esta obra la terminolog\u00eda esencial de las ciencias jur\u00eddicas, pol\u00edticas y sociales de la lengua castellana, tomando en consideraci\u00f3n sus variaciones en los distintos pa\u00edses que utilizan esta lengua.<\/span><\/div>\n<\/div>\n<div class=\"row\">\n<div id=\"ContentPlaceHolderContenido_rptFicha_contenedorTemas_0\" class=\"col-xs-12 item temas\">\n<div class=\"otherData d-none d-lg-flex\">\n<div class=\"otherData__wrapper\">\n<p class=\"otherData__isbn\">\n<\/div>\n<\/div>\n<\/div>\n<\/div>\n","protected":false},"excerpt":{"rendered":"<p>El Diccionario de Ciencias Jur\u00eddicas, Pol\u00edticas\u00a0 y Sociales de Manuel Ossorio constituye un eficaz auxilio tanto para el estudiante como para el profesional del derecho, logrando exponer el concepto, la definici\u00f3n y estructura de la figura jur\u00eddica de que se trate en una breve pero completa s\u00edntesis. Esta obra es ampliamente conocida en todos los [&hellip;]<\/p>\n","protected":false},"featured_media":3199,"template":"","meta":{"_acf_changed":false,"_eb_attr":"","_crdt_document":"","_uag_custom_page_level_css":"","_editorskit_title_hidden":false,"_editorskit_reading_time":0,"_editorskit_is_block_options_detached":false,"_editorskit_block_options_position":"{}","site-sidebar-layout":"default","site-content-layout":"","ast-site-content-layout":"default","site-content-style":"default","site-sidebar-style":"default","ast-global-header-display":"","ast-banner-title-visibility":"","ast-main-header-display":"","ast-hfb-above-header-display":"","ast-hfb-below-header-display":"","ast-hfb-mobile-header-display":"","site-post-title":"","ast-breadcrumbs-content":"","ast-featured-img":"","footer-sml-layout":"","ast-disable-related-posts":"","theme-transparent-header-meta":"default","adv-header-id-meta":"","stick-header-meta":"","header-above-stick-meta":"","header-main-stick-meta":"","header-below-stick-meta":"","astra-migrate-meta-layouts":"set","ast-page-background-enabled":"default","ast-page-background-meta":{"desktop":{"background-color":"var(--ast-global-color-4)","background-image":"","background-repeat":"repeat","background-position":"center center","background-size":"auto","background-attachment":"scroll","background-type":"","background-media":"","overlay-type":"","overlay-color":"","overlay-opacity":"","overlay-gradient":""},"tablet":{"background-color":"","background-image":"","background-repeat":"repeat","background-position":"center center","background-size":"auto","background-attachment":"scroll","background-type":"","background-media":"","overlay-type":"","overlay-color":"","overlay-opacity":"","overlay-gradient":""},"mobile":{"background-color":"","background-image":"","background-repeat":"repeat","background-position":"center center","background-size":"auto","background-attachment":"scroll","background-type":"","background-media":"","overlay-type":"","overlay-color":"","overlay-opacity":"","overlay-gradient":""}},"ast-content-background-meta":{"desktop":{"background-color":"var(--ast-global-color-5)","background-image":"","background-repeat":"repeat","background-position":"center center","background-size":"auto","background-attachment":"scroll","background-type":"","background-media":"","overlay-type":"","overlay-color":"","overlay-opacity":"","overlay-gradient":""},"tablet":{"background-color":"var(--ast-global-color-5)","background-image":"","background-repeat":"repeat","background-position":"center center","background-size":"auto","background-attachment":"scroll","background-type":"","background-media":"","overlay-type":"","overlay-color":"","overlay-opacity":"","overlay-gradient":""},"mobile":{"background-color":"var(--ast-global-color-5)","background-image":"","background-repeat":"repeat","background-position":"center center","background-size":"auto","background-attachment":"scroll","background-type":"","background-media":"","overlay-type":"","overlay-color":"","overlay-opacity":"","overlay-gradient":""}}},"product_cat":[632,28,637],"product_tag":[161,389,57,413],"class_list":{"0":"post-3198","1":"product","2":"type-product","3":"status-publish","4":"has-post-thumbnail","6":"product_cat-derecho","7":"product_cat-libro","8":"product_cat-punto-de-venta-derecho","9":"product_tag-ciencias-politicas","10":"product_tag-ciencias-sociales","11":"product_tag-derecho","12":"product_tag-diccionario","13":"desktop-align-left","14":"tablet-align-left","15":"mobile-align-left","17":"first","18":"instock","19":"shipping-taxable","20":"purchasable","21":"product-type-simple"},"acf":[],"uagb_featured_image_src":{"full":["https:\/\/biblio1.mdp.edu.ar\/centro-ventas\/wp-content\/uploads\/sites\/2\/2024\/04\/9789508850553.jpg",440,660,false],"thumbnail":["https:\/\/biblio1.mdp.edu.ar\/centro-ventas\/wp-content\/uploads\/sites\/2\/2024\/04\/9789508850553-150x150.jpg",150,150,true],"medium":["https:\/\/biblio1.mdp.edu.ar\/centro-ventas\/wp-content\/uploads\/sites\/2\/2024\/04\/9789508850553-200x300.jpg",200,300,true],"medium_large":["https:\/\/biblio1.mdp.edu.ar\/centro-ventas\/wp-content\/uploads\/sites\/2\/2024\/04\/9789508850553.jpg",440,660,false],"large":["https:\/\/biblio1.mdp.edu.ar\/centro-ventas\/wp-content\/uploads\/sites\/2\/2024\/04\/9789508850553.jpg",440,660,false],"1536x1536":["https:\/\/biblio1.mdp.edu.ar\/centro-ventas\/wp-content\/uploads\/sites\/2\/2024\/04\/9789508850553.jpg",440,660,false],"2048x2048":["https:\/\/biblio1.mdp.edu.ar\/centro-ventas\/wp-content\/uploads\/sites\/2\/2024\/04\/9789508850553.jpg",440,660,false],"woocommerce_thumbnail":["https:\/\/biblio1.mdp.edu.ar\/centro-ventas\/wp-content\/uploads\/sites\/2\/2024\/04\/9789508850553-300x450.jpg",300,450,true],"woocommerce_single":["https:\/\/biblio1.mdp.edu.ar\/centro-ventas\/wp-content\/uploads\/sites\/2\/2024\/04\/9789508850553.jpg",440,660,false],"woocommerce_gallery_thumbnail":["https:\/\/biblio1.mdp.edu.ar\/centro-ventas\/wp-content\/uploads\/sites\/2\/2024\/04\/9789508850553-100x100.jpg",100,100,true]},"uagb_author_info":{"display_name":"Cristina Bernabe","author_link":"https:\/\/biblio1.mdp.edu.ar\/centro-ventas\/author\/"},"uagb_comment_info":0,"uagb_excerpt":"El Diccionario de Ciencias Jur\u00eddicas, Pol\u00edticas\u00a0 y Sociales de Manuel Ossorio constituye un eficaz auxilio tanto para el estudiante como para el profesional del derecho, logrando exponer el concepto, la definici\u00f3n y estructura de la figura jur\u00eddica de que se trate en una breve pero completa s\u00edntesis. Esta obra es ampliamente conocida en todos los&hellip;","_links":{"self":[{"href":"https:\/\/biblio1.mdp.edu.ar\/centro-ventas\/wp-json\/wp\/v2\/product\/3198","targetHints":{"allow":["GET"]}}],"collection":[{"href":"https:\/\/biblio1.mdp.edu.ar\/centro-ventas\/wp-json\/wp\/v2\/product"}],"about":[{"href":"https:\/\/biblio1.mdp.edu.ar\/centro-ventas\/wp-json\/wp\/v2\/types\/product"}],"wp:featuredmedia":[{"embeddable":true,"href":"https:\/\/biblio1.mdp.edu.ar\/centro-ventas\/wp-json\/wp\/v2\/media\/3199"}],"wp:attachment":[{"href":"https:\/\/biblio1.mdp.edu.ar\/centro-ventas\/wp-json\/wp\/v2\/media?parent=3198"}],"wp:term":[{"taxonomy":"product_cat","embeddable":true,"href":"https:\/\/biblio1.mdp.edu.ar\/centro-ventas\/wp-json\/wp\/v2\/product_cat?post=3198"},{"taxonomy":"product_tag","embeddable":true,"href":"https:\/\/biblio1.mdp.edu.ar\/centro-ventas\/wp-json\/wp\/v2\/product_tag?post=3198"}],"curies":[{"name":"wp","href":"https:\/\/api.w.org\/{rel}","templated":true}]}}