{"id":3179,"date":"2024-03-26T17:16:24","date_gmt":"2024-03-26T20:16:24","guid":{"rendered":"http:\/\/biblio1.mdp.edu.ar\/centro-ventas\/?post_type=product&#038;p=3179"},"modified":"2025-10-16T17:42:20","modified_gmt":"2025-10-16T20:42:20","slug":"voces-y-silencios-la-prensa-argentina-y-la-dictadura-militar-1976-1983","status":"publish","type":"product","link":"https:\/\/biblio1.mdp.edu.ar\/centro-ventas\/producto\/voces-y-silencios-la-prensa-argentina-y-la-dictadura-militar-1976-1983\/","title":{"rendered":"Voces y silencios &#8211; La prensa argentina y la dictadura militar (1976-1983)"},"content":{"rendered":"<div id=\"contenedorSubHeader\" class=\"container-fluid no-padding cont-subheader\">\n<div class=\"container\">\n<div class=\"row\">\n<section class=\"ficha\">\n<article id=\"ContentPlaceHolderSubHeader_rptFichaSubtitulo_producto_Container_0\" class=\" papel\">\n<div class=\"col-xs-offset-2 col-xs-8 col-sm-offset-0 col-sm-3 col-md-3 imagen \">\n<div class=\"redes-sociales\">\n<div id=\"ContentPlaceHolderSubHeader_rptFichaSubtitulo_socialButtons_0_div_compartir_0\" class=\"compartir\"><span style=\"font-size: 16px\">Este libro surge en un momento hist\u00f3rico de la Argentina donde el rol de los medios de comunicaci\u00f3n y las actitudes que mantuvieron durante la \u00e9poca dictatorial se encuentran profundamente cuestionados. Soslayando una habitual visi\u00f3n maniquea que intenta determinar qui\u00e9nes fueron los \u201cbuenos\u201d y los \u201cmalos\u201d de la historia reciente nacional y reduce las motivaciones de los \u00f3rganos de prensa \u00fanicamente a fines ligados a su inter\u00e9s pecuniario o a otros poco transparentes, en estas p\u00e1ginas se propicia un ejercicio de pensamiento hist\u00f3rico que reflexione sobre la labor de la prensa revisando la complejidad de la \u00e9poca, con sus ambig\u00fcedades y matices. Para ello se analizan las trayectorias ideol\u00f3gicas de distintos diarios y revistas, sus alineamientos con ciertas doctrinas pol\u00edticas, las din\u00e1micas de apoyo y distanciamiento que fue generando la propia dictadura con sus pr\u00e1cticas y las cambiantes circunstancias que atraves\u00f3 el pa\u00eds durante los casi ocho a\u00f1os en que las Fuerzas Armadas estuvieron en el gobierno. Los autores aspiran a que esta obra sea un aporte para alumbrar una \u00e9poca signada por los efectos del terrorismo de Estado y la impronta autoritaria en diversos campos de la realidad nacional; a\u00f1os donde la prensa tuvo un rol prioritario para legitimar o deslegitimar las pr\u00e1cticas de quienes ejercieron el poder.<\/span><\/div>\n<\/div>\n<\/div>\n<\/article>\n<\/section>\n<\/div>\n<\/div>\n<\/div>\n<div class=\"container primary\">\n<div class=\"row\">\n<div id=\"contenedorCentral\" class=\"col-xs-12 col-sm-12 col-md-8 cont-central\">\n<div class=\"ficha\">\n<div class=\"row\"><\/div>\n<div class=\"row\">\n<div class=\"col-md-12\">\n<section class=\"rank padding-top\">\n<div id=\"ContentPlaceHolderContenido_rptFicha_productosNovedadesPorCategoria_0_productosDestacados_0_listadoHorizontal_0_divLibrosContainer_0\" class=\"collapse in libros\" aria-expanded=\"true\"><\/div>\n<\/section>\n<\/div>\n<\/div>\n<\/div>\n<\/div>\n<\/div>\n<\/div>\n","protected":false},"excerpt":{"rendered":"<p>Este libro surge en un momento hist\u00f3rico de la Argentina donde el rol de los medios de comunicaci\u00f3n y las actitudes que mantuvieron durante la \u00e9poca dictatorial se encuentran profundamente cuestionados. Soslayando una habitual visi\u00f3n maniquea que intenta determinar qui\u00e9nes fueron los \u201cbuenos\u201d y los \u201cmalos\u201d de la historia reciente nacional y reduce las motivaciones [&hellip;]<\/p>\n","protected":false},"featured_media":3180,"template":"","meta":{"_acf_changed":false,"_eb_attr":"","_crdt_document":"","_uag_custom_page_level_css":"","_editorskit_title_hidden":false,"_editorskit_reading_time":0,"_editorskit_is_block_options_detached":false,"_editorskit_block_options_position":"{}","site-sidebar-layout":"default","site-content-layout":"","ast-site-content-layout":"default","site-content-style":"default","site-sidebar-style":"default","ast-global-header-display":"","ast-banner-title-visibility":"","ast-main-header-display":"","ast-hfb-above-header-display":"","ast-hfb-below-header-display":"","ast-hfb-mobile-header-display":"","site-post-title":"","ast-breadcrumbs-content":"","ast-featured-img":"","footer-sml-layout":"","ast-disable-related-posts":"","theme-transparent-header-meta":"default","adv-header-id-meta":"","stick-header-meta":"","header-above-stick-meta":"","header-main-stick-meta":"","header-below-stick-meta":"","astra-migrate-meta-layouts":"set","ast-page-background-enabled":"default","ast-page-background-meta":{"desktop":{"background-color":"var(--ast-global-color-4)","background-image":"","background-repeat":"repeat","background-position":"center center","background-size":"auto","background-attachment":"scroll","background-type":"","background-media":"","overlay-type":"","overlay-color":"","overlay-opacity":"","overlay-gradient":""},"tablet":{"background-color":"","background-image":"","background-repeat":"repeat","background-position":"center center","background-size":"auto","background-attachment":"scroll","background-type":"","background-media":"","overlay-type":"","overlay-color":"","overlay-opacity":"","overlay-gradient":""},"mobile":{"background-color":"","background-image":"","background-repeat":"repeat","background-position":"center center","background-size":"auto","background-attachment":"scroll","background-type":"","background-media":"","overlay-type":"","overlay-color":"","overlay-opacity":"","overlay-gradient":""}},"ast-content-background-meta":{"desktop":{"background-color":"var(--ast-global-color-5)","background-image":"","background-repeat":"repeat","background-position":"center center","background-size":"auto","background-attachment":"scroll","background-type":"","background-media":"","overlay-type":"","overlay-color":"","overlay-opacity":"","overlay-gradient":""},"tablet":{"background-color":"var(--ast-global-color-5)","background-image":"","background-repeat":"repeat","background-position":"center center","background-size":"auto","background-attachment":"scroll","background-type":"","background-media":"","overlay-type":"","overlay-color":"","overlay-opacity":"","overlay-gradient":""},"mobile":{"background-color":"var(--ast-global-color-5)","background-image":"","background-repeat":"repeat","background-position":"center center","background-size":"auto","background-attachment":"scroll","background-type":"","background-media":"","overlay-type":"","overlay-color":"","overlay-opacity":"","overlay-gradient":""}}},"product_cat":[130,28],"product_tag":[389,93,401],"class_list":{"0":"post-3179","1":"product","2":"type-product","3":"status-publish","4":"has-post-thumbnail","6":"product_cat-eudeba-libro","7":"product_cat-libro","8":"product_tag-ciencias-sociales","9":"product_tag-comunicacion","10":"product_tag-dictadura-militar-1976-1983","11":"desktop-align-left","12":"tablet-align-left","13":"mobile-align-left","15":"first","16":"instock","17":"shipping-taxable","18":"purchasable","19":"product-type-simple"},"acf":[],"uagb_featured_image_src":{"full":["https:\/\/biblio1.mdp.edu.ar\/centro-ventas\/wp-content\/uploads\/sites\/2\/2024\/03\/9789502318752.jpg",171,224,false],"thumbnail":["https:\/\/biblio1.mdp.edu.ar\/centro-ventas\/wp-content\/uploads\/sites\/2\/2024\/03\/9789502318752-150x150.jpg",150,150,true],"medium":["https:\/\/biblio1.mdp.edu.ar\/centro-ventas\/wp-content\/uploads\/sites\/2\/2024\/03\/9789502318752.jpg",171,224,false],"medium_large":["https:\/\/biblio1.mdp.edu.ar\/centro-ventas\/wp-content\/uploads\/sites\/2\/2024\/03\/9789502318752.jpg",171,224,false],"large":["https:\/\/biblio1.mdp.edu.ar\/centro-ventas\/wp-content\/uploads\/sites\/2\/2024\/03\/9789502318752.jpg",171,224,false],"1536x1536":["https:\/\/biblio1.mdp.edu.ar\/centro-ventas\/wp-content\/uploads\/sites\/2\/2024\/03\/9789502318752.jpg",171,224,false],"2048x2048":["https:\/\/biblio1.mdp.edu.ar\/centro-ventas\/wp-content\/uploads\/sites\/2\/2024\/03\/9789502318752.jpg",171,224,false],"woocommerce_thumbnail":["https:\/\/biblio1.mdp.edu.ar\/centro-ventas\/wp-content\/uploads\/sites\/2\/2024\/03\/9789502318752.jpg",171,224,false],"woocommerce_single":["https:\/\/biblio1.mdp.edu.ar\/centro-ventas\/wp-content\/uploads\/sites\/2\/2024\/03\/9789502318752.jpg",171,224,false],"woocommerce_gallery_thumbnail":["https:\/\/biblio1.mdp.edu.ar\/centro-ventas\/wp-content\/uploads\/sites\/2\/2024\/03\/9789502318752-100x100.jpg",100,100,true]},"uagb_author_info":{"display_name":"Cristina Bernabe","author_link":"https:\/\/biblio1.mdp.edu.ar\/centro-ventas\/author\/"},"uagb_comment_info":0,"uagb_excerpt":"Este libro surge en un momento hist\u00f3rico de la Argentina donde el rol de los medios de comunicaci\u00f3n y las actitudes que mantuvieron durante la \u00e9poca dictatorial se encuentran profundamente cuestionados. Soslayando una habitual visi\u00f3n maniquea que intenta determinar qui\u00e9nes fueron los \u201cbuenos\u201d y los \u201cmalos\u201d de la historia reciente nacional y reduce las motivaciones&hellip;","_links":{"self":[{"href":"https:\/\/biblio1.mdp.edu.ar\/centro-ventas\/wp-json\/wp\/v2\/product\/3179","targetHints":{"allow":["GET"]}}],"collection":[{"href":"https:\/\/biblio1.mdp.edu.ar\/centro-ventas\/wp-json\/wp\/v2\/product"}],"about":[{"href":"https:\/\/biblio1.mdp.edu.ar\/centro-ventas\/wp-json\/wp\/v2\/types\/product"}],"wp:featuredmedia":[{"embeddable":true,"href":"https:\/\/biblio1.mdp.edu.ar\/centro-ventas\/wp-json\/wp\/v2\/media\/3180"}],"wp:attachment":[{"href":"https:\/\/biblio1.mdp.edu.ar\/centro-ventas\/wp-json\/wp\/v2\/media?parent=3179"}],"wp:term":[{"taxonomy":"product_cat","embeddable":true,"href":"https:\/\/biblio1.mdp.edu.ar\/centro-ventas\/wp-json\/wp\/v2\/product_cat?post=3179"},{"taxonomy":"product_tag","embeddable":true,"href":"https:\/\/biblio1.mdp.edu.ar\/centro-ventas\/wp-json\/wp\/v2\/product_tag?post=3179"}],"curies":[{"name":"wp","href":"https:\/\/api.w.org\/{rel}","templated":true}]}}