{"id":3160,"date":"2024-03-22T15:56:24","date_gmt":"2024-03-22T18:56:24","guid":{"rendered":"http:\/\/biblio1.mdp.edu.ar\/centro-ventas\/?post_type=product&#038;p=3160"},"modified":"2025-10-16T16:48:35","modified_gmt":"2025-10-16T19:48:35","slug":"3160","status":"publish","type":"product","link":"https:\/\/biblio1.mdp.edu.ar\/centro-ventas\/producto\/3160\/","title":{"rendered":"Fed\u00f3n"},"content":{"rendered":"<p>A trav\u00e9s de un texto de inmenso vigor literario, el Fed\u00f3n recrea las instancias previas a la ejecuci\u00f3n de S\u00f3crates, quien, sereno ante la inminencia del fin de su vida, sostiene con sus disc\u00edpulos una discusi\u00f3n acerca de la inmortalidad del alma y su trascendencia con respecto al cuerpo. El acontecimiento de la muerte de su maestro, sin duda de valor trascendente en la vida de Plat\u00f3n, le permite al fil\u00f3sofo exponer l\u00edneas fundamentales de su propio pensamiento; por tal raz\u00f3n, este di\u00e1logo es de gran importancia para conocer la doctrina capital de la Filosof\u00eda plat\u00f3nica, la teor\u00eda de las ideas que, por medio de los argumentos presentados, aparece vinculada a la experiencia religiosa de la muerte y la eternidad. La versi\u00f3n directa del griego, realizada para esta edici\u00f3n por el profesor Conrado Eggers Lan, mantiene una rigurosa cercan\u00eda con el original sin renunciar a la riqueza est\u00e9tica y brinda, mediante las notas ling\u00fc\u00edsticas, la informaci\u00f3n adecuada para una mayor comprensi\u00f3n de las problem\u00e1ticas planteadas por la traducci\u00f3n. La introducci\u00f3n que encabeza la edici\u00f3n ofrece una explicaci\u00f3n sencilla pero completa de los contenidos del di\u00e1logo y posibilita el acceso a su lectura tanto del p\u00fablico experto como de aquellos que se acercan por primera vez a la Filosof\u00eda cl\u00e1sica.<\/p>\n","protected":false},"excerpt":{"rendered":"<p>A trav\u00e9s de un texto de inmenso vigor literario, el Fed\u00f3n recrea las instancias previas a la ejecuci\u00f3n de S\u00f3crates, quien, sereno ante la inminencia del fin de su vida, sostiene con sus disc\u00edpulos una discusi\u00f3n acerca de la inmortalidad del alma y su trascendencia con respecto al cuerpo. El acontecimiento de la muerte de [&hellip;]<\/p>\n","protected":false},"featured_media":3161,"template":"","meta":{"_acf_changed":false,"_eb_attr":"","_crdt_document":"","_uag_custom_page_level_css":"","_editorskit_title_hidden":false,"_editorskit_reading_time":0,"_editorskit_is_block_options_detached":false,"_editorskit_block_options_position":"{}","site-sidebar-layout":"default","site-content-layout":"","ast-site-content-layout":"default","site-content-style":"default","site-sidebar-style":"default","ast-global-header-display":"","ast-banner-title-visibility":"","ast-main-header-display":"","ast-hfb-above-header-display":"","ast-hfb-below-header-display":"","ast-hfb-mobile-header-display":"","site-post-title":"","ast-breadcrumbs-content":"","ast-featured-img":"","footer-sml-layout":"","ast-disable-related-posts":"","theme-transparent-header-meta":"default","adv-header-id-meta":"","stick-header-meta":"","header-above-stick-meta":"","header-main-stick-meta":"","header-below-stick-meta":"","astra-migrate-meta-layouts":"set","ast-page-background-enabled":"default","ast-page-background-meta":{"desktop":{"background-color":"var(--ast-global-color-4)","background-image":"","background-repeat":"repeat","background-position":"center center","background-size":"auto","background-attachment":"scroll","background-type":"","background-media":"","overlay-type":"","overlay-color":"","overlay-opacity":"","overlay-gradient":""},"tablet":{"background-color":"","background-image":"","background-repeat":"repeat","background-position":"center center","background-size":"auto","background-attachment":"scroll","background-type":"","background-media":"","overlay-type":"","overlay-color":"","overlay-opacity":"","overlay-gradient":""},"mobile":{"background-color":"","background-image":"","background-repeat":"repeat","background-position":"center center","background-size":"auto","background-attachment":"scroll","background-type":"","background-media":"","overlay-type":"","overlay-color":"","overlay-opacity":"","overlay-gradient":""}},"ast-content-background-meta":{"desktop":{"background-color":"var(--ast-global-color-5)","background-image":"","background-repeat":"repeat","background-position":"center center","background-size":"auto","background-attachment":"scroll","background-type":"","background-media":"","overlay-type":"","overlay-color":"","overlay-opacity":"","overlay-gradient":""},"tablet":{"background-color":"var(--ast-global-color-5)","background-image":"","background-repeat":"repeat","background-position":"center center","background-size":"auto","background-attachment":"scroll","background-type":"","background-media":"","overlay-type":"","overlay-color":"","overlay-opacity":"","overlay-gradient":""},"mobile":{"background-color":"var(--ast-global-color-5)","background-image":"","background-repeat":"repeat","background-position":"center center","background-size":"auto","background-attachment":"scroll","background-type":"","background-media":"","overlay-type":"","overlay-color":"","overlay-opacity":"","overlay-gradient":""}}},"product_cat":[130,28],"product_tag":[177],"class_list":{"0":"post-3160","1":"product","2":"type-product","3":"status-publish","4":"has-post-thumbnail","6":"product_cat-eudeba-libro","7":"product_cat-libro","8":"product_tag-filosofia","9":"desktop-align-left","10":"tablet-align-left","11":"mobile-align-left","13":"first","14":"instock","15":"shipping-taxable","16":"purchasable","17":"product-type-simple"},"acf":[],"uagb_featured_image_src":{"full":["https:\/\/biblio1.mdp.edu.ar\/centro-ventas\/wp-content\/uploads\/sites\/2\/2024\/03\/D_NQ_NP_614214-MLU69754843498_062023-O.jpg",307,500,false],"thumbnail":["https:\/\/biblio1.mdp.edu.ar\/centro-ventas\/wp-content\/uploads\/sites\/2\/2024\/03\/D_NQ_NP_614214-MLU69754843498_062023-O-150x150.jpg",150,150,true],"medium":["https:\/\/biblio1.mdp.edu.ar\/centro-ventas\/wp-content\/uploads\/sites\/2\/2024\/03\/D_NQ_NP_614214-MLU69754843498_062023-O-184x300.jpg",184,300,true],"medium_large":["https:\/\/biblio1.mdp.edu.ar\/centro-ventas\/wp-content\/uploads\/sites\/2\/2024\/03\/D_NQ_NP_614214-MLU69754843498_062023-O.jpg",307,500,false],"large":["https:\/\/biblio1.mdp.edu.ar\/centro-ventas\/wp-content\/uploads\/sites\/2\/2024\/03\/D_NQ_NP_614214-MLU69754843498_062023-O.jpg",307,500,false],"1536x1536":["https:\/\/biblio1.mdp.edu.ar\/centro-ventas\/wp-content\/uploads\/sites\/2\/2024\/03\/D_NQ_NP_614214-MLU69754843498_062023-O.jpg",307,500,false],"2048x2048":["https:\/\/biblio1.mdp.edu.ar\/centro-ventas\/wp-content\/uploads\/sites\/2\/2024\/03\/D_NQ_NP_614214-MLU69754843498_062023-O.jpg",307,500,false],"woocommerce_thumbnail":["https:\/\/biblio1.mdp.edu.ar\/centro-ventas\/wp-content\/uploads\/sites\/2\/2024\/03\/D_NQ_NP_614214-MLU69754843498_062023-O-300x489.jpg",300,489,true],"woocommerce_single":["https:\/\/biblio1.mdp.edu.ar\/centro-ventas\/wp-content\/uploads\/sites\/2\/2024\/03\/D_NQ_NP_614214-MLU69754843498_062023-O.jpg",307,500,false],"woocommerce_gallery_thumbnail":["https:\/\/biblio1.mdp.edu.ar\/centro-ventas\/wp-content\/uploads\/sites\/2\/2024\/03\/D_NQ_NP_614214-MLU69754843498_062023-O-100x100.jpg",100,100,true]},"uagb_author_info":{"display_name":"Cristina Bernabe","author_link":"https:\/\/biblio1.mdp.edu.ar\/centro-ventas\/author\/"},"uagb_comment_info":0,"uagb_excerpt":"A trav\u00e9s de un texto de inmenso vigor literario, el Fed\u00f3n recrea las instancias previas a la ejecuci\u00f3n de S\u00f3crates, quien, sereno ante la inminencia del fin de su vida, sostiene con sus disc\u00edpulos una discusi\u00f3n acerca de la inmortalidad del alma y su trascendencia con respecto al cuerpo. El acontecimiento de la muerte de&hellip;","_links":{"self":[{"href":"https:\/\/biblio1.mdp.edu.ar\/centro-ventas\/wp-json\/wp\/v2\/product\/3160","targetHints":{"allow":["GET"]}}],"collection":[{"href":"https:\/\/biblio1.mdp.edu.ar\/centro-ventas\/wp-json\/wp\/v2\/product"}],"about":[{"href":"https:\/\/biblio1.mdp.edu.ar\/centro-ventas\/wp-json\/wp\/v2\/types\/product"}],"wp:featuredmedia":[{"embeddable":true,"href":"https:\/\/biblio1.mdp.edu.ar\/centro-ventas\/wp-json\/wp\/v2\/media\/3161"}],"wp:attachment":[{"href":"https:\/\/biblio1.mdp.edu.ar\/centro-ventas\/wp-json\/wp\/v2\/media?parent=3160"}],"wp:term":[{"taxonomy":"product_cat","embeddable":true,"href":"https:\/\/biblio1.mdp.edu.ar\/centro-ventas\/wp-json\/wp\/v2\/product_cat?post=3160"},{"taxonomy":"product_tag","embeddable":true,"href":"https:\/\/biblio1.mdp.edu.ar\/centro-ventas\/wp-json\/wp\/v2\/product_tag?post=3160"}],"curies":[{"name":"wp","href":"https:\/\/api.w.org\/{rel}","templated":true}]}}