{"id":3156,"date":"2024-03-21T17:24:57","date_gmt":"2024-03-21T20:24:57","guid":{"rendered":"http:\/\/biblio1.mdp.edu.ar\/centro-ventas\/?post_type=product&#038;p=3156"},"modified":"2025-10-16T16:08:24","modified_gmt":"2025-10-16T19:08:24","slug":"somos-la-especie-equivocada-una-mirada-evolutiva-sobre-las-responsabilidades-de-nuestra-especie","status":"publish","type":"product","link":"https:\/\/biblio1.mdp.edu.ar\/centro-ventas\/producto\/somos-la-especie-equivocada-una-mirada-evolutiva-sobre-las-responsabilidades-de-nuestra-especie\/","title":{"rendered":"\u00bfSomos la especie equivocada? Una mirada evolutiva sobre las responsabilidades de nuestra especie"},"content":{"rendered":"<div id=\"contenedorSubHeader\" class=\"container-fluid no-padding cont-subheader\">\n<div class=\"container\">\n<div class=\"row\">\n<section class=\"ficha\">\n<article id=\"ContentPlaceHolderSubHeader_rptFichaSubtitulo_producto_Container_0\" class=\" papel\">\n<div class=\"col-xs-12 col-sm-5 info no-padding\">\n<div class=\"\">\n<div class=\"col-md-12 titulo\"><\/div>\n<\/div>\n<div class=\"\">\n<p><span style=\"font-size: 16px\">Este libro propone al lector ubicarse como observador cr\u00edtico, comprometido, de los actos de nuestra especie, desde una perspectiva fundada en su azarosa evoluci\u00f3n, y tambi\u00e9n en las complejas y sutiles caracter\u00edsticas de un cerebro que permite maximizar las habilidades sociales, de an\u00e1lisis y de creatividad o inventiva. Desde ese punto de observaci\u00f3n, se incursiona en el horizonte presente, configurado por el producto de nuestro accionar a nivel global. El resultado de ello sugiere una conclusi\u00f3n amarga y conflictiva, que contrapone, por un lado, los avatares y milenios transcurridos para la emergencia del Homo sapiens y la oportunidad para la emergencia de un portentoso, delicado, complejo y pl\u00e1stico \u00f3rgano de pensamiento -expresado en las artes, las ciencias y los comportamientos solidarios- y, por el otro, el persistente y peligroso tr\u00e1nsito por la senda plagada de comportamientos sectarios o socialmente excluyentes, hostiles y destructivos -dirigidos sea hacia sus cong\u00e9neres o el medioambiente.<\/span><\/p>\n<\/div>\n<\/div>\n<\/article>\n<\/section>\n<\/div>\n<\/div>\n<\/div>\n","protected":false},"excerpt":{"rendered":"<p>Este libro propone al lector ubicarse como observador cr\u00edtico, comprometido, de los actos de nuestra especie, desde una perspectiva fundada en su azarosa evoluci\u00f3n, y tambi\u00e9n en las complejas y sutiles caracter\u00edsticas de un cerebro que permite maximizar las habilidades sociales, de an\u00e1lisis y de creatividad o inventiva. Desde ese punto de observaci\u00f3n, se incursiona [&hellip;]<\/p>\n","protected":false},"featured_media":3157,"template":"","meta":{"_acf_changed":false,"_eb_attr":"","_crdt_document":"","_uag_custom_page_level_css":"","_editorskit_title_hidden":false,"_editorskit_reading_time":0,"_editorskit_is_block_options_detached":false,"_editorskit_block_options_position":"{}","site-sidebar-layout":"default","site-content-layout":"","ast-site-content-layout":"default","site-content-style":"default","site-sidebar-style":"default","ast-global-header-display":"","ast-banner-title-visibility":"","ast-main-header-display":"","ast-hfb-above-header-display":"","ast-hfb-below-header-display":"","ast-hfb-mobile-header-display":"","site-post-title":"","ast-breadcrumbs-content":"","ast-featured-img":"","footer-sml-layout":"","ast-disable-related-posts":"","theme-transparent-header-meta":"default","adv-header-id-meta":"","stick-header-meta":"","header-above-stick-meta":"","header-main-stick-meta":"","header-below-stick-meta":"","astra-migrate-meta-layouts":"set","ast-page-background-enabled":"default","ast-page-background-meta":{"desktop":{"background-color":"var(--ast-global-color-4)","background-image":"","background-repeat":"repeat","background-position":"center center","background-size":"auto","background-attachment":"scroll","background-type":"","background-media":"","overlay-type":"","overlay-color":"","overlay-opacity":"","overlay-gradient":""},"tablet":{"background-color":"","background-image":"","background-repeat":"repeat","background-position":"center center","background-size":"auto","background-attachment":"scroll","background-type":"","background-media":"","overlay-type":"","overlay-color":"","overlay-opacity":"","overlay-gradient":""},"mobile":{"background-color":"","background-image":"","background-repeat":"repeat","background-position":"center center","background-size":"auto","background-attachment":"scroll","background-type":"","background-media":"","overlay-type":"","overlay-color":"","overlay-opacity":"","overlay-gradient":""}},"ast-content-background-meta":{"desktop":{"background-color":"var(--ast-global-color-5)","background-image":"","background-repeat":"repeat","background-position":"center center","background-size":"auto","background-attachment":"scroll","background-type":"","background-media":"","overlay-type":"","overlay-color":"","overlay-opacity":"","overlay-gradient":""},"tablet":{"background-color":"var(--ast-global-color-5)","background-image":"","background-repeat":"repeat","background-position":"center center","background-size":"auto","background-attachment":"scroll","background-type":"","background-media":"","overlay-type":"","overlay-color":"","overlay-opacity":"","overlay-gradient":""},"mobile":{"background-color":"var(--ast-global-color-5)","background-image":"","background-repeat":"repeat","background-position":"center center","background-size":"auto","background-attachment":"scroll","background-type":"","background-media":"","overlay-type":"","overlay-color":"","overlay-opacity":"","overlay-gradient":""}}},"product_cat":[130,28],"product_tag":[140,389],"class_list":{"0":"post-3156","1":"product","2":"type-product","3":"status-publish","4":"has-post-thumbnail","6":"product_cat-eudeba-libro","7":"product_cat-libro","8":"product_tag-antropologia","9":"product_tag-ciencias-sociales","10":"desktop-align-left","11":"tablet-align-left","12":"mobile-align-left","14":"first","15":"instock","16":"shipping-taxable","17":"purchasable","18":"product-type-simple"},"acf":[],"uagb_featured_image_src":{"full":["https:\/\/biblio1.mdp.edu.ar\/centro-ventas\/wp-content\/uploads\/sites\/2\/2024\/03\/9789502317649-es.jpg",345,500,false],"thumbnail":["https:\/\/biblio1.mdp.edu.ar\/centro-ventas\/wp-content\/uploads\/sites\/2\/2024\/03\/9789502317649-es-150x150.jpg",150,150,true],"medium":["https:\/\/biblio1.mdp.edu.ar\/centro-ventas\/wp-content\/uploads\/sites\/2\/2024\/03\/9789502317649-es-207x300.jpg",207,300,true],"medium_large":["https:\/\/biblio1.mdp.edu.ar\/centro-ventas\/wp-content\/uploads\/sites\/2\/2024\/03\/9789502317649-es.jpg",345,500,false],"large":["https:\/\/biblio1.mdp.edu.ar\/centro-ventas\/wp-content\/uploads\/sites\/2\/2024\/03\/9789502317649-es.jpg",345,500,false],"1536x1536":["https:\/\/biblio1.mdp.edu.ar\/centro-ventas\/wp-content\/uploads\/sites\/2\/2024\/03\/9789502317649-es.jpg",345,500,false],"2048x2048":["https:\/\/biblio1.mdp.edu.ar\/centro-ventas\/wp-content\/uploads\/sites\/2\/2024\/03\/9789502317649-es.jpg",345,500,false],"woocommerce_thumbnail":["https:\/\/biblio1.mdp.edu.ar\/centro-ventas\/wp-content\/uploads\/sites\/2\/2024\/03\/9789502317649-es-300x435.jpg",300,435,true],"woocommerce_single":["https:\/\/biblio1.mdp.edu.ar\/centro-ventas\/wp-content\/uploads\/sites\/2\/2024\/03\/9789502317649-es.jpg",345,500,false],"woocommerce_gallery_thumbnail":["https:\/\/biblio1.mdp.edu.ar\/centro-ventas\/wp-content\/uploads\/sites\/2\/2024\/03\/9789502317649-es-100x100.jpg",100,100,true]},"uagb_author_info":{"display_name":"Cristina Bernabe","author_link":"https:\/\/biblio1.mdp.edu.ar\/centro-ventas\/author\/"},"uagb_comment_info":0,"uagb_excerpt":"Este libro propone al lector ubicarse como observador cr\u00edtico, comprometido, de los actos de nuestra especie, desde una perspectiva fundada en su azarosa evoluci\u00f3n, y tambi\u00e9n en las complejas y sutiles caracter\u00edsticas de un cerebro que permite maximizar las habilidades sociales, de an\u00e1lisis y de creatividad o inventiva. Desde ese punto de observaci\u00f3n, se incursiona&hellip;","_links":{"self":[{"href":"https:\/\/biblio1.mdp.edu.ar\/centro-ventas\/wp-json\/wp\/v2\/product\/3156","targetHints":{"allow":["GET"]}}],"collection":[{"href":"https:\/\/biblio1.mdp.edu.ar\/centro-ventas\/wp-json\/wp\/v2\/product"}],"about":[{"href":"https:\/\/biblio1.mdp.edu.ar\/centro-ventas\/wp-json\/wp\/v2\/types\/product"}],"wp:featuredmedia":[{"embeddable":true,"href":"https:\/\/biblio1.mdp.edu.ar\/centro-ventas\/wp-json\/wp\/v2\/media\/3157"}],"wp:attachment":[{"href":"https:\/\/biblio1.mdp.edu.ar\/centro-ventas\/wp-json\/wp\/v2\/media?parent=3156"}],"wp:term":[{"taxonomy":"product_cat","embeddable":true,"href":"https:\/\/biblio1.mdp.edu.ar\/centro-ventas\/wp-json\/wp\/v2\/product_cat?post=3156"},{"taxonomy":"product_tag","embeddable":true,"href":"https:\/\/biblio1.mdp.edu.ar\/centro-ventas\/wp-json\/wp\/v2\/product_tag?post=3156"}],"curies":[{"name":"wp","href":"https:\/\/api.w.org\/{rel}","templated":true}]}}