{"id":315,"date":"2018-06-07T12:23:39","date_gmt":"2018-06-07T15:23:39","guid":{"rendered":"http:\/\/biblio1.mdp.edu.ar\/centro-ventas\/producto\/import-placeholder-for-154\/"},"modified":"2025-06-02T13:57:15","modified_gmt":"2025-06-02T16:57:15","slug":"invitacion-a-la-biologia-en-contexto-social-7-edicion","status":"publish","type":"product","link":"https:\/\/biblio1.mdp.edu.ar\/centro-ventas\/producto\/invitacion-a-la-biologia-en-contexto-social-7-edicion\/","title":{"rendered":"Invitaci\u00f3n a la Biolog\u00eda en contexto social  , 7\u00b0 edici\u00f3n"},"content":{"rendered":"<p>&nbsp;<\/p>\n<p><strong>\u00cdndice de contenido<\/strong><br \/>\nSecci\u00f3n 1<br \/>\nCiencia y Tecnolog\u00eda en Contexto Social<\/p>\n<p>Cap. 1 Los procesos de construcci\u00f3n del conocimiento cient\u00edfico<br \/>\nCap. 2 El estudio de la biolog\u00eda en la actualidad<\/p>\n<p>Secci\u00f3n 2<br \/>\nLa unidad de la vida<\/p>\n<p>Cap. 3 Origen de la c\u00e9lula<br \/>\nCap. 4 La organizaci\u00f3n de las c\u00e9lulas<br \/>\nCap. 5 La continuidad de la vida<br \/>\nCap. 6 Metabolismo y Energ\u00eda<br \/>\nCap. 7 Fotos\u00edntesis, luz y vida<br \/>\nAp\u00e9ndices<br \/>\nAp\u00e9ndice 1: \u00c1tomos y mol\u00e9culas<br \/>\nAp\u00e9ndice 2: Is\u00f3topos<br \/>\nAp\u00e9ndice 3: El agua y los puentes de hidr\u00f3geno<br \/>\nAp\u00e9ndice 4: La qu\u00edmica de los seres vivos<\/p>\n<p>Secci\u00f3n 3<br \/>\nPatrones y procesos de la herencia<\/p>\n<p>Cap. 8 La reproducci\u00f3n sexual y las bases cromos\u00f3micas de la herencia<br \/>\nCap. 9 El flujo de informaci\u00f3n gen\u00e9tica: los caminos a la s\u00edntesis de prote\u00ednas<br \/>\nCap. 10 Los genomas, su expresi\u00f3n y regulaci\u00f3n<br \/>\nCap. 11 La manipulaci\u00f3n de la informaci\u00f3n gen\u00e9tica<br \/>\nCap. 12 Gen\u00e9tica humana<\/p>\n<p>Secci\u00f3n 4<br \/>\nEvoluci\u00f3n<\/p>\n<p>Cap. 13 Evoluci\u00f3n: historia de la teor\u00eda y sus evidencias<br \/>\nCap. 14 Las bases gen\u00e9ticas de la evoluci\u00f3n<br \/>\nCap. 15 Los procesos del cambio evolutivo y el origen de las especies<br \/>\nCap. 16 Macroevoluci\u00f3n: la historia de la vida<br \/>\nCap. 17 La evoluci\u00f3n de los hom\u00ednidos<\/p>\n<p>Secci\u00f3n 5<br \/>\nLa diversidad de la vida<\/p>\n<p>Cap. 18 La clasificaci\u00f3n de los organismos<br \/>\nCap. 19 Bacteria y Archaea: los procariontes<br \/>\nCap. 20 Eukarya I: los protistas, eucariontes heterog\u00e9neos<br \/>\nCap. 21 Eukarya II: el linaje de las algas verdes y las plantas<br \/>\nCap. 22 Eukarya III: el linaje de los hongos y los animales<\/p>\n<p>Secci\u00f3n 6<br \/>\nBiolog\u00eda de los animales<\/p>\n<p>Cap. 23 Los tejidos, \u00f3rganos y sistemas de los vertebrados<br \/>\nCap 24 El sistema nervioso: estructura y funci\u00f3n<br \/>\nCap. 25 Percepci\u00f3n sensorial, procesamiento de la informaci\u00f3n y respuesta motora<br \/>\nCap. 26 El sistema endocrino<br \/>\nCap. 27 La respiraci\u00f3n<br \/>\nCap. 28 La circulaci\u00f3n<br \/>\nCap. 29 La digesti\u00f3n<br \/>\nCap. 30 Equilibrio h\u00eddrico y regulaci\u00f3n t\u00e9rmica<br \/>\nCap. 31 La respuesta inmunitaria<br \/>\nCap. 32 La reproducci\u00f3n<br \/>\nCap. 33 El desarrollo embrionario<\/p>\n<p>Secci\u00f3n 7<br \/>\nBiolog\u00eda de las plantas<\/p>\n<p>Cap. 34 Estructura y reproducci\u00f3n de las plantas<br \/>\nCap. 35 El transporte en las plantas<br \/>\nCap. 36 El crecimiento y desarrollo en las plantas<\/p>\n<p>Secci\u00f3n 8<br \/>\nEcolog\u00eda<\/p>\n<p>Cap. 37 Estructura y din\u00e1mica de las poblaciones<br \/>\nCap. 38 Interacciones en las comunidades<br \/>\nCap. 39 Ecosistemas<br \/>\nCap. 40 La biosfera<br \/>\nCap. 51 Intervenciones humanas y cambios globales<\/p>\n<p>Lecturas complementarias L-1<\/p>\n<p>Glosario G-1<\/p>\n<p>Procedencia de las ilustraciones P-1<\/p>\n<p>\u00cdndice anal\u00edtico I-1<\/p>\n","protected":false},"excerpt":{"rendered":"<p>&nbsp; \u00cdndice de contenido Secci\u00f3n 1 Ciencia y Tecnolog\u00eda en Contexto Social Cap. 1 Los procesos de construcci\u00f3n del conocimiento cient\u00edfico Cap. 2 El estudio de la biolog\u00eda en la actualidad Secci\u00f3n 2 La unidad de la vida Cap. 3 Origen de la c\u00e9lula Cap. 4 La organizaci\u00f3n de las c\u00e9lulas Cap. 5 La continuidad [&hellip;]<\/p>\n","protected":false},"featured_media":353,"template":"","meta":{"_acf_changed":false,"_eb_attr":"","_crdt_document":"","_uag_custom_page_level_css":"","_editorskit_title_hidden":false,"_editorskit_reading_time":0,"_editorskit_is_block_options_detached":false,"_editorskit_block_options_position":"{}","site-sidebar-layout":"default","site-content-layout":"default","ast-site-content-layout":"default","site-content-style":"default","site-sidebar-style":"default","ast-global-header-display":"","ast-banner-title-visibility":"","ast-main-header-display":"","ast-hfb-above-header-display":"","ast-hfb-below-header-display":"","ast-hfb-mobile-header-display":"","site-post-title":"","ast-breadcrumbs-content":"","ast-featured-img":"","footer-sml-layout":"","ast-disable-related-posts":"","theme-transparent-header-meta":"default","adv-header-id-meta":"","stick-header-meta":"","header-above-stick-meta":"","header-main-stick-meta":"","header-below-stick-meta":"","astra-migrate-meta-layouts":"default","ast-page-background-enabled":"default","ast-page-background-meta":{"desktop":{"background-color":"var(--ast-global-color-4)","background-image":"","background-repeat":"repeat","background-position":"center center","background-size":"auto","background-attachment":"scroll","background-type":"","background-media":"","overlay-type":"","overlay-color":"","overlay-opacity":"","overlay-gradient":""},"tablet":{"background-color":"","background-image":"","background-repeat":"repeat","background-position":"center center","background-size":"auto","background-attachment":"scroll","background-type":"","background-media":"","overlay-type":"","overlay-color":"","overlay-opacity":"","overlay-gradient":""},"mobile":{"background-color":"","background-image":"","background-repeat":"repeat","background-position":"center center","background-size":"auto","background-attachment":"scroll","background-type":"","background-media":"","overlay-type":"","overlay-color":"","overlay-opacity":"","overlay-gradient":""}},"ast-content-background-meta":{"desktop":{"background-color":"var(--ast-global-color-5)","background-image":"","background-repeat":"repeat","background-position":"center center","background-size":"auto","background-attachment":"scroll","background-type":"","background-media":"","overlay-type":"","overlay-color":"","overlay-opacity":"","overlay-gradient":""},"tablet":{"background-color":"var(--ast-global-color-5)","background-image":"","background-repeat":"repeat","background-position":"center center","background-size":"auto","background-attachment":"scroll","background-type":"","background-media":"","overlay-type":"","overlay-color":"","overlay-opacity":"","overlay-gradient":""},"mobile":{"background-color":"var(--ast-global-color-5)","background-image":"","background-repeat":"repeat","background-position":"center center","background-size":"auto","background-attachment":"scroll","background-type":"","background-media":"","overlay-type":"","overlay-color":"","overlay-opacity":"","overlay-gradient":""}}},"product_cat":[28,29],"product_tag":[135,108],"class_list":{"0":"post-315","1":"product","2":"type-product","3":"status-publish","4":"has-post-thumbnail","6":"product_cat-libro","7":"product_cat-medicina","8":"product_tag-biologia","9":"product_tag-ciencias-biologicas","10":"desktop-align-left","11":"tablet-align-left","12":"mobile-align-left","14":"first","15":"outofstock","16":"shipping-taxable","17":"product-type-simple"},"acf":[],"uagb_featured_image_src":{"full":["https:\/\/biblio1.mdp.edu.ar\/centro-ventas\/wp-content\/uploads\/sites\/2\/2018\/06\/InvitacionAlaBiologia.jpg",800,1022,false],"thumbnail":["https:\/\/biblio1.mdp.edu.ar\/centro-ventas\/wp-content\/uploads\/sites\/2\/2018\/06\/InvitacionAlaBiologia.jpg",117,150,false],"medium":["https:\/\/biblio1.mdp.edu.ar\/centro-ventas\/wp-content\/uploads\/sites\/2\/2018\/06\/InvitacionAlaBiologia.jpg",235,300,false],"medium_large":["https:\/\/biblio1.mdp.edu.ar\/centro-ventas\/wp-content\/uploads\/sites\/2\/2018\/06\/InvitacionAlaBiologia.jpg",768,981,false],"large":["https:\/\/biblio1.mdp.edu.ar\/centro-ventas\/wp-content\/uploads\/sites\/2\/2018\/06\/InvitacionAlaBiologia.jpg",800,1022,false],"1536x1536":["https:\/\/biblio1.mdp.edu.ar\/centro-ventas\/wp-content\/uploads\/sites\/2\/2018\/06\/InvitacionAlaBiologia.jpg",800,1022,false],"2048x2048":["https:\/\/biblio1.mdp.edu.ar\/centro-ventas\/wp-content\/uploads\/sites\/2\/2018\/06\/InvitacionAlaBiologia.jpg",800,1022,false],"woocommerce_thumbnail":["https:\/\/biblio1.mdp.edu.ar\/centro-ventas\/wp-content\/uploads\/sites\/2\/2018\/06\/InvitacionAlaBiologia.jpg",300,383,false],"woocommerce_single":["https:\/\/biblio1.mdp.edu.ar\/centro-ventas\/wp-content\/uploads\/sites\/2\/2018\/06\/InvitacionAlaBiologia.jpg",600,767,false],"woocommerce_gallery_thumbnail":["https:\/\/biblio1.mdp.edu.ar\/centro-ventas\/wp-content\/uploads\/sites\/2\/2018\/06\/InvitacionAlaBiologia-100x100.jpg",100,100,true]},"uagb_author_info":{"display_name":"Cristina Bernabe","author_link":"https:\/\/biblio1.mdp.edu.ar\/centro-ventas\/author\/"},"uagb_comment_info":0,"uagb_excerpt":"&nbsp; \u00cdndice de contenido Secci\u00f3n 1 Ciencia y Tecnolog\u00eda en Contexto Social Cap. 1 Los procesos de construcci\u00f3n del conocimiento cient\u00edfico Cap. 2 El estudio de la biolog\u00eda en la actualidad Secci\u00f3n 2 La unidad de la vida Cap. 3 Origen de la c\u00e9lula Cap. 4 La organizaci\u00f3n de las c\u00e9lulas Cap. 5 La continuidad&hellip;","_links":{"self":[{"href":"https:\/\/biblio1.mdp.edu.ar\/centro-ventas\/wp-json\/wp\/v2\/product\/315","targetHints":{"allow":["GET"]}}],"collection":[{"href":"https:\/\/biblio1.mdp.edu.ar\/centro-ventas\/wp-json\/wp\/v2\/product"}],"about":[{"href":"https:\/\/biblio1.mdp.edu.ar\/centro-ventas\/wp-json\/wp\/v2\/types\/product"}],"wp:featuredmedia":[{"embeddable":true,"href":"https:\/\/biblio1.mdp.edu.ar\/centro-ventas\/wp-json\/wp\/v2\/media\/353"}],"wp:attachment":[{"href":"https:\/\/biblio1.mdp.edu.ar\/centro-ventas\/wp-json\/wp\/v2\/media?parent=315"}],"wp:term":[{"taxonomy":"product_cat","embeddable":true,"href":"https:\/\/biblio1.mdp.edu.ar\/centro-ventas\/wp-json\/wp\/v2\/product_cat?post=315"},{"taxonomy":"product_tag","embeddable":true,"href":"https:\/\/biblio1.mdp.edu.ar\/centro-ventas\/wp-json\/wp\/v2\/product_tag?post=315"}],"curies":[{"name":"wp","href":"https:\/\/api.w.org\/{rel}","templated":true}]}}