{"id":3142,"date":"2024-03-21T16:25:25","date_gmt":"2024-03-21T19:25:25","guid":{"rendered":"http:\/\/biblio1.mdp.edu.ar\/centro-ventas\/?post_type=product&#038;p=3142"},"modified":"2026-03-30T15:27:30","modified_gmt":"2026-03-30T18:27:30","slug":"cruzar-el-oceano-inmigracion-familia-y-trabajo","status":"publish","type":"product","link":"https:\/\/biblio1.mdp.edu.ar\/centro-ventas\/producto\/cruzar-el-oceano-inmigracion-familia-y-trabajo\/","title":{"rendered":"Cruzar el oc\u00e9ano &#8211; Inmigraci\u00f3n, familia y trabajo"},"content":{"rendered":"<p>Desde sus inicios Mar del Plata se vio configurada por la inmigraci\u00f3n transoce\u00e1nica, fen\u00f3meno\u00a0 que aun hoy se evidencia en la memoria de muchas familias y en las expresiones de su patrimonio cultural y material.\u00a0 No en vano, cuando la ciudad era conocida como villa balnearia, cerca de la mitad de la poblaci\u00f3n proven\u00eda del otro lado del oc\u00e9ano, un hecho en buena medida reactivado con la oleada de posguerra.<\/p>\n<p>\u00bfPor qu\u00e9 vinieron los inmigrantes a Mar del Plata? \u00bfEn qu\u00e9 actividades se ocuparon? Una vez\u00a0 establecidos, \u00bfc\u00f3mo formaron su familia? Y en relaci\u00f3n con todo ello, \u00bfhasta qu\u00e9 punto pudieron alcanzar su anhelo de progreso? Estas cuestiones son abordadas a trav\u00e9s de ciertos colectivos migratorios: espa\u00f1oles e italianos, la mayor\u00eda, y tambi\u00e9n sirios, libaneses y jud\u00edos, algunos de los menos conocidos. Cada uno con sus particularidades y diferencias internas; con lo que los acercaba o los separaba de la sociedad argentina.<\/p>\n<p>A trav\u00e9s de fuentes in\u00e9ditas, cartas, entrevistas y fotograf\u00edas, las historias personales y familiares se conjugan y dialogan con el contexto m\u00e1s amplio, nacional e internacional. As\u00ed se busca comprender la historia de la inmigraci\u00f3n aqu\u00ed asentada, pero tambi\u00e9n la de Mar del Plata desde los tiempos del poblado rural a la ciudad de masas de los a\u00f1os sesenta, considerando hitos como el turismo, la econom\u00eda o la sociedad. Asimismo, saber c\u00f3mo las dos Guerras Mundiales, la Guerra Civil Espa\u00f1ola o la Sho\u00e1 se inscribieron en la vida de esta singular urbe, sin lugar a dudas, mucho m\u00e1s que un lugar de veraneo.<\/p>\n<p>&nbsp;<\/p>\n","protected":false},"excerpt":{"rendered":"<p>Desde sus inicios Mar del Plata se vio configurada por la inmigraci\u00f3n transoce\u00e1nica, fen\u00f3meno\u00a0 que aun hoy se evidencia en la memoria de muchas familias y en las expresiones de su patrimonio cultural y material.\u00a0 No en vano, cuando la ciudad era conocida como villa balnearia, cerca de la mitad de la poblaci\u00f3n proven\u00eda del [&hellip;]<\/p>\n","protected":false},"featured_media":3143,"template":"","meta":{"_acf_changed":false,"_eb_attr":"","_crdt_document":"","_uag_custom_page_level_css":"","_editorskit_title_hidden":false,"_editorskit_reading_time":0,"_editorskit_is_block_options_detached":false,"_editorskit_block_options_position":"{}","site-sidebar-layout":"default","site-content-layout":"","ast-site-content-layout":"default","site-content-style":"default","site-sidebar-style":"default","ast-global-header-display":"","ast-banner-title-visibility":"","ast-main-header-display":"","ast-hfb-above-header-display":"","ast-hfb-below-header-display":"","ast-hfb-mobile-header-display":"","site-post-title":"","ast-breadcrumbs-content":"","ast-featured-img":"","footer-sml-layout":"","ast-disable-related-posts":"","theme-transparent-header-meta":"default","adv-header-id-meta":"","stick-header-meta":"","header-above-stick-meta":"","header-main-stick-meta":"","header-below-stick-meta":"","astra-migrate-meta-layouts":"set","ast-page-background-enabled":"default","ast-page-background-meta":{"desktop":{"background-color":"var(--ast-global-color-4)","background-image":"","background-repeat":"repeat","background-position":"center center","background-size":"auto","background-attachment":"scroll","background-type":"","background-media":"","overlay-type":"","overlay-color":"","overlay-opacity":"","overlay-gradient":""},"tablet":{"background-color":"","background-image":"","background-repeat":"repeat","background-position":"center center","background-size":"auto","background-attachment":"scroll","background-type":"","background-media":"","overlay-type":"","overlay-color":"","overlay-opacity":"","overlay-gradient":""},"mobile":{"background-color":"","background-image":"","background-repeat":"repeat","background-position":"center center","background-size":"auto","background-attachment":"scroll","background-type":"","background-media":"","overlay-type":"","overlay-color":"","overlay-opacity":"","overlay-gradient":""}},"ast-content-background-meta":{"desktop":{"background-color":"var(--ast-global-color-5)","background-image":"","background-repeat":"repeat","background-position":"center center","background-size":"auto","background-attachment":"scroll","background-type":"","background-media":"","overlay-type":"","overlay-color":"","overlay-opacity":"","overlay-gradient":""},"tablet":{"background-color":"var(--ast-global-color-5)","background-image":"","background-repeat":"repeat","background-position":"center center","background-size":"auto","background-attachment":"scroll","background-type":"","background-media":"","overlay-type":"","overlay-color":"","overlay-opacity":"","overlay-gradient":""},"mobile":{"background-color":"var(--ast-global-color-5)","background-image":"","background-repeat":"repeat","background-position":"center center","background-size":"auto","background-attachment":"scroll","background-type":"","background-media":"","overlay-type":"","overlay-color":"","overlay-opacity":"","overlay-gradient":""}}},"product_cat":[268,32,28,167],"product_tag":[],"class_list":{"0":"post-3142","1":"product","2":"type-product","3":"status-publish","4":"has-post-thumbnail","6":"product_cat-coleccion-mar-del-plata","7":"product_cat-edudem","8":"product_cat-libro","9":"product_cat-mar-del-plata","10":"desktop-align-left","11":"tablet-align-left","12":"mobile-align-left","14":"first","15":"instock","16":"featured","17":"shipping-taxable","18":"purchasable","19":"product-type-simple"},"acf":[],"uagb_featured_image_src":{"full":["https:\/\/biblio1.mdp.edu.ar\/centro-ventas\/wp-content\/uploads\/sites\/2\/2024\/03\/MDP-ENTRE-EL-MAR-Y-LA-PAMPA-2024-TAPA-cruzar-el-oceano.jpg",1241,2038,false],"thumbnail":["https:\/\/biblio1.mdp.edu.ar\/centro-ventas\/wp-content\/uploads\/sites\/2\/2024\/03\/MDP-ENTRE-EL-MAR-Y-LA-PAMPA-2024-TAPA-cruzar-el-oceano-150x150.jpg",150,150,true],"medium":["https:\/\/biblio1.mdp.edu.ar\/centro-ventas\/wp-content\/uploads\/sites\/2\/2024\/03\/MDP-ENTRE-EL-MAR-Y-LA-PAMPA-2024-TAPA-cruzar-el-oceano-183x300.jpg",183,300,true],"medium_large":["https:\/\/biblio1.mdp.edu.ar\/centro-ventas\/wp-content\/uploads\/sites\/2\/2024\/03\/MDP-ENTRE-EL-MAR-Y-LA-PAMPA-2024-TAPA-cruzar-el-oceano-768x1261.jpg",768,1261,true],"large":["https:\/\/biblio1.mdp.edu.ar\/centro-ventas\/wp-content\/uploads\/sites\/2\/2024\/03\/MDP-ENTRE-EL-MAR-Y-LA-PAMPA-2024-TAPA-cruzar-el-oceano-624x1024.jpg",624,1024,true],"1536x1536":["https:\/\/biblio1.mdp.edu.ar\/centro-ventas\/wp-content\/uploads\/sites\/2\/2024\/03\/MDP-ENTRE-EL-MAR-Y-LA-PAMPA-2024-TAPA-cruzar-el-oceano-935x1536.jpg",935,1536,true],"2048x2048":["https:\/\/biblio1.mdp.edu.ar\/centro-ventas\/wp-content\/uploads\/sites\/2\/2024\/03\/MDP-ENTRE-EL-MAR-Y-LA-PAMPA-2024-TAPA-cruzar-el-oceano.jpg",1241,2038,false],"woocommerce_thumbnail":["https:\/\/biblio1.mdp.edu.ar\/centro-ventas\/wp-content\/uploads\/sites\/2\/2024\/03\/MDP-ENTRE-EL-MAR-Y-LA-PAMPA-2024-TAPA-cruzar-el-oceano-300x493.jpg",300,493,true],"woocommerce_single":["https:\/\/biblio1.mdp.edu.ar\/centro-ventas\/wp-content\/uploads\/sites\/2\/2024\/03\/MDP-ENTRE-EL-MAR-Y-LA-PAMPA-2024-TAPA-cruzar-el-oceano-600x985.jpg",600,985,true],"woocommerce_gallery_thumbnail":["https:\/\/biblio1.mdp.edu.ar\/centro-ventas\/wp-content\/uploads\/sites\/2\/2024\/03\/MDP-ENTRE-EL-MAR-Y-LA-PAMPA-2024-TAPA-cruzar-el-oceano-100x100.jpg",100,100,true]},"uagb_author_info":{"display_name":"Cristina Bernabe","author_link":"https:\/\/biblio1.mdp.edu.ar\/centro-ventas\/author\/"},"uagb_comment_info":0,"uagb_excerpt":"Desde sus inicios Mar del Plata se vio configurada por la inmigraci\u00f3n transoce\u00e1nica, fen\u00f3meno\u00a0 que aun hoy se evidencia en la memoria de muchas familias y en las expresiones de su patrimonio cultural y material.\u00a0 No en vano, cuando la ciudad era conocida como villa balnearia, cerca de la mitad de la poblaci\u00f3n proven\u00eda del&hellip;","_links":{"self":[{"href":"https:\/\/biblio1.mdp.edu.ar\/centro-ventas\/wp-json\/wp\/v2\/product\/3142","targetHints":{"allow":["GET"]}}],"collection":[{"href":"https:\/\/biblio1.mdp.edu.ar\/centro-ventas\/wp-json\/wp\/v2\/product"}],"about":[{"href":"https:\/\/biblio1.mdp.edu.ar\/centro-ventas\/wp-json\/wp\/v2\/types\/product"}],"wp:featuredmedia":[{"embeddable":true,"href":"https:\/\/biblio1.mdp.edu.ar\/centro-ventas\/wp-json\/wp\/v2\/media\/3143"}],"wp:attachment":[{"href":"https:\/\/biblio1.mdp.edu.ar\/centro-ventas\/wp-json\/wp\/v2\/media?parent=3142"}],"wp:term":[{"taxonomy":"product_cat","embeddable":true,"href":"https:\/\/biblio1.mdp.edu.ar\/centro-ventas\/wp-json\/wp\/v2\/product_cat?post=3142"},{"taxonomy":"product_tag","embeddable":true,"href":"https:\/\/biblio1.mdp.edu.ar\/centro-ventas\/wp-json\/wp\/v2\/product_tag?post=3142"}],"curies":[{"name":"wp","href":"https:\/\/api.w.org\/{rel}","templated":true}]}}