{"id":314,"date":"2018-06-07T12:23:37","date_gmt":"2018-06-07T15:23:37","guid":{"rendered":"http:\/\/biblio1.mdp.edu.ar\/centro-ventas\/producto\/import-placeholder-for-151\/"},"modified":"2024-04-04T14:16:41","modified_gmt":"2024-04-04T17:16:41","slug":"histologia-texto-y-atlas","status":"publish","type":"product","link":"https:\/\/biblio1.mdp.edu.ar\/centro-ventas\/producto\/histologia-texto-y-atlas\/","title":{"rendered":"Histolog\u00eda, texto y atlas"},"content":{"rendered":"<div>\n<p>Desde hace ya casi tres d\u00e9cadas,\u00a0<b>Ross. Histolog\u00eda: Texto y Atlas\u00a0<\/b>se ha convertido en el\u00a0<b>texto por excelencia para el estudio de la histolog\u00eda\u00a0<\/b>y su correlaci\u00f3n con la biolog\u00eda molecular y celular para grados en ciencias de la salud. Esta s\u00e9ptima edici\u00f3n recoge los \u00faltimos avances en la disciplina y conserva el formato, ahora cl\u00e1sico, de atlas y libro de texto que ha distinguido a la obra desde sus primeras ediciones.<\/p>\n<p>El texto expositivo se apoya en ilustraciones detalladas y microfotograf\u00edas de m\u00e1xima calidad, la mayor\u00eda de sus apartados se acompa\u00f1a de atlas con im\u00e1genes y microfotograf\u00edas de gran tama\u00f1o a todo color, con leyendas oportunas y acompa\u00f1adas de descripciones que destacan detalles estructurales y funcionales de c\u00e9lulas, tejidos y \u00f3rganos.<\/p>\n<p><b>Caracter\u00edsticas Principales:<\/b><\/p>\n<\/div>\n<ul>\n<li><b>Revisi\u00f3n y redibujo<\/b>\u00a0completo de las<b>\u00a0ilustraciones\u00a0<\/b>para proporcionar coherencia visual.<\/li>\n<li>Al final de cada cap\u00edtulo se ha incluido una secci\u00f3n\u00a0<b>Puntos Esenciales\u00a0<\/b>dise\u00f1ada para proporcionar una revisi\u00f3n \u00fatil y din\u00e1mica de los conceptos m\u00e1s importantes.<\/li>\n<li>M\u00e1s de 435\u00a0<b>microfotograf\u00edas\u00a0<\/b>en alta resoluci\u00f3n y a<b>\u00a0todo color.<\/b><\/li>\n<li>Incluye m\u00faltiples\u00a0<b>cuadros de correlaci\u00f3n cl\u00ednica<\/b>\u00a0y funcional con microfotograf\u00edas de tejidos u \u00f3rganos afectados, sintomatolog\u00eda, descripciones histopatol\u00f3gicas breves y bases moleculares para la intervenci\u00f3n cl\u00ednica.<\/li>\n<li><b>Conceptos importantes\u00a0<\/b>se han destacado con colores para facilitar su comprensi\u00f3n y optimizar el tiempo destinado a su estudio.<\/li>\n<li><b>M\u00faltiples<\/b><b>\u00a0tablas<\/b>\u00a0que condensan y facilitan la abstracci\u00f3n y comprensi\u00f3n de conceptos<\/li>\n<li><b>Recursos en l\u00ednea<\/b>\u00a0para\u00a0estudiantes y profesores disponibles en\u00a0<b>thePoint.<\/b><\/li>\n<\/ul>\n<div><b><i>\u00a1Incluye eBook VitalSource gratuito y acceso a\u00a0microscopio-v.com!<\/i><\/b><\/div>\n","protected":false},"excerpt":{"rendered":"<p>Desde hace ya casi tres d\u00e9cadas,\u00a0Ross. Histolog\u00eda: Texto y Atlas\u00a0se ha convertido en el\u00a0texto por excelencia para el estudio de la histolog\u00eda\u00a0y su correlaci\u00f3n con la biolog\u00eda molecular y celular para grados en ciencias de la salud. Esta s\u00e9ptima edici\u00f3n recoge los \u00faltimos avances en la disciplina y conserva el formato, ahora cl\u00e1sico, de atlas [&hellip;]<\/p>\n","protected":false},"featured_media":352,"template":"","meta":{"_acf_changed":false,"_eb_attr":"","_crdt_document":"","_uag_custom_page_level_css":"","_editorskit_title_hidden":false,"_editorskit_reading_time":0,"_editorskit_is_block_options_detached":false,"_editorskit_block_options_position":"{}","site-sidebar-layout":"default","site-content-layout":"default","ast-site-content-layout":"default","site-content-style":"default","site-sidebar-style":"default","ast-global-header-display":"","ast-banner-title-visibility":"","ast-main-header-display":"","ast-hfb-above-header-display":"","ast-hfb-below-header-display":"","ast-hfb-mobile-header-display":"","site-post-title":"","ast-breadcrumbs-content":"","ast-featured-img":"","footer-sml-layout":"","ast-disable-related-posts":"","theme-transparent-header-meta":"default","adv-header-id-meta":"","stick-header-meta":"","header-above-stick-meta":"","header-main-stick-meta":"","header-below-stick-meta":"","astra-migrate-meta-layouts":"set","ast-page-background-enabled":"default","ast-page-background-meta":{"desktop":{"background-color":"var(--ast-global-color-4)","background-image":"","background-repeat":"repeat","background-position":"center center","background-size":"auto","background-attachment":"scroll","background-type":"","background-media":"","overlay-type":"","overlay-color":"","overlay-opacity":"","overlay-gradient":""},"tablet":{"background-color":"","background-image":"","background-repeat":"repeat","background-position":"center center","background-size":"auto","background-attachment":"scroll","background-type":"","background-media":"","overlay-type":"","overlay-color":"","overlay-opacity":"","overlay-gradient":""},"mobile":{"background-color":"","background-image":"","background-repeat":"repeat","background-position":"center center","background-size":"auto","background-attachment":"scroll","background-type":"","background-media":"","overlay-type":"","overlay-color":"","overlay-opacity":"","overlay-gradient":""}},"ast-content-background-meta":{"desktop":{"background-color":"var(--ast-global-color-5)","background-image":"","background-repeat":"repeat","background-position":"center center","background-size":"auto","background-attachment":"scroll","background-type":"","background-media":"","overlay-type":"","overlay-color":"","overlay-opacity":"","overlay-gradient":""},"tablet":{"background-color":"var(--ast-global-color-5)","background-image":"","background-repeat":"repeat","background-position":"center center","background-size":"auto","background-attachment":"scroll","background-type":"","background-media":"","overlay-type":"","overlay-color":"","overlay-opacity":"","overlay-gradient":""},"mobile":{"background-color":"var(--ast-global-color-5)","background-image":"","background-repeat":"repeat","background-position":"center center","background-size":"auto","background-attachment":"scroll","background-type":"","background-media":"","overlay-type":"","overlay-color":"","overlay-opacity":"","overlay-gradient":""}}},"product_cat":[28,29,168],"product_tag":[19],"class_list":{"0":"post-314","1":"product","2":"type-product","3":"status-publish","4":"has-post-thumbnail","6":"product_cat-libro","7":"product_cat-medicina","8":"product_cat-salud","9":"product_tag-medicina","10":"desktop-align-left","11":"tablet-align-left","12":"mobile-align-left","14":"first","15":"outofstock","16":"shipping-taxable","17":"product-type-simple"},"acf":[],"uagb_featured_image_src":{"full":["https:\/\/biblio1.mdp.edu.ar\/centro-ventas\/wp-content\/uploads\/sites\/2\/2018\/06\/Histologia-Ross.jpg",383,499,false],"thumbnail":["https:\/\/biblio1.mdp.edu.ar\/centro-ventas\/wp-content\/uploads\/sites\/2\/2018\/06\/Histologia-Ross.jpg",115,150,false],"medium":["https:\/\/biblio1.mdp.edu.ar\/centro-ventas\/wp-content\/uploads\/sites\/2\/2018\/06\/Histologia-Ross.jpg",230,300,false],"medium_large":["https:\/\/biblio1.mdp.edu.ar\/centro-ventas\/wp-content\/uploads\/sites\/2\/2018\/06\/Histologia-Ross.jpg",383,499,false],"large":["https:\/\/biblio1.mdp.edu.ar\/centro-ventas\/wp-content\/uploads\/sites\/2\/2018\/06\/Histologia-Ross.jpg",383,499,false],"1536x1536":["https:\/\/biblio1.mdp.edu.ar\/centro-ventas\/wp-content\/uploads\/sites\/2\/2018\/06\/Histologia-Ross.jpg",383,499,false],"2048x2048":["https:\/\/biblio1.mdp.edu.ar\/centro-ventas\/wp-content\/uploads\/sites\/2\/2018\/06\/Histologia-Ross.jpg",383,499,false],"woocommerce_thumbnail":["https:\/\/biblio1.mdp.edu.ar\/centro-ventas\/wp-content\/uploads\/sites\/2\/2018\/06\/Histologia-Ross.jpg",300,391,false],"woocommerce_single":["https:\/\/biblio1.mdp.edu.ar\/centro-ventas\/wp-content\/uploads\/sites\/2\/2018\/06\/Histologia-Ross.jpg",383,499,false],"woocommerce_gallery_thumbnail":["https:\/\/biblio1.mdp.edu.ar\/centro-ventas\/wp-content\/uploads\/sites\/2\/2018\/06\/Histologia-Ross-100x100.jpg",100,100,true]},"uagb_author_info":{"display_name":"Castorina Jorge","author_link":"https:\/\/biblio1.mdp.edu.ar\/centro-ventas\/author\/"},"uagb_comment_info":0,"uagb_excerpt":"Desde hace ya casi tres d\u00e9cadas,\u00a0Ross. Histolog\u00eda: Texto y Atlas\u00a0se ha convertido en el\u00a0texto por excelencia para el estudio de la histolog\u00eda\u00a0y su correlaci\u00f3n con la biolog\u00eda molecular y celular para grados en ciencias de la salud. Esta s\u00e9ptima edici\u00f3n recoge los \u00faltimos avances en la disciplina y conserva el formato, ahora cl\u00e1sico, de atlas&hellip;","_links":{"self":[{"href":"https:\/\/biblio1.mdp.edu.ar\/centro-ventas\/wp-json\/wp\/v2\/product\/314","targetHints":{"allow":["GET"]}}],"collection":[{"href":"https:\/\/biblio1.mdp.edu.ar\/centro-ventas\/wp-json\/wp\/v2\/product"}],"about":[{"href":"https:\/\/biblio1.mdp.edu.ar\/centro-ventas\/wp-json\/wp\/v2\/types\/product"}],"wp:featuredmedia":[{"embeddable":true,"href":"https:\/\/biblio1.mdp.edu.ar\/centro-ventas\/wp-json\/wp\/v2\/media\/352"}],"wp:attachment":[{"href":"https:\/\/biblio1.mdp.edu.ar\/centro-ventas\/wp-json\/wp\/v2\/media?parent=314"}],"wp:term":[{"taxonomy":"product_cat","embeddable":true,"href":"https:\/\/biblio1.mdp.edu.ar\/centro-ventas\/wp-json\/wp\/v2\/product_cat?post=314"},{"taxonomy":"product_tag","embeddable":true,"href":"https:\/\/biblio1.mdp.edu.ar\/centro-ventas\/wp-json\/wp\/v2\/product_tag?post=314"}],"curies":[{"name":"wp","href":"https:\/\/api.w.org\/{rel}","templated":true}]}}