{"id":3138,"date":"2024-03-21T15:22:37","date_gmt":"2024-03-21T18:22:37","guid":{"rendered":"http:\/\/biblio1.mdp.edu.ar\/centro-ventas\/?post_type=product&#038;p=3138"},"modified":"2026-03-30T15:54:33","modified_gmt":"2026-03-30T18:54:33","slug":"inflacion-del-universo-una-aproximacion-estocastica","status":"publish","type":"product","link":"https:\/\/biblio1.mdp.edu.ar\/centro-ventas\/producto\/inflacion-del-universo-una-aproximacion-estocastica\/","title":{"rendered":"Inflaci\u00f3n del universo &#8211; Una aproximaci\u00f3n estoc\u00e1stica"},"content":{"rendered":"<p>Hasta mediados de la d\u00e9cada del setenta, el modelo cosmol\u00f3gico est\u00e1ndar se destacaba por predecir el fondo c\u00f3smico de radiaci\u00f3n y la abundancia de los elementos qu\u00edmicos livianos a partir de unas pocas hip\u00f3tesis simples. Hacia fines de la d\u00e9cada del setenta se observ\u00f3 que cuando se intentaba describir el universo en sus primeros instantes, aparec\u00edan una serie de problemas. Afortunadamente, todos esos problemas pueden ser resueltos simult\u00e1neamente en el contexto del escenario del universo Inflacionario. En este libro se hace un repaso de algunos modelos de inflaci\u00f3n c\u00f3smica. Esta teor\u00eda describe al universo en su etapa temprana, mucho antes de su primer segundo de existencia. En estas notas, principalmente se incorpora una descripci\u00f3n estoc\u00e1stica de las fluctuaciones cu\u00e1nticas asociadas al campo escalar que produce el estadio de inflaci\u00f3n, como as\u00ed tambi\u00e9n de las fluctuaciones cu\u00e1nticas del espacio tiempo.<\/p>\n","protected":false},"excerpt":{"rendered":"<p>Hasta mediados de la d\u00e9cada del setenta, el modelo cosmol\u00f3gico est\u00e1ndar se destacaba por predecir el fondo c\u00f3smico de radiaci\u00f3n y la abundancia de los elementos qu\u00edmicos livianos a partir de unas pocas hip\u00f3tesis simples. Hacia fines de la d\u00e9cada del setenta se observ\u00f3 que cuando se intentaba describir el universo en sus primeros instantes, [&hellip;]<\/p>\n","protected":false},"featured_media":3139,"template":"","meta":{"_acf_changed":false,"_eb_attr":"","_crdt_document":"","_uag_custom_page_level_css":"","_editorskit_title_hidden":false,"_editorskit_reading_time":0,"_editorskit_is_block_options_detached":false,"_editorskit_block_options_position":"{}","site-sidebar-layout":"default","site-content-layout":"","ast-site-content-layout":"default","site-content-style":"default","site-sidebar-style":"default","ast-global-header-display":"","ast-banner-title-visibility":"","ast-main-header-display":"","ast-hfb-above-header-display":"","ast-hfb-below-header-display":"","ast-hfb-mobile-header-display":"","site-post-title":"","ast-breadcrumbs-content":"","ast-featured-img":"","footer-sml-layout":"","ast-disable-related-posts":"","theme-transparent-header-meta":"default","adv-header-id-meta":"","stick-header-meta":"","header-above-stick-meta":"","header-main-stick-meta":"","header-below-stick-meta":"","astra-migrate-meta-layouts":"set","ast-page-background-enabled":"default","ast-page-background-meta":{"desktop":{"background-color":"var(--ast-global-color-4)","background-image":"","background-repeat":"repeat","background-position":"center center","background-size":"auto","background-attachment":"scroll","background-type":"","background-media":"","overlay-type":"","overlay-color":"","overlay-opacity":"","overlay-gradient":""},"tablet":{"background-color":"","background-image":"","background-repeat":"repeat","background-position":"center center","background-size":"auto","background-attachment":"scroll","background-type":"","background-media":"","overlay-type":"","overlay-color":"","overlay-opacity":"","overlay-gradient":""},"mobile":{"background-color":"","background-image":"","background-repeat":"repeat","background-position":"center center","background-size":"auto","background-attachment":"scroll","background-type":"","background-media":"","overlay-type":"","overlay-color":"","overlay-opacity":"","overlay-gradient":""}},"ast-content-background-meta":{"desktop":{"background-color":"var(--ast-global-color-5)","background-image":"","background-repeat":"repeat","background-position":"center center","background-size":"auto","background-attachment":"scroll","background-type":"","background-media":"","overlay-type":"","overlay-color":"","overlay-opacity":"","overlay-gradient":""},"tablet":{"background-color":"var(--ast-global-color-5)","background-image":"","background-repeat":"repeat","background-position":"center center","background-size":"auto","background-attachment":"scroll","background-type":"","background-media":"","overlay-type":"","overlay-color":"","overlay-opacity":"","overlay-gradient":""},"mobile":{"background-color":"var(--ast-global-color-5)","background-image":"","background-repeat":"repeat","background-position":"center center","background-size":"auto","background-attachment":"scroll","background-type":"","background-media":"","overlay-type":"","overlay-color":"","overlay-opacity":"","overlay-gradient":""}}},"product_cat":[115,32,28],"product_tag":[399],"class_list":{"0":"post-3138","1":"product","2":"type-product","3":"status-publish","4":"has-post-thumbnail","6":"product_cat-herramientas","7":"product_cat-edudem","8":"product_cat-libro","9":"product_tag-astronomia","10":"desktop-align-left","11":"tablet-align-left","12":"mobile-align-left","14":"first","15":"instock","16":"shipping-taxable","17":"purchasable","18":"product-type-simple"},"acf":[],"uagb_featured_image_src":{"full":["https:\/\/biblio1.mdp.edu.ar\/centro-ventas\/wp-content\/uploads\/sites\/2\/2024\/03\/8c5810c736a643c7fff63847eb063590-medium.jpg",375,552,false],"thumbnail":["https:\/\/biblio1.mdp.edu.ar\/centro-ventas\/wp-content\/uploads\/sites\/2\/2024\/03\/8c5810c736a643c7fff63847eb063590-medium-150x150.jpg",150,150,true],"medium":["https:\/\/biblio1.mdp.edu.ar\/centro-ventas\/wp-content\/uploads\/sites\/2\/2024\/03\/8c5810c736a643c7fff63847eb063590-medium-204x300.jpg",204,300,true],"medium_large":["https:\/\/biblio1.mdp.edu.ar\/centro-ventas\/wp-content\/uploads\/sites\/2\/2024\/03\/8c5810c736a643c7fff63847eb063590-medium.jpg",375,552,false],"large":["https:\/\/biblio1.mdp.edu.ar\/centro-ventas\/wp-content\/uploads\/sites\/2\/2024\/03\/8c5810c736a643c7fff63847eb063590-medium.jpg",375,552,false],"1536x1536":["https:\/\/biblio1.mdp.edu.ar\/centro-ventas\/wp-content\/uploads\/sites\/2\/2024\/03\/8c5810c736a643c7fff63847eb063590-medium.jpg",375,552,false],"2048x2048":["https:\/\/biblio1.mdp.edu.ar\/centro-ventas\/wp-content\/uploads\/sites\/2\/2024\/03\/8c5810c736a643c7fff63847eb063590-medium.jpg",375,552,false],"woocommerce_thumbnail":["https:\/\/biblio1.mdp.edu.ar\/centro-ventas\/wp-content\/uploads\/sites\/2\/2024\/03\/8c5810c736a643c7fff63847eb063590-medium-300x442.jpg",300,442,true],"woocommerce_single":["https:\/\/biblio1.mdp.edu.ar\/centro-ventas\/wp-content\/uploads\/sites\/2\/2024\/03\/8c5810c736a643c7fff63847eb063590-medium.jpg",375,552,false],"woocommerce_gallery_thumbnail":["https:\/\/biblio1.mdp.edu.ar\/centro-ventas\/wp-content\/uploads\/sites\/2\/2024\/03\/8c5810c736a643c7fff63847eb063590-medium-100x100.jpg",100,100,true]},"uagb_author_info":{"display_name":"Cristina Bernabe","author_link":"https:\/\/biblio1.mdp.edu.ar\/centro-ventas\/author\/"},"uagb_comment_info":0,"uagb_excerpt":"Hasta mediados de la d\u00e9cada del setenta, el modelo cosmol\u00f3gico est\u00e1ndar se destacaba por predecir el fondo c\u00f3smico de radiaci\u00f3n y la abundancia de los elementos qu\u00edmicos livianos a partir de unas pocas hip\u00f3tesis simples. Hacia fines de la d\u00e9cada del setenta se observ\u00f3 que cuando se intentaba describir el universo en sus primeros instantes,&hellip;","_links":{"self":[{"href":"https:\/\/biblio1.mdp.edu.ar\/centro-ventas\/wp-json\/wp\/v2\/product\/3138","targetHints":{"allow":["GET"]}}],"collection":[{"href":"https:\/\/biblio1.mdp.edu.ar\/centro-ventas\/wp-json\/wp\/v2\/product"}],"about":[{"href":"https:\/\/biblio1.mdp.edu.ar\/centro-ventas\/wp-json\/wp\/v2\/types\/product"}],"wp:featuredmedia":[{"embeddable":true,"href":"https:\/\/biblio1.mdp.edu.ar\/centro-ventas\/wp-json\/wp\/v2\/media\/3139"}],"wp:attachment":[{"href":"https:\/\/biblio1.mdp.edu.ar\/centro-ventas\/wp-json\/wp\/v2\/media?parent=3138"}],"wp:term":[{"taxonomy":"product_cat","embeddable":true,"href":"https:\/\/biblio1.mdp.edu.ar\/centro-ventas\/wp-json\/wp\/v2\/product_cat?post=3138"},{"taxonomy":"product_tag","embeddable":true,"href":"https:\/\/biblio1.mdp.edu.ar\/centro-ventas\/wp-json\/wp\/v2\/product_tag?post=3138"}],"curies":[{"name":"wp","href":"https:\/\/api.w.org\/{rel}","templated":true}]}}