{"id":3133,"date":"2024-03-19T17:21:41","date_gmt":"2024-03-19T20:21:41","guid":{"rendered":"http:\/\/biblio1.mdp.edu.ar\/centro-ventas\/?post_type=product&#038;p=3133"},"modified":"2025-10-16T16:54:24","modified_gmt":"2025-10-16T19:54:24","slug":"frondizi-un-nuevo-modelo-de-insercion-internacional","status":"publish","type":"product","link":"https:\/\/biblio1.mdp.edu.ar\/centro-ventas\/producto\/frondizi-un-nuevo-modelo-de-insercion-internacional\/","title":{"rendered":"Frondizi: un nuevo modelo de inserci\u00f3n internacional"},"content":{"rendered":"<div id=\"contenedorSubHeader\" class=\"container-fluid no-padding cont-subheader\">\n<div class=\"container\">\n<div class=\"row\">\n<section class=\"ficha\">\n<article id=\"ContentPlaceHolderSubHeader_rptFichaSubtitulo_producto_Container_0\" class=\" papel\">\n<div class=\"col-xs-12 col-sm-5 info no-padding\">\n<div class=\"\">\n<div class=\"col-md-12 titulo\"><\/div>\n<\/div>\n<div class=\"\">\n<p><span style=\"font-size: 16px\">\u00bfQu\u00e9 fue el desarrollismo, en s\u00ed mismo? Tres principios fundamentaron la pol\u00edtica interna de Frondizi: paz social, legalidad y desarrollo. El desarrollismo implicaba un cambio de las viejas estructuras del Estado hacia uno nuevo, basado en la reducci\u00f3n del gasto p\u00fablico, la atracci\u00f3n de las inversiones extranjeras y la \u00abbatalla energ\u00e9tica\u00bb.Este trabajo aborda un aspecto poco explorado del gobierno frondizista, como es el estudio de las relaciones internacionales de Argentina en el marco de la tensa Guerra Fr\u00eda, su integraci\u00f3n con Am\u00e9rica Latina y el margen de acci\u00f3n que su gobierno obtuvo dentro de su posici\u00f3n \u00aboccidental y cristiana\u00bb.<\/span><\/p>\n<\/div>\n<\/div>\n<\/article>\n<\/section>\n<\/div>\n<\/div>\n<\/div>\n","protected":false},"excerpt":{"rendered":"<p>\u00bfQu\u00e9 fue el desarrollismo, en s\u00ed mismo? Tres principios fundamentaron la pol\u00edtica interna de Frondizi: paz social, legalidad y desarrollo. El desarrollismo implicaba un cambio de las viejas estructuras del Estado hacia uno nuevo, basado en la reducci\u00f3n del gasto p\u00fablico, la atracci\u00f3n de las inversiones extranjeras y la \u00abbatalla energ\u00e9tica\u00bb.Este trabajo aborda un aspecto [&hellip;]<\/p>\n","protected":false},"featured_media":3134,"template":"","meta":{"_acf_changed":false,"_eb_attr":"","_crdt_document":"","_uag_custom_page_level_css":"","_editorskit_title_hidden":false,"_editorskit_reading_time":0,"_editorskit_is_block_options_detached":false,"_editorskit_block_options_position":"{}","site-sidebar-layout":"default","site-content-layout":"","ast-site-content-layout":"default","site-content-style":"default","site-sidebar-style":"default","ast-global-header-display":"","ast-banner-title-visibility":"","ast-main-header-display":"","ast-hfb-above-header-display":"","ast-hfb-below-header-display":"","ast-hfb-mobile-header-display":"","site-post-title":"","ast-breadcrumbs-content":"","ast-featured-img":"","footer-sml-layout":"","ast-disable-related-posts":"","theme-transparent-header-meta":"default","adv-header-id-meta":"","stick-header-meta":"","header-above-stick-meta":"","header-main-stick-meta":"","header-below-stick-meta":"","astra-migrate-meta-layouts":"set","ast-page-background-enabled":"default","ast-page-background-meta":{"desktop":{"background-color":"var(--ast-global-color-4)","background-image":"","background-repeat":"repeat","background-position":"center center","background-size":"auto","background-attachment":"scroll","background-type":"","background-media":"","overlay-type":"","overlay-color":"","overlay-opacity":"","overlay-gradient":""},"tablet":{"background-color":"","background-image":"","background-repeat":"repeat","background-position":"center center","background-size":"auto","background-attachment":"scroll","background-type":"","background-media":"","overlay-type":"","overlay-color":"","overlay-opacity":"","overlay-gradient":""},"mobile":{"background-color":"","background-image":"","background-repeat":"repeat","background-position":"center center","background-size":"auto","background-attachment":"scroll","background-type":"","background-media":"","overlay-type":"","overlay-color":"","overlay-opacity":"","overlay-gradient":""}},"ast-content-background-meta":{"desktop":{"background-color":"var(--ast-global-color-5)","background-image":"","background-repeat":"repeat","background-position":"center center","background-size":"auto","background-attachment":"scroll","background-type":"","background-media":"","overlay-type":"","overlay-color":"","overlay-opacity":"","overlay-gradient":""},"tablet":{"background-color":"var(--ast-global-color-5)","background-image":"","background-repeat":"repeat","background-position":"center center","background-size":"auto","background-attachment":"scroll","background-type":"","background-media":"","overlay-type":"","overlay-color":"","overlay-opacity":"","overlay-gradient":""},"mobile":{"background-color":"var(--ast-global-color-5)","background-image":"","background-repeat":"repeat","background-position":"center center","background-size":"auto","background-attachment":"scroll","background-type":"","background-media":"","overlay-type":"","overlay-color":"","overlay-opacity":"","overlay-gradient":""}}},"product_cat":[130,28],"product_tag":[389,119],"class_list":{"0":"post-3133","1":"product","2":"type-product","3":"status-publish","4":"has-post-thumbnail","6":"product_cat-eudeba-libro","7":"product_cat-libro","8":"product_tag-ciencias-sociales","9":"product_tag-politica","10":"desktop-align-left","11":"tablet-align-left","12":"mobile-align-left","14":"first","15":"instock","16":"shipping-taxable","17":"purchasable","18":"product-type-simple"},"acf":[],"uagb_featured_image_src":{"full":["https:\/\/biblio1.mdp.edu.ar\/centro-ventas\/wp-content\/uploads\/sites\/2\/2024\/03\/9789502312743.jpg",288,424,false],"thumbnail":["https:\/\/biblio1.mdp.edu.ar\/centro-ventas\/wp-content\/uploads\/sites\/2\/2024\/03\/9789502312743-150x150.jpg",150,150,true],"medium":["https:\/\/biblio1.mdp.edu.ar\/centro-ventas\/wp-content\/uploads\/sites\/2\/2024\/03\/9789502312743-204x300.jpg",204,300,true],"medium_large":["https:\/\/biblio1.mdp.edu.ar\/centro-ventas\/wp-content\/uploads\/sites\/2\/2024\/03\/9789502312743.jpg",288,424,false],"large":["https:\/\/biblio1.mdp.edu.ar\/centro-ventas\/wp-content\/uploads\/sites\/2\/2024\/03\/9789502312743.jpg",288,424,false],"1536x1536":["https:\/\/biblio1.mdp.edu.ar\/centro-ventas\/wp-content\/uploads\/sites\/2\/2024\/03\/9789502312743.jpg",288,424,false],"2048x2048":["https:\/\/biblio1.mdp.edu.ar\/centro-ventas\/wp-content\/uploads\/sites\/2\/2024\/03\/9789502312743.jpg",288,424,false],"woocommerce_thumbnail":["https:\/\/biblio1.mdp.edu.ar\/centro-ventas\/wp-content\/uploads\/sites\/2\/2024\/03\/9789502312743.jpg",288,424,false],"woocommerce_single":["https:\/\/biblio1.mdp.edu.ar\/centro-ventas\/wp-content\/uploads\/sites\/2\/2024\/03\/9789502312743.jpg",288,424,false],"woocommerce_gallery_thumbnail":["https:\/\/biblio1.mdp.edu.ar\/centro-ventas\/wp-content\/uploads\/sites\/2\/2024\/03\/9789502312743-100x100.jpg",100,100,true]},"uagb_author_info":{"display_name":"Cristina Bernabe","author_link":"https:\/\/biblio1.mdp.edu.ar\/centro-ventas\/author\/"},"uagb_comment_info":0,"uagb_excerpt":"\u00bfQu\u00e9 fue el desarrollismo, en s\u00ed mismo? Tres principios fundamentaron la pol\u00edtica interna de Frondizi: paz social, legalidad y desarrollo. El desarrollismo implicaba un cambio de las viejas estructuras del Estado hacia uno nuevo, basado en la reducci\u00f3n del gasto p\u00fablico, la atracci\u00f3n de las inversiones extranjeras y la \u00abbatalla energ\u00e9tica\u00bb.Este trabajo aborda un aspecto&hellip;","_links":{"self":[{"href":"https:\/\/biblio1.mdp.edu.ar\/centro-ventas\/wp-json\/wp\/v2\/product\/3133","targetHints":{"allow":["GET"]}}],"collection":[{"href":"https:\/\/biblio1.mdp.edu.ar\/centro-ventas\/wp-json\/wp\/v2\/product"}],"about":[{"href":"https:\/\/biblio1.mdp.edu.ar\/centro-ventas\/wp-json\/wp\/v2\/types\/product"}],"wp:featuredmedia":[{"embeddable":true,"href":"https:\/\/biblio1.mdp.edu.ar\/centro-ventas\/wp-json\/wp\/v2\/media\/3134"}],"wp:attachment":[{"href":"https:\/\/biblio1.mdp.edu.ar\/centro-ventas\/wp-json\/wp\/v2\/media?parent=3133"}],"wp:term":[{"taxonomy":"product_cat","embeddable":true,"href":"https:\/\/biblio1.mdp.edu.ar\/centro-ventas\/wp-json\/wp\/v2\/product_cat?post=3133"},{"taxonomy":"product_tag","embeddable":true,"href":"https:\/\/biblio1.mdp.edu.ar\/centro-ventas\/wp-json\/wp\/v2\/product_tag?post=3133"}],"curies":[{"name":"wp","href":"https:\/\/api.w.org\/{rel}","templated":true}]}}