{"id":3131,"date":"2024-03-19T17:12:53","date_gmt":"2024-03-19T20:12:53","guid":{"rendered":"http:\/\/biblio1.mdp.edu.ar\/centro-ventas\/?post_type=product&#038;p=3131"},"modified":"2025-10-16T17:13:31","modified_gmt":"2025-10-16T20:13:31","slug":"la-lectura-y-la-escritura-en-la-universidad","status":"publish","type":"product","link":"https:\/\/biblio1.mdp.edu.ar\/centro-ventas\/producto\/la-lectura-y-la-escritura-en-la-universidad\/","title":{"rendered":"La lectura y la escritura en la universidad"},"content":{"rendered":"<p>La lectura es una de las pr\u00e1cticas de mayor presencia en la vida universitaria. Uno de los mayores obst\u00e1culos que debe sortear el alumno que inicia sus estudios superiores es precisamente adquirir el h\u00e1bito de la lectura. De la lectura sostenida, profunda, cr\u00edtica, anal\u00edtica, de textos extensos, complejos, ante los que en la mayor\u00eda de los casos es la primera vez que se enfrenta. \u00bfC\u00f3mo se lee en la Universidad? \u00bfLlevar a cabo esa tarea requiere de alg\u00fan aprendizaje? Como veremos, las pr\u00e1cticas de lectura que realizan los estudiantes universitarios en relaci\u00f3n con sus carreras \u2013hacia las que estar\u00e1 orientada gran parte de la reflexi\u00f3n de esta propuesta did\u00e1ctica\u2013 tienen una especificidad que las diferencia de las que se realizan en otros \u00e1mbitos, por los textos que se leen, por los saberes previos que suponen, por los soportes materiales que predominan en la circulaci\u00f3n de los textos a ser le\u00eddos, por la presencia de la instituci\u00f3n acad\u00e9mica como mediadora de esa pr\u00e1ctica lectora, y por la finalidad de la lectura. De modo que es indispensable que el alumno\/lector aprenda cuanto antes los c\u00f3digos que regulan la actividad lectora en la universidad y est\u00e9 alerta para no confiar solo en los modos en que ha le\u00eddo en otros \u00e1mbitos \u2013incluso dentro de las instituciones educativas previas\u2013 ya que es probable que no le resulten eficaces para enfrentar las exigencias acad\u00e9micas.<\/p>\n<div class=\"\">\n<div id=\"ContentPlaceHolderSubHeader_rptFichaSubtitulo_contenedorTemas_0\" class=\"col-xs-12 menu\">\n<div class=\"temas\"><\/div>\n<\/div>\n<\/div>\n<div class=\"\">\n<p>&nbsp;<\/p>\n<\/div>\n","protected":false},"excerpt":{"rendered":"<p>La lectura es una de las pr\u00e1cticas de mayor presencia en la vida universitaria. Uno de los mayores obst\u00e1culos que debe sortear el alumno que inicia sus estudios superiores es precisamente adquirir el h\u00e1bito de la lectura. De la lectura sostenida, profunda, cr\u00edtica, anal\u00edtica, de textos extensos, complejos, ante los que en la mayor\u00eda de [&hellip;]<\/p>\n","protected":false},"featured_media":3132,"template":"","meta":{"_acf_changed":false,"_eb_attr":"","_crdt_document":"","_uag_custom_page_level_css":"","_editorskit_title_hidden":false,"_editorskit_reading_time":0,"_editorskit_is_block_options_detached":false,"_editorskit_block_options_position":"{}","site-sidebar-layout":"default","site-content-layout":"","ast-site-content-layout":"default","site-content-style":"default","site-sidebar-style":"default","ast-global-header-display":"","ast-banner-title-visibility":"","ast-main-header-display":"","ast-hfb-above-header-display":"","ast-hfb-below-header-display":"","ast-hfb-mobile-header-display":"","site-post-title":"","ast-breadcrumbs-content":"","ast-featured-img":"","footer-sml-layout":"","ast-disable-related-posts":"","theme-transparent-header-meta":"default","adv-header-id-meta":"","stick-header-meta":"","header-above-stick-meta":"","header-main-stick-meta":"","header-below-stick-meta":"","astra-migrate-meta-layouts":"set","ast-page-background-enabled":"default","ast-page-background-meta":{"desktop":{"background-color":"var(--ast-global-color-4)","background-image":"","background-repeat":"repeat","background-position":"center center","background-size":"auto","background-attachment":"scroll","background-type":"","background-media":"","overlay-type":"","overlay-color":"","overlay-opacity":"","overlay-gradient":""},"tablet":{"background-color":"","background-image":"","background-repeat":"repeat","background-position":"center center","background-size":"auto","background-attachment":"scroll","background-type":"","background-media":"","overlay-type":"","overlay-color":"","overlay-opacity":"","overlay-gradient":""},"mobile":{"background-color":"","background-image":"","background-repeat":"repeat","background-position":"center center","background-size":"auto","background-attachment":"scroll","background-type":"","background-media":"","overlay-type":"","overlay-color":"","overlay-opacity":"","overlay-gradient":""}},"ast-content-background-meta":{"desktop":{"background-color":"var(--ast-global-color-5)","background-image":"","background-repeat":"repeat","background-position":"center center","background-size":"auto","background-attachment":"scroll","background-type":"","background-media":"","overlay-type":"","overlay-color":"","overlay-opacity":"","overlay-gradient":""},"tablet":{"background-color":"var(--ast-global-color-5)","background-image":"","background-repeat":"repeat","background-position":"center center","background-size":"auto","background-attachment":"scroll","background-type":"","background-media":"","overlay-type":"","overlay-color":"","overlay-opacity":"","overlay-gradient":""},"mobile":{"background-color":"var(--ast-global-color-5)","background-image":"","background-repeat":"repeat","background-position":"center center","background-size":"auto","background-attachment":"scroll","background-type":"","background-media":"","overlay-type":"","overlay-color":"","overlay-opacity":"","overlay-gradient":""}}},"product_cat":[130,28],"product_tag":[163,393],"class_list":{"0":"post-3131","1":"product","2":"type-product","3":"status-publish","4":"has-post-thumbnail","6":"product_cat-eudeba-libro","7":"product_cat-libro","8":"product_tag-letras","9":"product_tag-linguistica","10":"desktop-align-left","11":"tablet-align-left","12":"mobile-align-left","14":"first","15":"instock","16":"shipping-taxable","17":"purchasable","18":"product-type-simple"},"acf":[],"uagb_featured_image_src":{"full":["https:\/\/biblio1.mdp.edu.ar\/centro-ventas\/wp-content\/uploads\/sites\/2\/2024\/03\/9789502312354.jpg",288,416,false],"thumbnail":["https:\/\/biblio1.mdp.edu.ar\/centro-ventas\/wp-content\/uploads\/sites\/2\/2024\/03\/9789502312354-150x150.jpg",150,150,true],"medium":["https:\/\/biblio1.mdp.edu.ar\/centro-ventas\/wp-content\/uploads\/sites\/2\/2024\/03\/9789502312354-208x300.jpg",208,300,true],"medium_large":["https:\/\/biblio1.mdp.edu.ar\/centro-ventas\/wp-content\/uploads\/sites\/2\/2024\/03\/9789502312354.jpg",288,416,false],"large":["https:\/\/biblio1.mdp.edu.ar\/centro-ventas\/wp-content\/uploads\/sites\/2\/2024\/03\/9789502312354.jpg",288,416,false],"1536x1536":["https:\/\/biblio1.mdp.edu.ar\/centro-ventas\/wp-content\/uploads\/sites\/2\/2024\/03\/9789502312354.jpg",288,416,false],"2048x2048":["https:\/\/biblio1.mdp.edu.ar\/centro-ventas\/wp-content\/uploads\/sites\/2\/2024\/03\/9789502312354.jpg",288,416,false],"woocommerce_thumbnail":["https:\/\/biblio1.mdp.edu.ar\/centro-ventas\/wp-content\/uploads\/sites\/2\/2024\/03\/9789502312354.jpg",288,416,false],"woocommerce_single":["https:\/\/biblio1.mdp.edu.ar\/centro-ventas\/wp-content\/uploads\/sites\/2\/2024\/03\/9789502312354.jpg",288,416,false],"woocommerce_gallery_thumbnail":["https:\/\/biblio1.mdp.edu.ar\/centro-ventas\/wp-content\/uploads\/sites\/2\/2024\/03\/9789502312354-100x100.jpg",100,100,true]},"uagb_author_info":{"display_name":"Cristina Bernabe","author_link":"https:\/\/biblio1.mdp.edu.ar\/centro-ventas\/author\/"},"uagb_comment_info":0,"uagb_excerpt":"La lectura es una de las pr\u00e1cticas de mayor presencia en la vida universitaria. Uno de los mayores obst\u00e1culos que debe sortear el alumno que inicia sus estudios superiores es precisamente adquirir el h\u00e1bito de la lectura. De la lectura sostenida, profunda, cr\u00edtica, anal\u00edtica, de textos extensos, complejos, ante los que en la mayor\u00eda de&hellip;","_links":{"self":[{"href":"https:\/\/biblio1.mdp.edu.ar\/centro-ventas\/wp-json\/wp\/v2\/product\/3131","targetHints":{"allow":["GET"]}}],"collection":[{"href":"https:\/\/biblio1.mdp.edu.ar\/centro-ventas\/wp-json\/wp\/v2\/product"}],"about":[{"href":"https:\/\/biblio1.mdp.edu.ar\/centro-ventas\/wp-json\/wp\/v2\/types\/product"}],"wp:featuredmedia":[{"embeddable":true,"href":"https:\/\/biblio1.mdp.edu.ar\/centro-ventas\/wp-json\/wp\/v2\/media\/3132"}],"wp:attachment":[{"href":"https:\/\/biblio1.mdp.edu.ar\/centro-ventas\/wp-json\/wp\/v2\/media?parent=3131"}],"wp:term":[{"taxonomy":"product_cat","embeddable":true,"href":"https:\/\/biblio1.mdp.edu.ar\/centro-ventas\/wp-json\/wp\/v2\/product_cat?post=3131"},{"taxonomy":"product_tag","embeddable":true,"href":"https:\/\/biblio1.mdp.edu.ar\/centro-ventas\/wp-json\/wp\/v2\/product_tag?post=3131"}],"curies":[{"name":"wp","href":"https:\/\/api.w.org\/{rel}","templated":true}]}}