{"id":313,"date":"2018-06-07T12:23:36","date_gmt":"2018-06-07T15:23:36","guid":{"rendered":"http:\/\/biblio1.mdp.edu.ar\/centro-ventas\/producto\/import-placeholder-for-148\/"},"modified":"2024-02-19T16:14:26","modified_gmt":"2024-02-19T19:14:26","slug":"histologia","status":"publish","type":"product","link":"https:\/\/biblio1.mdp.edu.ar\/centro-ventas\/producto\/histologia\/","title":{"rendered":"Histolog\u00eda"},"content":{"rendered":"<p>Todos los conceptos originales que conformaron la base de la presentaci\u00f3n de la histolog\u00eda en la primera edici\u00f3n de Histolog\u00eda, en 1981 contin\u00faan en Histolog\u00eda de Geneser. Esto vale principalmente para la m\u00e1xima correlaci\u00f3n entre estructura y funci\u00f3n, adem\u00e1s de con los procesos patol\u00f3gicos y la cl\u00ednica, pero tambi\u00e9n para la intenci\u00f3n de explicar todos los nuevos conceptos y denominaciones en su primera aparici\u00f3n en el libro.<br \/>\nA fin de mantener esta estructura b\u00e1sica, y a la vez lograr la m\u00e1xima homogeneidad posible en el texto, los cinco coautores han hecho lecturas cruzadas de las redacciones revisadas de todos los cap\u00edtulos. Adem\u00e1s, todos han contribuido con fruct\u00edferos planteos educativos y mejoras idiom\u00e1ticas de todo el contenido del texto.<br \/>\nLa explosi\u00f3n de conocimientos antes mencionada hizo necesaria la revisi\u00f3n de todo el texto del libro, en muchos casos con nueva redacci\u00f3n de grandes secciones. A su vez, esto permiti\u00f3 la actualizaci\u00f3n de la terminolog\u00eda.<br \/>\nTambi\u00e9n las ilustraciones han sido objeto de sustanciales modificaciones. Adem\u00e1s de numerosas ilustraciones totalmente nuevas, varias de las existentes fueron reemplazadas o sometidas a cambios consecuentes con el conocimiento m\u00e1s reciente.<br \/>\nAl igual que en Histolog\u00eda, sobre bases biomoleculares, se utilizaron recuadros con fondos de distintos colores, donde el alumno puede poner a prueba sus conocimientos. Despu\u00e9s de muchas consideraciones hemos eliminado los recuadros anteriores con referencias bibliogr\u00e1ficas de ampliaci\u00f3n, dado que la experiencia demuestra su muy escasa utilidad para los alumnos, que en la actualidad tienen acceso r\u00e1pido y simple a la bibliograf\u00eda a trav\u00e9s de Internet.<\/p>\n","protected":false},"excerpt":{"rendered":"<p>Todos los conceptos originales que conformaron la base de la presentaci\u00f3n de la histolog\u00eda en la primera edici\u00f3n de Histolog\u00eda, en 1981 contin\u00faan en Histolog\u00eda de Geneser. Esto vale principalmente para la m\u00e1xima correlaci\u00f3n entre estructura y funci\u00f3n, adem\u00e1s de con los procesos patol\u00f3gicos y la cl\u00ednica, pero tambi\u00e9n para la intenci\u00f3n de explicar todos [&hellip;]<\/p>\n","protected":false},"featured_media":351,"template":"","meta":{"_acf_changed":false,"_eb_attr":"","_crdt_document":"","_uag_custom_page_level_css":"","_editorskit_title_hidden":false,"_editorskit_reading_time":0,"_editorskit_is_block_options_detached":false,"_editorskit_block_options_position":"{}","site-sidebar-layout":"default","site-content-layout":"default","ast-site-content-layout":"default","site-content-style":"default","site-sidebar-style":"default","ast-global-header-display":"","ast-banner-title-visibility":"","ast-main-header-display":"","ast-hfb-above-header-display":"","ast-hfb-below-header-display":"","ast-hfb-mobile-header-display":"","site-post-title":"","ast-breadcrumbs-content":"","ast-featured-img":"","footer-sml-layout":"","ast-disable-related-posts":"","theme-transparent-header-meta":"default","adv-header-id-meta":"","stick-header-meta":"","header-above-stick-meta":"","header-main-stick-meta":"","header-below-stick-meta":"","astra-migrate-meta-layouts":"default","ast-page-background-enabled":"default","ast-page-background-meta":{"desktop":{"background-color":"var(--ast-global-color-4)","background-image":"","background-repeat":"repeat","background-position":"center center","background-size":"auto","background-attachment":"scroll","background-type":"","background-media":"","overlay-type":"","overlay-color":"","overlay-opacity":"","overlay-gradient":""},"tablet":{"background-color":"","background-image":"","background-repeat":"repeat","background-position":"center center","background-size":"auto","background-attachment":"scroll","background-type":"","background-media":"","overlay-type":"","overlay-color":"","overlay-opacity":"","overlay-gradient":""},"mobile":{"background-color":"","background-image":"","background-repeat":"repeat","background-position":"center center","background-size":"auto","background-attachment":"scroll","background-type":"","background-media":"","overlay-type":"","overlay-color":"","overlay-opacity":"","overlay-gradient":""}},"ast-content-background-meta":{"desktop":{"background-color":"var(--ast-global-color-5)","background-image":"","background-repeat":"repeat","background-position":"center center","background-size":"auto","background-attachment":"scroll","background-type":"","background-media":"","overlay-type":"","overlay-color":"","overlay-opacity":"","overlay-gradient":""},"tablet":{"background-color":"var(--ast-global-color-5)","background-image":"","background-repeat":"repeat","background-position":"center center","background-size":"auto","background-attachment":"scroll","background-type":"","background-media":"","overlay-type":"","overlay-color":"","overlay-opacity":"","overlay-gradient":""},"mobile":{"background-color":"var(--ast-global-color-5)","background-image":"","background-repeat":"repeat","background-position":"center center","background-size":"auto","background-attachment":"scroll","background-type":"","background-media":"","overlay-type":"","overlay-color":"","overlay-opacity":"","overlay-gradient":""}}},"product_cat":[28,29,168],"product_tag":[17,18,19],"class_list":{"0":"post-313","1":"product","2":"type-product","3":"status-publish","4":"has-post-thumbnail","6":"product_cat-libro","7":"product_cat-medicina","8":"product_cat-salud","9":"product_tag-ciencias-de-la-salud","10":"product_tag-enfermeria","11":"product_tag-medicina","12":"desktop-align-left","13":"tablet-align-left","14":"mobile-align-left","16":"first","17":"instock","18":"shipping-taxable","19":"purchasable","20":"product-type-simple"},"acf":[],"uagb_featured_image_src":{"full":["https:\/\/biblio1.mdp.edu.ar\/centro-ventas\/wp-content\/uploads\/sites\/2\/2018\/06\/Histologia-Geneser.jpg",357,499,false],"thumbnail":["https:\/\/biblio1.mdp.edu.ar\/centro-ventas\/wp-content\/uploads\/sites\/2\/2018\/06\/Histologia-Geneser.jpg",107,150,false],"medium":["https:\/\/biblio1.mdp.edu.ar\/centro-ventas\/wp-content\/uploads\/sites\/2\/2018\/06\/Histologia-Geneser.jpg",215,300,false],"medium_large":["https:\/\/biblio1.mdp.edu.ar\/centro-ventas\/wp-content\/uploads\/sites\/2\/2018\/06\/Histologia-Geneser.jpg",357,499,false],"large":["https:\/\/biblio1.mdp.edu.ar\/centro-ventas\/wp-content\/uploads\/sites\/2\/2018\/06\/Histologia-Geneser.jpg",357,499,false],"1536x1536":["https:\/\/biblio1.mdp.edu.ar\/centro-ventas\/wp-content\/uploads\/sites\/2\/2018\/06\/Histologia-Geneser.jpg",357,499,false],"2048x2048":["https:\/\/biblio1.mdp.edu.ar\/centro-ventas\/wp-content\/uploads\/sites\/2\/2018\/06\/Histologia-Geneser.jpg",357,499,false],"woocommerce_thumbnail":["https:\/\/biblio1.mdp.edu.ar\/centro-ventas\/wp-content\/uploads\/sites\/2\/2018\/06\/Histologia-Geneser.jpg",300,419,false],"woocommerce_single":["https:\/\/biblio1.mdp.edu.ar\/centro-ventas\/wp-content\/uploads\/sites\/2\/2018\/06\/Histologia-Geneser.jpg",357,499,false],"woocommerce_gallery_thumbnail":["https:\/\/biblio1.mdp.edu.ar\/centro-ventas\/wp-content\/uploads\/sites\/2\/2018\/06\/Histologia-Geneser-100x100.jpg",100,100,true]},"uagb_author_info":{"display_name":"Castorina Jorge","author_link":"https:\/\/biblio1.mdp.edu.ar\/centro-ventas\/author\/"},"uagb_comment_info":0,"uagb_excerpt":"Todos los conceptos originales que conformaron la base de la presentaci\u00f3n de la histolog\u00eda en la primera edici\u00f3n de Histolog\u00eda, en 1981 contin\u00faan en Histolog\u00eda de Geneser. Esto vale principalmente para la m\u00e1xima correlaci\u00f3n entre estructura y funci\u00f3n, adem\u00e1s de con los procesos patol\u00f3gicos y la cl\u00ednica, pero tambi\u00e9n para la intenci\u00f3n de explicar todos&hellip;","_links":{"self":[{"href":"https:\/\/biblio1.mdp.edu.ar\/centro-ventas\/wp-json\/wp\/v2\/product\/313","targetHints":{"allow":["GET"]}}],"collection":[{"href":"https:\/\/biblio1.mdp.edu.ar\/centro-ventas\/wp-json\/wp\/v2\/product"}],"about":[{"href":"https:\/\/biblio1.mdp.edu.ar\/centro-ventas\/wp-json\/wp\/v2\/types\/product"}],"wp:featuredmedia":[{"embeddable":true,"href":"https:\/\/biblio1.mdp.edu.ar\/centro-ventas\/wp-json\/wp\/v2\/media\/351"}],"wp:attachment":[{"href":"https:\/\/biblio1.mdp.edu.ar\/centro-ventas\/wp-json\/wp\/v2\/media?parent=313"}],"wp:term":[{"taxonomy":"product_cat","embeddable":true,"href":"https:\/\/biblio1.mdp.edu.ar\/centro-ventas\/wp-json\/wp\/v2\/product_cat?post=313"},{"taxonomy":"product_tag","embeddable":true,"href":"https:\/\/biblio1.mdp.edu.ar\/centro-ventas\/wp-json\/wp\/v2\/product_tag?post=313"}],"curies":[{"name":"wp","href":"https:\/\/api.w.org\/{rel}","templated":true}]}}